{"id":2386,"date":"2018-10-08T11:14:26","date_gmt":"2018-10-08T14:14:26","guid":{"rendered":"http:\/\/passasete.rs.gov.br\/portal\/?page_id=2386"},"modified":"2018-10-08T11:27:48","modified_gmt":"2018-10-08T14:27:48","slug":"historico","status":"publish","type":"page","link":"http:\/\/passasete.rs.gov.br\/portal\/historico\/","title":{"rendered":"Hist\u00f3rico"},"content":{"rendered":"<p style=\"text-align: justify;\"><strong>HIST\u00d3RICO:<br \/>\n<\/strong><br \/>\nPassa Sete tem sua hist\u00f3ria intimamente ligada aos viajantes da nossa terra, pois foi local de passagem para quem se deslocava de Rio Pardo a Passo Fundo, nos s\u00e9culos passados.. O nome que deu origem ao Munic\u00edpio foi o arroio localizado no local hoje denominado Baixo Passa Sete. Nessa localidade, segundo antigos moradores, os viajantes que por ali passavam, a partir de 1820, tinham que cruzar o referido arroio por sete vezes, o que motivou que chamassem de Passa Sete aquele trecho de estrada \u00edngreme, entre montanhas. Em 19 de agosto de 1935, com a cria\u00e7\u00e3o do Cart\u00f3rio Distrital de Passa Sete, para atender a popula\u00e7\u00e3o do 4\u00ba Distrito do munic\u00edpio de Jachuy (hoje Sobradinho), o local onde se instalou passou a ser denominado de Sede Passa Sete. Com o desenvolvimento de Passa Sete, ent\u00e3o distrito de Sobradinho, em 1990 come\u00e7ou um movimento emancipacionista, com projeto de cria\u00e7\u00e3o sancionado em 28 de dezembro de 1995. E sua instala\u00e7\u00e3o aconteceu em 1\u00ba de janeiro de 1997. A partir de ent\u00e3o, a popula\u00e7\u00e3o de Passa Sete, atrav\u00e9s de seus eleitos, passou a gerir os destinos desse novo munic\u00edpio que vem registrando um expressivo desenvolvimento.<\/p>\n<p style=\"text-align: justify;\"><strong>O Movimento Emancipacionista<\/strong><\/p>\n<p style=\"text-align: justify;\">Dois foram os principais fatores que motivaram o movimento emancipacionista de Passa Sete: de um lado, o desenvolvimento econ\u00f4mico do Distrito, uma comunidade operosa, com vontade de progredir. De outra parte, as sucessivas administra\u00e7\u00f5es do Munic\u00edpio de Sobradinho, sempre aplicando no Distrito bem menos do que o arrecadado com sua produ\u00e7\u00e3o. Vendo o progresso alcan\u00e7ado em Arroio do Tigre, tamb\u00e9m ex-distrito e mais recentemente Ibarama e Segredo, alguns l\u00edderes de Passa Sete decidiram iniciar um movimento em busca, tamb\u00e9m, de sua emancipa\u00e7\u00e3o. E a primeira reuni\u00e3o aconteceu dia 20 de abril de 1990, na sala tr\u00eas da Escola Estadual Cristo Rei, tendo como convidados Jo\u00e3o Fernando Mainardi, prefeito eleito de Segredo e seu secret\u00e1rio Bernardo Pedro Rizzi, os quais falaram sobre a experi\u00eancia vivida com a emancipa\u00e7\u00e3o daquele Distrito. E como ironia, pelo descaso das autoridades administrativas do Munic\u00edpio e do Estado, a referida reuni\u00e3o acabou acontecendo, a maioria, sob a luz de velas, uma vez que chovia e, como de costume, faltava luz a cada instante.<\/p>\n<p style=\"text-align: justify;\">Uma segunda reuni\u00e3o aconteceu dia 18 de agosto de 1990, no mesmo local, ocasi\u00e3o em que foi constitu\u00edda a Comiss\u00e3o Emancipacionista, integrada por Bertino Rech como presidente, Danilo de Souza vice-presidente, Secret\u00e1rio Loren\u00e7o Durante, segundo Secret\u00e1rio Dalcides Loebens, tesoureiro Vanderlei Batista da Silva, segundo tesoureiro Danilo Gon\u00e7alves da Trindade , conselho fiscal integrado por Am\u00e9lio Derli Gon\u00e7alves, Dejanir Cardoso, Vicente Bernardy, Ilo Job Lisboa, Jo\u00e3o Carlos Goelzer e Eloi Kipper, tendo como suplentes Irineu Segatto, Gerson Loch e Jos\u00e9 Alzemiro Alves. Importante ressaltar que 121 pessoas participaram dessa reuni\u00e3o.<br \/>\nOs trabalhos da Comiss\u00e3o Emancipacionista foram no sentido de preencher todos os requisitos necess\u00e1rios \u00e0 aprova\u00e7\u00e3o do Projeto pela Assembl\u00e9ia Legislativa. Ap\u00f3s ter passado, com aprova\u00e7\u00e3o, pela Comiss\u00e3o de Constitui\u00e7\u00e3o e Justi\u00e7a do Parlamento Ga\u00facho, conforme consta em ata, lavrada aos 9 dias de agosto de 1991, os l\u00edderes emancipacionistas foram surpreendidos por manobras pol\u00edticas oriundas em Sobradinho, que motivaram a rejei\u00e7\u00e3o do plen\u00e1rio ao projeto de emancipa\u00e7\u00e3o de Passa Sete.<br \/>\nApesar da decep\u00e7\u00e3o, os l\u00edderes emancipacionistas deixaram claro que a luta continuaria. E, de fato, continuou. Por\u00e9m nova reuni\u00e3o oficial s\u00f3 veio a acontecer dia 9 de dezembro de 1994, tamb\u00e9m na Escola Cristo Rei, em Passa Sete, quando uma nova diretoria foi constitu\u00edda, sendo integrada por Vanderlei Batista da Silva na presid\u00eancia, Bertino Rech de vice-presidente, secret\u00e1rio Ilo Renato Moraes, segunda secret\u00e1ria Clarice Dalmolin Wagner, tesoureiro Ledir Pavanatto, conselho fiscal integrado por Danilo Gon\u00e7alves da Trindade, Ivo Silveira de Moraes, Derli Gon\u00e7alves, Vicente Bernardi e Lauro Boer, tendo como suplentes Louren\u00e7o Durante, Dejanir Cardoso da Silveira, Bruno Busatto, Dalcides Loebens e Victor Petry. A reativa\u00e7\u00e3o do movimento contou com expressiva presen\u00e7a de 150 pessoas, representando as diversas comunidades do Distrito. A partir de ent\u00e3o, a estrat\u00e9gia de a\u00e7\u00e3o passou a ser outra, mobilizando as lideran\u00e7as de todos os recantos de Passa Sete, atrav\u00e9s da forma\u00e7\u00e3o de sub-comiss\u00f5es, as quais ficaram carregadas de esclarecer a popula\u00e7\u00e3o sobre o movimento e seus objetivos, bem como as vantagens de o Distrito tornar-se independente de Sobradinho. A par dessa iniciativa, a Comiss\u00e3o preocupou-se atentamente com a documenta\u00e7\u00e3o exigida pela Legisla\u00e7\u00e3o, bem como pelo convencimento dos deputados que iriam decidir na hora de apreciarem o Projeto. A tramita\u00e7\u00e3o do processo de emancipa\u00e7\u00e3o foi acompanhada passo a passo, atrav\u00e9s de sucessivos contatos pessoais ou por telefone com os deputados que estavam tratando da mat\u00e9ria. E, finalmente, depois de cumpridas todas as etapas, Passa Sete viu seu Projeto aprovado pela Assembl\u00e9ia Legislativa, com voto, inclusive, de deputados que em oportunidade anterior tinham se manifestado contr\u00e1rios. A not\u00edcia foi recebida com festa, por\u00e9m, festa maior aconteceu ap\u00f3s a realiza\u00e7\u00e3o do plebiscito, quando 1992 eleitores disseram sim \u00e0 emancipa\u00e7\u00e3o e apenas 300 foram contr\u00e1rios dos 2008 eleitores que compareceram para votar, pois o voto n\u00e3o era obrigat\u00f3rio. Houve 4 votos em branco e 12 nulos e a absten\u00e7\u00e3o foi de 36,3%. Passada a etapa pr\u00e9-emancipacionista, um novo processo na hist\u00f3ria de Passa Sete passou a se desdobrar: a elei\u00e7\u00e3o para escolha do seu primeiro prefeito, vice-prefeito e vereadores.<\/p>\n","protected":false},"excerpt":{"rendered":"<p>HIST\u00d3RICO: Passa Sete tem sua hist\u00f3ria intimamente ligada aos viajantes da nossa terra, pois foi local de passagem para quem se deslocava de Rio Pardo a<span class=\"excerpt-hellip\"> [\u2026]<\/span><\/p>\n","protected":false},"author":1,"featured_media":0,"parent":0,"menu_order":0,"comment_status":"closed","ping_status":"closed","template":"","meta":{"footnotes":""},"class_list":["post-2386","page","type-page","status-publish","hentry"],"_links":{"self":[{"href":"http:\/\/passasete.rs.gov.br\/portal\/wp-json\/wp\/v2\/pages\/2386","targetHints":{"allow":["GET"]}}],"collection":[{"href":"http:\/\/passasete.rs.gov.br\/portal\/wp-json\/wp\/v2\/pages"}],"about":[{"href":"http:\/\/passasete.rs.gov.br\/portal\/wp-json\/wp\/v2\/types\/page"}],"author":[{"embeddable":true,"href":"http:\/\/passasete.rs.gov.br\/portal\/wp-json\/wp\/v2\/users\/1"}],"replies":[{"embeddable":true,"href":"http:\/\/passasete.rs.gov.br\/portal\/wp-json\/wp\/v2\/comments?post=2386"}],"version-history":[{"count":5,"href":"http:\/\/passasete.rs.gov.br\/portal\/wp-json\/wp\/v2\/pages\/2386\/revisions"}],"predecessor-version":[{"id":2392,"href":"http:\/\/passasete.rs.gov.br\/portal\/wp-json\/wp\/v2\/pages\/2386\/revisions\/2392"}],"wp:attachment":[{"href":"http:\/\/passasete.rs.gov.br\/portal\/wp-json\/wp\/v2\/media?parent=2386"}],"curies":[{"name":"wp","href":"https:\/\/api.w.org\/{rel}","templated":true}]}}