{"id":2406,"date":"2018-10-19T14:23:13","date_gmt":"2018-10-19T17:23:13","guid":{"rendered":"http:\/\/passasete.rs.gov.br\/portal\/?page_id=2406"},"modified":"2021-11-04T16:42:15","modified_gmt":"2021-11-04T19:42:15","slug":"jsm","status":"publish","type":"page","link":"http:\/\/passasete.rs.gov.br\/portal\/jsm\/","title":{"rendered":"Junta de Servi\u00e7o Militar"},"content":{"rendered":"<p><strong>JUNTA DE SERVI\u00c7O MILITAR<\/strong><strong><img fetchpriority=\"high\" decoding=\"async\" class=\"size-medium wp-image-2405 alignright\" src=\"http:\/\/passasete.rs.gov.br\/portal\/wp-content\/uploads\/2018\/10\/jsm-300x254.jpg\" alt=\"\" width=\"300\" height=\"254\" srcset=\"http:\/\/passasete.rs.gov.br\/portal\/wp-content\/uploads\/2018\/10\/jsm.jpg 300w, http:\/\/passasete.rs.gov.br\/portal\/wp-content\/uploads\/2018\/10\/jsm-172x146.jpg 172w, http:\/\/passasete.rs.gov.br\/portal\/wp-content\/uploads\/2018\/10\/jsm-50x42.jpg 50w, http:\/\/passasete.rs.gov.br\/portal\/wp-content\/uploads\/2018\/10\/jsm-89x75.jpg 89w\" sizes=\"(max-width: 300px) 100vw, 300px\" \/><\/strong><\/p>\n<p><strong>\u00d3rg\u00e3o de Alistamento Militar<\/strong><\/p>\n<ul>\n<li>Presidente: Prefeito Municipal \u2013 Mauricio Afonso Ruoso<\/li>\n<li>Secret\u00e1rio: Elis\u00e2ngela Rech<\/li>\n<li>Subordinada ao Posto de Recrutamento e Mobiliza\u00e7\u00e3o (PRM 03\/005)<\/li>\n<\/ul>\n<p>Endere\u00e7o: Avenida Pinheiro, 1500 \u2013 Centro,<\/p>\n<p>Passa Sete \/ RS<br \/>\nCEP: 96908000<\/p>\n<ul>\n<li>Fone: (51) 36166041<\/li>\n<li>Email:\u00a0<strong>prefeitura@passasete.rs.gov.br<\/strong><\/li>\n<li>Hor\u00e1rio de Atendimento: 08h \u00e1s 12h e das 13h \u00e0s 17h, de segunda a sexta-feira<\/li>\n<\/ul>\n<p><strong>Orienta\u00e7\u00f5es aos Cidad\u00e3os<\/strong><\/p>\n<p><strong>ATEN\u00c7\u00c3O! SE VOC\u00ca TEM ENTRE 18 E 45 ANOS COMPARE\u00c7A NA JUNTA DE SERVI\u00c7O MILITAR PARA ATUALIZAR O SEU CADASTRO<\/strong><\/p>\n<p>Cidad\u00e3o, compare\u00e7a \u00e0 Junta de Servi\u00e7o Militar do seu munic\u00edpio para atualizar o seu cadastro no novo Sistema Eletr\u00f4nico de Recrutamento Militar e Mobiliza\u00e7\u00e3o (SERMILMOB), devendo apresentar os seguintes documentos:<\/p>\n<p>&#8211; Comprovante de endere\u00e7o;<br \/>\n&#8211; RG ou CNH;<br \/>\n&#8211; CPF;<br \/>\n&#8211; Documento militar (se possuir);<br \/>\n&#8211; Informar um e-mail v\u00e1lido e telefone celular para contato.<\/p>\n<p><strong>Alistamento\u00a0<\/strong><\/p>\n<p>O jovem deve alistar-se\u00a0<strong><u>no ano em que completar 18<\/u><\/strong>\u00a0anos na Junta de Servi\u00e7o Militar do munic\u00edpio onde reside.<\/p>\n<p>O per\u00edodo de alistamento vai de\u00a0<strong>02 de janeiro at\u00e9 30 de junho<\/strong><\/p>\n<p><strong>\u00a0<\/strong>Documenta\u00e7\u00e3o necess\u00e1ria:<\/p>\n<ul>\n<li>certid\u00e3o de nascimento original;<\/li>\n<li>comprovante de resid\u00eancia;<\/li>\n<li>CPF (se possuir).<\/li>\n<\/ul>\n<p><strong>EXERC\u00cdCIO DE APRESENTA\u00c7\u00c3O DA RESERVA (EXAR) 2018<\/strong><\/p>\n<p><strong>\u00a0<\/strong><strong>Pela Internet:<\/strong><\/p>\n<p>1\u00ba de dezembro a 31 de janeiro de cada ano, acessando o EXARNET. Ap\u00f3s esta data, ainda poder\u00e3o ser realizadas apresenta\u00e7\u00f5es, por\u00e9m incorrer\u00e3o em multa, conforme previsto na lei de servi\u00e7o militar e seu regulamento.<br \/>\n<a href=\"http:\/\/www.exarnet.eb.mil.br\/tela1!input.action\" target=\"_blank\" rel=\"noopener noreferrer\">[APRESENTE-SE]<\/a><\/p>\n<p><strong>Pessoalmente:<\/strong><\/p>\n<p>1\u00ba de dezembro a 31 de janeiro de cada ano. Na Junta Militar de Passa Sete, Avenida Pinheiro, 1500 \u2013 Centro, Passa Sete \/ RS.<\/p>\n","protected":false},"excerpt":{"rendered":"<p>JUNTA DE SERVI\u00c7O MILITAR \u00d3rg\u00e3o de Alistamento Militar Presidente: Prefeito Municipal \u2013 Mauricio Afonso Ruoso Secret\u00e1rio: Elis\u00e2ngela Rech Subordinada ao Posto de Recrutamento e Mobiliza\u00e7\u00e3o (PRM<span class=\"excerpt-hellip\"> [\u2026]<\/span><\/p>\n","protected":false},"author":1,"featured_media":0,"parent":0,"menu_order":0,"comment_status":"closed","ping_status":"closed","template":"","meta":{"footnotes":""},"class_list":["post-2406","page","type-page","status-publish","hentry"],"_links":{"self":[{"href":"http:\/\/passasete.rs.gov.br\/portal\/wp-json\/wp\/v2\/pages\/2406","targetHints":{"allow":["GET"]}}],"collection":[{"href":"http:\/\/passasete.rs.gov.br\/portal\/wp-json\/wp\/v2\/pages"}],"about":[{"href":"http:\/\/passasete.rs.gov.br\/portal\/wp-json\/wp\/v2\/types\/page"}],"author":[{"embeddable":true,"href":"http:\/\/passasete.rs.gov.br\/portal\/wp-json\/wp\/v2\/users\/1"}],"replies":[{"embeddable":true,"href":"http:\/\/passasete.rs.gov.br\/portal\/wp-json\/wp\/v2\/comments?post=2406"}],"version-history":[{"count":5,"href":"http:\/\/passasete.rs.gov.br\/portal\/wp-json\/wp\/v2\/pages\/2406\/revisions"}],"predecessor-version":[{"id":4197,"href":"http:\/\/passasete.rs.gov.br\/portal\/wp-json\/wp\/v2\/pages\/2406\/revisions\/4197"}],"wp:attachment":[{"href":"http:\/\/passasete.rs.gov.br\/portal\/wp-json\/wp\/v2\/media?parent=2406"}],"curies":[{"name":"wp","href":"https:\/\/api.w.org\/{rel}","templated":true}]}}