{"id":3073,"date":"2020-06-17T15:57:37","date_gmt":"2020-06-17T18:57:37","guid":{"rendered":"http:\/\/passasete.rs.gov.br\/portal\/?page_id=3073"},"modified":"2020-08-04T21:28:03","modified_gmt":"2020-08-05T00:28:03","slug":"pontos-turisticos","status":"publish","type":"page","link":"http:\/\/passasete.rs.gov.br\/portal\/pontos-turisticos\/","title":{"rendered":"Atra\u00e7\u00f5es Tur\u00edsticas"},"content":{"rendered":"\n<p>Passa Sete destaca-se pelas belas paisagens naturais, onde o relevo ondulado e montanhoso proporciona imagens \u00fanicas, acompanhado de singular fauna e flora. O munic\u00edpio est\u00e1 localizado dentro do Bioma Mata Atl\u00e2ntica e tem parte do seu territ\u00f3rio na Encosta Inferior do Nordeste.<\/p>\n","protected":false},"excerpt":{"rendered":"<p>Passa Sete destaca-se pelas belas paisagens naturais, onde o relevo ondulado e montanhoso proporciona imagens \u00fanicas, acompanhado de singular fauna e flora. O munic\u00edpio est\u00e1 localizado<span class=\"excerpt-hellip\"> [\u2026]<\/span><\/p>\n","protected":false},"author":3,"featured_media":0,"parent":0,"menu_order":0,"comment_status":"closed","ping_status":"closed","template":"","meta":{"footnotes":""},"class_list":["post-3073","page","type-page","status-publish","hentry"],"_links":{"self":[{"href":"http:\/\/passasete.rs.gov.br\/portal\/wp-json\/wp\/v2\/pages\/3073","targetHints":{"allow":["GET"]}}],"collection":[{"href":"http:\/\/passasete.rs.gov.br\/portal\/wp-json\/wp\/v2\/pages"}],"about":[{"href":"http:\/\/passasete.rs.gov.br\/portal\/wp-json\/wp\/v2\/types\/page"}],"author":[{"embeddable":true,"href":"http:\/\/passasete.rs.gov.br\/portal\/wp-json\/wp\/v2\/users\/3"}],"replies":[{"embeddable":true,"href":"http:\/\/passasete.rs.gov.br\/portal\/wp-json\/wp\/v2\/comments?post=3073"}],"version-history":[{"count":2,"href":"http:\/\/passasete.rs.gov.br\/portal\/wp-json\/wp\/v2\/pages\/3073\/revisions"}],"predecessor-version":[{"id":3205,"href":"http:\/\/passasete.rs.gov.br\/portal\/wp-json\/wp\/v2\/pages\/3073\/revisions\/3205"}],"wp:attachment":[{"href":"http:\/\/passasete.rs.gov.br\/portal\/wp-json\/wp\/v2\/media?parent=3073"}],"curies":[{"name":"wp","href":"https:\/\/api.w.org\/{rel}","templated":true}]}}