{"id":3076,"date":"2020-06-17T16:07:23","date_gmt":"2020-06-17T19:07:23","guid":{"rendered":"http:\/\/passasete.rs.gov.br\/portal\/?page_id=3076"},"modified":"2020-06-17T16:07:24","modified_gmt":"2020-06-17T19:07:24","slug":"belo-monte","status":"publish","type":"page","link":"http:\/\/passasete.rs.gov.br\/portal\/belo-monte\/","title":{"rendered":"Belo Monte"},"content":{"rendered":"\n<p>Uma das atra\u00e7\u00f5es naturais do munic\u00edpio \u00e9 o <strong><u>BELO MONTE<\/u><\/strong>. Ele fica localizado a 30 km da sede, na localidade de Belo Monte. Para chegar at\u00e9 o local, \u00e9 necess\u00e1rio percorrer todo o trajeto por estradas de ch\u00e3o, passando pelas localidades de Campo de Sobradinho e Murta, para ent\u00e3o ingressar em dire\u00e7\u00e3o ao local. At\u00e9 chegar ao destino, o visitante tem contato direto com o meio ambiente, despertando um sentimento de respeito, bem-estar e sensa\u00e7\u00e3o de prote\u00e7\u00e3o.<\/p>\n\n\n\n<figure class=\"wp-block-image size-large\"><img fetchpriority=\"high\" decoding=\"async\" width=\"1024\" height=\"686\" src=\"http:\/\/passasete.rs.gov.br\/portal\/wp-content\/uploads\/2020\/06\/Belo-Monte-1024x686.jpeg\" alt=\"\" class=\"wp-image-3077\" srcset=\"http:\/\/passasete.rs.gov.br\/portal\/wp-content\/uploads\/2020\/06\/Belo-Monte-1024x686.jpeg 1024w, http:\/\/passasete.rs.gov.br\/portal\/wp-content\/uploads\/2020\/06\/Belo-Monte-300x201.jpeg 300w, http:\/\/passasete.rs.gov.br\/portal\/wp-content\/uploads\/2020\/06\/Belo-Monte-768x515.jpeg 768w, http:\/\/passasete.rs.gov.br\/portal\/wp-content\/uploads\/2020\/06\/Belo-Monte-218x146.jpeg 218w, http:\/\/passasete.rs.gov.br\/portal\/wp-content\/uploads\/2020\/06\/Belo-Monte-50x34.jpeg 50w, http:\/\/passasete.rs.gov.br\/portal\/wp-content\/uploads\/2020\/06\/Belo-Monte-112x75.jpeg 112w, http:\/\/passasete.rs.gov.br\/portal\/wp-content\/uploads\/2020\/06\/Belo-Monte.jpeg 1280w\" sizes=\"(max-width: 1024px) 100vw, 1024px\" \/><\/figure>\n\n\n\n<figure class=\"wp-block-image size-large\"><img decoding=\"async\" width=\"1024\" height=\"768\" src=\"http:\/\/passasete.rs.gov.br\/portal\/wp-content\/uploads\/2020\/06\/WhatsApp-Image-2020-06-17-at-16.03.32-1024x768.jpeg\" alt=\"\" class=\"wp-image-3079\" srcset=\"http:\/\/passasete.rs.gov.br\/portal\/wp-content\/uploads\/2020\/06\/WhatsApp-Image-2020-06-17-at-16.03.32-1024x768.jpeg 1024w, http:\/\/passasete.rs.gov.br\/portal\/wp-content\/uploads\/2020\/06\/WhatsApp-Image-2020-06-17-at-16.03.32-300x225.jpeg 300w, http:\/\/passasete.rs.gov.br\/portal\/wp-content\/uploads\/2020\/06\/WhatsApp-Image-2020-06-17-at-16.03.32-768x576.jpeg 768w, http:\/\/passasete.rs.gov.br\/portal\/wp-content\/uploads\/2020\/06\/WhatsApp-Image-2020-06-17-at-16.03.32-195x146.jpeg 195w, http:\/\/passasete.rs.gov.br\/portal\/wp-content\/uploads\/2020\/06\/WhatsApp-Image-2020-06-17-at-16.03.32-50x38.jpeg 50w, http:\/\/passasete.rs.gov.br\/portal\/wp-content\/uploads\/2020\/06\/WhatsApp-Image-2020-06-17-at-16.03.32-100x75.jpeg 100w, http:\/\/passasete.rs.gov.br\/portal\/wp-content\/uploads\/2020\/06\/WhatsApp-Image-2020-06-17-at-16.03.32.jpeg 1152w\" sizes=\"(max-width: 1024px) 100vw, 1024px\" \/><\/figure>\n\n\n\n<figure class=\"wp-block-image size-large\"><img decoding=\"async\" width=\"1024\" height=\"521\" src=\"http:\/\/passasete.rs.gov.br\/portal\/wp-content\/uploads\/2020\/06\/Belo-Monte-1024x521.jpg\" alt=\"\" class=\"wp-image-3080\" srcset=\"http:\/\/passasete.rs.gov.br\/portal\/wp-content\/uploads\/2020\/06\/Belo-Monte-1024x521.jpg 1024w, http:\/\/passasete.rs.gov.br\/portal\/wp-content\/uploads\/2020\/06\/Belo-Monte-300x153.jpg 300w, http:\/\/passasete.rs.gov.br\/portal\/wp-content\/uploads\/2020\/06\/Belo-Monte-768x391.jpg 768w, http:\/\/passasete.rs.gov.br\/portal\/wp-content\/uploads\/2020\/06\/Belo-Monte-260x132.jpg 260w, http:\/\/passasete.rs.gov.br\/portal\/wp-content\/uploads\/2020\/06\/Belo-Monte-50x25.jpg 50w, http:\/\/passasete.rs.gov.br\/portal\/wp-content\/uploads\/2020\/06\/Belo-Monte-147x75.jpg 147w, http:\/\/passasete.rs.gov.br\/portal\/wp-content\/uploads\/2020\/06\/Belo-Monte.jpg 1366w\" sizes=\"(max-width: 1024px) 100vw, 1024px\" \/><\/figure>\n","protected":false},"excerpt":{"rendered":"<p>Uma das atra\u00e7\u00f5es naturais do munic\u00edpio \u00e9 o BELO MONTE. Ele fica localizado a 30 km da sede, na localidade de Belo Monte. Para chegar at\u00e9<span class=\"excerpt-hellip\"> [\u2026]<\/span><\/p>\n","protected":false},"author":3,"featured_media":0,"parent":0,"menu_order":0,"comment_status":"closed","ping_status":"closed","template":"","meta":{"footnotes":""},"class_list":["post-3076","page","type-page","status-publish","hentry"],"_links":{"self":[{"href":"http:\/\/passasete.rs.gov.br\/portal\/wp-json\/wp\/v2\/pages\/3076","targetHints":{"allow":["GET"]}}],"collection":[{"href":"http:\/\/passasete.rs.gov.br\/portal\/wp-json\/wp\/v2\/pages"}],"about":[{"href":"http:\/\/passasete.rs.gov.br\/portal\/wp-json\/wp\/v2\/types\/page"}],"author":[{"embeddable":true,"href":"http:\/\/passasete.rs.gov.br\/portal\/wp-json\/wp\/v2\/users\/3"}],"replies":[{"embeddable":true,"href":"http:\/\/passasete.rs.gov.br\/portal\/wp-json\/wp\/v2\/comments?post=3076"}],"version-history":[{"count":2,"href":"http:\/\/passasete.rs.gov.br\/portal\/wp-json\/wp\/v2\/pages\/3076\/revisions"}],"predecessor-version":[{"id":3081,"href":"http:\/\/passasete.rs.gov.br\/portal\/wp-json\/wp\/v2\/pages\/3076\/revisions\/3081"}],"wp:attachment":[{"href":"http:\/\/passasete.rs.gov.br\/portal\/wp-json\/wp\/v2\/media?parent=3076"}],"curies":[{"name":"wp","href":"https:\/\/api.w.org\/{rel}","templated":true}]}}