{"id":3148,"date":"2020-06-23T13:41:13","date_gmt":"2020-06-23T16:41:13","guid":{"rendered":"http:\/\/passasete.rs.gov.br\/portal\/?page_id=3148"},"modified":"2020-06-23T13:41:14","modified_gmt":"2020-06-23T16:41:14","slug":"brasao-de-armas-municipal","status":"publish","type":"page","link":"http:\/\/passasete.rs.gov.br\/portal\/brasao-de-armas-municipal\/","title":{"rendered":"Bras\u00e3o de Armas Municipal"},"content":{"rendered":"\n<p>LEI MUNICIPAL N\u00ba 109, DE 24\/03\/1998<br><strong>DISP\u00d5E SOBRE A INSTITUI\u00c7\u00c3O A FORMA E A APRESENTA\u00c7\u00c3O DOS S\u00cdMBOLOS DO MUNIC\u00cdPIO DE PASSA SETE E D\u00c1 OUTRAS PROVID\u00caNCIAS<\/strong><\/p>\n\n\n\n<p><strong>Art. 19.<\/strong>&nbsp;O Bras\u00e3o de Armas do Munic\u00edpio de Passa Sete, de autoria de Leo Mainardi, em concurso institu\u00eddo pela&nbsp;<a href=\"https:\/\/cespro.com.br\/visualizarDiploma.php?cdMunicipio=7733&amp;cdDiploma=19970031\">Lei Municipal n\u00ba 031\/97<\/a>, de 18 de mar\u00e7o de 1997, assim se descreve: traz na destra um campo em blau sobreposto em montanhas em sinopla e argenta. Da faixa at\u00e9 a sinistra, campos em sinopla sobrepostos por duas arauc\u00e1rias e pinheiros menores em sinopla e ocre sobreposto, ainda, em blau, representando o Rio Passa Sete, encimado por uma estrada em ocre. Vemos, ainda, na sinistra, bovinos em argenta e sable. Os suportes s\u00e3o representados \u00e0 esquerda por um p\u00e9 de fumo em sinopla, tra\u00e7ado em sable \u00e0 direita um p\u00e9 de milho e um p\u00e9 de feij\u00e3o em sinopla tra\u00e7ado em sable, enla\u00e7ados pelo listel em argenta sobreposto pelo top\u00f4nimo 28-12 Passa Sete 1995. A coroa murada em argenta tra\u00e7ada em sable com suas quatro torres.<\/p>\n\n\n\n<p><strong>Art. 20.<\/strong>&nbsp;O Bras\u00e3o de Armas de que trata o artigo anterior, tem a seguinte interpreta\u00e7\u00e3o:<br><strong>I &#8211;<\/strong>&nbsp;Passa Sete se caracteriza pela farta vegeta\u00e7\u00e3o que cobre de verde os vales e montanhas, caracterizado no interior do Bras\u00e3o de Armas do Munic\u00edpio; o c\u00e9u azul, as arauc\u00e1rias, \u00e1rvore nativa que existe em abund\u00e2ncia e ainda nos verdes vales e montanhas do Munic\u00edpio.<br><strong>II &#8211;<\/strong>&nbsp;O verde representa os campos, as matas e as planta\u00e7\u00f5es cultivadas pelo bra\u00e7o forte dos agricultores, descendentes, em sua maioria, de imigrantes alem\u00e3es, italianos e portugueses.<br><strong>III &#8211;<\/strong>&nbsp;O Rio Passa Sete, bem representado no Bras\u00e3o com suas sete passagens sob a estrada que corta de Sul a Norte o seu territ\u00f3rio e que deu origem ao nome do Munic\u00edpio.<br><strong>IV &#8211;<\/strong>&nbsp;Os bovinos representam a pecu\u00e1ria de corte e leiteira que \u00e9 uma das riquezas do Munic\u00edpio.<br><strong>V &#8211;<\/strong>&nbsp;Os suportes representados por um p\u00e9 de fumo, principal produto no cultivo da agricultura local, o milho e o feij\u00e3o representados no suporte \u00e0 direita duas culturas tamb\u00e9m geradoras de riquezas no Munic\u00edpio.<br><strong>VI &#8211;<\/strong>&nbsp;A coroa murada representa a prote\u00e7\u00e3o, guarda e poderes existentes e considerados pela comunidade: Poder Executivo, Poder Legislativo, Poder Judici\u00e1rio e Organiza\u00e7\u00f5es Sociais.<br><strong>VII &#8211;<\/strong>&nbsp;As Cores do Bras\u00e3o de Armas do Munic\u00edpio de Passa Sete t\u00eam a seguinte descri\u00e7\u00e3o em her\u00e1ldica:<br><strong><em>a)<\/em><\/strong>&nbsp;O jalne (amarelo) representa as riquezas, a prosperidade e a abund\u00e2ncia.<br><strong><em>b)<\/em><\/strong>&nbsp;O blau (azul) representa a prote\u00e7\u00e3o, a energia e a vida.<br><strong><em>c)<\/em><\/strong>&nbsp;O sable (preto) representa a justi\u00e7a e a prote\u00e7\u00e3o.<br><strong><em>d)<\/em><\/strong>&nbsp;O sinopla (verde) representa a natureza.<br><strong><em>e)<\/em><\/strong>&nbsp;A argenta (prata ou branco), representa o mist\u00e9rio, a f\u00e9.<br><strong><em>f)<\/em><\/strong>&nbsp;O goles (vermelho), representa a justi\u00e7a, o poder e a for\u00e7a.<\/p>\n\n\n\n<p><strong>Art. 21.<\/strong>&nbsp;O Bras\u00e3o de Armas Municipal \u00e9 de uso obrigat\u00f3rio em todos os documentos e pap\u00e9is do Munic\u00edpio, tanto do Executivo quando do Legislativo e ser\u00e1 usado com a representa\u00e7\u00e3o iconogr\u00e1fica dos esmaltes, em conformidade com a Conven\u00e7\u00e3o Her\u00e1ldica Internacional, em impress\u00f5es monogr\u00e1ficas e com a obedi\u00eancia das cores her\u00e1ldicas, quando a impress\u00e3o for feita em policromia.<\/p>\n\n\n\n<p><strong>Art. 22.<\/strong>&nbsp;Objetivando a divulga\u00e7\u00e3o municipalista, o Bras\u00e3o de Armas Municipal poder\u00e1 ser reproduzido em decalcomanias, bras\u00f5es de fachada, fl\u00e2mulas, distintivos, medalhas, selos, adesivos, bem como apostos em objetos de arte ou de uso pessoal, desde que respeitados os m\u00f3dulos, bem como as cores her\u00e1ldicas.<\/p>\n\n\n\n<p><strong>Art. 23.<\/strong>&nbsp;A crit\u00e9rio dos Poderes Municipais, poder\u00e1 ser institu\u00edda a Medalha Municipal do M\u00e9rito, objetivando agraciar os cidad\u00e3os presentes, nascidos ou n\u00e3o em Passa Sete.<br><strong>Par\u00e1grafo \u00fanico.<\/strong>&nbsp;A Medalha trar\u00e1, no anverso, o Bras\u00e3o de Armas Municipal e ser\u00e1 pendente de fita nas cores verde, azul e amarelo.<\/p>\n\n\n\n<p><strong>Art. 24.<\/strong>&nbsp;As cores verde, azul e amarelo, ser\u00e3o as cores municipais, podendo estas servir de adorno em todas as manifesta\u00e7\u00f5es festivas que comportem ou n\u00e3o o hasteamento da Bandeira Municipal, em uniformes de institui\u00e7\u00f5es escolares, clubes e associa\u00e7\u00f5es, notadamente quando representarem o Munic\u00edpio em certames de qualquer natureza.<\/p>\n\n\n\n<div class=\"wp-block-image\"><figure class=\"aligncenter size-large is-resized\"><img fetchpriority=\"high\" decoding=\"async\" src=\"http:\/\/passasete.rs.gov.br\/portal\/wp-content\/uploads\/2020\/06\/Bras\u00e3o_de_Passa_Sete.jpg\" alt=\"\" class=\"wp-image-3149\" width=\"318\" height=\"337\" srcset=\"http:\/\/passasete.rs.gov.br\/portal\/wp-content\/uploads\/2020\/06\/Bras\u00e3o_de_Passa_Sete.jpg 710w, http:\/\/passasete.rs.gov.br\/portal\/wp-content\/uploads\/2020\/06\/Bras\u00e3o_de_Passa_Sete-282x300.jpg 282w, http:\/\/passasete.rs.gov.br\/portal\/wp-content\/uploads\/2020\/06\/Bras\u00e3o_de_Passa_Sete-137x146.jpg 137w, http:\/\/passasete.rs.gov.br\/portal\/wp-content\/uploads\/2020\/06\/Bras\u00e3o_de_Passa_Sete-47x50.jpg 47w, http:\/\/passasete.rs.gov.br\/portal\/wp-content\/uploads\/2020\/06\/Bras\u00e3o_de_Passa_Sete-71x75.jpg 71w\" sizes=\"(max-width: 318px) 100vw, 318px\" \/><\/figure><\/div>\n\n\n\n<p><\/p>\n","protected":false},"excerpt":{"rendered":"<p>LEI MUNICIPAL N\u00ba 109, DE 24\/03\/1998DISP\u00d5E SOBRE A INSTITUI\u00c7\u00c3O A FORMA E A APRESENTA\u00c7\u00c3O DOS S\u00cdMBOLOS DO MUNIC\u00cdPIO DE PASSA SETE E D\u00c1 OUTRAS PROVID\u00caNCIAS Art.<span class=\"excerpt-hellip\"> [\u2026]<\/span><\/p>\n","protected":false},"author":3,"featured_media":0,"parent":0,"menu_order":0,"comment_status":"closed","ping_status":"closed","template":"","meta":{"footnotes":""},"class_list":["post-3148","page","type-page","status-publish","hentry"],"_links":{"self":[{"href":"http:\/\/passasete.rs.gov.br\/portal\/wp-json\/wp\/v2\/pages\/3148","targetHints":{"allow":["GET"]}}],"collection":[{"href":"http:\/\/passasete.rs.gov.br\/portal\/wp-json\/wp\/v2\/pages"}],"about":[{"href":"http:\/\/passasete.rs.gov.br\/portal\/wp-json\/wp\/v2\/types\/page"}],"author":[{"embeddable":true,"href":"http:\/\/passasete.rs.gov.br\/portal\/wp-json\/wp\/v2\/users\/3"}],"replies":[{"embeddable":true,"href":"http:\/\/passasete.rs.gov.br\/portal\/wp-json\/wp\/v2\/comments?post=3148"}],"version-history":[{"count":3,"href":"http:\/\/passasete.rs.gov.br\/portal\/wp-json\/wp\/v2\/pages\/3148\/revisions"}],"predecessor-version":[{"id":3152,"href":"http:\/\/passasete.rs.gov.br\/portal\/wp-json\/wp\/v2\/pages\/3148\/revisions\/3152"}],"wp:attachment":[{"href":"http:\/\/passasete.rs.gov.br\/portal\/wp-json\/wp\/v2\/media?parent=3148"}],"curies":[{"name":"wp","href":"https:\/\/api.w.org\/{rel}","templated":true}]}}