{"id":3155,"date":"2020-06-23T13:48:12","date_gmt":"2020-06-23T16:48:12","guid":{"rendered":"http:\/\/passasete.rs.gov.br\/portal\/?page_id=3155"},"modified":"2020-06-23T13:48:14","modified_gmt":"2020-06-23T16:48:14","slug":"hino-municipal","status":"publish","type":"page","link":"http:\/\/passasete.rs.gov.br\/portal\/hino-municipal\/","title":{"rendered":"Hino Municipal"},"content":{"rendered":"\n<p>LEI MUNICIPAL N\u00ba 1.619, DE 26\/03\/2019<br><strong>APROVA, OFICIALMENTE, O HINO DO MUNIC\u00cdPIO DE PASSA SETE E D\u00c1 OUTRAS PROVID\u00caNCIAS<\/strong><\/p>\n\n\n\n<p><strong>Art. 1\u00ba<\/strong>&nbsp;Fica aprovado, oficialmente, o hino do Munic\u00edpio de Passa Sete, Estado do Rio Grande do Sul, escolhido por concurso nos termos da&nbsp;<a href=\"https:\/\/cespro.com.br\/visualizarDiploma.php?cdMunicipio=7733&amp;cdDiploma=19980109\">Lei Municipal n\u00ba 109<\/a>&nbsp;de 24 de mar\u00e7o de 1998, composto de versos, distribu\u00eddos em estrofes e refr\u00e3o, com Letra de CLEO ADRIANO LOPES DE OLIVEIRA e M\u00fasica de ETSON ROBERTO DE MAGALH\u00c3ES, conforme ANEXO \u00daNICO, que \u00e9 parte integrante desta Lei.<\/p>\n\n\n\n<p><strong>Art. 2\u00ba<\/strong>&nbsp;A execu\u00e7\u00e3o do hino obedecer\u00e1 as seguintes prescri\u00e7\u00f5es:<br><strong>I &#8211;<\/strong>&nbsp;Far-se-\u00e1 o canto sempre em un\u00edssono;<br><strong>II &#8211;<\/strong>&nbsp;A execu\u00e7\u00e3o poder\u00e1 ser instrumental e\/ou vocal;<br><strong>III &#8211;<\/strong>&nbsp;Em qualquer forma de execu\u00e7\u00e3o, ser\u00e1 tocado\/cantado integralmente, sem repeti\u00e7\u00e3o.<\/p>\n\n\n\n<p><strong>Art. 3\u00ba<\/strong>&nbsp;O hino ser\u00e1 executado nas seguintes ocasi\u00f5es:<br><strong>I &#8211;<\/strong>&nbsp;obrigatoriamente, na abertura das solenidades p\u00fablicas e cerim\u00f4nias presididas pelos Chefes dos Poderes Municipais ou seus representantes;<br><strong>II &#8211;<\/strong>&nbsp;facultativamente, na abertura de sess\u00f5es c\u00edvicas, nas cerim\u00f4nias a que se associe sentido patri\u00f3tico, na abertura das atividades escolares municipais, e bem, assim, para exprimir sentimento p\u00fablico de alegria, em ocasi\u00f5es festivas.<\/p>\n\n\n\n<p><strong>Art. 4\u00ba<\/strong>&nbsp;Durante a execu\u00e7\u00e3o do hino \u00e9 obrigat\u00f3ria atitude de respeito, conservando-se todos de p\u00e9.<\/p>\n\n\n\n<p><strong>Art. 5\u00ba<\/strong>&nbsp;\u00c9 obrigat\u00f3rio o ensino do hino do Munic\u00edpio de Passa Sete em todos os estabelecimentos de ensino municipal.<\/p>\n\n\n\n<p><strong>Art. 6\u00ba<\/strong>&nbsp;A Secretaria Municipal de Educa\u00e7\u00e3o e Cultura far\u00e1 a edi\u00e7\u00e3o oficial da partitura do hino do Munic\u00edpio, em conformidade com o disposto nesta Lei e no Anexo \u00danico, competindo-lhe, ainda, sua ampla divulga\u00e7\u00e3o e correspondente execu\u00e7\u00e3o.<\/p>\n\n\n\n<p><strong>Art. 7\u00ba<\/strong>&nbsp;Esta Lei entra em vigor na data de sua publica\u00e7\u00e3o.<br>Gabinete do Prefeito Municipal de Passa Sete\/RS, aos 26 dias do m\u00eas de mar\u00e7o de 2019.<\/p>\n\n\n\n<p>Bertino Rech<br>Prefeito Municipal<br>Registre-se e Publique-se em 26\/03\/2019.<\/p>\n\n\n\n<p>Carla Patr\u00edcia B\u00f6er<br>Secret\u00e1ria de Administra\u00e7\u00e3o<\/p>\n\n\n\n<p> <\/p>\n\n\n\n<p><\/p>\n\n\n\n<p class=\"has-text-align-left\"><strong>HINO DO MUNIC\u00cdPIO DE PASSA SETE<\/strong><br>Letra: CLEO ADRIANO LOPES DE OLIVEIRA<br>M\u00fasica: ETSON ROBERTO DE MAGALH\u00c3ES<\/p>\n\n\n\n<p>Os pioneiros viajantes<br>Indo a terras distantes<br>Buscam sonho e ideal<br>Pra vencerem sua viagem<br>Sete vezes a passagem<br>Do sinuoso manancial<br>Ao subirem pela serra<br>Avistaram essa terra<br>Que chamava a aten\u00e7\u00e3o<br>Cada casa que se erguia<br>Prenunciava o que surgia<br>Uma nova povoa\u00e7\u00e3o.<\/p>\n\n\n\n<p>(Refr\u00e3o)<br>Passa Sete batizada<br>Onde um dia foi estrada<br>Hoje \u00e9 nossa linda terra<br>De canhadas e nevoeiros<br>De vertentes e pinheiros<br>\u00c9 o portal do Centro-Serra.<\/p>\n\n\n\n<p>Exuberante natureza<br>\u00c9 s\u00f3 parte da beleza<br>Que se avista por aqui<br>Do seu ch\u00e3o saiu sustento<br>Fomentando o crescimento<br>Da antiga Jacuhy<br>Almejando o progresso<br>Conseguiram com sucesso<br>Muita Luta e uni\u00e3o<br>Todo o povo reunido<br>Bravura ter conseguido<br>Sua emancipa\u00e7\u00e3o.<\/p>\n\n\n\n<p>(Refr\u00e3o)<br>Passa Sete batizada<br>Onde um dia foi estrada<br>Hoje \u00e9 nossa linda terra<br>De canhadas e nevoeiros<br>De vertentes e pinheiros<br>\u00c9 o portal do Centro-Serra.<\/p>\n\n\n\n<p>Na for\u00e7a da tua gente<br>O trabalho competente<br>Na pecu\u00e1ria e agricultura<br>Mant\u00e9m viva a sua hist\u00f3ria<br>Preservando a mem\u00f3ria<br>Em respeito \u00e0 sua cultura<br>Negra da Noite sua lenda<br>Necess\u00e1rio que se entenda<br>Tanta f\u00e9 e devo\u00e7\u00e3o<br>Luta e prosperidade<br>Orgulha nossa cidade<br>Linda Festa do Pinh\u00e3o.<\/p>\n\n\n\n<p>(Refr\u00e3o)<br>Passa Sete batizada<br>Onde um dia foi estrada<br>Hoje \u00e9 nossa linda terra<br>De canhadas e nevoeiros<br>De vertentes e pinheiros<br>\u00c9 o portal do Centro-Serra<\/p>\n","protected":false},"excerpt":{"rendered":"<p>LEI MUNICIPAL N\u00ba 1.619, DE 26\/03\/2019APROVA, OFICIALMENTE, O HINO DO MUNIC\u00cdPIO DE PASSA SETE E D\u00c1 OUTRAS PROVID\u00caNCIAS Art. 1\u00ba&nbsp;Fica aprovado, oficialmente, o hino do Munic\u00edpio<span class=\"excerpt-hellip\"> [\u2026]<\/span><\/p>\n","protected":false},"author":3,"featured_media":0,"parent":0,"menu_order":0,"comment_status":"closed","ping_status":"closed","template":"","meta":{"footnotes":""},"class_list":["post-3155","page","type-page","status-publish","hentry"],"_links":{"self":[{"href":"http:\/\/passasete.rs.gov.br\/portal\/wp-json\/wp\/v2\/pages\/3155","targetHints":{"allow":["GET"]}}],"collection":[{"href":"http:\/\/passasete.rs.gov.br\/portal\/wp-json\/wp\/v2\/pages"}],"about":[{"href":"http:\/\/passasete.rs.gov.br\/portal\/wp-json\/wp\/v2\/types\/page"}],"author":[{"embeddable":true,"href":"http:\/\/passasete.rs.gov.br\/portal\/wp-json\/wp\/v2\/users\/3"}],"replies":[{"embeddable":true,"href":"http:\/\/passasete.rs.gov.br\/portal\/wp-json\/wp\/v2\/comments?post=3155"}],"version-history":[{"count":2,"href":"http:\/\/passasete.rs.gov.br\/portal\/wp-json\/wp\/v2\/pages\/3155\/revisions"}],"predecessor-version":[{"id":3158,"href":"http:\/\/passasete.rs.gov.br\/portal\/wp-json\/wp\/v2\/pages\/3155\/revisions\/3158"}],"wp:attachment":[{"href":"http:\/\/passasete.rs.gov.br\/portal\/wp-json\/wp\/v2\/media?parent=3155"}],"curies":[{"name":"wp","href":"https:\/\/api.w.org\/{rel}","templated":true}]}}