{"id":3161,"date":"2020-06-26T15:02:12","date_gmt":"2020-06-26T18:02:12","guid":{"rendered":"http:\/\/passasete.rs.gov.br\/portal\/?page_id=3161"},"modified":"2020-06-26T16:32:15","modified_gmt":"2020-06-26T19:32:15","slug":"tumulo-da-negra-da-noite","status":"publish","type":"page","link":"http:\/\/passasete.rs.gov.br\/portal\/tumulo-da-negra-da-noite\/","title":{"rendered":"T\u00famulo da Negra da Noite"},"content":{"rendered":"\n<p>O &#8220;T\u00famulo da Negra da Noite&#8221; encontra-se em Campo de Sobradinho, a 8 km da cidade de Passa Sete, na volta de um corredor \u00e0 beira da estrada, cuidado pelos andantes que ali passam e pelos seus devotos, que comparecem at\u00e9 hoje e principalmente no dia de Nossa Senhora Aparecida, a fim de pedir uma gra\u00e7a e fazer promessas ou depositar suas oferendas, como penhor da gra\u00e7a alcan\u00e7ada. H\u00e1, inclusive, uma festa local: \u201cFesta da Negra da Noite\u201d, acompanhada de uma prociss\u00e3o da comunidade.&nbsp;A devo\u00e7\u00e3o \u00e0 Negra da Noite remonta ao s\u00e9culo 19, e refere a uma benzedeira chamada Guilhermina que morava na propriedade de Jo\u00e3o Batista da Silva entre 1800 e 1860. Ela trabalhava nos afazeres dom\u00e9sticos para os moradores da regi\u00e3o, era benzedeira, parteira e fazia rem\u00e9dios caseiros. Comenta-se que no inicio da Revolu\u00e7\u00e3o Farroupilha de 1835, quatro jovens que fugiram da guerra tiveram da Negra prote\u00e7\u00e3o em sua morada, permanecendo ali durante alguns anos. Ela tornou-se cozinheira dos rapazes, sendo amiga, m\u00e3e e protetora, at\u00e9 o desaparecimento misterioso deles. Tempos depois do desaparecimento dos mesmos, ela foi encontrada morta, enforcada em uma \u00e1rvore pr\u00f3xima de sua casa. Diante disso, pessoas afirmam que ela enforcou-se devido \u00e0 solid\u00e3o. Outros dizem ter sido enforcada em culpa do desaparecimento dos rapazes.&nbsp;<\/p>\n\n\n\n<figure class=\"wp-block-image size-large\"><img fetchpriority=\"high\" decoding=\"async\" width=\"1024\" height=\"768\" src=\"http:\/\/passasete.rs.gov.br\/portal\/wp-content\/uploads\/2020\/06\/T\u00famulo-da-Nega-da-Noite-1024x768.jpeg\" alt=\"\" class=\"wp-image-3162\" srcset=\"http:\/\/passasete.rs.gov.br\/portal\/wp-content\/uploads\/2020\/06\/T\u00famulo-da-Nega-da-Noite-1024x768.jpeg 1024w, http:\/\/passasete.rs.gov.br\/portal\/wp-content\/uploads\/2020\/06\/T\u00famulo-da-Nega-da-Noite-300x225.jpeg 300w, http:\/\/passasete.rs.gov.br\/portal\/wp-content\/uploads\/2020\/06\/T\u00famulo-da-Nega-da-Noite-768x576.jpeg 768w, http:\/\/passasete.rs.gov.br\/portal\/wp-content\/uploads\/2020\/06\/T\u00famulo-da-Nega-da-Noite-195x146.jpeg 195w, http:\/\/passasete.rs.gov.br\/portal\/wp-content\/uploads\/2020\/06\/T\u00famulo-da-Nega-da-Noite-50x38.jpeg 50w, http:\/\/passasete.rs.gov.br\/portal\/wp-content\/uploads\/2020\/06\/T\u00famulo-da-Nega-da-Noite-100x75.jpeg 100w, http:\/\/passasete.rs.gov.br\/portal\/wp-content\/uploads\/2020\/06\/T\u00famulo-da-Nega-da-Noite.jpeg 1280w\" sizes=\"(max-width: 1024px) 100vw, 1024px\" \/><\/figure>\n\n\n\n<figure class=\"wp-block-image size-large\"><img decoding=\"async\" width=\"1024\" height=\"768\" src=\"http:\/\/passasete.rs.gov.br\/portal\/wp-content\/uploads\/2020\/06\/0f54cea8-0b61-4d6c-af91-050b1a258728-1024x768.jpg\" alt=\"\" class=\"wp-image-3163\" srcset=\"http:\/\/passasete.rs.gov.br\/portal\/wp-content\/uploads\/2020\/06\/0f54cea8-0b61-4d6c-af91-050b1a258728-1024x768.jpg 1024w, http:\/\/passasete.rs.gov.br\/portal\/wp-content\/uploads\/2020\/06\/0f54cea8-0b61-4d6c-af91-050b1a258728-300x225.jpg 300w, http:\/\/passasete.rs.gov.br\/portal\/wp-content\/uploads\/2020\/06\/0f54cea8-0b61-4d6c-af91-050b1a258728-768x576.jpg 768w, http:\/\/passasete.rs.gov.br\/portal\/wp-content\/uploads\/2020\/06\/0f54cea8-0b61-4d6c-af91-050b1a258728-195x146.jpg 195w, http:\/\/passasete.rs.gov.br\/portal\/wp-content\/uploads\/2020\/06\/0f54cea8-0b61-4d6c-af91-050b1a258728-50x38.jpg 50w, http:\/\/passasete.rs.gov.br\/portal\/wp-content\/uploads\/2020\/06\/0f54cea8-0b61-4d6c-af91-050b1a258728-100x75.jpg 100w, http:\/\/passasete.rs.gov.br\/portal\/wp-content\/uploads\/2020\/06\/0f54cea8-0b61-4d6c-af91-050b1a258728.jpg 1280w\" sizes=\"(max-width: 1024px) 100vw, 1024px\" \/><\/figure>\n\n\n\n<figure class=\"wp-block-image size-large\"><img decoding=\"async\" width=\"1024\" height=\"768\" src=\"http:\/\/passasete.rs.gov.br\/portal\/wp-content\/uploads\/2020\/06\/7c83f31f-0b5d-45d4-9f4b-7b0bc514841f-1024x768.jpg\" alt=\"\" class=\"wp-image-3164\" srcset=\"http:\/\/passasete.rs.gov.br\/portal\/wp-content\/uploads\/2020\/06\/7c83f31f-0b5d-45d4-9f4b-7b0bc514841f-1024x768.jpg 1024w, http:\/\/passasete.rs.gov.br\/portal\/wp-content\/uploads\/2020\/06\/7c83f31f-0b5d-45d4-9f4b-7b0bc514841f-300x225.jpg 300w, http:\/\/passasete.rs.gov.br\/portal\/wp-content\/uploads\/2020\/06\/7c83f31f-0b5d-45d4-9f4b-7b0bc514841f-768x576.jpg 768w, http:\/\/passasete.rs.gov.br\/portal\/wp-content\/uploads\/2020\/06\/7c83f31f-0b5d-45d4-9f4b-7b0bc514841f-195x146.jpg 195w, http:\/\/passasete.rs.gov.br\/portal\/wp-content\/uploads\/2020\/06\/7c83f31f-0b5d-45d4-9f4b-7b0bc514841f-50x38.jpg 50w, http:\/\/passasete.rs.gov.br\/portal\/wp-content\/uploads\/2020\/06\/7c83f31f-0b5d-45d4-9f4b-7b0bc514841f-100x75.jpg 100w, http:\/\/passasete.rs.gov.br\/portal\/wp-content\/uploads\/2020\/06\/7c83f31f-0b5d-45d4-9f4b-7b0bc514841f.jpg 1280w\" sizes=\"(max-width: 1024px) 100vw, 1024px\" \/><\/figure>\n\n\n\n<figure class=\"wp-block-image size-large\"><img loading=\"lazy\" decoding=\"async\" width=\"768\" height=\"1024\" src=\"http:\/\/passasete.rs.gov.br\/portal\/wp-content\/uploads\/2020\/06\/76227e3f-ac8f-41a8-88e5-8ebbe43530ec-768x1024.jpg\" alt=\"\" class=\"wp-image-3165\" srcset=\"http:\/\/passasete.rs.gov.br\/portal\/wp-content\/uploads\/2020\/06\/76227e3f-ac8f-41a8-88e5-8ebbe43530ec-768x1024.jpg 768w, http:\/\/passasete.rs.gov.br\/portal\/wp-content\/uploads\/2020\/06\/76227e3f-ac8f-41a8-88e5-8ebbe43530ec-225x300.jpg 225w, http:\/\/passasete.rs.gov.br\/portal\/wp-content\/uploads\/2020\/06\/76227e3f-ac8f-41a8-88e5-8ebbe43530ec-110x146.jpg 110w, http:\/\/passasete.rs.gov.br\/portal\/wp-content\/uploads\/2020\/06\/76227e3f-ac8f-41a8-88e5-8ebbe43530ec-38x50.jpg 38w, http:\/\/passasete.rs.gov.br\/portal\/wp-content\/uploads\/2020\/06\/76227e3f-ac8f-41a8-88e5-8ebbe43530ec-56x75.jpg 56w, http:\/\/passasete.rs.gov.br\/portal\/wp-content\/uploads\/2020\/06\/76227e3f-ac8f-41a8-88e5-8ebbe43530ec.jpg 960w\" sizes=\"(max-width: 768px) 100vw, 768px\" \/><\/figure>\n\n\n\n<figure class=\"wp-block-image size-large\"><img loading=\"lazy\" decoding=\"async\" width=\"1024\" height=\"768\" src=\"http:\/\/passasete.rs.gov.br\/portal\/wp-content\/uploads\/2020\/06\/ad64e1e2-068e-41fe-b21b-197e8189dbf4-1024x768.jpg\" alt=\"\" class=\"wp-image-3166\" srcset=\"http:\/\/passasete.rs.gov.br\/portal\/wp-content\/uploads\/2020\/06\/ad64e1e2-068e-41fe-b21b-197e8189dbf4-1024x768.jpg 1024w, http:\/\/passasete.rs.gov.br\/portal\/wp-content\/uploads\/2020\/06\/ad64e1e2-068e-41fe-b21b-197e8189dbf4-300x225.jpg 300w, http:\/\/passasete.rs.gov.br\/portal\/wp-content\/uploads\/2020\/06\/ad64e1e2-068e-41fe-b21b-197e8189dbf4-768x576.jpg 768w, http:\/\/passasete.rs.gov.br\/portal\/wp-content\/uploads\/2020\/06\/ad64e1e2-068e-41fe-b21b-197e8189dbf4-195x146.jpg 195w, http:\/\/passasete.rs.gov.br\/portal\/wp-content\/uploads\/2020\/06\/ad64e1e2-068e-41fe-b21b-197e8189dbf4-50x38.jpg 50w, http:\/\/passasete.rs.gov.br\/portal\/wp-content\/uploads\/2020\/06\/ad64e1e2-068e-41fe-b21b-197e8189dbf4-100x75.jpg 100w, http:\/\/passasete.rs.gov.br\/portal\/wp-content\/uploads\/2020\/06\/ad64e1e2-068e-41fe-b21b-197e8189dbf4.jpg 1280w\" sizes=\"(max-width: 1024px) 100vw, 1024px\" \/><\/figure>\n\n\n\n<figure class=\"wp-block-image size-large\"><img loading=\"lazy\" decoding=\"async\" width=\"1024\" height=\"768\" src=\"http:\/\/passasete.rs.gov.br\/portal\/wp-content\/uploads\/2020\/06\/b3abc762-a7a2-48a4-b88b-591eb66c8e6c-1024x768.jpg\" alt=\"\" class=\"wp-image-3167\" srcset=\"http:\/\/passasete.rs.gov.br\/portal\/wp-content\/uploads\/2020\/06\/b3abc762-a7a2-48a4-b88b-591eb66c8e6c-1024x768.jpg 1024w, http:\/\/passasete.rs.gov.br\/portal\/wp-content\/uploads\/2020\/06\/b3abc762-a7a2-48a4-b88b-591eb66c8e6c-300x225.jpg 300w, http:\/\/passasete.rs.gov.br\/portal\/wp-content\/uploads\/2020\/06\/b3abc762-a7a2-48a4-b88b-591eb66c8e6c-768x576.jpg 768w, http:\/\/passasete.rs.gov.br\/portal\/wp-content\/uploads\/2020\/06\/b3abc762-a7a2-48a4-b88b-591eb66c8e6c-195x146.jpg 195w, http:\/\/passasete.rs.gov.br\/portal\/wp-content\/uploads\/2020\/06\/b3abc762-a7a2-48a4-b88b-591eb66c8e6c-50x38.jpg 50w, http:\/\/passasete.rs.gov.br\/portal\/wp-content\/uploads\/2020\/06\/b3abc762-a7a2-48a4-b88b-591eb66c8e6c-100x75.jpg 100w, http:\/\/passasete.rs.gov.br\/portal\/wp-content\/uploads\/2020\/06\/b3abc762-a7a2-48a4-b88b-591eb66c8e6c.jpg 1280w\" sizes=\"(max-width: 1024px) 100vw, 1024px\" \/><\/figure>\n\n\n\n<h1 class=\"wp-block-heading\"><strong>LENDA DA NEGRA DA NOITE<\/strong><\/h1>\n\n\n\n<p>A Negra da Noite era uma preta velha, chamada apenas por Guilhermina, que morava em Campo de Sobradinho, munic\u00edpio de Passa Sete, e viveu por volta de 1770 a 1845 na propriedade de Jo\u00e3o Batista da Silva, em um caramanch\u00e3o ali existente, o qual servia de rancho. Vagueia pela regi\u00e3o, muitas vezes \u00e0 noite, sem incomodar ningu\u00e9m.<\/p>\n\n\n\n<p>A Negra da Noite era uma pessoa bondosa, servi\u00e7al nos afazeres dom\u00e9sticos para os moradores da regi\u00e3o, tamb\u00e9m benzedeira, parteira, conselheira e que curava atrav\u00e9s de rem\u00e9dios caseiros.<\/p>\n\n\n\n<p>Comenta-se que, no in\u00edcio da Revolu\u00e7\u00e3o Farroupilha, Guerra Civil de 1835, apareceram quatro rapazes que fugiram da Guerra e tiveram na Negra prote\u00e7\u00e3o em sua morada, permanecendo ali durante a Revolu\u00e7\u00e3o. Nessa \u00e9poca, dizem que ela tornou-se cozinheira dos rapazes, sendo amiga, m\u00e3e e protetora.<\/p>\n\n\n\n<p>De repente, os rapazes desapareceram sem que ningu\u00e9m mais os visse ou soubesse o que teria acontecido com eles, ficando apenas a Negra sozinha em seu rancho.<\/p>\n\n\n\n<p>Tempos depois do desaparecimento dos mesmos, ela foi encontrada morta, enforcada em uma \u00e1rvore perto de seu rancho.<\/p>\n\n\n\n<p>Diante disso, afirmam certas pessoas que ela enforcou-se devido \u00e0 solid\u00e3o. Outros dizem ter sido enforcada em culpa do desaparecimento dos rapazes.<\/p>\n\n\n\n<p>Seu t\u00famulo encontra-se em Campo de Sobradinho, na volta de um corredor \u00e0 beira da estrada, cuidado pelos andantes que ali passam e pelos seus muitos devotos, que comparecem at\u00e9 hoje e principalmente em dia de finados, a fim de rezar, pedir uma gra\u00e7a, fazer promessas ou depositar suas oferendas, como penhor da gra\u00e7a alcan\u00e7ada.<\/p>\n\n\n\n<p>A devo\u00e7\u00e3o come\u00e7ou atrav\u00e9s da fam\u00edlia Ramos Batista que rezava o ter\u00e7o com os vizinhos, sobre a sepultura, e pediam gra\u00e7as sendo sempre alcan\u00e7adas. Assim espalhou-se a lenda e a devo\u00e7\u00e3o das outras fam\u00edlias e que foi sendo transmitida, tornando-se uma cren\u00e7a popular.<\/p>\n\n\n\n<p>As pessoas realmente acreditam que a Negra da Noite seja milagrosa, mesmo sem conhecerem, muitas vezes, a sua hist\u00f3ria. Sua cren\u00e7a \u00e9 viva e praticada.<\/p>\n\n\n\n<p>A maioria dos pedidos feitos se prendem a problemas de doen\u00e7as, problemas familiares, trabalho, de amor e situa\u00e7\u00e3o financeira.<\/p>\n\n\n\n<p>As promessas s\u00e3o pagas de diversas formas: com velas, com flores, ora\u00e7\u00f5es, ter\u00e7os, coroas, dinheiro, frutas, doces, bebidas, pintura do t\u00famulo ou da ermida. A grande maioria n\u00e3o revela o seu pagamento pela gra\u00e7a alcan\u00e7ada.<\/p>\n\n\n\n<p>A visita\u00e7\u00e3o \u00e0 sepultura continua com fervor, daqueles que nele, acreditam animados pela f\u00e9 que realiza milagres.<\/p>\n\n\n\n<p>Autor: Derli R\u00e9gis Carniel<\/p>\n\n\n\n<p>Fonte Sobradinho construindo sua hist\u00f3ria, Lizandro de Lima Rocha, Rosemari Heringer, Sara Wachholz, Sobradinho 1\u00b0 ed. Centro Serra, 2015, p\u00e1g.:125<\/p>\n\n\n\n<p><\/p>\n\n\n\n<p><\/p>\n\n\n\n<p><\/p>\n\n\n\n<h2 class=\"wp-block-heading\"><strong>MUSICANTO<\/strong> <strong>E A NEGRA DA NOITE<\/strong><\/h2>\n\n\n\n\n\n<p>A lenda da Negra da Noite foi homenageada, atrav\u00e9s da composi\u00e7\u00e3o de uma m\u00fasica, no MUSICANTO 2002 &#8211; 18\u00ba Festival Sul-Americano de Nativismo, ocorrido em novembro de 2002, na cidade de Santa Rosa, RS. Na oportunidade, a &#8220;Negra da Noite&#8221;, m\u00fasica de Sadi Ribeiro com a letra de Edio Giacomeelli e ritmo de Rasquido Doble, foi interpretada pela voz da cantora Maria Luiza Benites.<\/p>\n\n\n\n<p><strong>&#8220;NEGRA DA NOITE&#8221;<\/strong><\/p>\n\n\n\n<p><strong>Letra:<\/strong> Edio Giacomelli<\/p>\n\n\n\n<p><strong>M\u00fasica:<\/strong> Sadi Ribeiro<\/p>\n\n\n\n<p><strong>&nbsp;Ritmo:<\/strong> Rasguido Doble&nbsp;&nbsp;&nbsp;&nbsp;&nbsp;&nbsp;&nbsp;&nbsp;&nbsp;&nbsp;&nbsp;&nbsp;&nbsp;&nbsp; <strong>Origem:<\/strong> Santa Rosa e Alecrim RS<\/p>\n\n\n\n<p><\/p>\n\n\n\n<p>Campeando lonjuras por sobre as coxilhas,<\/p>\n\n\n\n<p>De vestes surradas, cabelos de geada<em>.<\/em><\/p>\n\n\n\n<p>Pisando descal\u00e7o, agudas flexilhas,<\/p>\n\n\n\n<p>Vagueava sozinha na noite estrelada.<\/p>\n\n\n\n<p>O negro das sombras guardava os segredos,<\/p>\n\n\n\n<p>At\u00e9 mesmo escondido, da luz do luar;<\/p>\n\n\n\n<p>Criando mist\u00e9rios, ang\u00fastias e medos,<\/p>\n\n\n\n<p>Que o tempo parece esqueceu de explicar.<\/p>\n\n\n\n<p><em>Senhora da noite, que andava mansinho,<\/em><\/p>\n\n\n\n<p><em>Por muitos caminhos, h\u00e1 tempos atr\u00e1s.<\/em><\/p>\n\n\n\n<p><em>Se, tinha motivo pra dar seu carinho,<\/em><\/p>\n\n\n\n<p><em>Espero que encontres tamb\u00e9m sua paz.<\/em><\/p>\n\n\n\n<p>Um dia partiste, sem dar despedidas,<\/p>\n\n\n\n<p>Deixando ao vento o aceno do adeus,<\/p>\n\n\n\n<p>&nbsp;Levando consigo, pra al\u00e9m dessa vida,<\/p>\n\n\n\n<p>A alma bondosa que a Irm\u00e3os acolheu.<\/p>\n\n\n\n<p>Se hoje te buscam, na \u00e2nsia das preces,<\/p>\n\n\n\n<p>&nbsp;Romeiros aflitos cansados dor.<\/p>\n\n\n\n<p>V\u00eaem no c\u00e9u &#8211; na bruma que desce,<\/p>\n\n\n\n<p>&nbsp;seu manto de alento, de ternura e de amor!<\/p>\n\n\n\n<p><em>Senhora da noite, que andava mansinho,<\/em><\/p>\n\n\n\n<p><em>&nbsp;Por muitos caminhos, h\u00e1 tempos atr\u00e1s.<\/em><\/p>\n\n\n\n<p><em>Se, tinha motivos pra dar seu carinho,<\/em><\/p>\n\n\n\n<p><em>&nbsp;Espero que encontres tamb\u00e9m sua paz.<\/em><\/p>\n\n\n\n<p>Senhora da noite, uma vela pra ti,<\/p>\n\n\n\n<p>&nbsp;Pequeno luzeiro das noites sem fim.<\/p>\n\n\n\n<p>Procuro a f\u00e9 que h\u00e1 muito perdi,<\/p>\n\n\n\n<p>E os sonhos da inf\u00e2ncia que havia em mim.<\/p>\n","protected":false},"excerpt":{"rendered":"<p>O &#8220;T\u00famulo da Negra da Noite&#8221; encontra-se em Campo de Sobradinho, a 8 km da cidade de Passa Sete, na volta de um corredor \u00e0 beira<span class=\"excerpt-hellip\"> [\u2026]<\/span><\/p>\n","protected":false},"author":3,"featured_media":0,"parent":0,"menu_order":0,"comment_status":"closed","ping_status":"closed","template":"","meta":{"footnotes":""},"class_list":["post-3161","page","type-page","status-publish","hentry"],"_links":{"self":[{"href":"http:\/\/passasete.rs.gov.br\/portal\/wp-json\/wp\/v2\/pages\/3161","targetHints":{"allow":["GET"]}}],"collection":[{"href":"http:\/\/passasete.rs.gov.br\/portal\/wp-json\/wp\/v2\/pages"}],"about":[{"href":"http:\/\/passasete.rs.gov.br\/portal\/wp-json\/wp\/v2\/types\/page"}],"author":[{"embeddable":true,"href":"http:\/\/passasete.rs.gov.br\/portal\/wp-json\/wp\/v2\/users\/3"}],"replies":[{"embeddable":true,"href":"http:\/\/passasete.rs.gov.br\/portal\/wp-json\/wp\/v2\/comments?post=3161"}],"version-history":[{"count":6,"href":"http:\/\/passasete.rs.gov.br\/portal\/wp-json\/wp\/v2\/pages\/3161\/revisions"}],"predecessor-version":[{"id":3175,"href":"http:\/\/passasete.rs.gov.br\/portal\/wp-json\/wp\/v2\/pages\/3161\/revisions\/3175"}],"wp:attachment":[{"href":"http:\/\/passasete.rs.gov.br\/portal\/wp-json\/wp\/v2\/media?parent=3161"}],"curies":[{"name":"wp","href":"https:\/\/api.w.org\/{rel}","templated":true}]}}