{"id":3182,"date":"2020-06-30T15:04:55","date_gmt":"2020-06-30T18:04:55","guid":{"rendered":"http:\/\/passasete.rs.gov.br\/portal\/?page_id=3182"},"modified":"2020-06-30T15:04:56","modified_gmt":"2020-06-30T18:04:56","slug":"pesque-e-pague","status":"publish","type":"page","link":"http:\/\/passasete.rs.gov.br\/portal\/pesque-e-pague\/","title":{"rendered":"Pesque e Pague"},"content":{"rendered":"\n<p>Depois de muito trabalho e dedica\u00e7\u00e3o, no ano de 2003 o sonho da fam\u00edlia Dallemole tornou-se realidade. Situado pr\u00f3ximo ao centro da cidade de Passa Sete, no Km 35, da ERS-400, o <strong><u>PESQUE E PAGUE \u201cPEGA PEIXE\u201d,<\/u><\/strong> surgiu como uma op\u00e7\u00e3o atrativa destinada para a pesca, lazer e confraterniza\u00e7\u00e3o aos pescadores, familiares e amigos. Trata-se de um ambiente de absoluta descontra\u00e7\u00e3o e renova\u00e7\u00e3o em meio a uma vegeta\u00e7\u00e3o rica, ao ar puro e aroma silvestre, trazendo paz e tranquilidade para relaxar. O local ainda oferece A\u00e7ude com 7 tanques para pescaria onde predominam as esp\u00e9cies de carpas: Capim H\u00fangara, Prateada e Cabe\u00e7a Grande, entre outros peixes. Tamb\u00e9m conta com bar, mesa de sinuca, campo de futebol, churrasqueiras ao ar livre, cancha de bocha, um diversificado pomar com \u00e1rvores frut\u00edferas, produ\u00e7\u00e3o de hortali\u00e7as e gr\u00e3os, junto a um amplo espa\u00e7o para camping. Destaque\u00a0 para o artesanato rural com base em porongo e v\u00e1rios outros materiais. O hor\u00e1rio de atendimento \u00e9 das 8 horas at\u00e9 meio-dia no turno da manh\u00e3 e das 13 horas e 30 minutos at\u00e9 17 horas, no per\u00edodo da tarde.<\/p>\n\n\n\n<figure class=\"wp-block-image size-large\"><img fetchpriority=\"high\" decoding=\"async\" width=\"768\" height=\"1024\" src=\"http:\/\/passasete.rs.gov.br\/portal\/wp-content\/uploads\/2020\/06\/WhatsApp-Image-2020-06-30-at-14.51.10-768x1024.jpeg\" alt=\"\" class=\"wp-image-3183\" srcset=\"http:\/\/passasete.rs.gov.br\/portal\/wp-content\/uploads\/2020\/06\/WhatsApp-Image-2020-06-30-at-14.51.10-768x1024.jpeg 768w, http:\/\/passasete.rs.gov.br\/portal\/wp-content\/uploads\/2020\/06\/WhatsApp-Image-2020-06-30-at-14.51.10-225x300.jpeg 225w, http:\/\/passasete.rs.gov.br\/portal\/wp-content\/uploads\/2020\/06\/WhatsApp-Image-2020-06-30-at-14.51.10-110x146.jpeg 110w, http:\/\/passasete.rs.gov.br\/portal\/wp-content\/uploads\/2020\/06\/WhatsApp-Image-2020-06-30-at-14.51.10-38x50.jpeg 38w, http:\/\/passasete.rs.gov.br\/portal\/wp-content\/uploads\/2020\/06\/WhatsApp-Image-2020-06-30-at-14.51.10-56x75.jpeg 56w, http:\/\/passasete.rs.gov.br\/portal\/wp-content\/uploads\/2020\/06\/WhatsApp-Image-2020-06-30-at-14.51.10.jpeg 960w\" sizes=\"(max-width: 768px) 100vw, 768px\" \/><\/figure>\n\n\n\n<figure class=\"wp-block-image size-large\"><img decoding=\"async\" width=\"1024\" height=\"768\" src=\"http:\/\/passasete.rs.gov.br\/portal\/wp-content\/uploads\/2020\/06\/WhatsApp-Image-2020-06-30-at-14.58.12-1024x768.jpeg\" alt=\"\" class=\"wp-image-3184\" srcset=\"http:\/\/passasete.rs.gov.br\/portal\/wp-content\/uploads\/2020\/06\/WhatsApp-Image-2020-06-30-at-14.58.12-1024x768.jpeg 1024w, http:\/\/passasete.rs.gov.br\/portal\/wp-content\/uploads\/2020\/06\/WhatsApp-Image-2020-06-30-at-14.58.12-300x225.jpeg 300w, http:\/\/passasete.rs.gov.br\/portal\/wp-content\/uploads\/2020\/06\/WhatsApp-Image-2020-06-30-at-14.58.12-768x576.jpeg 768w, http:\/\/passasete.rs.gov.br\/portal\/wp-content\/uploads\/2020\/06\/WhatsApp-Image-2020-06-30-at-14.58.12-195x146.jpeg 195w, http:\/\/passasete.rs.gov.br\/portal\/wp-content\/uploads\/2020\/06\/WhatsApp-Image-2020-06-30-at-14.58.12-50x38.jpeg 50w, http:\/\/passasete.rs.gov.br\/portal\/wp-content\/uploads\/2020\/06\/WhatsApp-Image-2020-06-30-at-14.58.12-100x75.jpeg 100w, http:\/\/passasete.rs.gov.br\/portal\/wp-content\/uploads\/2020\/06\/WhatsApp-Image-2020-06-30-at-14.58.12.jpeg 1280w\" sizes=\"(max-width: 1024px) 100vw, 1024px\" \/><\/figure>\n\n\n\n<figure class=\"wp-block-image size-large\"><img decoding=\"async\" width=\"1024\" height=\"768\" src=\"http:\/\/passasete.rs.gov.br\/portal\/wp-content\/uploads\/2020\/06\/WhatsApp-Image-2020-06-30-at-15.01.35-1-1024x768.jpeg\" alt=\"\" class=\"wp-image-3185\" srcset=\"http:\/\/passasete.rs.gov.br\/portal\/wp-content\/uploads\/2020\/06\/WhatsApp-Image-2020-06-30-at-15.01.35-1-1024x768.jpeg 1024w, http:\/\/passasete.rs.gov.br\/portal\/wp-content\/uploads\/2020\/06\/WhatsApp-Image-2020-06-30-at-15.01.35-1-300x225.jpeg 300w, http:\/\/passasete.rs.gov.br\/portal\/wp-content\/uploads\/2020\/06\/WhatsApp-Image-2020-06-30-at-15.01.35-1-768x576.jpeg 768w, http:\/\/passasete.rs.gov.br\/portal\/wp-content\/uploads\/2020\/06\/WhatsApp-Image-2020-06-30-at-15.01.35-1-195x146.jpeg 195w, http:\/\/passasete.rs.gov.br\/portal\/wp-content\/uploads\/2020\/06\/WhatsApp-Image-2020-06-30-at-15.01.35-1-50x38.jpeg 50w, http:\/\/passasete.rs.gov.br\/portal\/wp-content\/uploads\/2020\/06\/WhatsApp-Image-2020-06-30-at-15.01.35-1-100x75.jpeg 100w, http:\/\/passasete.rs.gov.br\/portal\/wp-content\/uploads\/2020\/06\/WhatsApp-Image-2020-06-30-at-15.01.35-1.jpeg 1280w\" sizes=\"(max-width: 1024px) 100vw, 1024px\" \/><\/figure>\n\n\n\n<figure class=\"wp-block-image size-large\"><img loading=\"lazy\" decoding=\"async\" width=\"1024\" height=\"768\" src=\"http:\/\/passasete.rs.gov.br\/portal\/wp-content\/uploads\/2020\/06\/WhatsApp-Image-2020-06-30-at-15.01.35-1024x768.jpeg\" alt=\"\" class=\"wp-image-3186\" srcset=\"http:\/\/passasete.rs.gov.br\/portal\/wp-content\/uploads\/2020\/06\/WhatsApp-Image-2020-06-30-at-15.01.35-1024x768.jpeg 1024w, http:\/\/passasete.rs.gov.br\/portal\/wp-content\/uploads\/2020\/06\/WhatsApp-Image-2020-06-30-at-15.01.35-300x225.jpeg 300w, http:\/\/passasete.rs.gov.br\/portal\/wp-content\/uploads\/2020\/06\/WhatsApp-Image-2020-06-30-at-15.01.35-768x576.jpeg 768w, http:\/\/passasete.rs.gov.br\/portal\/wp-content\/uploads\/2020\/06\/WhatsApp-Image-2020-06-30-at-15.01.35-195x146.jpeg 195w, http:\/\/passasete.rs.gov.br\/portal\/wp-content\/uploads\/2020\/06\/WhatsApp-Image-2020-06-30-at-15.01.35-50x38.jpeg 50w, http:\/\/passasete.rs.gov.br\/portal\/wp-content\/uploads\/2020\/06\/WhatsApp-Image-2020-06-30-at-15.01.35-100x75.jpeg 100w, http:\/\/passasete.rs.gov.br\/portal\/wp-content\/uploads\/2020\/06\/WhatsApp-Image-2020-06-30-at-15.01.35.jpeg 1280w\" sizes=\"(max-width: 1024px) 100vw, 1024px\" \/><\/figure>\n","protected":false},"excerpt":{"rendered":"<p>Depois de muito trabalho e dedica\u00e7\u00e3o, no ano de 2003 o sonho da fam\u00edlia Dallemole tornou-se realidade. Situado pr\u00f3ximo ao centro da cidade de Passa Sete,<span class=\"excerpt-hellip\"> [\u2026]<\/span><\/p>\n","protected":false},"author":3,"featured_media":0,"parent":0,"menu_order":0,"comment_status":"closed","ping_status":"closed","template":"","meta":{"footnotes":""},"class_list":["post-3182","page","type-page","status-publish","hentry"],"_links":{"self":[{"href":"http:\/\/passasete.rs.gov.br\/portal\/wp-json\/wp\/v2\/pages\/3182","targetHints":{"allow":["GET"]}}],"collection":[{"href":"http:\/\/passasete.rs.gov.br\/portal\/wp-json\/wp\/v2\/pages"}],"about":[{"href":"http:\/\/passasete.rs.gov.br\/portal\/wp-json\/wp\/v2\/types\/page"}],"author":[{"embeddable":true,"href":"http:\/\/passasete.rs.gov.br\/portal\/wp-json\/wp\/v2\/users\/3"}],"replies":[{"embeddable":true,"href":"http:\/\/passasete.rs.gov.br\/portal\/wp-json\/wp\/v2\/comments?post=3182"}],"version-history":[{"count":1,"href":"http:\/\/passasete.rs.gov.br\/portal\/wp-json\/wp\/v2\/pages\/3182\/revisions"}],"predecessor-version":[{"id":3187,"href":"http:\/\/passasete.rs.gov.br\/portal\/wp-json\/wp\/v2\/pages\/3182\/revisions\/3187"}],"wp:attachment":[{"href":"http:\/\/passasete.rs.gov.br\/portal\/wp-json\/wp\/v2\/media?parent=3182"}],"curies":[{"name":"wp","href":"https:\/\/api.w.org\/{rel}","templated":true}]}}