{"id":3191,"date":"2020-07-05T22:48:35","date_gmt":"2020-07-06T01:48:35","guid":{"rendered":"http:\/\/passasete.rs.gov.br\/portal\/?page_id=3191"},"modified":"2020-07-05T22:48:36","modified_gmt":"2020-07-06T01:48:36","slug":"natal-nos-campos","status":"publish","type":"page","link":"http:\/\/passasete.rs.gov.br\/portal\/natal-nos-campos\/","title":{"rendered":"Natal nos Campos"},"content":{"rendered":"\n<p>O Natal nos Campos de Passa Sete- RS, \u00e9 uma das principais atra\u00e7\u00f5es do munic\u00edpio. Realizado no Parque do Pinh\u00e3o, centro de eventos do munic\u00edpio, onde ocorrem diversas apresenta\u00e7\u00f5es art\u00edsticas ao ar livre, em especial o bel\u00edssimo teatro natalino, interpretado pelos alunos passasetenses. Possui essa denomina\u00e7\u00e3o por ser um evento que acontece nos campos de Passa Sete. Caracteriza-se pelas apresenta\u00e7\u00f5es art\u00edsticas das escolas, grupos de dan\u00e7a, m\u00fasicas natalinas, a tradicional pe\u00e7a teatral de natal, a chegada do Papai Noel e o espetacular \u201cShow de Fogos\u201d. Tudo preparado com muito carinho, proporcionando aos espectadores momentos de sensibiliza\u00e7\u00e3o, reflex\u00e3o e divers\u00e3o.<\/p>\n\n\n\n<p>O espet\u00e1culo tem por objetivo integrar a comunidade e despertar o verdadeiro esp\u00edrito natalino nas pessoas, sempre respeitando a religiosidade e a forma de amar de cada um. Fazer com que as pessoas reflitam, percebendo que o Natal acontece dentro de cada um de n\u00f3s, que ao celebrarmos o nascimento do nosso salvador, deixamos renascer nos cora\u00e7\u00f5es o amor, a paz e a esperan\u00e7a.<\/p>\n\n\n\n<p>O evento \u00e9 organizado pela Secretaria Municipal &nbsp;de Educa\u00e7\u00e3o, Cultura, Turismo, Desporto e Lazer de Passa Sete, com o apoio da Administra\u00e7\u00e3o &nbsp;Municipal e demais Secretarias, bem como, das escolas da rede p\u00fablica do munic\u00edpio. &nbsp;O 1\u00b0 Natal nos Campos foi realizado em 2005, sendo uma iniciativa do Prefeito Municipal de Passa Sete, Bertino Rech e da Secretaria de Educa\u00e7\u00e3o, Cultura, Turismo, Desporto, que na \u00e9poca tinha como coordenadora da pasta, a professora Rosani Bernardy Rech.<\/p>\n\n\n\n<p>Em 2019 foi realizada sua 10\u00b0 Edi\u00e7\u00e3o, com extens\u00e3o da programa\u00e7\u00e3o que contou com a participa\u00e7\u00e3o da Orquestra Jovem do Rio Grande do Sul, apresentando can\u00e7\u00f5es cl\u00e1ssicas e m\u00fasicas populares regionais. Na sequ\u00eancia teve apresenta\u00e7\u00f5es natalinas com a valoriza\u00e7\u00e3o dos talentos locais. Tamb\u00e9m aconteceram apresenta\u00e7\u00f5es art\u00edsticas escolares, da Banda Marcial do munic\u00edpio e da pe\u00e7a teatral realizada pela escola Jos\u00e9 Rech de Pitingal. Ao final da pe\u00e7a teve a chegada do \u00f4nibus iluminado trazendo o Papai Noel para fazer a entrega dos presentes para as crian\u00e7as. O Show de Fogos encerrou a noite com chave de ouro.<\/p>\n\n\n\n<figure class=\"wp-block-image size-large is-resized\"><img fetchpriority=\"high\" decoding=\"async\" src=\"http:\/\/passasete.rs.gov.br\/portal\/wp-content\/uploads\/2020\/07\/2.jpg\" alt=\"\" class=\"wp-image-3192\" width=\"586\" height=\"423\" srcset=\"http:\/\/passasete.rs.gov.br\/portal\/wp-content\/uploads\/2020\/07\/2.jpg 400w, http:\/\/passasete.rs.gov.br\/portal\/wp-content\/uploads\/2020\/07\/2-300x217.jpg 300w, http:\/\/passasete.rs.gov.br\/portal\/wp-content\/uploads\/2020\/07\/2-202x146.jpg 202w, http:\/\/passasete.rs.gov.br\/portal\/wp-content\/uploads\/2020\/07\/2-50x36.jpg 50w, http:\/\/passasete.rs.gov.br\/portal\/wp-content\/uploads\/2020\/07\/2-104x75.jpg 104w\" sizes=\"(max-width: 586px) 100vw, 586px\" \/><\/figure>\n\n\n\n<figure class=\"wp-block-image size-large\"><img decoding=\"async\" width=\"1024\" height=\"723\" src=\"http:\/\/passasete.rs.gov.br\/portal\/wp-content\/uploads\/2020\/07\/1-1024x723.jpg\" alt=\"\" class=\"wp-image-3193\" srcset=\"http:\/\/passasete.rs.gov.br\/portal\/wp-content\/uploads\/2020\/07\/1-1024x723.jpg 1024w, http:\/\/passasete.rs.gov.br\/portal\/wp-content\/uploads\/2020\/07\/1-300x212.jpg 300w, http:\/\/passasete.rs.gov.br\/portal\/wp-content\/uploads\/2020\/07\/1-768x542.jpg 768w, http:\/\/passasete.rs.gov.br\/portal\/wp-content\/uploads\/2020\/07\/1-207x146.jpg 207w, http:\/\/passasete.rs.gov.br\/portal\/wp-content\/uploads\/2020\/07\/1-50x35.jpg 50w, http:\/\/passasete.rs.gov.br\/portal\/wp-content\/uploads\/2020\/07\/1-106x75.jpg 106w, http:\/\/passasete.rs.gov.br\/portal\/wp-content\/uploads\/2020\/07\/1.jpg 1344w\" sizes=\"(max-width: 1024px) 100vw, 1024px\" \/><\/figure>\n\n\n\n<figure class=\"wp-block-image size-large\"><img decoding=\"async\" width=\"750\" height=\"500\" src=\"http:\/\/passasete.rs.gov.br\/portal\/wp-content\/uploads\/2020\/07\/5.jpg\" alt=\"\" class=\"wp-image-3194\" srcset=\"http:\/\/passasete.rs.gov.br\/portal\/wp-content\/uploads\/2020\/07\/5.jpg 750w, http:\/\/passasete.rs.gov.br\/portal\/wp-content\/uploads\/2020\/07\/5-300x200.jpg 300w, http:\/\/passasete.rs.gov.br\/portal\/wp-content\/uploads\/2020\/07\/5-219x146.jpg 219w, http:\/\/passasete.rs.gov.br\/portal\/wp-content\/uploads\/2020\/07\/5-50x33.jpg 50w, http:\/\/passasete.rs.gov.br\/portal\/wp-content\/uploads\/2020\/07\/5-113x75.jpg 113w\" sizes=\"(max-width: 750px) 100vw, 750px\" \/><\/figure>\n\n\n\n<figure class=\"wp-block-image size-large\"><img loading=\"lazy\" decoding=\"async\" width=\"1024\" height=\"683\" src=\"http:\/\/passasete.rs.gov.br\/portal\/wp-content\/uploads\/2020\/07\/6-1024x683.jpg\" alt=\"\" class=\"wp-image-3195\" srcset=\"http:\/\/passasete.rs.gov.br\/portal\/wp-content\/uploads\/2020\/07\/6-1024x683.jpg 1024w, http:\/\/passasete.rs.gov.br\/portal\/wp-content\/uploads\/2020\/07\/6-300x200.jpg 300w, http:\/\/passasete.rs.gov.br\/portal\/wp-content\/uploads\/2020\/07\/6-768x512.jpg 768w, http:\/\/passasete.rs.gov.br\/portal\/wp-content\/uploads\/2020\/07\/6-219x146.jpg 219w, http:\/\/passasete.rs.gov.br\/portal\/wp-content\/uploads\/2020\/07\/6-50x33.jpg 50w, http:\/\/passasete.rs.gov.br\/portal\/wp-content\/uploads\/2020\/07\/6-112x75.jpg 112w, http:\/\/passasete.rs.gov.br\/portal\/wp-content\/uploads\/2020\/07\/6.jpg 1300w\" sizes=\"(max-width: 1024px) 100vw, 1024px\" \/><\/figure>\n\n\n\n<figure class=\"wp-block-image size-large\"><img loading=\"lazy\" decoding=\"async\" width=\"1024\" height=\"652\" src=\"http:\/\/passasete.rs.gov.br\/portal\/wp-content\/uploads\/2020\/07\/Orquestra-1024x652.jpg\" alt=\"\" class=\"wp-image-3196\" srcset=\"http:\/\/passasete.rs.gov.br\/portal\/wp-content\/uploads\/2020\/07\/Orquestra-1024x652.jpg 1024w, http:\/\/passasete.rs.gov.br\/portal\/wp-content\/uploads\/2020\/07\/Orquestra-300x191.jpg 300w, http:\/\/passasete.rs.gov.br\/portal\/wp-content\/uploads\/2020\/07\/Orquestra-768x489.jpg 768w, http:\/\/passasete.rs.gov.br\/portal\/wp-content\/uploads\/2020\/07\/Orquestra-229x146.jpg 229w, http:\/\/passasete.rs.gov.br\/portal\/wp-content\/uploads\/2020\/07\/Orquestra-50x32.jpg 50w, http:\/\/passasete.rs.gov.br\/portal\/wp-content\/uploads\/2020\/07\/Orquestra-118x75.jpg 118w, http:\/\/passasete.rs.gov.br\/portal\/wp-content\/uploads\/2020\/07\/Orquestra.jpg 1298w\" sizes=\"(max-width: 1024px) 100vw, 1024px\" \/><\/figure>\n\n\n\n<figure class=\"wp-block-image size-large\"><img loading=\"lazy\" decoding=\"async\" width=\"1024\" height=\"683\" src=\"http:\/\/passasete.rs.gov.br\/portal\/wp-content\/uploads\/2020\/07\/4-1024x683.jpg\" alt=\"\" class=\"wp-image-3197\" srcset=\"http:\/\/passasete.rs.gov.br\/portal\/wp-content\/uploads\/2020\/07\/4-1024x683.jpg 1024w, http:\/\/passasete.rs.gov.br\/portal\/wp-content\/uploads\/2020\/07\/4-300x200.jpg 300w, http:\/\/passasete.rs.gov.br\/portal\/wp-content\/uploads\/2020\/07\/4-768x512.jpg 768w, http:\/\/passasete.rs.gov.br\/portal\/wp-content\/uploads\/2020\/07\/4-219x146.jpg 219w, http:\/\/passasete.rs.gov.br\/portal\/wp-content\/uploads\/2020\/07\/4-50x33.jpg 50w, http:\/\/passasete.rs.gov.br\/portal\/wp-content\/uploads\/2020\/07\/4-112x75.jpg 112w, http:\/\/passasete.rs.gov.br\/portal\/wp-content\/uploads\/2020\/07\/4.jpg 1300w\" sizes=\"(max-width: 1024px) 100vw, 1024px\" \/><\/figure>\n\n\n\n<figure class=\"wp-block-image size-large\"><img loading=\"lazy\" decoding=\"async\" width=\"750\" height=\"500\" src=\"http:\/\/passasete.rs.gov.br\/portal\/wp-content\/uploads\/2020\/07\/3.jpg\" alt=\"\" class=\"wp-image-3198\" srcset=\"http:\/\/passasete.rs.gov.br\/portal\/wp-content\/uploads\/2020\/07\/3.jpg 750w, http:\/\/passasete.rs.gov.br\/portal\/wp-content\/uploads\/2020\/07\/3-300x200.jpg 300w, http:\/\/passasete.rs.gov.br\/portal\/wp-content\/uploads\/2020\/07\/3-219x146.jpg 219w, http:\/\/passasete.rs.gov.br\/portal\/wp-content\/uploads\/2020\/07\/3-50x33.jpg 50w, http:\/\/passasete.rs.gov.br\/portal\/wp-content\/uploads\/2020\/07\/3-113x75.jpg 113w\" sizes=\"(max-width: 750px) 100vw, 750px\" \/><\/figure>\n","protected":false},"excerpt":{"rendered":"<p>O Natal nos Campos de Passa Sete- RS, \u00e9 uma das principais atra\u00e7\u00f5es do munic\u00edpio. Realizado no Parque do Pinh\u00e3o, centro de eventos do munic\u00edpio, onde<span class=\"excerpt-hellip\"> [\u2026]<\/span><\/p>\n","protected":false},"author":3,"featured_media":0,"parent":0,"menu_order":0,"comment_status":"closed","ping_status":"closed","template":"","meta":{"footnotes":""},"class_list":["post-3191","page","type-page","status-publish","hentry"],"_links":{"self":[{"href":"http:\/\/passasete.rs.gov.br\/portal\/wp-json\/wp\/v2\/pages\/3191","targetHints":{"allow":["GET"]}}],"collection":[{"href":"http:\/\/passasete.rs.gov.br\/portal\/wp-json\/wp\/v2\/pages"}],"about":[{"href":"http:\/\/passasete.rs.gov.br\/portal\/wp-json\/wp\/v2\/types\/page"}],"author":[{"embeddable":true,"href":"http:\/\/passasete.rs.gov.br\/portal\/wp-json\/wp\/v2\/users\/3"}],"replies":[{"embeddable":true,"href":"http:\/\/passasete.rs.gov.br\/portal\/wp-json\/wp\/v2\/comments?post=3191"}],"version-history":[{"count":1,"href":"http:\/\/passasete.rs.gov.br\/portal\/wp-json\/wp\/v2\/pages\/3191\/revisions"}],"predecessor-version":[{"id":3199,"href":"http:\/\/passasete.rs.gov.br\/portal\/wp-json\/wp\/v2\/pages\/3191\/revisions\/3199"}],"wp:attachment":[{"href":"http:\/\/passasete.rs.gov.br\/portal\/wp-json\/wp\/v2\/media?parent=3191"}],"curies":[{"name":"wp","href":"https:\/\/api.w.org\/{rel}","templated":true}]}}