{"id":3206,"date":"2020-08-04T21:37:19","date_gmt":"2020-08-05T00:37:19","guid":{"rendered":"http:\/\/passasete.rs.gov.br\/portal\/?page_id=3206"},"modified":"2020-08-04T21:37:20","modified_gmt":"2020-08-05T00:37:20","slug":"festa-do-divino-espirito-santo","status":"publish","type":"page","link":"http:\/\/passasete.rs.gov.br\/portal\/festa-do-divino-espirito-santo\/","title":{"rendered":"Festa do Divino Esp\u00edrito Santo"},"content":{"rendered":"\n<p>A hist\u00f3ria de f\u00e9 da Comunidade do Divino Esp\u00edrito Santo, tem in\u00edcio no ano de 1915, quando o Senhor Bernardo Macedo buscou em Sinimbu uma imagem do Divino, fazendo assim de seu lar um lugar de devo\u00e7\u00e3o e de ora\u00e7\u00e3o, em que as pessoas podiam fazer seus pedidos e agradecimentos, tendo in\u00edcio a comunidade e a devo\u00e7\u00e3o que foi se cultivando e se passando de gera\u00e7\u00e3o em gera\u00e7\u00e3o.<\/p>\n\n\n\n<p>No ano de 1950 se levantou a primeira capela de madeira, constru\u00edda com muita dificuldade e f\u00e9. Neste local tamb\u00e9m foi dado por muitos anos aula, tendo como primeira catequista e professora a senhora Lurdes Turcatto, neta do Senhor Bernardo Macedo. A capela erguida em honra do Divino Esp\u00edrito Santo foi surpreendida por um temporal que a arrancou do local, sendo reerguida novamente pelos devotos do Divino.<\/p>\n\n\n\n<p>No ano seguinte a comunidade recebeu a visita do bispo diocesano de Santa Maria, na \u00e9poca, Dom Ant\u00f4nio Reis, sendo acompanhado pelos padres: Luiz Hoffmann e Beno Reis. Nesta celebra\u00e7\u00e3o foram realizadas 325 crismas e 24 batizados, esse grande n\u00famero se dava pelo fato do bispo demorar para vir novamente. E neste mesmo ano, no m\u00eas de maio houve uma prociss\u00e3o, missa e festa em honra ao padroeiro da pequena comunidade.<\/p>\n\n\n\n<p>No ano de 1955 houve uma reforma na capela de madeira, com aux\u00edlio do Padre Jo\u00e3o Pasa, como padrinhos da reforma da capela: Ademar Gentil dos Santos e Adelina Rodrigues de Souza. Nesse ano tamb\u00e9m foi comprado o sino, por interm\u00e9dio de Jos\u00e9 Miguel Sanmartim que trouxe de Porto Alegre.<\/p>\n\n\n\n<p>Ainda no mesmo ano, foi considerado um marco na hist\u00f3ria, pois com o dinheiro que os devotos iam doando, Bernardo Macedo e sua esposa Fermiana Fernando, compraram para capela a imagem do Divino Esp\u00edrito Santo que est\u00e1 atualmente na capela. Os padrinhos da imagem s\u00e3o: Jos\u00e9 Ant\u00f4nio de Souza e Lurdes Turcatto, eleitos por meio de um leil\u00e3o.<\/p>\n\n\n\n<p>No ano de 1958 foi feito de madeira (n\u00f3 de pinho), uma pombinha para ir visitar as casas, aben\u00e7oando e fazendo uma coleta para comunidade. Como pioneiros das visitas da bandeira, foram: Pedro Francisco Candinho, Jo\u00e3o Garcia e Dodo Meireles. Ambos acompanhavam a bandeira e iam cantando os cantos tradicionais do Divino.<\/p>\n\n\n\n<p>No ano de 1964 durante as miss\u00f5es que houve na comunidade, Padre Jo\u00e3o Pasa fez uma elei\u00e7\u00e3o para decidir onde iria ficar a capela, pois alguns queriam que ficasse no local de funda\u00e7\u00e3o nas terras de Bernardo Macedo e outros que fosse constru\u00edda ao lado do cemit\u00e9rio. Depois de uma elei\u00e7\u00e3o, come\u00e7aram a constru\u00e7\u00e3o, localizada ao lado do cemit\u00e9rio da comunidade e continua at\u00e9 hoje.<\/p>\n\n\n\n<p>No ano de 1966 foi anunciado que o Divino Esp\u00edrito Santo teria dois casais de festeiros que organizariam a festa, foram eles: Alberto Miguel Cremonese e Maria No\u00eamia Cremonese, Alfredo Gon\u00e7alves Trindade e Carmem Lisboa Trindade.<\/p>\n\n\n\n<p>No ano de 1986, aconteceu a inaugura\u00e7\u00e3o da capela de alvenaria, que foi constru\u00edda com a coopera\u00e7\u00e3o de muitos fi\u00e9is. A planta foi elaborada por Albino Puntel hoje padre Palotino, pois seu irm\u00e3o, Luiz Puntel era o coordenador da comunidade e das obras da nova capela.<\/p>\n\n\n\n<p>A capela com o passar do tempo teve algumas reformas, como: no telhado, teto, piso e pintura. No ano de 2013 houve a reforma interna, sendo colocado um conjunto de Cruz, pilares, sacr\u00e1rio, altar e amb\u00e3o de m\u00e1rmore, tirando o conjunto do altar mor. No mesmo ano foi erguido na frente da capela um monumento em honra do Divino Esp\u00edrito Santo, para os fi\u00e9is fazerem suas ora\u00e7\u00f5es e acenderem velas.<\/p>\n\n\n\n<p>No m\u00eas de fevereiro a bandeira e o tambor (s\u00edmbolos e sinais que norteiam a proximidade da festa), s\u00e3o enviados em visita as casas (mais de 300 lares). Pelas comunidades vizinhas, por meio de volunt\u00e1rios que ao se aproximar da casa tocam o tambor anunciando que a bandeira est\u00e1 chegando, e assim toda fam\u00edlia se re\u00fane em torno do Divino fazendo suas ora\u00e7\u00f5es, dando suas ofertas e pagando suas promessas.<\/p>\n\n\n\n<p>No m\u00eas de maio toda comunidade entra no clima da festa, bandeiras s\u00e3o hasteadas nas casas, a capela \u00e9 decorada, e durante nove noites s\u00e3o realizadas as tradicionais novenas. Cada noite tem um padre que vem celebrar a eucaristia, sempre meditando um tema e preparando os fi\u00e9is para a grande festa.<\/p>\n\n\n\n<p>A festa ocorre no terceiro domingo de maio, considerado o maior evento religioso do munic\u00edpio de Passa Sete e tamb\u00e9m da Par\u00f3quia S\u00e3o Marcos de Segredo, reunindo mais de mil pessoas durante todo o dia de festividade. A programa\u00e7\u00e3o sempre come\u00e7a com a alvorada festiva, a tradicional cavalgada em que reuni grandes n\u00fameros de cavaleiros de toda regi\u00e3o centro serra, a Santa Missa e almo\u00e7o, acontecem \u00e0 tarde, destinada aos batizados de pessoas que tem promessas, tamb\u00e9m \u00e9 feita a ben\u00e7\u00e3o da sa\u00fade concluindo as festividades com a reuni\u00e3o dan\u00e7ante.<\/p>\n\n\n\n<hr class=\"wp-block-separator\"\/>\n\n\n\n<p><a href=\"#_ftnref1\">[1]<\/a>Fonte: Vanuti Cremonese &#8211;  Seminarista da Diocese de Cachoeira do Sul, acad\u00eamico do curso de Teologia da Faculdade Palotina-FAPAS de Santa Maria- RS, e natural desta comunidade. E-MAIL: vanuticremonese16@gmail.com<\/p>\n\n\n\n<figure class=\"wp-block-image size-large\"><img fetchpriority=\"high\" decoding=\"async\" width=\"960\" height=\"720\" src=\"http:\/\/passasete.rs.gov.br\/portal\/wp-content\/uploads\/2020\/08\/Divino-Esp\u00edrito-Santo.jpeg\" alt=\"\" class=\"wp-image-3207\" srcset=\"http:\/\/passasete.rs.gov.br\/portal\/wp-content\/uploads\/2020\/08\/Divino-Esp\u00edrito-Santo.jpeg 960w, http:\/\/passasete.rs.gov.br\/portal\/wp-content\/uploads\/2020\/08\/Divino-Esp\u00edrito-Santo-300x225.jpeg 300w, http:\/\/passasete.rs.gov.br\/portal\/wp-content\/uploads\/2020\/08\/Divino-Esp\u00edrito-Santo-768x576.jpeg 768w, http:\/\/passasete.rs.gov.br\/portal\/wp-content\/uploads\/2020\/08\/Divino-Esp\u00edrito-Santo-195x146.jpeg 195w, http:\/\/passasete.rs.gov.br\/portal\/wp-content\/uploads\/2020\/08\/Divino-Esp\u00edrito-Santo-50x38.jpeg 50w, http:\/\/passasete.rs.gov.br\/portal\/wp-content\/uploads\/2020\/08\/Divino-Esp\u00edrito-Santo-100x75.jpeg 100w\" sizes=\"(max-width: 960px) 100vw, 960px\" \/><\/figure>\n\n\n\n<figure class=\"wp-block-image size-large\"><img decoding=\"async\" width=\"647\" height=\"585\" src=\"http:\/\/passasete.rs.gov.br\/portal\/wp-content\/uploads\/2020\/08\/Capela.jpg\" alt=\"\" class=\"wp-image-3208\" srcset=\"http:\/\/passasete.rs.gov.br\/portal\/wp-content\/uploads\/2020\/08\/Capela.jpg 647w, http:\/\/passasete.rs.gov.br\/portal\/wp-content\/uploads\/2020\/08\/Capela-300x271.jpg 300w, http:\/\/passasete.rs.gov.br\/portal\/wp-content\/uploads\/2020\/08\/Capela-161x146.jpg 161w, http:\/\/passasete.rs.gov.br\/portal\/wp-content\/uploads\/2020\/08\/Capela-50x45.jpg 50w, http:\/\/passasete.rs.gov.br\/portal\/wp-content\/uploads\/2020\/08\/Capela-83x75.jpg 83w\" sizes=\"(max-width: 647px) 100vw, 647px\" \/><\/figure>\n\n\n\n<figure class=\"wp-block-image size-large\"><img decoding=\"async\" width=\"1024\" height=\"574\" src=\"http:\/\/passasete.rs.gov.br\/portal\/wp-content\/uploads\/2020\/08\/Divino-1024x574.jpg\" alt=\"\" class=\"wp-image-3209\" srcset=\"http:\/\/passasete.rs.gov.br\/portal\/wp-content\/uploads\/2020\/08\/Divino-1024x574.jpg 1024w, http:\/\/passasete.rs.gov.br\/portal\/wp-content\/uploads\/2020\/08\/Divino-300x168.jpg 300w, http:\/\/passasete.rs.gov.br\/portal\/wp-content\/uploads\/2020\/08\/Divino-768x431.jpg 768w, http:\/\/passasete.rs.gov.br\/portal\/wp-content\/uploads\/2020\/08\/Divino-260x146.jpg 260w, http:\/\/passasete.rs.gov.br\/portal\/wp-content\/uploads\/2020\/08\/Divino-50x28.jpg 50w, http:\/\/passasete.rs.gov.br\/portal\/wp-content\/uploads\/2020\/08\/Divino-134x75.jpg 134w, http:\/\/passasete.rs.gov.br\/portal\/wp-content\/uploads\/2020\/08\/Divino.jpg 1280w\" sizes=\"(max-width: 1024px) 100vw, 1024px\" \/><\/figure>\n\n\n","protected":false},"excerpt":{"rendered":"<p>A hist\u00f3ria de f\u00e9 da Comunidade do Divino Esp\u00edrito Santo, tem in\u00edcio no ano de 1915, quando o Senhor Bernardo Macedo buscou em Sinimbu uma imagem<span class=\"excerpt-hellip\"> [\u2026]<\/span><\/p>\n","protected":false},"author":3,"featured_media":0,"parent":0,"menu_order":0,"comment_status":"closed","ping_status":"closed","template":"","meta":{"footnotes":""},"class_list":["post-3206","page","type-page","status-publish","hentry"],"_links":{"self":[{"href":"http:\/\/passasete.rs.gov.br\/portal\/wp-json\/wp\/v2\/pages\/3206","targetHints":{"allow":["GET"]}}],"collection":[{"href":"http:\/\/passasete.rs.gov.br\/portal\/wp-json\/wp\/v2\/pages"}],"about":[{"href":"http:\/\/passasete.rs.gov.br\/portal\/wp-json\/wp\/v2\/types\/page"}],"author":[{"embeddable":true,"href":"http:\/\/passasete.rs.gov.br\/portal\/wp-json\/wp\/v2\/users\/3"}],"replies":[{"embeddable":true,"href":"http:\/\/passasete.rs.gov.br\/portal\/wp-json\/wp\/v2\/comments?post=3206"}],"version-history":[{"count":1,"href":"http:\/\/passasete.rs.gov.br\/portal\/wp-json\/wp\/v2\/pages\/3206\/revisions"}],"predecessor-version":[{"id":3210,"href":"http:\/\/passasete.rs.gov.br\/portal\/wp-json\/wp\/v2\/pages\/3206\/revisions\/3210"}],"wp:attachment":[{"href":"http:\/\/passasete.rs.gov.br\/portal\/wp-json\/wp\/v2\/media?parent=3206"}],"curies":[{"name":"wp","href":"https:\/\/api.w.org\/{rel}","templated":true}]}}