{"id":3212,"date":"2020-08-04T22:11:05","date_gmt":"2020-08-05T01:11:05","guid":{"rendered":"http:\/\/passasete.rs.gov.br\/portal\/?page_id=3212"},"modified":"2020-08-04T22:11:06","modified_gmt":"2020-08-05T01:11:06","slug":"tres-caldeiras","status":"publish","type":"page","link":"http:\/\/passasete.rs.gov.br\/portal\/tres-caldeiras\/","title":{"rendered":"Tr\u00eas Caldeiras"},"content":{"rendered":"\n<p>Com uma beleza indescrit\u00edvel, TR\u00caS CALDEIRAS tamb\u00e9m \u00e9 uma das atra\u00e7\u00f5es tur\u00edsticas que n\u00e3o pode deixar de ser visitada em Passa Sete. O local abriga tr\u00eas quedas d\u2019 \u00e1gua, que juntas formam um lago de \u00e1guas transparentes prop\u00edcias para banhos. O ponto tur\u00edstico est\u00e1 localizado na comunidade de Lajeado Sobradinho, distante 29 Km da Sede do mun\u00edcipio. \u00c9 de f\u00e1cil acesso e localiza\u00e7\u00e3o e fica aberta durante o ano inteiro, mesmo sendo uma propriedade particular. Para adentrar o espa\u00e7o h\u00e1 cobran\u00e7a de uma taxa de ingresso de valor simb\u00f3lico.<\/p>\n\n\n\n<figure class=\"wp-block-image size-large\"><img fetchpriority=\"high\" decoding=\"async\" width=\"1024\" height=\"578\" src=\"http:\/\/passasete.rs.gov.br\/portal\/wp-content\/uploads\/2020\/08\/Tr\u00eas-Caldeiras-1024x578.jpg\" alt=\"\" class=\"wp-image-3213\" srcset=\"http:\/\/passasete.rs.gov.br\/portal\/wp-content\/uploads\/2020\/08\/Tr\u00eas-Caldeiras-1024x578.jpg 1024w, http:\/\/passasete.rs.gov.br\/portal\/wp-content\/uploads\/2020\/08\/Tr\u00eas-Caldeiras-300x169.jpg 300w, http:\/\/passasete.rs.gov.br\/portal\/wp-content\/uploads\/2020\/08\/Tr\u00eas-Caldeiras-768x433.jpg 768w, http:\/\/passasete.rs.gov.br\/portal\/wp-content\/uploads\/2020\/08\/Tr\u00eas-Caldeiras-260x146.jpg 260w, http:\/\/passasete.rs.gov.br\/portal\/wp-content\/uploads\/2020\/08\/Tr\u00eas-Caldeiras-50x28.jpg 50w, http:\/\/passasete.rs.gov.br\/portal\/wp-content\/uploads\/2020\/08\/Tr\u00eas-Caldeiras-133x75.jpg 133w, http:\/\/passasete.rs.gov.br\/portal\/wp-content\/uploads\/2020\/08\/Tr\u00eas-Caldeiras.jpg 1120w\" sizes=\"(max-width: 1024px) 100vw, 1024px\" \/><\/figure>\n\n\n\n<figure class=\"wp-block-image size-large\"><img decoding=\"async\" width=\"768\" height=\"1024\" src=\"http:\/\/passasete.rs.gov.br\/portal\/wp-content\/uploads\/2020\/08\/Tr\u00eas-Cascatas-768x1024.jpeg\" alt=\"\" class=\"wp-image-3214\" srcset=\"http:\/\/passasete.rs.gov.br\/portal\/wp-content\/uploads\/2020\/08\/Tr\u00eas-Cascatas-768x1024.jpeg 768w, http:\/\/passasete.rs.gov.br\/portal\/wp-content\/uploads\/2020\/08\/Tr\u00eas-Cascatas-225x300.jpeg 225w, http:\/\/passasete.rs.gov.br\/portal\/wp-content\/uploads\/2020\/08\/Tr\u00eas-Cascatas-110x146.jpeg 110w, http:\/\/passasete.rs.gov.br\/portal\/wp-content\/uploads\/2020\/08\/Tr\u00eas-Cascatas-38x50.jpeg 38w, http:\/\/passasete.rs.gov.br\/portal\/wp-content\/uploads\/2020\/08\/Tr\u00eas-Cascatas-56x75.jpeg 56w, http:\/\/passasete.rs.gov.br\/portal\/wp-content\/uploads\/2020\/08\/Tr\u00eas-Cascatas.jpeg 864w\" sizes=\"(max-width: 768px) 100vw, 768px\" \/><\/figure>\n\n\n\n<figure class=\"wp-block-image size-large\"><img decoding=\"async\" width=\"720\" height=\"960\" src=\"http:\/\/passasete.rs.gov.br\/portal\/wp-content\/uploads\/2020\/08\/79373043_2513272285408645_4912544891214495744_n.jpg\" alt=\"\" class=\"wp-image-3215\" srcset=\"http:\/\/passasete.rs.gov.br\/portal\/wp-content\/uploads\/2020\/08\/79373043_2513272285408645_4912544891214495744_n.jpg 720w, http:\/\/passasete.rs.gov.br\/portal\/wp-content\/uploads\/2020\/08\/79373043_2513272285408645_4912544891214495744_n-225x300.jpg 225w, http:\/\/passasete.rs.gov.br\/portal\/wp-content\/uploads\/2020\/08\/79373043_2513272285408645_4912544891214495744_n-110x146.jpg 110w, http:\/\/passasete.rs.gov.br\/portal\/wp-content\/uploads\/2020\/08\/79373043_2513272285408645_4912544891214495744_n-38x50.jpg 38w, http:\/\/passasete.rs.gov.br\/portal\/wp-content\/uploads\/2020\/08\/79373043_2513272285408645_4912544891214495744_n-56x75.jpg 56w\" sizes=\"(max-width: 720px) 100vw, 720px\" \/><\/figure>\n\n\n\n<figure class=\"wp-block-image size-large\"><img loading=\"lazy\" decoding=\"async\" width=\"720\" height=\"960\" src=\"http:\/\/passasete.rs.gov.br\/portal\/wp-content\/uploads\/2020\/08\/79730035_2513272365408637_481622643137576960_n.jpg\" alt=\"\" class=\"wp-image-3216\" srcset=\"http:\/\/passasete.rs.gov.br\/portal\/wp-content\/uploads\/2020\/08\/79730035_2513272365408637_481622643137576960_n.jpg 720w, http:\/\/passasete.rs.gov.br\/portal\/wp-content\/uploads\/2020\/08\/79730035_2513272365408637_481622643137576960_n-225x300.jpg 225w, http:\/\/passasete.rs.gov.br\/portal\/wp-content\/uploads\/2020\/08\/79730035_2513272365408637_481622643137576960_n-110x146.jpg 110w, http:\/\/passasete.rs.gov.br\/portal\/wp-content\/uploads\/2020\/08\/79730035_2513272365408637_481622643137576960_n-38x50.jpg 38w, http:\/\/passasete.rs.gov.br\/portal\/wp-content\/uploads\/2020\/08\/79730035_2513272365408637_481622643137576960_n-56x75.jpg 56w\" sizes=\"(max-width: 720px) 100vw, 720px\" \/><\/figure>\n\n\n\n<figure class=\"wp-block-image size-large\"><img loading=\"lazy\" decoding=\"async\" width=\"720\" height=\"960\" src=\"http:\/\/passasete.rs.gov.br\/portal\/wp-content\/uploads\/2020\/08\/79847297_2513272132075327_363495116758843392_n.jpg\" alt=\"\" class=\"wp-image-3217\" srcset=\"http:\/\/passasete.rs.gov.br\/portal\/wp-content\/uploads\/2020\/08\/79847297_2513272132075327_363495116758843392_n.jpg 720w, http:\/\/passasete.rs.gov.br\/portal\/wp-content\/uploads\/2020\/08\/79847297_2513272132075327_363495116758843392_n-225x300.jpg 225w, http:\/\/passasete.rs.gov.br\/portal\/wp-content\/uploads\/2020\/08\/79847297_2513272132075327_363495116758843392_n-110x146.jpg 110w, http:\/\/passasete.rs.gov.br\/portal\/wp-content\/uploads\/2020\/08\/79847297_2513272132075327_363495116758843392_n-38x50.jpg 38w, http:\/\/passasete.rs.gov.br\/portal\/wp-content\/uploads\/2020\/08\/79847297_2513272132075327_363495116758843392_n-56x75.jpg 56w\" sizes=\"(max-width: 720px) 100vw, 720px\" \/><\/figure>\n\n\n\n<figure class=\"wp-block-image size-large\"><img loading=\"lazy\" decoding=\"async\" width=\"720\" height=\"960\" src=\"http:\/\/passasete.rs.gov.br\/portal\/wp-content\/uploads\/2020\/08\/80216441_2513272205408653_7993954540481150976_n.jpg\" alt=\"\" class=\"wp-image-3218\" srcset=\"http:\/\/passasete.rs.gov.br\/portal\/wp-content\/uploads\/2020\/08\/80216441_2513272205408653_7993954540481150976_n.jpg 720w, http:\/\/passasete.rs.gov.br\/portal\/wp-content\/uploads\/2020\/08\/80216441_2513272205408653_7993954540481150976_n-225x300.jpg 225w, http:\/\/passasete.rs.gov.br\/portal\/wp-content\/uploads\/2020\/08\/80216441_2513272205408653_7993954540481150976_n-110x146.jpg 110w, http:\/\/passasete.rs.gov.br\/portal\/wp-content\/uploads\/2020\/08\/80216441_2513272205408653_7993954540481150976_n-38x50.jpg 38w, http:\/\/passasete.rs.gov.br\/portal\/wp-content\/uploads\/2020\/08\/80216441_2513272205408653_7993954540481150976_n-56x75.jpg 56w\" sizes=\"(max-width: 720px) 100vw, 720px\" \/><\/figure>\n","protected":false},"excerpt":{"rendered":"<p>Com uma beleza indescrit\u00edvel, TR\u00caS CALDEIRAS tamb\u00e9m \u00e9 uma das atra\u00e7\u00f5es tur\u00edsticas que n\u00e3o pode deixar de ser visitada em Passa Sete. O local abriga tr\u00eas<span class=\"excerpt-hellip\"> [\u2026]<\/span><\/p>\n","protected":false},"author":3,"featured_media":0,"parent":0,"menu_order":0,"comment_status":"closed","ping_status":"closed","template":"","meta":{"footnotes":""},"class_list":["post-3212","page","type-page","status-publish","hentry"],"_links":{"self":[{"href":"http:\/\/passasete.rs.gov.br\/portal\/wp-json\/wp\/v2\/pages\/3212","targetHints":{"allow":["GET"]}}],"collection":[{"href":"http:\/\/passasete.rs.gov.br\/portal\/wp-json\/wp\/v2\/pages"}],"about":[{"href":"http:\/\/passasete.rs.gov.br\/portal\/wp-json\/wp\/v2\/types\/page"}],"author":[{"embeddable":true,"href":"http:\/\/passasete.rs.gov.br\/portal\/wp-json\/wp\/v2\/users\/3"}],"replies":[{"embeddable":true,"href":"http:\/\/passasete.rs.gov.br\/portal\/wp-json\/wp\/v2\/comments?post=3212"}],"version-history":[{"count":1,"href":"http:\/\/passasete.rs.gov.br\/portal\/wp-json\/wp\/v2\/pages\/3212\/revisions"}],"predecessor-version":[{"id":3220,"href":"http:\/\/passasete.rs.gov.br\/portal\/wp-json\/wp\/v2\/pages\/3212\/revisions\/3220"}],"wp:attachment":[{"href":"http:\/\/passasete.rs.gov.br\/portal\/wp-json\/wp\/v2\/media?parent=3212"}],"curies":[{"name":"wp","href":"https:\/\/api.w.org\/{rel}","templated":true}]}}