{"id":3785,"date":"2021-06-07T14:37:03","date_gmt":"2021-06-07T17:37:03","guid":{"rendered":"http:\/\/passasete.rs.gov.br\/portal\/?page_id=3785"},"modified":"2025-07-17T15:39:46","modified_gmt":"2025-07-17T18:39:46","slug":"secretaria-municipal-da-saude","status":"publish","type":"page","link":"http:\/\/passasete.rs.gov.br\/portal\/secretaria-municipal-da-saude\/","title":{"rendered":"Secretaria Municipal da Sa\u00fade"},"content":{"rendered":"<div class=\"wp-block-image\">\n<figure class=\"alignleft size-large is-resized\"><img fetchpriority=\"high\" decoding=\"async\" width=\"774\" height=\"1024\" src=\"http:\/\/passasete.rs.gov.br\/portal\/wp-content\/uploads\/2025\/07\/Milene-774x1024.jpg\" alt=\"\" class=\"wp-image-8342\" style=\"aspect-ratio:0.95703125;width:272px;height:auto\" srcset=\"http:\/\/passasete.rs.gov.br\/portal\/wp-content\/uploads\/2025\/07\/Milene-774x1024.jpg 774w, http:\/\/passasete.rs.gov.br\/portal\/wp-content\/uploads\/2025\/07\/Milene-227x300.jpg 227w, http:\/\/passasete.rs.gov.br\/portal\/wp-content\/uploads\/2025\/07\/Milene-768x1016.jpg 768w, http:\/\/passasete.rs.gov.br\/portal\/wp-content\/uploads\/2025\/07\/Milene-110x146.jpg 110w, http:\/\/passasete.rs.gov.br\/portal\/wp-content\/uploads\/2025\/07\/Milene-38x50.jpg 38w, http:\/\/passasete.rs.gov.br\/portal\/wp-content\/uploads\/2025\/07\/Milene-57x75.jpg 57w, http:\/\/passasete.rs.gov.br\/portal\/wp-content\/uploads\/2025\/07\/Milene.jpg 968w\" sizes=\"(max-width: 774px) 100vw, 774px\" \/><\/figure>\n<\/div>\n\n\n<p>Secret\u00e1ria: Milene Kipper Amelini<\/p>\n\n\n\n<p>Endere\u00e7o: Adolpho Em\u00edlio Karnopp\u00a0660<\/p>\n\n\n\n<p>Hor\u00e1rio de Atendimento:&nbsp; Segunda a Sexta-feira \u2013 8h00min \u00e0s 12h00min \u2013 13h00min \u00e0s 17h00min.<\/p>\n\n\n\n<p>Telefone: (51) 3616\/6121ou 6041-Ramal: 27<\/p>\n\n\n\n<p>Contato: 51999952283<\/p>\n\n\n\n<p>E-mail: saude@passasete.rs.gov.br<\/p>\n\n\n\n<p>. <strong>A Secretaria Municipal de Sa\u00fade \u00e9 o \u00f3rg\u00e3o da Prefeitura que tem por compet\u00eancia:<\/strong><\/p>\n\n\n\n<p>&nbsp;&nbsp; I &#8211; planejar, organizar, gerir, executar, controlar e avaliar as a\u00e7\u00f5es e os servi\u00e7os p\u00fablicos de sa\u00fade;<\/p>\n\n\n\n<p>&nbsp;&nbsp; II &#8211; participar do planejamento, programa\u00e7\u00e3o e organiza\u00e7\u00e3o da rede regionalizada e hierarquizada do Sistema \u00danico de Sa\u00fade &#8211; SUS, em articula\u00e7\u00e3o com sua dire\u00e7\u00e3o estadual;<\/p>\n\n\n\n<p>&nbsp;&nbsp; III &#8211; a execu\u00e7\u00e3o de programas de a\u00e7\u00e3o preventiva, de educa\u00e7\u00e3o sanit\u00e1ria e de vacina\u00e7\u00e3o permanente, em coordena\u00e7\u00e3o com as esferas estaduais e federais;<\/p>\n\n\n\n<p>&nbsp;&nbsp; IV &#8211; o desenvolvimento e a execu\u00e7\u00e3o de servi\u00e7os de vigil\u00e2ncia epidemiol\u00f3gica e sanit\u00e1ria, de alimenta\u00e7\u00e3o e nutri\u00e7\u00e3o, de saneamento b\u00e1sico e de sa\u00fade do trabalhador;<\/p>\n\n\n\n<p>&nbsp;&nbsp; V &#8211; a orienta\u00e7\u00e3o do comportamento de grupos espec\u00edficos em face de problemas de sa\u00fade, higiene, condi\u00e7\u00f5es sanit\u00e1rias e outros;<\/p>\n\n\n\n<p>&nbsp;&nbsp; VI &#8211; a fiscaliza\u00e7\u00e3o do cumprimento das posturas municipais referentes ao poder de pol\u00edcia aplicado \u00e0 higiene p\u00fablica e ao saneamento;<\/p>\n\n\n\n<p>&nbsp;&nbsp; VII &#8211; colaborar na fiscaliza\u00e7\u00e3o das agress\u00f5es ao meio ambiente que tenham repercuss\u00e3o sobre a sa\u00fade humana e atuar, junto aos \u00f3rg\u00e3os municipais, estaduais e federais competentes, para controla-las;<\/p>\n\n\n\n<p>&nbsp;&nbsp; VIII &#8211; celebrar contratos e conv\u00eanios com entidades prestadoras de servi\u00e7os privados de sa\u00fade, bem como controlar e avaliar sua execu\u00e7\u00e3o;<\/p>\n\n\n\n<p>&nbsp;&nbsp; IX &#8211; controlar e fiscalizar os procedimentos dos servi\u00e7os privados de sa\u00fade;<\/p>\n\n\n\n<p>&nbsp;&nbsp; X &#8211; normatizar, complementarmente, as a\u00e7\u00f5es e servi\u00e7os p\u00fablicos de sa\u00fade no seu \u00e2mbito de atua\u00e7\u00e3o;<\/p>\n\n\n\n<p>&nbsp;&nbsp; XI &#8211; executar, no \u00e2mbito municipal, \u00e0 pol\u00edtica de insumos e equipamentos para a sa\u00fade;<\/p>\n\n\n\n<p>&nbsp;&nbsp; XII &#8211; integrar e\/ou participar de cons\u00f3rcios administrativos intermunicipais;<\/p>\n\n\n\n<p>&nbsp;&nbsp; XIII &#8211; gerir laborat\u00f3rios de sa\u00fade e hemocentros quando pr\u00f3prios do Munic\u00edpio;<\/p>\n\n\n\n<p>&nbsp;&nbsp; XIV &#8211; colaborar com os demais \u00f3rg\u00e3os na execu\u00e7\u00e3o da vigil\u00e2ncia sanit\u00e1ria, implementando a\u00e7\u00f5es de licenciamento e fiscaliza\u00e7\u00e3o em estabelecimentos relacionados \u00e0 alimentos, divers\u00e3o p\u00fablica, est\u00e9tica, produtos veterin\u00e1rios, estabelecimentos de sa\u00fade, creches, asilos e ve\u00edculos de transporte de alimentos, entre outros;<\/p>\n\n\n\n<p>&nbsp;&nbsp; XV &#8211; controlar a qualidade da \u00e1gua e alimentos para consumo humano, assim como o controle de zoonoses, entre outros;<\/p>\n\n\n\n<p>&nbsp;&nbsp; XVI &#8211; conservar e manter em condi\u00e7\u00f5es de funcionamento os pr\u00e9dios onde s\u00e3o desenvolvidas as a\u00e7\u00f5es da Rede B\u00e1sica de atendimento;<\/p>\n\n\n\n<p>&nbsp;&nbsp; XVII &#8211; proceder o planejamento, a organiza\u00e7\u00e3o, o controle e a avalia\u00e7\u00e3o das a\u00e7\u00f5es e dos servi\u00e7os de sa\u00fade de responsabilidade do Munic\u00edpio em articula\u00e7\u00e3o com o Conselho Municipal de Sa\u00fade;<\/p>\n\n\n\n<p>&nbsp;&nbsp; XVIII &#8211; realizar a\u00e7\u00f5es educativas junto a comunidade para desenvolver uma consci\u00eancia comunit\u00e1ria quanto a import\u00e2ncia da preven\u00e7\u00e3o de doen\u00e7as;<\/p>\n\n\n\n<p>&nbsp;&nbsp; XIX &#8211; executar outras atividades ligadas a \u00e1rea da sa\u00fade.<\/p>\n\n\n\n<p><strong>Ficam vinculados a Secretaria Municipal de Sa\u00fade os seguintes Conselhos, Fundos e\/ou Coordenadorias Municipais:<\/strong><\/p>\n\n\n\n<p>&nbsp;&nbsp; I &#8211; Conselho Municipal de Sa\u00fade &#8211; CMS;<\/p>\n\n\n\n<p>&nbsp;&nbsp; II &#8211; Fundo Municipal de Sa\u00fade &#8211; FMS;<\/p>\n\n\n\n<p>&nbsp;&nbsp; III &#8211; Coordenadoria Municipal da Mulher.<\/p>\n\n\n\n<p>A Secretaria Municipal de Sa\u00fade ser\u00e1 dirigida por um Secret\u00e1rio e contar\u00e1 com o pessoal t\u00e9cnico e administrativo necess\u00e1rio ao desempenho de suas fun\u00e7\u00f5es, compreendendo em sua estrutura as seguintes unidades:<\/p>\n\n\n\n<p>&nbsp;&nbsp; I &#8211; Departamento de Sa\u00fade e Enfermagem;<\/p>\n\n\n\n<p>&nbsp;&nbsp; II &#8211; Setor de Apoio Administrativo e Acompanhamento dos Programas de Sa\u00fade;<\/p>\n\n\n\n<p>&nbsp;&nbsp; III &#8211; Setor de Sa\u00fade Preventiva;<\/p>\n\n\n\n<p>&nbsp;&nbsp; IV &#8211; Setor de Vigil\u00e2ncia Sanit\u00e1ria;<\/p>\n\n\n\n<p>&nbsp;&nbsp; V &#8211; Se\u00e7\u00e3o de Limpeza e Manuten\u00e7\u00e3o das Unidades de Sa\u00fade.<\/p>\n\n\n\n<p><\/p>\n\n\n<div class=\"sdm_download_item \"><div class=\"sdm_download_item_top\"><div class=\"sdm_download_thumbnail\"><\/div><div class=\"sdm_download_title\">Relat\u00f3rio de Gest\u00e3o 1\u00ba quadrimestre de 2022<\/div><\/div><div style=\"clear:both;\"><\/div><div class=\"sdm_download_description\"><\/div><div class=\"sdm_download_link\"><span class=\"sdm_download_button\"><a href=\"http:\/\/passasete.rs.gov.br\/portal\/?sdm_process_download=1&download_id=4738\" class=\"sdm_download grey\" title=\"Relat\u00f3rio de Gest\u00e3o 1\u00ba quadrimestre de 2022\" target=\"_self\">Baixar agora!<\/a><\/span><span class=\"sdm_download_item_count\"><span class=\"sdm_item_count_number\">579<\/span><span class=\"sdm_item_count_string\"> Downloads<\/span><\/span><\/div><\/div><div class=\"sdm_download_item \"><div class=\"sdm_download_item_top\"><div class=\"sdm_download_thumbnail\"><\/div><div class=\"sdm_download_title\">Plano_Saude_2022-2025 \u00faltimas altera\u00e7\u00f5es<\/div><\/div><div style=\"clear:both;\"><\/div><div class=\"sdm_download_description\"><\/div><div class=\"sdm_download_link\"><span class=\"sdm_download_button\"><a href=\"http:\/\/passasete.rs.gov.br\/portal\/?sdm_process_download=1&download_id=4736\" class=\"sdm_download grey\" title=\"Plano_Saude_2022-2025 \u00faltimas altera\u00e7\u00f5es\" target=\"_self\">Baixar agora!<\/a><\/span><span class=\"sdm_download_item_count\"><span class=\"sdm_item_count_number\">565<\/span><span class=\"sdm_item_count_string\"> Downloads<\/span><\/span><\/div><\/div><div class=\"sdm_download_item \"><div class=\"sdm_download_item_top\"><div class=\"sdm_download_thumbnail\"><\/div><div class=\"sdm_download_title\">Plano Municipal de Sa\u00fade de Passa Sete 2022 a 2025<\/div><\/div><div style=\"clear:both;\"><\/div><div class=\"sdm_download_description\"><\/div><div class=\"sdm_download_link\"><span class=\"sdm_download_button\"><a href=\"http:\/\/passasete.rs.gov.br\/portal\/?sdm_process_download=1&download_id=4734\" class=\"sdm_download grey\" title=\"Plano Municipal de Sa\u00fade de Passa Sete 2022 a 2025\" target=\"_self\">Baixar agora!<\/a><\/span><span class=\"sdm_download_item_count\"><span class=\"sdm_item_count_number\">547<\/span><span class=\"sdm_item_count_string\"> Downloads<\/span><\/span><\/div><\/div><div class=\"sdm_clear_float\"><\/div><div class=\"sdm_pagination\"><\/div>\n","protected":false},"excerpt":{"rendered":"<p>Secret\u00e1ria: Milene Kipper Amelini Endere\u00e7o: Adolpho Em\u00edlio Karnopp\u00a0660 Hor\u00e1rio de Atendimento:&nbsp; Segunda a Sexta-feira \u2013 8h00min \u00e0s 12h00min \u2013 13h00min \u00e0s 17h00min. Telefone: (51) 3616\/6121ou 6041-Ramal:<span class=\"excerpt-hellip\"> [\u2026]<\/span><\/p>\n","protected":false},"author":3,"featured_media":0,"parent":0,"menu_order":0,"comment_status":"closed","ping_status":"closed","template":"","meta":{"footnotes":""},"class_list":["post-3785","page","type-page","status-publish","hentry"],"_links":{"self":[{"href":"http:\/\/passasete.rs.gov.br\/portal\/wp-json\/wp\/v2\/pages\/3785","targetHints":{"allow":["GET"]}}],"collection":[{"href":"http:\/\/passasete.rs.gov.br\/portal\/wp-json\/wp\/v2\/pages"}],"about":[{"href":"http:\/\/passasete.rs.gov.br\/portal\/wp-json\/wp\/v2\/types\/page"}],"author":[{"embeddable":true,"href":"http:\/\/passasete.rs.gov.br\/portal\/wp-json\/wp\/v2\/users\/3"}],"replies":[{"embeddable":true,"href":"http:\/\/passasete.rs.gov.br\/portal\/wp-json\/wp\/v2\/comments?post=3785"}],"version-history":[{"count":4,"href":"http:\/\/passasete.rs.gov.br\/portal\/wp-json\/wp\/v2\/pages\/3785\/revisions"}],"predecessor-version":[{"id":8344,"href":"http:\/\/passasete.rs.gov.br\/portal\/wp-json\/wp\/v2\/pages\/3785\/revisions\/8344"}],"wp:attachment":[{"href":"http:\/\/passasete.rs.gov.br\/portal\/wp-json\/wp\/v2\/media?parent=3785"}],"curies":[{"name":"wp","href":"https:\/\/api.w.org\/{rel}","templated":true}]}}