{"id":3799,"date":"2021-06-07T18:19:07","date_gmt":"2021-06-07T21:19:07","guid":{"rendered":"http:\/\/passasete.rs.gov.br\/portal\/?page_id=3799"},"modified":"2021-06-07T18:19:07","modified_gmt":"2021-06-07T21:19:07","slug":"gabinete-do-vice-prefeito","status":"publish","type":"page","link":"http:\/\/passasete.rs.gov.br\/portal\/gabinete-do-vice-prefeito\/","title":{"rendered":"Gabinete do Vice -Prefeito"},"content":{"rendered":"\n<div class=\"wp-block-image\"><figure class=\"alignleft size-large\"><img fetchpriority=\"high\" decoding=\"async\" width=\"248\" height=\"325\" src=\"http:\/\/passasete.rs.gov.br\/portal\/wp-content\/uploads\/2021\/06\/GABINETE-DO-VICE-PREFEITO.jpg\" alt=\"\" class=\"wp-image-3800\" srcset=\"http:\/\/passasete.rs.gov.br\/portal\/wp-content\/uploads\/2021\/06\/GABINETE-DO-VICE-PREFEITO.jpg 248w, http:\/\/passasete.rs.gov.br\/portal\/wp-content\/uploads\/2021\/06\/GABINETE-DO-VICE-PREFEITO-229x300.jpg 229w, http:\/\/passasete.rs.gov.br\/portal\/wp-content\/uploads\/2021\/06\/GABINETE-DO-VICE-PREFEITO-111x146.jpg 111w, http:\/\/passasete.rs.gov.br\/portal\/wp-content\/uploads\/2021\/06\/GABINETE-DO-VICE-PREFEITO-38x50.jpg 38w, http:\/\/passasete.rs.gov.br\/portal\/wp-content\/uploads\/2021\/06\/GABINETE-DO-VICE-PREFEITO-57x75.jpg 57w\" sizes=\"(max-width: 248px) 100vw, 248px\" \/><\/figure><\/div>\n\n\n\n<p>Vice-Prefeito: Gerson Luis Lopes<\/p>\n\n\n\n<p>Endere\u00e7o: Avenida Pinheiro, n\u00ba 1500, Bairro Centro, CEP 96908-000, Passa Sete \u2013 RS<\/p>\n\n\n\n<p>Hor\u00e1rio de Atendimento: Segunda a Sexta-feira \u2013 8h00min \u00e0s 12h00min \u2013 13h00min \u00e0s 17h00min.<\/p>\n\n\n\n<p>Telefones: (51) 3616-6041; (51) 3616-6042.<\/p>\n\n\n\n<p>E-mail: <a href=\"mailto:gabinete@passasete.rs.gov.br\">gabinete@passasete.rs.gov.br<\/a><\/p>\n\n\n\n<p>O Gabinete do Vice-Prefeito \u00e9 \u00f3rg\u00e3o diretamente ligado ao Chefe do Poder Executivo, tendo como finalidade auxiliar no trato aos assuntos pol\u00edticos e administrativos e, especificamente, represent\u00e1-lo em seus impedimentos.<\/p>\n\n\n\n<p>Vice-Prefeito: Gerson Luis Lopes<\/p>\n\n\n\n<p>Endere\u00e7o: Avenida Pinheiro, n\u00ba 1500, Bairro Centro, CEP 96908-000, Passa Sete \u2013 RS<\/p>\n\n\n\n<p>Hor\u00e1rio de Atendimento: Segunda a Sexta-feira \u2013 8h00min \u00e0s 12h00min \u2013 13h00min \u00e0s 17h00min.<\/p>\n\n\n\n<p>Telefones: (51) 3616-6041; (51) 3616-6042.<\/p>\n\n\n\n<p>E-mail: <a href=\"mailto:gabinete@passasete.rs.gov.br\">gabinete@passasete.rs.gov.br<\/a><\/p>\n\n\n\n<p>O Gabinete do Vice-Prefeito \u00e9 \u00f3rg\u00e3o diretamente ligado ao Chefe do Poder Executivo, tendo como finalidade auxiliar no trato aos assuntos pol\u00edticos e administrativos e, especificamente, represent\u00e1-lo em seus impedimentos.<\/p>\n\n\n\n<p>\u00a0Par\u00e1grafo \u00fanico. O Gabinete do Vice-Prefeito contar\u00e1 com pessoal t\u00e9cnico e administrativo necess\u00e1rio ao desempenho de suas fun\u00e7\u00f5es, al\u00e9m de contar com o apoio de assessores.<\/p>\n","protected":false},"excerpt":{"rendered":"<p>Vice-Prefeito: Gerson Luis Lopes Endere\u00e7o: Avenida Pinheiro, n\u00ba 1500, Bairro Centro, CEP 96908-000, Passa Sete \u2013 RS Hor\u00e1rio de Atendimento: Segunda a Sexta-feira \u2013 8h00min \u00e0s<span class=\"excerpt-hellip\"> [\u2026]<\/span><\/p>\n","protected":false},"author":3,"featured_media":0,"parent":0,"menu_order":0,"comment_status":"closed","ping_status":"closed","template":"","meta":{"footnotes":""},"class_list":["post-3799","page","type-page","status-publish","hentry"],"_links":{"self":[{"href":"http:\/\/passasete.rs.gov.br\/portal\/wp-json\/wp\/v2\/pages\/3799","targetHints":{"allow":["GET"]}}],"collection":[{"href":"http:\/\/passasete.rs.gov.br\/portal\/wp-json\/wp\/v2\/pages"}],"about":[{"href":"http:\/\/passasete.rs.gov.br\/portal\/wp-json\/wp\/v2\/types\/page"}],"author":[{"embeddable":true,"href":"http:\/\/passasete.rs.gov.br\/portal\/wp-json\/wp\/v2\/users\/3"}],"replies":[{"embeddable":true,"href":"http:\/\/passasete.rs.gov.br\/portal\/wp-json\/wp\/v2\/comments?post=3799"}],"version-history":[{"count":1,"href":"http:\/\/passasete.rs.gov.br\/portal\/wp-json\/wp\/v2\/pages\/3799\/revisions"}],"predecessor-version":[{"id":3802,"href":"http:\/\/passasete.rs.gov.br\/portal\/wp-json\/wp\/v2\/pages\/3799\/revisions\/3802"}],"wp:attachment":[{"href":"http:\/\/passasete.rs.gov.br\/portal\/wp-json\/wp\/v2\/media?parent=3799"}],"curies":[{"name":"wp","href":"https:\/\/api.w.org\/{rel}","templated":true}]}}