{"id":3933,"date":"2021-08-10T19:40:39","date_gmt":"2021-08-10T22:40:39","guid":{"rendered":"http:\/\/passasete.rs.gov.br\/portal\/?page_id=3933"},"modified":"2021-08-18T15:08:52","modified_gmt":"2021-08-18T18:08:52","slug":"plano-de-acao-municipal-de-vacinacao","status":"publish","type":"page","link":"http:\/\/passasete.rs.gov.br\/portal\/plano-de-acao-municipal-de-vacinacao\/","title":{"rendered":"Plano de A\u00e7\u00e3o Municipal de vacina\u00e7\u00e3o"},"content":{"rendered":"\n<p><strong>INFORMATIVO<\/strong><\/p>\n\n\n\n<p>Informamos que o munic\u00edpio de Passa Sete utiliza na operacionaliza\u00e7\u00e3o da vacina\u00e7\u00e3o contra a COVID-19 o PLANO NACIONAL DE OPERACIONALIZA\u00c7\u00c3O DA VACINA\u00c7\u00c3O CONTRA A COVID-19 atualizado, como medida adicional de resposta ao enfrentamento da doen\u00e7a, tida como Emerg\u00eancia de Sa\u00fade P\u00fablica de Import\u00e2ncia Internacional (ESPII), mediante a\u00e7\u00f5es de vacina\u00e7\u00e3o em n\u00edvel municipal, o qual vem em conson\u00e2ncia com as orienta\u00e7\u00f5es globais da Organiza\u00e7\u00e3o Pan-Americana da Sa\u00fade e da Organiza\u00e7\u00e3o Mundial da Sa\u00fade (OPAS\/OMS).<br>Baseado neste plano, todos os grupos elencados ser\u00e3o contemplados com a vacina\u00e7\u00e3o, entretanto de forma escalonada por conta de n\u00e3o dispor de doses de vacinas imediatas para vacinar todos os grupos em etapa \u00fanica. Desta forma, os grupos que receberam e que vem recebendo as doses do imunobiol\u00f3gico, s\u00e3o aqueles pactuados em reuni\u00e3o da Comiss\u00e3o Intergestores Bipartite\/RS, de acordo com as respectivas resolu\u00e7\u00f5es.<\/p>\n\n\n\n<p>Miena Janice dos Santos<br>Secretaria Municipal de Sa\u00fade<\/p>\n\n\n<div class=\"sdm_download_item \"><div class=\"sdm_download_item_top\"><div class=\"sdm_download_thumbnail\"><\/div><div class=\"sdm_download_title\">Plano Nacional de Operacionaliza\u00e7\u00e3o da Vacina\u00e7\u00e3o contra a Covid-19<\/div><\/div><div style=\"clear:both;\"><\/div><div class=\"sdm_download_description\"><\/div><div class=\"sdm_download_link\"><span class=\"sdm_download_button\"><a href=\"http:\/\/passasete.rs.gov.br\/portal\/?sdm_process_download=1&download_id=3953\" class=\"sdm_download grey\" title=\"Plano Nacional de Operacionaliza\u00e7\u00e3o da Vacina\u00e7\u00e3o contra a Covid-19\" target=\"_self\">Baixar agora!<\/a><\/span><span class=\"sdm_download_item_count\"><span class=\"sdm_item_count_number\">789<\/span><span class=\"sdm_item_count_string\"> Downloads<\/span><\/span><\/div><\/div><div class=\"sdm_download_item \"><div class=\"sdm_download_item_top\"><div class=\"sdm_download_thumbnail\"><\/div><div class=\"sdm_download_title\">CIBR \u2013 162-21<\/div><\/div><div style=\"clear:both;\"><\/div><div class=\"sdm_download_description\"><\/div><div class=\"sdm_download_link\"><span class=\"sdm_download_button\"><a href=\"http:\/\/passasete.rs.gov.br\/portal\/?sdm_process_download=1&download_id=3951\" class=\"sdm_download grey\" title=\"CIBR \u2013 162-21\" target=\"_self\">Baixar agora!<\/a><\/span><span class=\"sdm_download_item_count\"><span class=\"sdm_item_count_number\">762<\/span><span class=\"sdm_item_count_string\"> Downloads<\/span><\/span><\/div><\/div><div class=\"sdm_download_item \"><div class=\"sdm_download_item_top\"><div class=\"sdm_download_thumbnail\"><\/div><div class=\"sdm_download_title\">CIBR \u2013 163-21<\/div><\/div><div style=\"clear:both;\"><\/div><div class=\"sdm_download_description\"><\/div><div class=\"sdm_download_link\"><span class=\"sdm_download_button\"><a href=\"http:\/\/passasete.rs.gov.br\/portal\/?sdm_process_download=1&download_id=3949\" class=\"sdm_download grey\" title=\"CIBR \u2013 163-21\" target=\"_self\">Baixar agora!<\/a><\/span><span class=\"sdm_download_item_count\"><span class=\"sdm_item_count_number\">749<\/span><span class=\"sdm_item_count_string\"> Downloads<\/span><\/span><\/div><\/div><div class=\"sdm_download_item \"><div class=\"sdm_download_item_top\"><div class=\"sdm_download_thumbnail\"><\/div><div class=\"sdm_download_title\">CIBR \u2013 195-21<\/div><\/div><div style=\"clear:both;\"><\/div><div class=\"sdm_download_description\"><\/div><div class=\"sdm_download_link\"><span class=\"sdm_download_button\"><a href=\"http:\/\/passasete.rs.gov.br\/portal\/?sdm_process_download=1&download_id=3947\" class=\"sdm_download grey\" title=\"CIBR \u2013 195-21\" target=\"_self\">Baixar agora!<\/a><\/span><span class=\"sdm_download_item_count\"><span class=\"sdm_item_count_number\">796<\/span><span class=\"sdm_item_count_string\"> Downloads<\/span><\/span><\/div><\/div><div class=\"sdm_download_item \"><div class=\"sdm_download_item_top\"><div class=\"sdm_download_thumbnail\"><\/div><div class=\"sdm_download_title\">CIBR \u2013 202-21<\/div><\/div><div style=\"clear:both;\"><\/div><div class=\"sdm_download_description\"><\/div><div class=\"sdm_download_link\"><span class=\"sdm_download_button\"><a href=\"http:\/\/passasete.rs.gov.br\/portal\/?sdm_process_download=1&download_id=3945\" class=\"sdm_download grey\" title=\"CIBR \u2013 202-21\" target=\"_self\">Baixar agora!<\/a><\/span><span class=\"sdm_download_item_count\"><span class=\"sdm_item_count_number\">743<\/span><span class=\"sdm_item_count_string\"> Downloads<\/span><\/span><\/div><\/div><div class=\"sdm_download_item \"><div class=\"sdm_download_item_top\"><div class=\"sdm_download_thumbnail\"><\/div><div class=\"sdm_download_title\">INFORME T\u00c9CNICO n\u00b0 10\/2021<\/div><\/div><div style=\"clear:both;\"><\/div><div class=\"sdm_download_description\"><\/div><div class=\"sdm_download_link\"><span class=\"sdm_download_button\"><a href=\"http:\/\/passasete.rs.gov.br\/portal\/?sdm_process_download=1&download_id=3943\" class=\"sdm_download grey\" title=\"INFORME T\u00c9CNICO n\u00b0 10\/2021\" target=\"_self\">Baixar agora!<\/a><\/span><span class=\"sdm_download_item_count\"><span class=\"sdm_item_count_number\">767<\/span><span class=\"sdm_item_count_string\"> Downloads<\/span><\/span><\/div><\/div><div class=\"sdm_clear_float\"><\/div><div class=\"sdm_pagination\"><\/div>\n","protected":false},"excerpt":{"rendered":"<p>INFORMATIVO Informamos que o munic\u00edpio de Passa Sete utiliza na operacionaliza\u00e7\u00e3o da vacina\u00e7\u00e3o contra a COVID-19 o PLANO NACIONAL DE OPERACIONALIZA\u00c7\u00c3O DA VACINA\u00c7\u00c3O CONTRA A COVID-19<span class=\"excerpt-hellip\"> [\u2026]<\/span><\/p>\n","protected":false},"author":3,"featured_media":0,"parent":0,"menu_order":0,"comment_status":"closed","ping_status":"closed","template":"","meta":{"footnotes":""},"class_list":["post-3933","page","type-page","status-publish","hentry"],"_links":{"self":[{"href":"http:\/\/passasete.rs.gov.br\/portal\/wp-json\/wp\/v2\/pages\/3933","targetHints":{"allow":["GET"]}}],"collection":[{"href":"http:\/\/passasete.rs.gov.br\/portal\/wp-json\/wp\/v2\/pages"}],"about":[{"href":"http:\/\/passasete.rs.gov.br\/portal\/wp-json\/wp\/v2\/types\/page"}],"author":[{"embeddable":true,"href":"http:\/\/passasete.rs.gov.br\/portal\/wp-json\/wp\/v2\/users\/3"}],"replies":[{"embeddable":true,"href":"http:\/\/passasete.rs.gov.br\/portal\/wp-json\/wp\/v2\/comments?post=3933"}],"version-history":[{"count":7,"href":"http:\/\/passasete.rs.gov.br\/portal\/wp-json\/wp\/v2\/pages\/3933\/revisions"}],"predecessor-version":[{"id":4008,"href":"http:\/\/passasete.rs.gov.br\/portal\/wp-json\/wp\/v2\/pages\/3933\/revisions\/4008"}],"wp:attachment":[{"href":"http:\/\/passasete.rs.gov.br\/portal\/wp-json\/wp\/v2\/media?parent=3933"}],"curies":[{"name":"wp","href":"https:\/\/api.w.org\/{rel}","templated":true}]}}