{"id":3966,"date":"2021-08-10T20:07:16","date_gmt":"2021-08-10T23:07:16","guid":{"rendered":"http:\/\/passasete.rs.gov.br\/portal\/?page_id=3966"},"modified":"2023-05-04T16:17:50","modified_gmt":"2023-05-04T19:17:50","slug":"ordem-dos-grupos-prioritarios-com-quantitativos-de-pessoas","status":"publish","type":"page","link":"http:\/\/passasete.rs.gov.br\/portal\/ordem-dos-grupos-prioritarios-com-quantitativos-de-pessoas\/","title":{"rendered":"Ordem dos grupos priorit\u00e1rios com quantitativos de pessoas"},"content":{"rendered":"\n<p><strong>Informa\u00e7\u00f5es<\/strong><\/p>\n\n\n\n<figure class=\"wp-block-table\"><table><tbody><tr><td><strong>Popula\u00e7\u00e3o geral:<\/strong>&nbsp;5.747<\/td><td><strong>Popula\u00e7\u00e3o adulta:<\/strong>&nbsp;4.307<\/td><td><strong>Doses destinadas:<\/strong>&nbsp;11.895<\/td><\/tr><\/tbody><\/table><\/figure>\n\n\n\n<p><strong>Doses aplicadas no munic\u00edpio<\/strong><\/p>\n\n\n\n<figure class=\"wp-block-table\"><table><tbody><tr><td><strong>1\u00aa dose:<\/strong>&nbsp;3.939<\/td><td><strong>2\u00aa dose:<\/strong>&nbsp;3.883<\/td><td><strong>Dose \u00fanica:<\/strong>&nbsp;137<\/td><td><strong>% aplicado<\/strong><\/td><\/tr><tr><td><strong>Dose refor\u00e7o D3:<\/strong>&nbsp;2.850<\/td><td><strong>Dose refor\u00e7o D4:<\/strong>&nbsp;635<\/td><td><strong>Dose adicional:<\/strong>&nbsp;28<\/td><td>96,4<\/td><\/tr><tr><td><strong>Total aplicado:<\/strong>&nbsp;11.472<\/td><td><strong>Em residentes:<\/strong>&nbsp;10.316<\/td><td><strong>N\u00e3o residentes:<\/strong>&nbsp;1.156<\/td><td><\/td><\/tr><\/tbody><\/table><\/figure>\n\n\n\n<p><strong>Popula\u00e7\u00e3o residente em todo estado<\/strong><br>* aqui s\u00e3o considerados todos os residentes no munic\u00edpio, que podem ter tomado suas doses em outro munic\u00edpio do Estado.<\/p>\n\n\n\n<p><strong>Popula\u00e7\u00e3o geral (5747 hab.)<\/strong><\/p>\n\n\n\n<figure class=\"wp-block-table\"><table><tbody><tr><td><strong>1\u00aa dose:<\/strong>&nbsp;3.938<\/td><td><strong>2\u00aa dose:<\/strong>&nbsp;3.886<\/td><td><strong>Dose \u00fanica:<\/strong>&nbsp;144<\/td><td><strong>Dose refor\u00e7o D3:<\/strong>&nbsp;2.943<\/td><td><strong>Dose refor\u00e7o D4:<\/strong>&nbsp;662<\/td><td><strong>Dose adicional:<\/strong>&nbsp;28<\/td><td><strong>Total:<\/strong>&nbsp;11.601<\/td><\/tr><tr><td><strong>% pop. pelo menos uma dose (D1 ou dose \u00fanica)<\/strong><\/td><td>&nbsp;<\/td><td><strong>% pop. esquema vacinal completo<\/strong><\/td><\/tr><tr><td>71,0% (4.082)<\/td><td>&nbsp;<\/td><td>59,6% (3.427)<br>D3 idosos + D3 adulto + D2 adolescentes + D2 crian\u00e7as<\/td><\/tr><\/tbody><\/table><\/figure>\n\n\n<p><strong>Popula\u00e7\u00e3o 80 anos ou mais (124 hab.)<\/strong><\/p>\n<table width=\"766\">\n<tbody>\n<tr>\n<td>\n<p><strong>1\u00aa dose:<\/strong>\u00a099<\/p>\n<\/td>\n<td>\n<p><strong>2\u00aa dose:<\/strong>\u00a099<\/p>\n<\/td>\n<td>\n<p><strong>Dose \u00fanica:<\/strong>\u00a00<\/p>\n<\/td>\n<td>\n<p><strong>Dose refor\u00e7o D3:<\/strong>\u00a0145<\/p>\n<\/td>\n<td>\n<p><strong>Dose refor\u00e7o D4:<\/strong>\u00a072<\/p>\n<\/td>\n<td>\n<p><strong>Dose adicional:<\/strong>\u00a00<\/p>\n<\/td>\n<td>\n<p><strong>Total:<\/strong>\u00a0415<\/p>\n<\/td>\n<\/tr>\n<tr>\n<td colspan=\"2\">\n<p><strong>% pop. pelo menos uma dose<\/strong><\/p>\n<\/td>\n<td colspan=\"3\">\n<p><strong>% pop. esquema vacinal prim\u00e1rio<\/strong><\/p>\n<\/td>\n<td colspan=\"2\">\n<p><strong>% pop. esquema vacinal completo<\/strong><\/p>\n<\/td>\n<\/tr>\n<tr>\n<td colspan=\"2\">\n<p>79,8% (99)<br \/>D1 ou dose \u00fanica<\/p>\n<\/td>\n<td colspan=\"3\">\n<p>79,8% (99)<br \/>D2 ou dose \u00fanica<\/p>\n<\/td>\n<td colspan=\"2\">\n<p>116,9% (145)<br \/>D3 &#8211; dose de refor\u00e7o<\/p>\n<\/td>\n<\/tr>\n<\/tbody>\n<\/table>\n<p><strong>Popula\u00e7\u00e3o de 18 a 79 anos (4307 hab.)<\/strong><\/p>\n<table width=\"766\">\n<tbody>\n<tr>\n<td>\n<p><strong>1\u00aa dose:<\/strong>\u00a03.222<\/p>\n<\/td>\n<td>\n<p><strong>2\u00aa dose:<\/strong>\u00a03.207<\/p>\n<\/td>\n<td>\n<p><strong>Dose \u00fanica:<\/strong>\u00a0144<\/p>\n<\/td>\n<td>\n<p><strong>Dose refor\u00e7o D3:<\/strong>\u00a02.702<\/p>\n<\/td>\n<td>\n<p><strong>Dose refor\u00e7o D4:<\/strong>\u00a0590<\/p>\n<\/td>\n<td>\n<p><strong>Dose adicional:<\/strong>\u00a027<\/p>\n<\/td>\n<td>\n<p><strong>Total:<\/strong>\u00a09.892<\/p>\n<\/td>\n<\/tr>\n<tr>\n<td colspan=\"2\">\n<p><strong>% pop. pelo menos uma dose<\/strong><\/p>\n<\/td>\n<td colspan=\"3\">\n<p><strong>% pop. esquema vacinal prim\u00e1rio<\/strong><\/p>\n<\/td>\n<td colspan=\"2\">\n<p><strong>% pop. esquema vacinal completo<\/strong><\/p>\n<\/td>\n<\/tr>\n<tr>\n<td colspan=\"2\">\n<p>78,2% (3.366)<br \/>D1 + dose \u00fanica<\/p>\n<\/td>\n<td colspan=\"3\">\n<p>77,8% (3.351)<br \/>D2<\/p>\n<\/td>\n<td colspan=\"2\">\n<p>62,7% (2.702)<br \/>D3 &#8211; dose de refor\u00e7o<\/p>\n<\/td>\n<\/tr>\n<\/tbody>\n<\/table>\n<p><strong>Adolescente 12 &#8211; 17 anos (440 hab.)<\/strong><\/p>\n<table width=\"766\">\n<tbody>\n<tr>\n<td>\n<p><strong>1\u00aa dose:<\/strong>\u00a0340<\/p>\n<\/td>\n<td>\n<p><strong>2\u00aa dose:<\/strong>\u00a0338<\/p>\n<\/td>\n<td>\n<p><strong>Dose \u00fanica:<\/strong>\u00a00<\/p>\n<\/td>\n<td>\n<p><strong>Dose refor\u00e7o D3:<\/strong>\u00a096<\/p>\n<\/td>\n<td>\n<p><strong>Dose refor\u00e7o D4:<\/strong>\u00a00<\/p>\n<\/td>\n<td>\n<p><strong>Dose adicional:<\/strong>\u00a01<\/p>\n<\/td>\n<td>\n<p><strong>Total:<\/strong>\u00a0775<\/p>\n<\/td>\n<\/tr>\n<tr>\n<td colspan=\"3\">\n<p><strong>% pop. pelo menos uma dose<\/strong><\/p>\n<\/td>\n<td>\n<p>\u00a0<\/p>\n<\/td>\n<td colspan=\"3\">\n<p><strong>% pop. esquema vacinal completo<\/strong><\/p>\n<\/td>\n<\/tr>\n<tr>\n<td colspan=\"3\">\n<p>77,3% (340)<br \/>D1<\/p>\n<\/td>\n<td>\n<p>\u00a0<\/p>\n<\/td>\n<td colspan=\"3\">\n<p>76,8% (338)<br \/>D2<\/p>\n<\/td>\n<\/tr>\n<\/tbody>\n<\/table>\n<p><strong>Crian\u00e7as 5 &#8211; 11 anos (493 hab.)<\/strong><\/p>\n<table width=\"766\">\n<tbody>\n<tr>\n<td>\n<p><strong>1\u00aa dose:<\/strong>\u00a0277<\/p>\n<\/td>\n<td>\n<p><strong>2\u00aa dose:<\/strong>\u00a0242<\/p>\n<\/td>\n<td>\n<p><strong>Dose \u00fanica:<\/strong>\u00a00<\/p>\n<\/td>\n<td>\n<p><strong>Dose refor\u00e7o D3:<\/strong>\u00a00<\/p>\n<\/td>\n<td>\n<p><strong>Dose refor\u00e7o D4:<\/strong>\u00a00<\/p>\n<\/td>\n<td>\n<p><strong>Dose adicional:<\/strong>\u00a00<\/p>\n<\/td>\n<td>\n<p><strong>Total:<\/strong>\u00a0519<\/p>\n<\/td>\n<\/tr>\n<tr>\n<td colspan=\"3\">\n<p><strong>% pop. pelo menos uma dose<\/strong><\/p>\n<\/td>\n<td>\n<p>\u00a0<\/p>\n<\/td>\n<td colspan=\"3\">\n<p><strong>% pop. esquema vacinal completo<\/strong><\/p>\n<\/td>\n<\/tr>\n<tr>\n<td colspan=\"3\">\n<p>56,2% (277)<br \/>D1<\/p>\n<\/td>\n<td>\n<p>\u00a0<\/p>\n<\/td>\n<td colspan=\"3\">\n<p>49,1% (242)<br \/>D2<\/p>\n<\/td>\n<\/tr>\n<\/tbody>\n<\/table>\n<p><strong>Crian\u00e7as 3 &#8211; 4 anos (153 hab.)<\/strong><\/p>\n<table width=\"766\">\n<tbody>\n<tr>\n<td>\n<p><strong>1\u00aa dose:<\/strong>\u00a045<\/p>\n<\/td>\n<td>\n<p><strong>2\u00aa dose:<\/strong>\u00a038<\/p>\n<\/td>\n<td>\n<p><strong>Dose \u00fanica:<\/strong>\u00a00<\/p>\n<\/td>\n<td>\n<p><strong>Dose refor\u00e7o D3:<\/strong>\u00a00<\/p>\n<\/td>\n<td>\n<p><strong>Dose refor\u00e7o D4:<\/strong>\u00a00<\/p>\n<\/td>\n<td>\n<p><strong>Dose adicional:<\/strong>\u00a00<\/p>\n<\/td>\n<td>\n<p><strong>Total:<\/strong>\u00a083<\/p>\n<\/td>\n<\/tr>\n<tr>\n<td colspan=\"3\">\n<p><strong>% pop. pelo menos uma dose<\/strong><\/p>\n<\/td>\n<td>\n<p>\u00a0<\/p>\n<\/td>\n<td colspan=\"3\">\n<p><strong>% pop. esquema vacinal completo<\/strong><\/p>\n<\/td>\n<\/tr>\n<tr>\n<td colspan=\"3\">\n<p>29,4% (45)<br \/>D1<\/p>\n<\/td>\n<td>\n<p>\u00a0<\/p>\n<\/td>\n<td colspan=\"3\">\n<p>24,8% (38)<br \/>D2<\/p>\n<\/td>\n<\/tr>\n<\/tbody>\n<\/table>\n\n\n<p><\/p>\n\n\n\n<p class=\"has-text-align-center\"><strong>DOSES APLICADAS NO MUNIC\u00cdPIO <\/strong><\/p>\n\n\n\n<figure class=\"wp-block-table\"><table><tbody><tr><td><strong>Grupos vacin\u00e1veis<\/strong><strong><\/strong><\/td><td><strong>1\u00aa dose<\/strong><\/td><td><strong>2\u00aa dose<\/strong><\/td><td><strong>Dose \u00danica<\/strong><\/td><td><strong>Dose refor\u00e7o<\/strong><\/td><td><strong>Dose adicional<\/strong><\/td><td><strong>Total<\/strong><\/td><\/tr><tr><td>Outros<\/td><td>0<\/td><td>1<\/td><td>0<\/td><td>0<\/td><td>0<\/td><td>1<\/td><\/tr><tr><td>Popula\u00e7\u00e3o Privada de Liberdade<\/td><td>0<\/td><td>0<\/td><td>0<\/td><td>2<\/td><td>0<\/td><td>2<\/td><\/tr><tr><td>Pessoas Institucionalizadas<\/td><td>0<\/td><td>0<\/td><td>0<\/td><td>21<\/td><td>0<\/td><td>21<\/td><\/tr><tr><td>For\u00e7as Armadas (membros ativos)<\/td><td>0<\/td><td>2<\/td><td>0<\/td><td>1<\/td><td>0<\/td><td>3<\/td><\/tr><tr><td>Pessoas de 03 a 04 anos<\/td><td>46<\/td><td>39<\/td><td>0<\/td><td>0<\/td><td>0<\/td><td>85<\/td><\/tr><tr><td>Pessoas de 05 a 11 anos<\/td><td>259<\/td><td>236<\/td><td>0<\/td><td>0<\/td><td>0<\/td><td>495<\/td><\/tr><tr><td>Pu\u00e9rpera<\/td><td>7<\/td><td>5<\/td><td>0<\/td><td>2<\/td><td>0<\/td><td>14<\/td><\/tr><tr><td>For\u00e7as de Seguran\u00e7a e Salvamento<\/td><td>7<\/td><td>6<\/td><td>0<\/td><td>1<\/td><td>0<\/td><td>14<\/td><\/tr><tr><td>Trabalhadores Industriais<\/td><td>7<\/td><td>6<\/td><td>0<\/td><td>2<\/td><td>0<\/td><td>15<\/td><\/tr><tr><td>Gestante<\/td><td>23<\/td><td>26<\/td><td>0<\/td><td>20<\/td><td>0<\/td><td>69<\/td><\/tr><tr><td>Pessoas de 12 a 17 anos<\/td><td>312<\/td><td>313<\/td><td>0<\/td><td>83<\/td><td>0<\/td><td>708<\/td><\/tr><tr><td>Pessoas de 60 anos ou mais institucionalizadas<\/td><td>24<\/td><td>24<\/td><td>0<\/td><td>22<\/td><td>0<\/td><td>70<\/td><\/tr><tr><td>Trabalhadores da Educa\u00e7\u00e3o<\/td><td>80<\/td><td>78<\/td><td>0<\/td><td>55<\/td><td>0<\/td><td>213<\/td><\/tr><tr><td>Pessoas de 80 anos ou mais<\/td><td>102<\/td><td>101<\/td><td>0<\/td><td>141<\/td><td>0<\/td><td>344<\/td><\/tr><tr><td>Pessoas com Defici\u00eancia<\/td><td>33<\/td><td>33<\/td><td>0<\/td><td>29<\/td><td>1<\/td><td>96<\/td><\/tr><tr><td>Trabalhadores de Transporte<\/td><td>71<\/td><td>69<\/td><td>7<\/td><td>52<\/td><td>0<\/td><td>199<\/td><\/tr><tr><td>Trabalhadores de Sa\u00fade<\/td><td>92<\/td><td>92<\/td><td>0<\/td><td>106<\/td><td>1<\/td><td>291<\/td><\/tr><tr><td>Pessoas de 75 a 79 anos<\/td><td>120<\/td><td>116<\/td><td>1<\/td><td>146<\/td><td>0<\/td><td>383<\/td><\/tr><tr><td>Pessoas de 70 a 74 anos<\/td><td>141<\/td><td>145<\/td><td>0<\/td><td>204<\/td><td>4<\/td><td>494<\/td><\/tr><tr><td>Pessoas de 60 a 64 anos<\/td><td>261<\/td><td>259<\/td><td>0<\/td><td>276<\/td><td>1<\/td><td>797<\/td><\/tr><tr><td>Pessoas de 65 a 69 anos<\/td><td>240<\/td><td>240<\/td><td>1<\/td><td>282<\/td><td>3<\/td><td>766<\/td><\/tr><tr><td>Comorbidades<\/td><td>396<\/td><td>384<\/td><td>1<\/td><td>318<\/td><td>17<\/td><td>1.116<\/td><\/tr><tr><td>Pessoas de 18 a 59 anos<\/td><td>1.718<\/td><td>1.708<\/td><td>127<\/td><td>1.087<\/td><td>1<\/td><td>4.641<\/td><\/tr><\/tbody><\/table><\/figure>\n\n\n\n<p class=\"has-text-align-center\"><strong>DOSES APLICADAS NO MUNIC\u00cdPIO POR FAIXA ET\u00c1RIA<\/strong><\/p>\n\n\n\n<figure class=\"wp-block-table\"><table><tbody><tr><td><strong>Faixa Et\u00e1ria<\/strong><strong><\/strong><\/td><td><strong>1\u00aa dose<\/strong><\/td><td><strong>2\u00aa dose<\/strong><\/td><td><strong>Dose \u00danica<\/strong><\/td><td><strong>Dose refor\u00e7o<\/strong><\/td><td><strong>Dose adicional<\/strong><\/td><td><strong>Total<\/strong><\/td><\/tr><tr><td>03 a 04<\/td><td>46<\/td><td>39<\/td><td>0<\/td><td>0<\/td><td>0<\/td><td>85<\/td><\/tr><tr><td>05 a 11<\/td><td>263<\/td><td>239<\/td><td>0<\/td><td>0<\/td><td>0<\/td><td>502<\/td><\/tr><tr><td>12 a 17<\/td><td>337<\/td><td>331<\/td><td>0<\/td><td>91<\/td><td>0<\/td><td>759<\/td><\/tr><tr><td>18 a 29<\/td><td>654<\/td><td>650<\/td><td>2<\/td><td>338<\/td><td>4<\/td><td>1.648<\/td><\/tr><tr><td>30 a 39<\/td><td>511<\/td><td>497<\/td><td>50<\/td><td>336<\/td><td>4<\/td><td>1.398<\/td><\/tr><tr><td>40 a 49<\/td><td>578<\/td><td>571<\/td><td>72<\/td><td>474<\/td><td>5<\/td><td>1.700<\/td><\/tr><tr><td>50 a 59<\/td><td>656<\/td><td>662<\/td><td>11<\/td><td>490<\/td><td>7<\/td><td>1.826<\/td><\/tr><tr><td>60 a 69<\/td><td>508<\/td><td>509<\/td><td>1<\/td><td>590<\/td><td>4<\/td><td>1.612<\/td><\/tr><tr><td>70 a 79<\/td><td>271<\/td><td>271<\/td><td>1<\/td><td>368<\/td><td>4<\/td><td>915<\/td><\/tr><tr><td>80 e mais<\/td><td>115<\/td><td>114<\/td><td>0<\/td><td>163<\/td><td>0<\/td><td>392<\/td><\/tr><\/tbody><\/table><\/figure>\n\n\n\n\n<p style=\"text-align: center;\"><strong>ESTIMATIVA POPULACIONAL PARA A CAMPANHA NACIONAL DE VACINA\u00c7\u00c3O <\/strong><\/p>\n<p style=\"text-align: center;\"><strong>CONTRA A COVID-19<\/strong><\/p>\n<p style=\"text-align: center;\"><strong>ORDENAMENTO DOS GRUPOS PRIORIT\u00c1RIOS<\/strong><\/p>\n<table width=\"623\">\n<tbody>\n<tr>\n<td width=\"66\">\n<p><strong>GRUPO<\/strong><\/p>\n<\/td>\n<td width=\"416\">\n<p><strong>GRUPO PRIORIT\u00c1RIO<\/strong><\/p>\n<\/td>\n<td width=\"142\">\n<p><strong>ESTIMATIVA INICIAL<\/strong><\/p>\n<\/td>\n<\/tr>\n<tr>\n<td width=\"66\">\n<p>\u00a0\u00a0\u00a0\u00a0\u00a0\u00a0\u00a0\u00a0\u00a0\u00a0 1\u00a0\u00a0\u00a0\u00a0\u00a0\u00a0\u00a0\u00a0\u00a0\u00a0 \u00a0<\/p>\n<\/td>\n<td width=\"416\">\n<p>Pessoas com 60 anos ou mais institucionalizadas<\/p>\n<\/td>\n<td width=\"142\">\n<p>24<\/p>\n<\/td>\n<\/tr>\n<tr>\n<td width=\"66\">\n<p>\u00a0\u00a0\u00a0\u00a0\u00a0\u00a0\u00a0\u00a0\u00a0\u00a0 2\u00a0\u00a0\u00a0\u00a0\u00a0\u00a0\u00a0\u00a0\u00a0\u00a0 \u00a0<\/p>\n<\/td>\n<td width=\"416\">\n<p>Pessoas com Defici\u00eancia Institucionalizadas<\/p>\n<\/td>\n<td width=\"142\">\n<p>&#8211;<\/p>\n<\/td>\n<\/tr>\n<tr>\n<td width=\"66\">\n<p>\u00a0\u00a0\u00a0\u00a0\u00a0\u00a0\u00a0\u00a0\u00a0\u00a0 3\u00a0\u00a0\u00a0\u00a0\u00a0\u00a0\u00a0\u00a0\u00a0\u00a0 \u00a0<\/p>\n<\/td>\n<td width=\"416\">\n<p>Trabalhadores de Sa\u00fade<\/p>\n<\/td>\n<td width=\"142\">\n<p>70<\/p>\n<\/td>\n<\/tr>\n<tr>\n<td width=\"66\">\n<p>\u00a0\u00a0\u00a0\u00a0\u00a0\u00a0\u00a0\u00a0\u00a0\u00a0 4\u00a0\u00a0\u00a0\u00a0\u00a0\u00a0\u00a0\u00a0\u00a0\u00a0 \u00a0<\/p>\n<\/td>\n<td width=\"416\">\n<p>Pessoas de 90 anos ou mais<\/p>\n<\/td>\n<td width=\"142\">\n<p>25<\/p>\n<\/td>\n<\/tr>\n<tr>\n<td width=\"66\">\n<p>\u00a0\u00a0\u00a0\u00a0\u00a0\u00a0\u00a0\u00a0\u00a0\u00a0 5\u00a0\u00a0\u00a0\u00a0\u00a0\u00a0\u00a0\u00a0\u00a0\u00a0 \u00a0<\/p>\n<\/td>\n<td width=\"416\">\n<p>Pessoas de 85 a 89 anos<\/p>\n<\/td>\n<td width=\"142\">\n<p>36<\/p>\n<\/td>\n<\/tr>\n<tr>\n<td width=\"66\">\n<p>\u00a0\u00a0\u00a0\u00a0\u00a0\u00a0\u00a0\u00a0\u00a0\u00a0 6\u00a0\u00a0\u00a0\u00a0\u00a0\u00a0\u00a0\u00a0\u00a0\u00a0 \u00a0<\/p>\n<\/td>\n<td width=\"416\">\n<p>Pessoas de 80 a 84 anos<\/p>\n<\/td>\n<td width=\"142\">\n<p>63<\/p>\n<\/td>\n<\/tr>\n<tr>\n<td width=\"66\">\n<p>\u00a0\u00a0\u00a0\u00a0\u00a0\u00a0\u00a0\u00a0\u00a0\u00a0 7\u00a0\u00a0\u00a0\u00a0\u00a0\u00a0\u00a0\u00a0\u00a0\u00a0 \u00a0<\/p>\n<\/td>\n<td width=\"416\">\n<p>Pessoas de 75 a 79 anos<\/p>\n<\/td>\n<td width=\"142\">\n<p>117<\/p>\n<\/td>\n<\/tr>\n<tr>\n<td width=\"66\">\n<p>\u00a0\u00a0\u00a0\u00a0\u00a0\u00a0\u00a0\u00a0\u00a0\u00a0 8\u00a0\u00a0\u00a0\u00a0\u00a0\u00a0\u00a0\u00a0\u00a0\u00a0 \u00a0<\/p>\n<\/td>\n<td width=\"416\">\n<p>Pessoas de 70 a 74 anos<\/p>\n<\/td>\n<td width=\"142\">\n<p>176<\/p>\n<\/td>\n<\/tr>\n<tr>\n<td width=\"66\">\n<p>\u00a0\u00a0\u00a0\u00a0\u00a0\u00a0\u00a0\u00a0\u00a0\u00a0 9\u00a0\u00a0\u00a0\u00a0\u00a0\u00a0\u00a0\u00a0\u00a0\u00a0 \u00a0<\/p>\n<\/td>\n<td width=\"416\">\n<p>Pessoas de 65 a 69 anos<\/p>\n<\/td>\n<td width=\"142\">\n<p>242<\/p>\n<\/td>\n<\/tr>\n<tr>\n<td width=\"66\">\n<p>\u00a0\u00a0\u00a0\u00a0\u00a0\u00a0\u00a0\u00a0 10\u00a0\u00a0\u00a0\u00a0\u00a0\u00a0\u00a0 \u00a0<\/p>\n<\/td>\n<td width=\"416\">\n<p>Pessoas de 60 a 64 anos<\/p>\n<\/td>\n<td width=\"142\">\n<p>247<\/p>\n<\/td>\n<\/tr>\n<tr>\n<td width=\"66\">\n<p>\u00a0\u00a0\u00a0\u00a0\u00a0\u00a0\u00a0\u00a0 11\u00a0\u00a0\u00a0\u00a0\u00a0\u00a0\u00a0 \u00a0<\/p>\n<\/td>\n<td width=\"416\">\n<p>Pessoas com comorbidades e gestantes e pu\u00e9rperas com comorbidades; Pessoas com Defici\u00eancia Permanente, \u00a0Gestantes e Pu\u00e9rperas<\/p>\n<\/td>\n<td width=\"142\">\n<p>447<\/p>\n<\/td>\n<\/tr>\n<tr>\n<td width=\"66\">\n<p>\u00a0\u00a0\u00a0\u00a0\u00a0\u00a0\u00a0\u00a0 12\u00a0\u00a0\u00a0\u00a0\u00a0\u00a0\u00a0 \u00a0<\/p>\n<\/td>\n<td width=\"416\">\n<p>Trabalhadores da Educa\u00e7\u00e3o<\/p>\n<\/td>\n<td width=\"142\">\n<p>65<\/p>\n<\/td>\n<\/tr>\n<tr>\n<td width=\"66\">\n<p>\u00a0\u00a0\u00a0\u00a0\u00a0\u00a0\u00a0\u00a0 13\u00a0\u00a0\u00a0\u00a0\u00a0\u00a0\u00a0 \u00a0<\/p>\n<\/td>\n<td width=\"416\">\n<p>For\u00e7as de Seguran\u00e7a e Salvamento<\/p>\n<\/td>\n<td width=\"142\">\n<p>7<\/p>\n<\/td>\n<\/tr>\n<tr>\n<td width=\"66\">\n<p>\u00a0\u00a0\u00a0\u00a0\u00a0\u00a0\u00a0\u00a0 14\u00a0\u00a0\u00a0\u00a0\u00a0\u00a0\u00a0 \u00a0<\/p>\n<\/td>\n<td width=\"416\">\n<p>Trabalhadores de Transporte Coletivo<\/p>\n<\/td>\n<td width=\"142\">\n<p>71<\/p>\n<\/td>\n<\/tr>\n<tr>\n<td width=\"66\">\n<p>\u00a0\u00a0\u00a0\u00a0\u00a0\u00a0\u00a0\u00a0 15\u00a0\u00a0\u00a0\u00a0\u00a0\u00a0\u00a0 \u00a0<\/p>\n<\/td>\n<td width=\"416\">\n<p>Caminhoneiros<\/p>\n<\/td>\n<td width=\"142\">\n<p>&#8211;<\/p>\n<\/td>\n<\/tr>\n<tr>\n<td width=\"66\">\n<p>\u00a0\u00a0\u00a0\u00a0\u00a0\u00a0\u00a0\u00a0 16\u00a0\u00a0\u00a0\u00a0\u00a0\u00a0\u00a0 \u00a0<\/p>\n<\/td>\n<td width=\"416\">\n<p>Trabalhadores Industriais<\/p>\n<\/td>\n<td width=\"142\">\n<p>7<\/p>\n<\/td>\n<\/tr>\n<tr>\n<td width=\"66\">\n<p>\u00a0\u00a0\u00a0\u00a0\u00a0\u00a0\u00a0\u00a0 17\u00a0\u00a0\u00a0\u00a0\u00a0\u00a0\u00a0 \u00a0<\/p>\n<\/td>\n<td width=\"416\">\n<p>Trabalhadores da limpeza urbana e manejo de res\u00edduos s\u00f3lidos<\/p>\n<\/td>\n<td width=\"142\">\n<p>3<\/p>\n<\/td>\n<\/tr>\n<tr>\n<td width=\"66\">\n<p>\u00a0\u00a0\u00a0\u00a0\u00a0\u00a0\u00a0\u00a0 18\u00a0\u00a0\u00a0\u00a0\u00a0\u00a0\u00a0 \u00a0<\/p>\n<\/td>\n<td width=\"416\">\n<p>Popula\u00e7\u00e3o de 12 a 17 anos com defici\u00eancia permanente, com comorbidade ou privados de liberdade, bem como as gestantes, as pu\u00e9rperas e as lactantes, com ou sem comorbidade, independentemente da idade dos lactentes. (Lei 14.190, de 29 de julho de 2021)<\/p>\n<\/td>\n<td width=\"142\">\n<p>440<\/p>\n<\/td>\n<\/tr>\n<\/tbody>\n<\/table>","protected":false},"excerpt":{"rendered":"<p>Informa\u00e7\u00f5es Popula\u00e7\u00e3o geral:&nbsp;5.747 Popula\u00e7\u00e3o adulta:&nbsp;4.307 Doses destinadas:&nbsp;11.895 Doses aplicadas no munic\u00edpio 1\u00aa dose:&nbsp;3.939 2\u00aa dose:&nbsp;3.883 Dose \u00fanica:&nbsp;137 % aplicado Dose refor\u00e7o D3:&nbsp;2.850 Dose refor\u00e7o D4:&nbsp;635 Dose<span class=\"excerpt-hellip\"> [\u2026]<\/span><\/p>\n","protected":false},"author":3,"featured_media":0,"parent":0,"menu_order":0,"comment_status":"closed","ping_status":"closed","template":"","meta":{"footnotes":""},"class_list":["post-3966","page","type-page","status-publish","hentry"],"_links":{"self":[{"href":"http:\/\/passasete.rs.gov.br\/portal\/wp-json\/wp\/v2\/pages\/3966","targetHints":{"allow":["GET"]}}],"collection":[{"href":"http:\/\/passasete.rs.gov.br\/portal\/wp-json\/wp\/v2\/pages"}],"about":[{"href":"http:\/\/passasete.rs.gov.br\/portal\/wp-json\/wp\/v2\/types\/page"}],"author":[{"embeddable":true,"href":"http:\/\/passasete.rs.gov.br\/portal\/wp-json\/wp\/v2\/users\/3"}],"replies":[{"embeddable":true,"href":"http:\/\/passasete.rs.gov.br\/portal\/wp-json\/wp\/v2\/comments?post=3966"}],"version-history":[{"count":24,"href":"http:\/\/passasete.rs.gov.br\/portal\/wp-json\/wp\/v2\/pages\/3966\/revisions"}],"predecessor-version":[{"id":5120,"href":"http:\/\/passasete.rs.gov.br\/portal\/wp-json\/wp\/v2\/pages\/3966\/revisions\/5120"}],"wp:attachment":[{"href":"http:\/\/passasete.rs.gov.br\/portal\/wp-json\/wp\/v2\/media?parent=3966"}],"curies":[{"name":"wp","href":"https:\/\/api.w.org\/{rel}","templated":true}]}}