{"id":3980,"date":"2021-08-10T20:16:35","date_gmt":"2021-08-10T23:16:35","guid":{"rendered":"http:\/\/passasete.rs.gov.br\/portal\/?page_id=3980"},"modified":"2022-10-13T11:27:54","modified_gmt":"2022-10-13T14:27:54","slug":"horarios-e-locais-de-vacinacao-para-covid-19","status":"publish","type":"page","link":"http:\/\/passasete.rs.gov.br\/portal\/horarios-e-locais-de-vacinacao-para-covid-19\/","title":{"rendered":"Hor\u00e1rios e locais de Vacina\u00e7\u00e3o para COVID-19"},"content":{"rendered":"\n<figure class=\"wp-block-table\"><table><tbody><tr><td><strong>&nbsp;<\/strong> <strong>Hor\u00e1rios e local de Vacina\u00e7\u00e3o para COVID-19<\/strong> <strong>&nbsp;<\/strong> <strong>&nbsp;<\/strong> <strong>&nbsp;<\/strong><\/td><\/tr><tr><td><strong>Posto de Sa\u00fade Central<\/strong> <strong>&nbsp;<\/strong> Endere\u00e7o: Avenida Pinheiro, 1577 \u2013 Centro &nbsp; Telefones de contato: (51) 99741-3782 (liga\u00e7\u00f5es e whatsapp) &nbsp; Hor\u00e1rio:&nbsp; 08:00 \u2013 11:00 e 13:00 \u2013 16:00 &nbsp; Atendimento nas datas divulgadas dos agendamentos e por ordem de chegada para as datas de refor\u00e7o. &nbsp; &nbsp; &nbsp;<\/td><\/tr><tr><td><strong>&nbsp;<\/strong> <strong>Documentos necess\u00e1rios para vacina\u00e7\u00e3o da COVID-19:<\/strong> <strong>&nbsp;<\/strong> Cart\u00e3o Nacional de Sa\u00fade SUS, CPF e Caderneta de Vacina\u00e7\u00e3o. &nbsp;<\/td><\/tr><tr><td><strong>OBS.:<\/strong> <strong>&nbsp;<\/strong> <strong>Vacinas para crian\u00e7as: agendamento pelo Agente Comunit\u00e1rio de Sa\u00fade.<\/strong> <strong>&nbsp;<\/strong> <strong>Vacinas para adolescentes e adultos: todas as sextas-feiras nos turnos da manha e da tarde at\u00e9 as 16 horas.<\/strong><\/td><\/tr><\/tbody><\/table><\/figure>\n","protected":false},"excerpt":{"rendered":"<p>&nbsp; Hor\u00e1rios e local de Vacina\u00e7\u00e3o para COVID-19 &nbsp; &nbsp; &nbsp; Posto de Sa\u00fade Central &nbsp; Endere\u00e7o: Avenida Pinheiro, 1577 \u2013 Centro &nbsp; Telefones de contato:<span class=\"excerpt-hellip\"> [\u2026]<\/span><\/p>\n","protected":false},"author":3,"featured_media":0,"parent":0,"menu_order":0,"comment_status":"closed","ping_status":"closed","template":"","meta":{"footnotes":""},"class_list":["post-3980","page","type-page","status-publish","hentry"],"_links":{"self":[{"href":"http:\/\/passasete.rs.gov.br\/portal\/wp-json\/wp\/v2\/pages\/3980","targetHints":{"allow":["GET"]}}],"collection":[{"href":"http:\/\/passasete.rs.gov.br\/portal\/wp-json\/wp\/v2\/pages"}],"about":[{"href":"http:\/\/passasete.rs.gov.br\/portal\/wp-json\/wp\/v2\/types\/page"}],"author":[{"embeddable":true,"href":"http:\/\/passasete.rs.gov.br\/portal\/wp-json\/wp\/v2\/users\/3"}],"replies":[{"embeddable":true,"href":"http:\/\/passasete.rs.gov.br\/portal\/wp-json\/wp\/v2\/comments?post=3980"}],"version-history":[{"count":4,"href":"http:\/\/passasete.rs.gov.br\/portal\/wp-json\/wp\/v2\/pages\/3980\/revisions"}],"predecessor-version":[{"id":4805,"href":"http:\/\/passasete.rs.gov.br\/portal\/wp-json\/wp\/v2\/pages\/3980\/revisions\/4805"}],"wp:attachment":[{"href":"http:\/\/passasete.rs.gov.br\/portal\/wp-json\/wp\/v2\/media?parent=3980"}],"curies":[{"name":"wp","href":"https:\/\/api.w.org\/{rel}","templated":true}]}}