{"id":3983,"date":"2021-08-10T20:17:37","date_gmt":"2021-08-10T23:17:37","guid":{"rendered":"http:\/\/passasete.rs.gov.br\/portal\/?page_id=3983"},"modified":"2023-05-04T16:13:47","modified_gmt":"2023-05-04T19:13:47","slug":"painel-de-vacinas-covid-19","status":"publish","type":"page","link":"http:\/\/passasete.rs.gov.br\/portal\/painel-de-vacinas-covid-19\/","title":{"rendered":"Painel de Vacinas COVID-19"},"content":{"rendered":"\n<p><strong>Informa\u00e7\u00f5es<\/strong><\/p>\n\n\n\n<figure class=\"wp-block-table\"><table><tbody><tr><td><strong>Popula\u00e7\u00e3o geral:<\/strong>&nbsp;5.747<\/td><td><strong>Popula\u00e7\u00e3o adulta:<\/strong>&nbsp;4.307<\/td><td><strong>Doses destinadas:<\/strong>&nbsp;11.895<\/td><\/tr><\/tbody><\/table><\/figure>\n\n\n\n<p><strong>Doses aplicadas no munic\u00edpio<\/strong><\/p>\n\n\n\n<figure class=\"wp-block-table\"><table><tbody><tr><td><strong>1\u00aa dose:<\/strong>&nbsp;3.939<\/td><td><strong>2\u00aa dose:<\/strong>&nbsp;3.883<\/td><td><strong>Dose \u00fanica:<\/strong>&nbsp;137<\/td><td><strong>% aplicado<\/strong><\/td><\/tr><tr><td><strong>Dose refor\u00e7o D3:<\/strong>&nbsp;2.850<\/td><td><strong>Dose refor\u00e7o D4:<\/strong>&nbsp;635<\/td><td><strong>Dose adicional:<\/strong>&nbsp;28<\/td><td>96,4<\/td><\/tr><tr><td><strong>Total aplicado:<\/strong>&nbsp;11.472<\/td><td><strong>Em residentes:<\/strong>&nbsp;10.316<\/td><td><strong>N\u00e3o residentes:<\/strong>&nbsp;1.156<\/td><td><\/td><\/tr><\/tbody><\/table><\/figure>\n\n\n\n<p><\/p>\n\n\n\n<p><strong>Popula\u00e7\u00e3o residente em todo estado<\/strong><br><small>* aqui s\u00e3o considerados todos os residentes no munic\u00edpio, que podem ter tomado suas doses em outro munic\u00edpio do Estado.<\/small><\/p>\n\n\n\n<figure class=\"wp-block-table\"><table><tbody><tr><td><strong>1\u00aa dose:<\/strong>&nbsp;3.938<\/td><td><strong>2\u00aa dose:<\/strong>&nbsp;3.886<\/td><td><strong>Dose \u00fanica:<\/strong>&nbsp;144<\/td><td><strong>Dose refor\u00e7o D3:<\/strong>&nbsp;2.943<\/td><td><strong>Dose refor\u00e7o D4:<\/strong>&nbsp;662<\/td><td><strong>Dose adicional:<\/strong>&nbsp;28<\/td><td><strong>Total:<\/strong>&nbsp;11.601<\/td><\/tr><tr><td><strong>% pop. pelo menos uma dose (D1 ou dose \u00fanica)<\/strong><\/td><td>&nbsp;<\/td><td><strong>% pop. esquema vacinal completo<\/strong><\/td><\/tr><tr><td>71,0% (4.082)<\/td><td>&nbsp;<\/td><td>59,6% (3.427)<br>D3 idosos + D3 adulto + D2 adolescentes + D2 crian\u00e7as<\/td><\/tr><\/tbody><\/table><\/figure>\n\n\n\n<p><\/p>\n","protected":false},"excerpt":{"rendered":"<p>Informa\u00e7\u00f5es Popula\u00e7\u00e3o geral:&nbsp;5.747 Popula\u00e7\u00e3o adulta:&nbsp;4.307 Doses destinadas:&nbsp;11.895 Doses aplicadas no munic\u00edpio 1\u00aa dose:&nbsp;3.939 2\u00aa dose:&nbsp;3.883 Dose \u00fanica:&nbsp;137 % aplicado Dose refor\u00e7o D3:&nbsp;2.850 Dose refor\u00e7o D4:&nbsp;635 Dose<span class=\"excerpt-hellip\"> [\u2026]<\/span><\/p>\n","protected":false},"author":3,"featured_media":0,"parent":0,"menu_order":0,"comment_status":"closed","ping_status":"closed","template":"","meta":{"footnotes":""},"class_list":["post-3983","page","type-page","status-publish","hentry"],"_links":{"self":[{"href":"http:\/\/passasete.rs.gov.br\/portal\/wp-json\/wp\/v2\/pages\/3983","targetHints":{"allow":["GET"]}}],"collection":[{"href":"http:\/\/passasete.rs.gov.br\/portal\/wp-json\/wp\/v2\/pages"}],"about":[{"href":"http:\/\/passasete.rs.gov.br\/portal\/wp-json\/wp\/v2\/types\/page"}],"author":[{"embeddable":true,"href":"http:\/\/passasete.rs.gov.br\/portal\/wp-json\/wp\/v2\/users\/3"}],"replies":[{"embeddable":true,"href":"http:\/\/passasete.rs.gov.br\/portal\/wp-json\/wp\/v2\/comments?post=3983"}],"version-history":[{"count":8,"href":"http:\/\/passasete.rs.gov.br\/portal\/wp-json\/wp\/v2\/pages\/3983\/revisions"}],"predecessor-version":[{"id":5119,"href":"http:\/\/passasete.rs.gov.br\/portal\/wp-json\/wp\/v2\/pages\/3983\/revisions\/5119"}],"wp:attachment":[{"href":"http:\/\/passasete.rs.gov.br\/portal\/wp-json\/wp\/v2\/media?parent=3983"}],"curies":[{"name":"wp","href":"https:\/\/api.w.org\/{rel}","templated":true}]}}