{"id":3986,"date":"2021-08-10T20:20:45","date_gmt":"2021-08-10T23:20:45","guid":{"rendered":"http:\/\/passasete.rs.gov.br\/portal\/?page_id=3986"},"modified":"2021-08-18T14:55:28","modified_gmt":"2021-08-18T17:55:28","slug":"transparencia-covid19","status":"publish","type":"page","link":"http:\/\/passasete.rs.gov.br\/portal\/transparencia-covid19\/","title":{"rendered":"Transpar\u00eancia Covid19"},"content":{"rendered":"\n<p>Os insumos adquiridos n\u00e3o foram apenas para sala de vacina\u00e7\u00e3o, e sim para todos os estabelecimentos de sa\u00fade.<\/p>\n\n\n\n<div class=\"sdm_download_item \"><div class=\"sdm_download_item_top\"><div class=\"sdm_download_thumbnail\"><\/div><div class=\"sdm_download_title\">Extrato de gastos<\/div><\/div><div style=\"clear:both;\"><\/div><div class=\"sdm_download_description\"><\/div><div class=\"sdm_download_link\"><span class=\"sdm_download_button\"><a href=\"http:\/\/passasete.rs.gov.br\/portal\/?sdm_process_download=1&download_id=4006\" class=\"sdm_download grey\" title=\"Extrato de gastos\" target=\"_self\">Baixar agora!<\/a><\/span><span class=\"sdm_download_item_count\"><span class=\"sdm_item_count_number\">796<\/span><span class=\"sdm_item_count_string\"> Downloads<\/span><\/span><\/div><\/div><div class=\"sdm_clear_float\"><\/div><div class=\"sdm_pagination\"><\/div>\n\n\n\n<figure class=\"wp-block-image size-large\"><a href=\"https:\/\/portal.tce.rs.gov.br\/aplicprod\/f?p=50500:16:::NO:RIR:P16_PAG_RETORNO,P16_CD_ORGAO:4,85300&amp;cs=1NHJ7p55vl6_t3YsOs7Z55-UqAIE\"><img fetchpriority=\"high\" decoding=\"async\" width=\"416\" height=\"155\" src=\"http:\/\/passasete.rs.gov.br\/portal\/wp-content\/uploads\/2021\/08\/covid-trans.jpg\" alt=\"\" class=\"wp-image-3987\" srcset=\"http:\/\/passasete.rs.gov.br\/portal\/wp-content\/uploads\/2021\/08\/covid-trans.jpg 416w, http:\/\/passasete.rs.gov.br\/portal\/wp-content\/uploads\/2021\/08\/covid-trans-300x112.jpg 300w, http:\/\/passasete.rs.gov.br\/portal\/wp-content\/uploads\/2021\/08\/covid-trans-260x97.jpg 260w, http:\/\/passasete.rs.gov.br\/portal\/wp-content\/uploads\/2021\/08\/covid-trans-50x19.jpg 50w, http:\/\/passasete.rs.gov.br\/portal\/wp-content\/uploads\/2021\/08\/covid-trans-150x56.jpg 150w\" sizes=\"(max-width: 416px) 100vw, 416px\" \/><\/a><\/figure>\n","protected":false},"excerpt":{"rendered":"<p>Os insumos adquiridos n\u00e3o foram apenas para sala de vacina\u00e7\u00e3o, e sim para todos os estabelecimentos de sa\u00fade.<\/p>\n","protected":false},"author":3,"featured_media":0,"parent":0,"menu_order":0,"comment_status":"closed","ping_status":"closed","template":"","meta":{"footnotes":""},"class_list":["post-3986","page","type-page","status-publish","hentry"],"_links":{"self":[{"href":"http:\/\/passasete.rs.gov.br\/portal\/wp-json\/wp\/v2\/pages\/3986","targetHints":{"allow":["GET"]}}],"collection":[{"href":"http:\/\/passasete.rs.gov.br\/portal\/wp-json\/wp\/v2\/pages"}],"about":[{"href":"http:\/\/passasete.rs.gov.br\/portal\/wp-json\/wp\/v2\/types\/page"}],"author":[{"embeddable":true,"href":"http:\/\/passasete.rs.gov.br\/portal\/wp-json\/wp\/v2\/users\/3"}],"replies":[{"embeddable":true,"href":"http:\/\/passasete.rs.gov.br\/portal\/wp-json\/wp\/v2\/comments?post=3986"}],"version-history":[{"count":2,"href":"http:\/\/passasete.rs.gov.br\/portal\/wp-json\/wp\/v2\/pages\/3986\/revisions"}],"predecessor-version":[{"id":4005,"href":"http:\/\/passasete.rs.gov.br\/portal\/wp-json\/wp\/v2\/pages\/3986\/revisions\/4005"}],"wp:attachment":[{"href":"http:\/\/passasete.rs.gov.br\/portal\/wp-json\/wp\/v2\/media?parent=3986"}],"curies":[{"name":"wp","href":"https:\/\/api.w.org\/{rel}","templated":true}]}}