{"id":3990,"date":"2021-08-10T20:23:13","date_gmt":"2021-08-10T23:23:13","guid":{"rendered":"http:\/\/passasete.rs.gov.br\/portal\/?page_id=3990"},"modified":"2021-08-18T15:33:21","modified_gmt":"2021-08-18T18:33:21","slug":"sobre-o-virus","status":"publish","type":"page","link":"http:\/\/passasete.rs.gov.br\/portal\/sobre-o-virus\/","title":{"rendered":"Sobre o V\u00edrus"},"content":{"rendered":"\n<p>O coronav\u00edrus (COVID-19) \u00e9 uma doen\u00e7a infecciosa causada por um novo v\u00edrus que nunca havia sido identificado em humanos.<br>O v\u00edrus causa uma doen\u00e7a respirat\u00f3ria semelhante \u00e0 gripe e tem sintomas como tosse, febre e, em casos mais graves, pneumonia. \u00c9 poss\u00edvel se proteger ao lavar as m\u00e3os com frequ\u00eancia e evitar tocar no rosto.<\/p>\n\n\n\n<p>Transmiss\u00e3o<\/p>\n\n\n\n<p>A principal forma de cont\u00e1gio do novo coronav\u00edrus \u00e9 o contato com uma pessoa infectada, que transmite o v\u00edrus por meio de tosse, espirros, got\u00edculas de saliva ou coriza.<\/p>\n\n\n\n<p>Fonte: https:\/\/www.who.int\/emergencies\/diseases\/novel-coronavirus-2019<\/p>\n","protected":false},"excerpt":{"rendered":"<p>O coronav\u00edrus (COVID-19) \u00e9 uma doen\u00e7a infecciosa causada por um novo v\u00edrus que nunca havia sido identificado em humanos.O v\u00edrus causa uma doen\u00e7a respirat\u00f3ria semelhante \u00e0<span class=\"excerpt-hellip\"> [\u2026]<\/span><\/p>\n","protected":false},"author":3,"featured_media":0,"parent":0,"menu_order":0,"comment_status":"closed","ping_status":"closed","template":"","meta":{"footnotes":""},"class_list":["post-3990","page","type-page","status-publish","hentry"],"_links":{"self":[{"href":"http:\/\/passasete.rs.gov.br\/portal\/wp-json\/wp\/v2\/pages\/3990","targetHints":{"allow":["GET"]}}],"collection":[{"href":"http:\/\/passasete.rs.gov.br\/portal\/wp-json\/wp\/v2\/pages"}],"about":[{"href":"http:\/\/passasete.rs.gov.br\/portal\/wp-json\/wp\/v2\/types\/page"}],"author":[{"embeddable":true,"href":"http:\/\/passasete.rs.gov.br\/portal\/wp-json\/wp\/v2\/users\/3"}],"replies":[{"embeddable":true,"href":"http:\/\/passasete.rs.gov.br\/portal\/wp-json\/wp\/v2\/comments?post=3990"}],"version-history":[{"count":2,"href":"http:\/\/passasete.rs.gov.br\/portal\/wp-json\/wp\/v2\/pages\/3990\/revisions"}],"predecessor-version":[{"id":4009,"href":"http:\/\/passasete.rs.gov.br\/portal\/wp-json\/wp\/v2\/pages\/3990\/revisions\/4009"}],"wp:attachment":[{"href":"http:\/\/passasete.rs.gov.br\/portal\/wp-json\/wp\/v2\/media?parent=3990"}],"curies":[{"name":"wp","href":"https:\/\/api.w.org\/{rel}","templated":true}]}}