{"id":4306,"date":"2022-01-18T15:08:22","date_gmt":"2022-01-18T18:08:22","guid":{"rendered":"http:\/\/passasete.rs.gov.br\/portal\/?page_id=4306"},"modified":"2023-05-04T16:19:15","modified_gmt":"2023-05-04T19:19:15","slug":"insumos-recebidos-adquiridos","status":"publish","type":"page","link":"http:\/\/passasete.rs.gov.br\/portal\/insumos-recebidos-adquiridos\/","title":{"rendered":"Insumos recebidos\/adquiridos"},"content":{"rendered":"\n<figure class=\"wp-block-table\"><table><tbody><tr><td><strong>INSUMOS RECEBIDOS RELACIONADOS \u00c0 VACINA\u00c7\u00c3O CONTRA A COVID-19<\/strong><\/td><\/tr><tr><td><strong><em>DATA DE FORNECIMENTO DA 8\u00aa CRS<\/em><\/strong><\/td><td><strong><em>&nbsp;<\/em><\/strong> <strong><em>&nbsp;<\/em><\/strong> <strong><em>DESCRI\u00c7\u00c3O<\/em><\/strong><\/td><td><strong><em>FABRICANTE<\/em><\/strong><\/td><td><strong><em>LOTE<\/em><\/strong><\/td><td><strong><em>VALIDADE<\/em><\/strong><\/td><td><strong><em>N\u00daMERO DE DOSES<\/em><\/strong> <strong><em>QUANTIDADE RECEBIDA EMBALAGENS<\/em><\/strong><\/td><\/tr><tr><td>24\/05\/2021<\/td><td>CLORETO DE S\u00d3DIO, SOLU\u00c7\u00c3O INJET\u00c1VEL \u2013 0,9% 10ML<\/td><td>EQUIPLEX INDUSTRIA FARMAC\u00caUTICA LTDA<\/td><td>2130826<\/td><td>12\/04\/2023<\/td><td>10<\/td><\/tr><tr><td>24\/05\/2021<\/td><td>SERINGA ESTERIL DESCART \u2013 1 ML C\/AG 23GX1<\/td><td>HINDUSTAN SYRINGES &amp; MEDICAL DEVICES LTDA.<\/td><td>104017EG31<\/td><td>31\/12\/2025<\/td><td>60<\/td><\/tr><tr><td>04\/06\/2021<\/td><td>CLORETO DE S\u00d3DIO, SOLU\u00c7\u00c3O INJET\u00c1VEL \u2013 0,9% 10ML<\/td><td>EQUIPLEX INDUSTRIA FARMAC\u00caUTICA LTDA<\/td><td>2130823<\/td><td>12\/04\/2023<\/td><td>5<\/td><\/tr><tr><td>11\/06\/2021<\/td><td>CLORETO DE S\u00d3DIO, SOLU\u00c7\u00c3O INJET\u00c1VEL \u2013 0,9% 10ML<\/td><td>EQUIPLEX INDUSTRIA FARMAC\u00caUTICA LTDA<\/td><td>2130823<\/td><td>12\/04\/2023<\/td><td>12<\/td><\/tr><tr><td>16\/06\/2021<\/td><td>AGULHA HIPODERMICA EM A\u00c7O INOX SILICONIZADO PONTA BISEL CURTO TRIFACETADO \u2013 23GX1<\/td><td>SALDANHA RODRIGUES LTDA.<\/td><td>1303<\/td><td>30\/04\/2026<\/td><td>38<\/td><\/tr><tr><td>16\/06\/2021<\/td><td>SERINGA DESCART\u00c1VEL SEM AGULHA 1 ML 0 BICO LUER SLIP<\/td><td>SALDANHA RODRIGUES LTDA.<\/td><td>1351<\/td><td>30\/04\/2026<\/td><td>38<\/td><\/tr><tr><td>21\/06\/2021<\/td><td>CLORETO DE S\u00d3DIO, SOLU\u00c7\u00c3O INJET\u00c1VEL \u2013 0,9% 10ML<\/td><td>EQUIPLEX INDUSTRIA FARMAC\u00caUTICA LTDA<\/td><td>2130826<\/td><td>12\/04\/2023<\/td><td>6<\/td><\/tr><tr><td>21\/06\/2021<\/td><td>CLORETO DE S\u00d3DIO, SOLU\u00c7\u00c3O INJET\u00c1VEL \u2013 0,9% 10ML<\/td><td>EQUIPLEX INDUSTRIA FARMAC\u00caUTICA LTDA<\/td><td>2130942<\/td><td>26\/042023<\/td><td>3<\/td><\/tr><tr><td>21\/06\/2021<\/td><td>AGULHA HIPODERMICA EM A\u00c7O INOX SILICONIZADO PONTA BISEL CURTO TRIFACETADO \u2013 23GX1<\/td><td>SALDANHA RODRIGUES LTDA.<\/td><td>1303<\/td><td>30\/04\/2026<\/td><td>54<\/td><\/tr><tr><td>21\/06\/2021<\/td><td>SERINGA DESCART\u00c1VEL SEM AGULHA 1 ML 0 BICO LUER SLIP<\/td><td>SALDANHA RODRIGUES LTDA.<\/td><td>1351<\/td><td>30\/04\/2026<\/td><td>54<\/td><\/tr><tr><td>24\/06\/2021<\/td><td>AGULHA HIPODERMICA EM A\u00c7O INOX SILICONIZADO PONTA BISEL CURTO TRIFACETADO \u2013 22GX1<\/td><td>SALDANHA RODRIGUES LTDA.<\/td><td>1342<\/td><td>30\/04\/2026<\/td><td>64<\/td><\/tr><tr><td>24\/06\/2021<\/td><td>AGULHA HIPODERMICA EM A\u00c7O INOX SILICONIZADO PONTA BISEL CURTO TRIFACETADO \u2013 23GX1<\/td><td>SALDANHA RODRIGUES LTDA.<\/td><td>1303<\/td><td>30\/04\/2026<\/td><td>8<\/td><\/tr><tr><td>24\/06\/2021<\/td><td>SERINGA DESCART\u00c1VEL SEM AGULHA 1 ML&nbsp; BICO LUER SLIP<\/td><td>SALDANHA RODRIGUES LTDA.<\/td><td>1351<\/td><td>30\/04\/2026<\/td><td>72<\/td><\/tr><tr><td>25\/06\/2021<\/td><td>CLORETO DE S\u00d3DIO, SOLU\u00c7\u00c3O INJET\u00c1VEL \u2013 0,9% 10ML<\/td><td>EQUIPLEX INDUSTRIA FARMAC\u00caUTICA LTDA<\/td><td>2130941<\/td><td>26\/042023<\/td><td>12<\/td><\/tr><tr><td>01\/07\/2021<\/td><td>AGULHA HIPODERMICA EM A\u00c7O INOX SILICONIZADO PONTA BISEL CURTO TRIFACETADO \u2013 22GX1<\/td><td>SALDANHA RODRIGUES LTDA.<\/td><td>1342<\/td><td>30\/04\/2026<\/td><td>30<\/td><\/tr><tr><td>01\/07\/2021<\/td><td>SERINGA DESCART\u00c1VEL SEM AGULHA 1 ML&nbsp; BICO LUER SLIP<\/td><td>SALDANHA RODRIGUES LTDA.<\/td><td>1351<\/td><td>30\/04\/2026<\/td><td>30<\/td><\/tr><tr><td>05\/07\/2021<\/td><td>AGULHA HIPODERMICA EM A\u00c7O INOX SILICONIZADO PONTA BISEL CURTO TRIFACETADO \u2013 22GX1<\/td><td>SALDANHA RODRIGUES LTDA.<\/td><td>1342<\/td><td>30\/04\/2026<\/td><td>42<\/td><\/tr><tr><td>05\/07\/2021<\/td><td>SERINGA DESCART\u00c1VEL 1 ML&nbsp; C\/AG 23GX1<\/td><td>HINDUSTAN SYRINGES &amp; MEDICAL DEVICES LTDA<\/td><td>106013FG32<\/td><td>31\/01\/2026<\/td><td>24<\/td><\/tr><tr><td>05\/07\/2021<\/td><td>SERINGA DESCART\u00c1VEL SEM AGULHA 1 ML&nbsp; BICO LUER SLIP<\/td><td>SALDANHA RODRIGUES LTDA.<\/td><td>1351<\/td><td>30\/04\/2026<\/td><td>42<\/td><\/tr><tr><td>06\/07\/2021<\/td><td>CLORETO DE S\u00d3DIO, SOLU\u00c7\u00c3O INJET\u00c1VEL \u2013 0,9% 10ML<\/td><td>EQUIPLEX INDUSTRIA FARMAC\u00caUTICA LTDA<\/td><td>2130941<\/td><td>26\/042023<\/td><td>11<\/td><\/tr><tr><td>09\/07\/2021<\/td><td>CLORETO DE S\u00d3DIO, SOLU\u00c7\u00c3O INJET\u00c1VEL \u2013 0,9% 10ML<\/td><td>EQUIPLEX INDUSTRIA FARMAC\u00caUTICA LTDA<\/td><td>2130941<\/td><td>26\/042023<\/td><td>14<\/td><\/tr><tr><td>09\/07\/2021<\/td><td>SERINGA DESCART\u00c1VEL 1 ML&nbsp; C\/AG 23GX1<\/td><td>HINDUSTAN SYRINGES &amp; MEDICAL DEVICES LTDA<\/td><td>106013FG32<\/td><td>31\/01\/2026<\/td><td>84<\/td><\/tr><tr><td>21\/07\/2021<\/td><td>CLORETO DE S\u00d3DIO, SOLU\u00c7\u00c3O INJET\u00c1VEL \u2013 0,9% 10ML<\/td><td>EQUIPLEX INDUSTRIA FARMAC\u00caUTICA LTDA<\/td><td>2130941<\/td><td>26\/042023<\/td><td>3<\/td><\/tr><tr><td>21\/07\/2021<\/td><td>SERINGA DESCART\u00c1VEL 1 ML&nbsp; C\/AG 23GX1<\/td><td>HINDUSTAN SYRINGES &amp; MEDICAL DEVICES LTDA<\/td><td>1111011EG42<\/td><td>28\/02\/2026<\/td><td>18<\/td><\/tr><tr><td>29\/07\/2021<\/td><td>CLORETO DE S\u00d3DIO, SOLU\u00c7\u00c3O INJET\u00c1VEL \u2013 0,9% 10ML<\/td><td>EQUIPLEX INDUSTRIA FARMAC\u00caUTICA LTDA<\/td><td>2130941<\/td><td>26\/042023<\/td><td>5<\/td><\/tr><tr><td>29\/07\/2021<\/td><td>SERINGA DESCART\u00c1VEL 1 ML&nbsp; C\/AG 23GX1<\/td><td>HINDUSTAN SYRINGES &amp; MEDICAL DEVICES LTDA<\/td><td>1111011EG42<\/td><td>28\/02\/2026<\/td><td>90<\/td><\/tr><tr><td>29\/07\/2021<\/td><td>CLORETO DE S\u00d3DIO, SOLU\u00c7\u00c3O INJET\u00c1VEL \u2013 0,9% 10ML<\/td><td>EQUIPLEX INDUSTRIA FARMAC\u00caUTICA LTDA<\/td><td>2130941<\/td><td>26\/042023<\/td><td>10<\/td><\/tr><tr><td>03\/08\/2021<\/td><td>CLORETO DE S\u00d3DIO, SOLU\u00c7\u00c3O INJET\u00c1VEL \u2013 0,9% 10ML<\/td><td>EQUIPLEX INDUSTRIA FARMAC\u00caUTICA LTDA<\/td><td>2130941<\/td><td>26\/042023<\/td><td>14<\/td><\/tr><tr><td>03\/08\/2021<\/td><td>SERINGA DESCART\u00c1VEL 3ML&nbsp; C\/AG 25GX6<\/td><td>BECTON DICKINSON INDUSTRIAS CIRURGICAS LTDA.<\/td><td>1083055_BD(800)<\/td><td>31\/03\/2026<\/td><td>3<\/td><\/tr><tr><td>03\/08\/2021<\/td><td>SERINGA DESCART\u00c1VEL SEM AGULHA 1 ML&nbsp; BICO LUER SLIP<\/td><td>SALDANHA RODRIGUES LTDA.<\/td><td>3124P4<\/td><td>23\/05\/2026<\/td><td>84<\/td><\/tr><tr><td>03\/08\/2021<\/td><td>AGULHA HIPODERMICA EM A\u00c7O INOX SILICONIZADO PONTA BISEL CURTO TRIFACETADO \u2013 22GX1<\/td><td>SALDANHA RODRIGUES LTDA.<\/td><td>1389<\/td><td>31\/05\/2026<\/td><td>84<\/td><\/tr><tr><td>05\/08\/2021<\/td><td>AGULHA HIPODERMICA EM A\u00c7O INOX SILICONIZADO PONTA BISEL CURTO TRIFACETADO \u2013 23GX1<\/td><td>SALDANHA RODRIGUES LTDA.<\/td><td>1364<\/td><td>30\/04\/2026<\/td><td>252<\/td><\/tr><tr><td>05\/08\/2021<\/td><td>SERINGA DESCART\u00c1VEL SEM AGULHA 1 ML&nbsp; BICO LUER SLIP<\/td><td>SALDANHA RODRIGUES LTDA.<\/td><td>1336<\/td><td>30\/04\/2026<\/td><td>252<\/td><\/tr><tr><td>06\/08\/2021<\/td><td>CLORETO DE S\u00d3DIO, SOLU\u00c7\u00c3O INJET\u00c1VEL \u2013 0,9% 10ML<\/td><td>EQUIPLEX INDUSTRIA FARMAC\u00caUTICA LTDA<\/td><td>2130941<\/td><td>26\/04\/2023<\/td><td>42<\/td><\/tr><tr><td>13\/08\/2021<\/td><td>AGULHA HIPODERMICA EM A\u00c7O INOX SILICONIZADO PONTA BISEL CURTO TRIFACETADO \u2013 23GX1<\/td><td>SALDANHA RODRIGUES LTDA.<\/td><td>1477<\/td><td>30\/06\/2026<\/td><td>30<\/td><\/tr><tr><td>13\/08\/2021<\/td><td>SERINGA DESCART\u00c1VEL SEM AGULHA 1 ML&nbsp; BICO LUER SLIP<\/td><td>SALDANHA RODRIGUES LTDA.<\/td><td>3173P4<\/td><td>02\/06\/2026<\/td><td>30<\/td><\/tr><tr><td>2708\/2021<\/td><td>CLORETO DE S\u00d3DIO, SOLU\u00c7\u00c3O INJET\u00c1VEL \u2013 0,9% 10ML<\/td><td>EQUIPLEX INDUSTRIA FARMAC\u00caUTICA LTDA<\/td><td>2131159<\/td><td>24\/05\/2023<\/td><td>12<\/td><\/tr><tr><td>27\/08\/2021<\/td><td>SERINGA DESCART\u00c1VEL 3ML&nbsp; C\/AG 25GX6<\/td><td>BECTON DICKINSON INDUSTRIAS CIRURGICAS LTDA.<\/td><td>1119626__BD(800)<\/td><td>30\/04\/2026<\/td><td>72<\/td><\/tr><tr><td>12\/08\/2021<\/td><td>CLORETO DE S\u00d3DIO, SOLU\u00c7\u00c3O INJET\u00c1VEL \u2013 0,9% 10ML<\/td><td>EQUIPLEX INDUSTRIA FARMAC\u00caUTICA LTDA<\/td><td>2131159<\/td><td>24\/05\/2023<\/td><td>&nbsp; 5<\/td><\/tr><tr><td>01\/09\/2021<\/td><td>CLORETO DE S\u00d3DIO, SOLU\u00c7\u00c3O INJET\u00c1VEL \u2013 0,9% 10ML<\/td><td>EQUIPLEX INDUSTRIA FARMAC\u00caUTICA LTDA<\/td><td>2131159<\/td><td>24\/05\/2023<\/td><td>&nbsp; 5<\/td><\/tr><tr><td>03\/09\/2021<\/td><td>CLORETO DE S\u00d3DIO, SOLU\u00c7\u00c3O INJET\u00c1VEL \u2013 0,9% 10ML<\/td><td>EQUIPLEX INDUSTRIA FARMAC\u00caUTICA LTDA<\/td><td>2131159<\/td><td>24\/05\/2023<\/td><td>&nbsp; 4<\/td><\/tr><tr><td>08\/09\/2021<\/td><td>CLORETO DE S\u00d3DIO, SOLU\u00c7\u00c3O INJET\u00c1VEL \u2013 0,9% 10ML<\/td><td>EQUIPLEX INDUSTRIA FARMAC\u00caUTICA LTDA<\/td><td>2131159<\/td><td>24\/05\/2023<\/td><td>&nbsp; 10<\/td><\/tr><tr><td>14\/09\/2021<\/td><td>CLORETO DE S\u00d3DIO, SOLU\u00c7\u00c3O INJET\u00c1VEL \u2013 0,9% 10ML<\/td><td>EQUIPLEX INDUSTRIA FARMAC\u00caUTICA LTDA<\/td><td>2131539<\/td><td>06\/07\/2023<\/td><td>&nbsp; 5<\/td><\/tr><tr><td>14\/09\/2021<\/td><td>CLORETO DE S\u00d3DIO, SOLU\u00c7\u00c3O INJET\u00c1VEL \u2013 0,9% 10ML<\/td><td>EQUIPLEX INDUSTRIA FARMAC\u00caUTICA LTDA<\/td><td>2131539<\/td><td>06\/07\/2023<\/td><td>&nbsp; 6<\/td><\/tr><tr><td>15\/09\/2021<\/td><td>CLORETO DE S\u00d3DIO, SOLU\u00c7\u00c3O INJET\u00c1VEL \u2013 0,9% 10ML<\/td><td>EQUIPLEX INDUSTRIA FARMAC\u00caUTICA LTDA<\/td><td>2131539<\/td><td>06\/07\/2023<\/td><td>&nbsp; 15<\/td><\/tr><tr><td>22\/09\/2021<\/td><td>CLORETO DE S\u00d3DIO, SOLU\u00c7\u00c3O INJET\u00c1VEL \u2013 0,9% 10ML<\/td><td>EQUIPLEX INDUSTRIA FARMAC\u00caUTICA LTDA<\/td><td>2131539<\/td><td>06\/07\/2023<\/td><td>&nbsp; 28<\/td><\/tr><tr><td>22\/09\/2021<\/td><td>SERINGA DESCART\u00c1VEL 1 ML&nbsp; C\/AG 23GX1<\/td><td>QATARI GERMAN MEDICAL DEVICES<\/td><td>2101052<\/td><td>30\/04\/2026<\/td><td>102<\/td><\/tr><tr><td>22\/09\/2021<\/td><td>CLORETO DE S\u00d3DIO, SOLU\u00c7\u00c3O INJET\u00c1VEL \u2013 0,9% 10ML<\/td><td>EQUIPLEX INDUSTRIA FARMAC\u00caUTICA LTDA<\/td><td>2131539<\/td><td>06\/07\/2023<\/td><td>&nbsp; 17<\/td><\/tr><tr><td>27\/09\/2021<\/td><td>CLORETO DE S\u00d3DIO, SOLU\u00c7\u00c3O INJET\u00c1VEL \u2013 0,9% 10ML<\/td><td>EQUIPLEX INDUSTRIA FARMAC\u00caUTICA LTDA<\/td><td>2131539<\/td><td>06\/07\/2023<\/td><td>&nbsp; 19<\/td><\/tr><tr><td>27\/09\/2021<\/td><td>CLORETO DE S\u00d3DIO, SOLU\u00c7\u00c3O INJET\u00c1VEL \u2013 0,9% 10ML<\/td><td>EQUIPLEX INDUSTRIA FARMAC\u00caUTICA LTDA<\/td><td>2131539<\/td><td>06\/07\/2023<\/td><td>&nbsp; 5<\/td><\/tr><tr><td>04\/10\/2021<\/td><td>CLORETO DE S\u00d3DIO, SOLU\u00c7\u00c3O INJET\u00c1VEL \u2013 0,9% 10ML<\/td><td>EQUIPLEX INDUSTRIA FARMAC\u00caUTICA LTDA<\/td><td>2131539<\/td><td>06\/07\/2023<\/td><td>&nbsp; 13<\/td><\/tr><tr><td>04\/10\/2021<\/td><td>CLORETO DE S\u00d3DIO, SOLU\u00c7\u00c3O INJET\u00c1VEL \u2013 0,9% 10ML<\/td><td>EQUIPLEX INDUSTRIA FARMAC\u00caUTICA LTDA<\/td><td>2131539<\/td><td>06\/07\/2023<\/td><td>&nbsp; 44<\/td><\/tr><tr><td>05\/10\/2021<\/td><td>CLORETO DE S\u00d3DIO, SOLU\u00c7\u00c3O INJET\u00c1VEL \u2013 0,9% 10ML<\/td><td>EQUIPLEX INDUSTRIA FARMAC\u00caUTICA LTDA<\/td><td>2131539<\/td><td>06\/07\/2023<\/td><td>&nbsp; 3<\/td><\/tr><tr><td>07\/10\/2021<\/td><td>CLORETO DE S\u00d3DIO, SOLU\u00c7\u00c3O INJET\u00c1VEL \u2013 0,9% 10ML<\/td><td>EQUIPLEX INDUSTRIA FARMAC\u00caUTICA LTDA<\/td><td>2131539<\/td><td>06\/07\/2023<\/td><td>&nbsp; 3<\/td><\/tr><tr><td>20\/10\/2021<\/td><td>CLORETO DE S\u00d3DIO, SOLU\u00c7\u00c3O INJET\u00c1VEL \u2013 0,9% 10ML<\/td><td>HALEXISTAR \u2013 HALEX ISTAR INDUSTRIA FARMACEUTICA<\/td><td>1060494<\/td><td>25\/06\/2023<\/td><td>13<\/td><\/tr><tr><td>25\/10\/2021<\/td><td>CLORETO DE S\u00d3DIO, SOLU\u00c7\u00c3O INJET\u00c1VEL \u2013 0,9% 10ML<\/td><td>EQUIPLEX INDUSTRIA FARMAC\u00caUTICA LTDA<\/td><td>2131539<\/td><td>06\/07\/2023<\/td><td>&nbsp; 4<\/td><\/tr><tr><td>26\/10\/2021<\/td><td>CLORETO DE S\u00d3DIO, SOLU\u00c7\u00c3O INJET\u00c1VEL \u2013 0,9% 10ML<\/td><td>HALEXISTAR \u2013 HALEX ISTAR INDUSTRIA FARMACEUTICA<\/td><td>1060494<\/td><td>25\/06\/2023<\/td><td>34<\/td><\/tr><tr><td>03\/11\/2021<\/td><td>CLORETO DE S\u00d3DIO, SOLU\u00c7\u00c3O INJET\u00c1VEL \u2013 0,9% 10ML<\/td><td>EQUIPLEX INDUSTRIA FARMAC\u00caUTICA LTDA<\/td><td>2131539<\/td><td>06\/07\/2023<\/td><td>11<\/td><\/tr><tr><td>05112021<\/td><td>CLORETO DE S\u00d3DIO, SOLU\u00c7\u00c3O INJET\u00c1VEL \u2013 0,9% 10ML<\/td><td>EQUIPLEX INDUSTRIA FARMAC\u00caUTICA LTDA<\/td><td>2131539<\/td><td>06\/07\/2023<\/td><td>19<\/td><\/tr><tr><td>12\/11\/2021<\/td><td>CLORETO DE S\u00d3DIO, SOLU\u00c7\u00c3O INJET\u00c1VEL \u2013 0,9% 10ML<\/td><td>EQUIPLEX INDUSTRIA FARMAC\u00caUTICA LTDA<\/td><td>2131539<\/td><td>06\/07\/2023<\/td><td>24<\/td><\/tr><tr><td>19\/11\/2021<\/td><td>CLORETO DE S\u00d3DIO, SOLU\u00c7\u00c3O INJET\u00c1VEL \u2013 0,9% 10ML<\/td><td>EQUIPLEX INDUSTRIA FARMAC\u00caUTICA LTDA<\/td><td>2131821<\/td><td>08\/08\/2023<\/td><td>26<\/td><\/tr><tr><td>25\/11\/2021<\/td><td>CLORETO DE S\u00d3DIO, SOLU\u00c7\u00c3O INJET\u00c1VEL \u2013 0,9% 10ML<\/td><td>EQUIPLEX INDUSTRIA FARMAC\u00caUTICA LTDA<\/td><td>2131821<\/td><td>08\/08\/2023<\/td><td>18<\/td><\/tr><tr><td>01\/12\/2021<\/td><td>CLORETO DE S\u00d3DIO, SOLU\u00c7\u00c3O INJET\u00c1VEL \u2013 0,9% 10ML<\/td><td>EQUIPLEX INDUSTRIA FARMAC\u00caUTICA LTDA<\/td><td>2131821<\/td><td>08\/08\/2023<\/td><td>34<\/td><\/tr><tr><td>09\/12\/2021<\/td><td>CLORETO DE S\u00d3DIO, SOLU\u00c7\u00c3O INJET\u00c1VEL \u2013 0,9% 10ML<\/td><td>FARMACE INDUSTRIA QUIMICO- FARMAC\u00caUTICA CEARENSE LTDA<\/td><td>21G8520C<\/td><td>17\/07\/2023<\/td><td>15<\/td><\/tr><tr><td>17\/12\/2021<\/td><td>CLORETO DE S\u00d3DIO, SOLU\u00c7\u00c3O INJET\u00c1VEL \u2013 0,9% 10ML<\/td><td>FARMACE INDUSTRIA QUIMICO- FARMAC\u00caUTICA CEARENSE LTDA<\/td><td>21G8520C<\/td><td>17\/07\/2023<\/td><td>21<\/td><\/tr><tr><td>27\/12\/2021<\/td><td>CLORETO DE S\u00d3DIO, SOLU\u00c7\u00c3O INJET\u00c1VEL \u2013 0,9% 10ML<\/td><td>FARMACE INDUSTRIA QUIMICO- FARMAC\u00caUTICA CEARENSE LTDA<\/td><td>21G8520C<\/td><td>17\/07\/2023<\/td><td>24<\/td><\/tr><tr><td>04\/01\/2022<\/td><td>CLORETO DE S\u00d3DIO, SOLU\u00c7\u00c3O INJET\u00c1VEL \u2013 0,9% 10ML<\/td><td>EQUIPLEX INDUSTRIA FARMAC\u00caUTICA LTDA<\/td><td>2131988<\/td><td>27\/08\/2023<\/td><td>20<\/td><\/tr><tr><td>11\/01\/2022<\/td><td>CLORETO DE S\u00d3DIO, SOLU\u00c7\u00c3O INJET\u00c1VEL \u2013 0,9% 10ML<\/td><td>EQUIPLEX INDUSTRIA FARMAC\u00caUTICA LTDA<\/td><td>2132032<\/td><td>02\/09\/2023<\/td><td>27<\/td><\/tr><tr><td>17\/01\/2022<\/td><td>SERINGA ESTERIL DESCARTAVEL 1ML<\/td><td>NUBENCO (SHANGHAI) COMPANY LTDA.<\/td><td>CW130522<\/td><td>30\/06\/2026<\/td><td>30<\/td><\/tr><tr><td>17\/01\/2022<\/td><td>CLORETO DE S\u00d3DIO, SOLU\u00c7\u00c3O INJET\u00c1VEL \u2013 0,9% 10ML<\/td><td>EQUIPLEX INDUSTRIA FARMAC\u00caUTICA LTDA<\/td><td>2132191<\/td><td>16\/09\/2023<\/td><td>43<\/td><\/tr><tr><td>20\/01\/2022<\/td><td>CLORETO DE S\u00d3DIO, SOLU\u00c7\u00c3O INJET\u00c1VEL \u2013 0,9% 10ML<\/td><td>EQUIPLEX INDUSTRIA FARMAC\u00caUTICA LTDA<\/td><td>2132191<\/td><td>16\/09\/2023<\/td><td>15<\/td><\/tr><tr><td>31\/01\/2022<\/td><td>CLORETO DE S\u00d3DIO, SOLU\u00c7\u00c3O INJET\u00c1VEL \u2013 0,9% 10ML<\/td><td>EQUIPLEX INDUSTRIA FARMAC\u00caUTICA LTDA<\/td><td>2132192<\/td><td>16\/09\/2023<\/td><td>13<\/td><\/tr><tr><td>01\/02\/2022<\/td><td>CLORETO DE S\u00d3DIO, SOLU\u00c7\u00c3O INJET\u00c1VEL \u2013 0,9% 10ML<\/td><td>EQUIPLEX INDUSTRIA FARMAC\u00caUTICA LTDA<\/td><td>2132316<\/td><td>01\/10\/2023<\/td><td>5<\/td><\/tr><tr><td>07\/02\/2022<\/td><td>CLORETO DE S\u00d3DIO, SOLU\u00c7\u00c3O INJET\u00c1VEL \u2013 0,9% 10ML<\/td><td>EQUIPLEX INDUSTRIA FARMAC\u00caUTICA LTDA<\/td><td>2132316<\/td><td>01\/10\/2023<\/td><td>5<\/td><\/tr><tr><td>15\/02\/2022<\/td><td>CLORETO DE S\u00d3DIO, SOLU\u00c7\u00c3O INJET\u00c1VEL \u2013 0,9% 10ML<\/td><td>EQUIPLEX IND\u00daSTRIA FARMAC\u00caUTICA LTDA<\/td><td>2132316<\/td><td>01\/10\/2023<\/td><td>5<\/td><\/tr><tr><td>17\/02\/2022<\/td><td>CLORETO DE S\u00d3DIO, SOLU\u00c7\u00c3O INJET\u00c1VEL \u2013 0,9% 10ML<\/td><td>EQUIPLEX IND\u00daSTRIA FARMAC\u00caUTICA LTDA<\/td><td>2132316<\/td><td>01\/10\/2023<\/td><td>2<\/td><\/tr><tr><td>23\/02\/2022<\/td><td>CLORETO DE S\u00d3DIO, SOLU\u00c7\u00c3O INJET\u00c1VEL \u2013 0,9% 10ML<\/td><td>EQUIPLEX IND\u00daSTRIA FARMAC\u00caUTICA LTDA<\/td><td>2132191<\/td><td>16\/09\/2023<\/td><td>1<\/td><\/tr><tr><td>11\/03\/2022<\/td><td>CLORETO DE S\u00d3DIO, SOLU\u00c7\u00c3O INJET\u00c1VEL \u2013 0,9% 10ML<\/td><td>EQUIPLEX IND\u00daSTRIA FARMAC\u00caUTICA LTDA<\/td><td>2132315<\/td><td>01\/10\/2023<\/td><td>6<\/td><\/tr><tr><td>21\/03\/2022<\/td><td>CLORETO DE S\u00d3DIO, SOLU\u00c7\u00c3O INJET\u00c1VEL \u2013 0,9% 10ML<\/td><td>EQUIPLEX IND\u00daSTRIA FARMAC\u00caUTICA LTDA<\/td><td>2132315<\/td><td>01\/10\/2023<\/td><td>1<\/td><\/tr><tr><td>28\/03\/2022<\/td><td>CLORETO DE S\u00d3DIO, SOLU\u00c7\u00c3O INJET\u00c1VEL \u2013 0,9% 10ML<\/td><td>EQUIPLEX IND\u00daSTRIA FARMAC\u00caUTICA LTDA<\/td><td>2132315<\/td><td>01\/10\/2023<\/td><td>5<\/td><\/tr><tr><td>12\/04\/2022<\/td><td>CLORETO DE S\u00d3DIO, SOLU\u00c7\u00c3O INJET\u00c1VEL \u2013 0,9% 10ML<\/td><td>EQUIPLEX IND\u00daSTRIA FARMAC\u00caUTICA LTDA<\/td><td>2132315<\/td><td>01\/10\/2023<\/td><td>5<\/td><\/tr><tr><td>19\/04\/2022<\/td><td>DILUENTE P\/VACINA TRIPLICE VIRAL \u2013 10 DOSES<\/td><td>FUNDA\u00c7\u00c3O OSWALDO CRUZ<\/td><td>209DVA049Z<\/td><td>30\/09\/2025<\/td><td>70<\/td><\/tr><tr><td>10\/05\/2022<\/td><td>CLORETO DE S\u00d3DIO, SOLU\u00c7\u00c3O INJET\u00c1VEL \u2013 0,9% 10ML<\/td><td>EQUIPLEX IND\u00daSTRIA FARMAC\u00caUTICA LTDA<\/td><td>2132315<\/td><td>01\/10\/2023<\/td><td>1<\/td><\/tr><tr><td>16\/05\/2022<\/td><td>CLORETO DE S\u00d3DIO, SOLU\u00c7\u00c3O INJET\u00c1VEL \u2013 0,9% 10ML<\/td><td>EQUIPLEX IND\u00daSTRIA FARMAC\u00caUTICA LTDA<\/td><td>2132315<\/td><td>01\/10\/2023<\/td><td>3<\/td><\/tr><tr><td>23\/05\/2022<\/td><td>CLORETO DE S\u00d3DIO, SOLU\u00c7\u00c3O INJET\u00c1VEL \u2013 0,9% 10ML<\/td><td>EQUIPLEX IND\u00daSTRIA FARMAC\u00caUTICA LTDA<\/td><td>2132191<\/td><td>16\/09\/2023<\/td><td>1<\/td><\/tr><tr><td>23\/05\/2022<\/td><td>DILUENTE P\/VACINA TRIPLICE VIRAL \u2013 10 DOSES<\/td><td>FUNDA\u00c7\u00c3O OSWALDO CRUZ<\/td><td>20PDVA076Z<\/td><td>30\/11\/2025<\/td><td>90<\/td><\/tr><tr><td>13\/06\/2022<\/td><td>CLORETO DE S\u00d3DIO, SOLU\u00c7\u00c3O INJET\u00c1VEL \u2013 0,9% 10ML<\/td><td>EQUIPLEX IND\u00daSTRIA FARMAC\u00caUTICA LTDA<\/td><td>2132315<\/td><td>01\/10\/2023<\/td><td>5<\/td><\/tr><tr><td>27\/06\/2022<\/td><td>CLORETO DE S\u00d3DIO, SOLU\u00c7\u00c3O INFET\u00c1VEL \u2013 0,9% 10ML<\/td><td>FARMACE INDUSTRIA QUIMICO-FARMACEUTICA CEARENSE LTDA<\/td><td>22E8366C<\/td><td>03\/05\/2023<\/td><td>1<\/td><\/tr><tr><td>01\/07\/2022<\/td><td>CLORETO DE S\u00d3DIO, SOLU\u00c7\u00c3O INFET\u00c1VEL \u2013 0,9% 10ML<\/td><td>FARMACE INDUSTRIA QUIMICO-FARMACEUTICA CEARENSE LTDA<\/td><td>22E8366C<\/td><td>03\/05\/2023<\/td><td>2<\/td><\/tr><tr><td>12\/07\/2022<\/td><td>CLORETO DE S\u00d3DIO, SOLU\u00c7\u00c3O INFET\u00c1VEL \u2013 0,9% 10ML<\/td><td>FARMACE INDUSTRIA QUIMICO-FARMACEUTICA CEARENSE LTDA<\/td><td>22E8366C<\/td><td>03\/05\/2023<\/td><td>1<\/td><\/tr><tr><td>26\/07\/2022<\/td><td>CLORETO DE S\u00d3DIO, SOLU\u00c7\u00c3O INFET\u00c1VEL \u2013 0,9% 10ML<\/td><td>FARMACE INDUSTRIA QUIMICO-FARMACEUTICA CEARENSE LTDA<\/td><td>22E8366C<\/td><td>03\/05\/2023<\/td><td>5<\/td><\/tr><tr><td>16\/082022<\/td><td>CLORETO DE S\u00d3DIO, SOLU\u00c7\u00c3O INFET\u00c1VEL \u2013 0,9% 10ML<\/td><td>FARMACE INDUSTRIA QUIMICO-FARMACEUTICA CEARENSE LTDA<\/td><td>22E8366C<\/td><td>03\/05\/2023<\/td><td>8<\/td><\/tr><tr><td>30\/08\/2022<\/td><td>CLORETO DE S\u00d3DIO, SOLU\u00c7\u00c3O INFET\u00c1VEL \u2013 0,9% 10ML<\/td><td>FARMACE INDUSTRIA QUIMICO-FARMACEUTICA CEARENSE LTDA<\/td><td>22E8366C<\/td><td>03\/05\/2023<\/td><td>3<\/td><\/tr><tr><td>13\/09\/2022<\/td><td>CLORETO DE S\u00d3DIO, SOLU\u00c7\u00c3O INFET\u00c1VEL \u2013 0,9% 10ML<\/td><td>FARMACE INDUSTRIA QUIMICO-FARMACEUTICA CEARENSE LTDA<\/td><td>22E8366C<\/td><td>03\/05\/2023<\/td><td>2<\/td><\/tr><tr><td>27\/09\/2022<\/td><td>CLORETO DE S\u00d3DIO, SOLU\u00c7\u00c3O INFET\u00c1VEL \u2013 0,9% 10ML<\/td><td>FARMACE INDUSTRIA QUIMICO-FARMACEUTICA CEARENSE LTDA<\/td><td>22E8366C<\/td><td>03\/05\/2023<\/td><td>2<\/td><\/tr><tr><td>25\/10\/2022<\/td><td>CLORETO DE S\u00d3DIO, SOLU\u00c7\u00c3O INFET\u00c1VEL \u2013 0,9% 10ML<\/td><td>FARMACE INDUSTRIA QUIMICO-FARMACEUTICA CEARENSE LTDA<\/td><td>22E8366C<\/td><td>03\/05\/2023<\/td><td>3<\/td><\/tr><tr><td>16\/11\/2022<\/td><td>CLORETO DE S\u00d3DIO, SOLU\u00c7\u00c3O INJET\u00c1VEL \u2013 0,9% 10ML<\/td><td>EQUIPLEX IND\u00daSTRIA FARMAC\u00caUTICA LTDA<\/td><td>2132191<\/td><td>30\/04\/2023<\/td><td>10<\/td><\/tr><tr><td>23\/11\/2022<\/td><td>CLORETO DE S\u00d3DIO, SOLU\u00c7\u00c3O INJET\u00c1VEL \u2013 0,9% 10ML<\/td><td>EQUIPLEX IND\u00daSTRIA FARMAC\u00caUTICA LTDA<\/td><td>2132191<\/td><td>16\/09\/2023<\/td><td>2<\/td><\/tr><tr><td>29\/11\/2022<\/td><td>CLORETO DE S\u00d3DIO, SOLU\u00c7\u00c3O INJET\u00c1VEL \u2013 0,9% 10ML<\/td><td>EQUIPLEX IND\u00daSTRIA FARMAC\u00caUTICA LTDA<\/td><td>2132191<\/td><td>16\/09\/2023<\/td><td>4<\/td><\/tr><tr><td>06\/12\/2022<\/td><td>CLORETO DE S\u00d3DIO, SOLU\u00c7\u00c3O INJET\u00c1VEL \u2013 0,9% 10ML<\/td><td>EQUIPLEX IND\u00daSTRIA FARMAC\u00caUTICA LTDA<\/td><td>2132191<\/td><td>16\/09\/2023<\/td><td>2<\/td><\/tr><tr><td>13\/12\/2022<\/td><td>CLORETO DE S\u00d3DIO, SOLU\u00c7\u00c3O INJET\u00c1VEL \u2013 0,9% 10ML<\/td><td>EQUIPLEX IND\u00daSTRIA FARMAC\u00caUTICA LTDA<\/td><td>2132191<\/td><td>16\/09\/2023<\/td><td>3<\/td><\/tr><tr><td>20\/12\/2022<\/td><td>CLORETO DE S\u00d3DIO, SOLU\u00c7\u00c3O INJET\u00c1VEL \u2013 0,9% 10ML<\/td><td>EQUIPLEX IND\u00daSTRIA FARMAC\u00caUTICA LTDA<\/td><td>2132191<\/td><td>16\/09\/2023<\/td><td>2<\/td><\/tr><tr><td>27\/12\/2022<\/td><td>CLORETO DE S\u00d3DIO, SOLU\u00c7\u00c3O INJET\u00c1VEL \u2013 0,9% 10ML<\/td><td>EQUIPLEX IND\u00daSTRIA FARMAC\u00caUTICA LTDA<\/td><td>2132191<\/td><td>16\/09\/2023<\/td><td>2<\/td><\/tr><tr><td>10\/01\/2023<\/td><td>CLORETO DE S\u00d3DIO, SOLU\u00c7\u00c3O INJET\u00c1VEL \u2013 0,9% 10ML<\/td><td>EQUIPLEX IND\u00daSTRIA FARMAC\u00caUTICA LTDA<\/td><td>2132191<\/td><td>16\/09\/2023<\/td><td>2<\/td><\/tr><tr><td>07\/02\/2023<\/td><td>CLORETO DE S\u00d3DIO, SOLU\u00c7\u00c3O INJET\u00c1VEL \u2013 0,9% 10ML<\/td><td>EQUIPLEX IND\u00daSTRIA FARMAC\u00caUTICA LTDA<\/td><td>2132191<\/td><td>16\/09\/2023<\/td><td>6<\/td><\/tr><tr><td>14\/02\/2023<\/td><td>CLORETO DE S\u00d3DIO, SOLU\u00c7\u00c3O INJET\u00c1VEL \u2013 0,9% 10ML<\/td><td>EQUIPLEX IND\u00daSTRIA FARMAC\u00caUTICA LTDA<\/td><td>2132191<\/td><td>16\/09\/2023<\/td><td>3<\/td><\/tr><tr><td>28\/02\/2023<\/td><td>CLORETO DE S\u00d3DIO, SOLU\u00c7\u00c3O INJET\u00c1VEL \u2013 0,9% 10ML<\/td><td>EQUIPLEX IND\u00daSTRIA FARMAC\u00caUTICA LTDA<\/td><td>2132191<\/td><td>16\/09\/2023<\/td><td>2<\/td><\/tr><tr><td>07\/03\/2023<\/td><td>CLORETO DE S\u00d3DIO, SOLU\u00c7\u00c3O INJET\u00c1VEL \u2013 0,9% 10ML<\/td><td>EQUIPLEX IND\u00daSTRIA FARMAC\u00caUTICA LTDA<\/td><td>2132191<\/td><td>16\/09\/2023<\/td><td>8<\/td><\/tr><tr><td>15\/03\/2023<\/td><td>CLORETO DE S\u00d3DIO, SOLU\u00c7\u00c3O INJET\u00c1VEL \u2013 0,9% 10ML<\/td><td>EQUIPLEX IND\u00daSTRIA FARMAC\u00caUTICA LTDA<\/td><td>2132191<\/td><td>16\/09\/2023<\/td><td>3<\/td><\/tr><tr><td>22\/03\/2023<\/td><td>CLORETO DE S\u00d3DIO, SOLU\u00c7\u00c3O INJET\u00c1VEL \u2013 0,9% 10ML<\/td><td>EQUIPLEX IND\u00daSTRIA FARMAC\u00caUTICA LTDA<\/td><td>2132191<\/td><td>16\/09\/2023<\/td><td>3<\/td><\/tr><tr><td>04\/04\/2023<\/td><td>SERINGA DESCART\u00c1VEL C\/ AGULAH E C\/ DISPOSITIVO D SEGURAN\u00c7A -3M- 25X6<\/td><td>BD EMERALD \u2013 BECTON DICKINSON IND. CIRURGICAS LTDA<\/td><td>1357590-BD (800)<\/td><td>31\/12\/2026<\/td><td>500<\/td><\/tr><tr><td>04\/04\/2023<\/td><td>SERINGA EST\u00c9RIL DESCARTAV\u00c9L \u2013 3ML C\/AG 20X5,5<\/td><td>SALDANHA RODRIGUES LTDA<\/td><td>J1020_SR(500)<\/td><td>01\/06\/2027<\/td><td>150<\/td><\/tr><tr><td>18\/04\/2023<\/td><td>CLORETO DE S\u00d3DIO, SOLU\u00c7\u00c3O INJET\u00c1VEL \u2013 0,9% 10ML<\/td><td>EQUIPLEX IND\u00daSTRIA FARMAC\u00caUTICA LTDA<\/td><td>2132191<\/td><td>16\/09\/2023<\/td><td>2<\/td><\/tr><\/tbody><\/table><\/figure>\n","protected":false},"excerpt":{"rendered":"<p>INSUMOS RECEBIDOS RELACIONADOS \u00c0 VACINA\u00c7\u00c3O CONTRA A COVID-19 DATA DE FORNECIMENTO DA 8\u00aa CRS &nbsp; &nbsp; DESCRI\u00c7\u00c3O FABRICANTE LOTE VALIDADE N\u00daMERO DE DOSES QUANTIDADE RECEBIDA EMBALAGENS<span class=\"excerpt-hellip\"> [\u2026]<\/span><\/p>\n","protected":false},"author":3,"featured_media":0,"parent":0,"menu_order":0,"comment_status":"closed","ping_status":"closed","template":"","meta":{"footnotes":""},"class_list":["post-4306","page","type-page","status-publish","hentry"],"_links":{"self":[{"href":"http:\/\/passasete.rs.gov.br\/portal\/wp-json\/wp\/v2\/pages\/4306","targetHints":{"allow":["GET"]}}],"collection":[{"href":"http:\/\/passasete.rs.gov.br\/portal\/wp-json\/wp\/v2\/pages"}],"about":[{"href":"http:\/\/passasete.rs.gov.br\/portal\/wp-json\/wp\/v2\/types\/page"}],"author":[{"embeddable":true,"href":"http:\/\/passasete.rs.gov.br\/portal\/wp-json\/wp\/v2\/users\/3"}],"replies":[{"embeddable":true,"href":"http:\/\/passasete.rs.gov.br\/portal\/wp-json\/wp\/v2\/comments?post=4306"}],"version-history":[{"count":14,"href":"http:\/\/passasete.rs.gov.br\/portal\/wp-json\/wp\/v2\/pages\/4306\/revisions"}],"predecessor-version":[{"id":5121,"href":"http:\/\/passasete.rs.gov.br\/portal\/wp-json\/wp\/v2\/pages\/4306\/revisions\/5121"}],"wp:attachment":[{"href":"http:\/\/passasete.rs.gov.br\/portal\/wp-json\/wp\/v2\/media?parent=4306"}],"curies":[{"name":"wp","href":"https:\/\/api.w.org\/{rel}","templated":true}]}}