{"id":4341,"date":"2022-02-16T16:20:15","date_gmt":"2022-02-16T19:20:15","guid":{"rendered":"http:\/\/passasete.rs.gov.br\/portal\/?page_id=4341"},"modified":"2022-10-13T11:27:04","modified_gmt":"2022-10-13T14:27:04","slug":"fase-vigente-da-vacinacao","status":"publish","type":"page","link":"http:\/\/passasete.rs.gov.br\/portal\/fase-vigente-da-vacinacao\/","title":{"rendered":"Fase Vigente da Vacina\u00e7\u00e3o"},"content":{"rendered":"\n<p><strong>VACINA\u00c7\u00c3O CONTRA COVID-19<\/strong><\/p>\n\n\n\n<p><strong>FASE VIGENTE<\/strong><\/p>\n\n\n\n<p>&nbsp;&nbsp;&nbsp;&nbsp;&nbsp;&nbsp;&nbsp;&nbsp;&nbsp;&nbsp;&nbsp;&nbsp;&nbsp;&nbsp;&nbsp;&nbsp;&nbsp;&nbsp;&nbsp; AGENDAMENTO ATRAV\u00c9S DO SEU AGENTE DE SA\u00daDE<\/p>\n\n\n\n<p><strong>1\u00aa DOSE:<\/strong><\/p>\n\n\n\n<p><strong>AGENDAMENTO COM SEU AGENTE DE SA\u00daDE:<\/strong><\/p>\n\n\n\n<ul class=\"wp-block-list\"><li>Crian\u00e7as de 3 a 11 anos;<\/li><\/ul>\n\n\n\n<p><strong>2\u00aa DOSE:<\/strong><\/p>\n\n\n\n<ul class=\"wp-block-list\"><li>Para todas as idades;<\/li><\/ul>\n\n\n<p><strong>DOSE REFOR\u00c7O\u00a0 PARA ADOLECENTES<\/strong><\/p>\n<ul>\n<li>Acima de 18 anos, que possuam intervalo maior de 4 meses da dose 2 e para imunossuprimidos ap\u00f3s 28 dias de intervalo da dose 2.<\/li>\n<\/ul>\n<p><strong>DOSE DE REFOR\u00c7O 2 SEXTA-FEIRA DE MANH\u00c3 E TARDE AT\u00c9 AS 16 HORAS<\/strong><\/p>\n<ul>\n<li>Acima de 40 anos, que possuam intervalo maior de 4 meses de 1\u00b0 refor\u00e7o e para imunossuprimidos ap\u00f3s 28 dias de intervalo da 2\u00b0 dose.<\/li>\n<\/ul>\n<p>\u00a0<\/p>\n<p>Atualizado em : 07\/10\/2022<\/p>\n<p>\u00a0<\/p>\n\n\n<p><\/p>\n","protected":false},"excerpt":{"rendered":"<p>VACINA\u00c7\u00c3O CONTRA COVID-19 FASE VIGENTE &nbsp;&nbsp;&nbsp;&nbsp;&nbsp;&nbsp;&nbsp;&nbsp;&nbsp;&nbsp;&nbsp;&nbsp;&nbsp;&nbsp;&nbsp;&nbsp;&nbsp;&nbsp;&nbsp; AGENDAMENTO ATRAV\u00c9S DO SEU AGENTE DE SA\u00daDE 1\u00aa DOSE: AGENDAMENTO COM SEU AGENTE DE SA\u00daDE: Crian\u00e7as de 3 a 11<span class=\"excerpt-hellip\"> [\u2026]<\/span><\/p>\n","protected":false},"author":3,"featured_media":0,"parent":0,"menu_order":0,"comment_status":"closed","ping_status":"closed","template":"","meta":{"footnotes":""},"class_list":["post-4341","page","type-page","status-publish","hentry"],"_links":{"self":[{"href":"http:\/\/passasete.rs.gov.br\/portal\/wp-json\/wp\/v2\/pages\/4341","targetHints":{"allow":["GET"]}}],"collection":[{"href":"http:\/\/passasete.rs.gov.br\/portal\/wp-json\/wp\/v2\/pages"}],"about":[{"href":"http:\/\/passasete.rs.gov.br\/portal\/wp-json\/wp\/v2\/types\/page"}],"author":[{"embeddable":true,"href":"http:\/\/passasete.rs.gov.br\/portal\/wp-json\/wp\/v2\/users\/3"}],"replies":[{"embeddable":true,"href":"http:\/\/passasete.rs.gov.br\/portal\/wp-json\/wp\/v2\/comments?post=4341"}],"version-history":[{"count":4,"href":"http:\/\/passasete.rs.gov.br\/portal\/wp-json\/wp\/v2\/pages\/4341\/revisions"}],"predecessor-version":[{"id":4804,"href":"http:\/\/passasete.rs.gov.br\/portal\/wp-json\/wp\/v2\/pages\/4341\/revisions\/4804"}],"wp:attachment":[{"href":"http:\/\/passasete.rs.gov.br\/portal\/wp-json\/wp\/v2\/media?parent=4341"}],"curies":[{"name":"wp","href":"https:\/\/api.w.org\/{rel}","templated":true}]}}