{"id":5203,"date":"2023-07-06T14:50:53","date_gmt":"2023-07-06T17:50:53","guid":{"rendered":"http:\/\/passasete.rs.gov.br\/portal\/?page_id=5203"},"modified":"2024-02-05T11:09:55","modified_gmt":"2024-02-05T14:09:55","slug":"servicos-da-saude","status":"publish","type":"page","link":"http:\/\/passasete.rs.gov.br\/portal\/servicos-da-saude\/","title":{"rendered":"Servi\u00e7os da Sa\u00fade"},"content":{"rendered":"\t\t<div data-elementor-type=\"wp-page\" data-elementor-id=\"5203\" class=\"elementor elementor-5203\" data-elementor-post-type=\"page\">\n\t\t\t\t<div class=\"elementor-element elementor-element-f8b8ea3 e-flex e-con-boxed e-con e-parent\" data-id=\"f8b8ea3\" data-element_type=\"container\">\n\t\t\t\t\t<div class=\"e-con-inner\">\n\t\t\t\t<div class=\"elementor-element elementor-element-4c6a6d1 elementor-widget elementor-widget-toggle\" data-id=\"4c6a6d1\" data-element_type=\"widget\" data-widget_type=\"toggle.default\">\n\t\t\t\t\t\t\t<div class=\"elementor-toggle\">\n\t\t\t\t\t\t\t<div class=\"elementor-toggle-item\">\n\t\t\t\t\t<div id=\"elementor-tab-title-8011\" class=\"elementor-tab-title\" data-tab=\"1\" role=\"button\" aria-controls=\"elementor-tab-content-8011\" aria-expanded=\"false\">\n\t\t\t\t\t\t\t\t\t\t\t\t<span class=\"elementor-toggle-icon elementor-toggle-icon-left\" aria-hidden=\"true\">\n\t\t\t\t\t\t\t\t\t\t\t\t\t\t\t<span class=\"elementor-toggle-icon-closed\"><svg class=\"e-font-icon-svg e-fas-caret-right\" viewBox=\"0 0 192 512\" xmlns=\"http:\/\/www.w3.org\/2000\/svg\"><path d=\"M0 384.662V127.338c0-17.818 21.543-26.741 34.142-14.142l128.662 128.662c7.81 7.81 7.81 20.474 0 28.284L34.142 398.804C21.543 411.404 0 402.48 0 384.662z\"><\/path><\/svg><\/span>\n\t\t\t\t\t\t\t\t<span class=\"elementor-toggle-icon-opened\"><svg class=\"elementor-toggle-icon-opened e-font-icon-svg e-fas-caret-up\" viewBox=\"0 0 320 512\" xmlns=\"http:\/\/www.w3.org\/2000\/svg\"><path d=\"M288.662 352H31.338c-17.818 0-26.741-21.543-14.142-34.142l128.662-128.662c7.81-7.81 20.474-7.81 28.284 0l128.662 128.662c12.6 12.599 3.676 34.142-14.142 34.142z\"><\/path><\/svg><\/span>\n\t\t\t\t\t\t\t\t\t\t\t\t\t<\/span>\n\t\t\t\t\t\t\t\t\t\t\t\t<a class=\"elementor-toggle-title\" tabindex=\"0\">PLANEJAMENTO E RELAT\u00d3RIO DE GEST\u00c3O EM SA\u00daDE<\/a>\n\t\t\t\t\t<\/div>\n\n\t\t\t\t\t<div id=\"elementor-tab-content-8011\" class=\"elementor-tab-content elementor-clearfix\" data-tab=\"1\" role=\"region\" aria-labelledby=\"elementor-tab-title-8011\"><ul><li><a href=\"http:\/\/passasete.rs.gov.br\/portal\/wp-content\/uploads\/2023\/07\/Plano-Municipal-de-Saude-de-Passa-Sete-2022-a-2025.pdf\">Plano Municipal de Sa\u00fade.<\/a><\/li><li><a href=\"http:\/\/passasete.rs.gov.br\/portal\/wp-content\/uploads\/2023\/07\/Relatorio-de-Gestao-Anual-de-Saude-2022.pdf\">Relat\u00f3rio Anual de Gest\u00e3o &#8211; RAG<\/a><\/li><li><a href=\"http:\/\/passasete.rs.gov.br\/portal\/wp-content\/uploads\/2023\/07\/Programacao-Anual-de-Saude-de-2023.pdf\">Programa\u00e7\u00e3o Anual de Sa\u00fade 2022 &#8211; 2025\u00a0<\/a><\/li><\/ul><\/div>\n\t\t\t\t<\/div>\n\t\t\t\t\t\t\t<div class=\"elementor-toggle-item\">\n\t\t\t\t\t<div id=\"elementor-tab-title-8012\" class=\"elementor-tab-title\" data-tab=\"2\" role=\"button\" aria-controls=\"elementor-tab-content-8012\" aria-expanded=\"false\">\n\t\t\t\t\t\t\t\t\t\t\t\t<span class=\"elementor-toggle-icon elementor-toggle-icon-left\" aria-hidden=\"true\">\n\t\t\t\t\t\t\t\t\t\t\t\t\t\t\t<span class=\"elementor-toggle-icon-closed\"><svg class=\"e-font-icon-svg e-fas-caret-right\" viewBox=\"0 0 192 512\" xmlns=\"http:\/\/www.w3.org\/2000\/svg\"><path d=\"M0 384.662V127.338c0-17.818 21.543-26.741 34.142-14.142l128.662 128.662c7.81 7.81 7.81 20.474 0 28.284L34.142 398.804C21.543 411.404 0 402.48 0 384.662z\"><\/path><\/svg><\/span>\n\t\t\t\t\t\t\t\t<span class=\"elementor-toggle-icon-opened\"><svg class=\"elementor-toggle-icon-opened e-font-icon-svg e-fas-caret-up\" viewBox=\"0 0 320 512\" xmlns=\"http:\/\/www.w3.org\/2000\/svg\"><path d=\"M288.662 352H31.338c-17.818 0-26.741-21.543-14.142-34.142l128.662-128.662c7.81-7.81 20.474-7.81 28.284 0l128.662 128.662c12.6 12.599 3.676 34.142-14.142 34.142z\"><\/path><\/svg><\/span>\n\t\t\t\t\t\t\t\t\t\t\t\t\t<\/span>\n\t\t\t\t\t\t\t\t\t\t\t\t<a class=\"elementor-toggle-title\" tabindex=\"0\">ATRIBUI\u00c7\u00d5ES DA SECRETARIA DA SA\u00daDE<\/a>\n\t\t\t\t\t<\/div>\n\n\t\t\t\t\t<div id=\"elementor-tab-content-8012\" class=\"elementor-tab-content elementor-clearfix\" data-tab=\"2\" role=\"region\" aria-labelledby=\"elementor-tab-title-8012\"><p>A Secretaria Municipal de Sa\u00fade \u00e9 o \u00f3rg\u00e3o da Prefeitura que tem por compet\u00eancia:<\/p><p>I \u2013 planejar, organizar, gerir, executar, controlar e avaliar as a\u00e7\u00f5es e os servi\u00e7os p\u00fablicos de sa\u00fade;<\/p><p>II \u2013 participar do planejamento, programa\u00e7\u00e3o e organiza\u00e7\u00e3o da rede regionalizada e hierarquizada do Sistema \u00danico de Sa\u00fade \u2013 SUS, em articula\u00e7\u00e3o com sua dire\u00e7\u00e3o estadual;<\/p><p>III \u2013 a execu\u00e7\u00e3o de programas de a\u00e7\u00e3o preventiva, de educa\u00e7\u00e3o sanit\u00e1ria e de vacina\u00e7\u00e3o permanente, em coordena\u00e7\u00e3o com as esferas estaduais e federais;<\/p><p>IV \u2013 o desenvolvimento e a execu\u00e7\u00e3o de servi\u00e7os de vigil\u00e2ncia epidemiol\u00f3gica e sanit\u00e1ria, de alimenta\u00e7\u00e3o e nutri\u00e7\u00e3o, de saneamento b\u00e1sico e de sa\u00fade do trabalhador;<\/p><p>V \u2013 a orienta\u00e7\u00e3o do comportamento de grupos espec\u00edficos em face de problemas de sa\u00fade, higiene, condi\u00e7\u00f5es sanit\u00e1rias e outros;<\/p><p>VI \u2013 a fiscaliza\u00e7\u00e3o do cumprimento das posturas municipais referentes ao poder de pol\u00edcia aplicado \u00e0 higiene p\u00fablica e ao saneamento;<\/p><p>VII \u2013 colaborar na fiscaliza\u00e7\u00e3o das agress\u00f5es ao meio ambiente que tenham repercuss\u00e3o sobre a sa\u00fade humana e atuar, junto aos \u00f3rg\u00e3os municipais, estaduais e federais competentes, para controla-las;<\/p><p>VIII \u2013 celebrar contratos e conv\u00eanios com entidades prestadoras de servi\u00e7os privados de sa\u00fade, bem como controlar e avaliar sua execu\u00e7\u00e3o;<\/p><p>IX \u2013 controlar e fiscalizar os procedimentos dos servi\u00e7os privados de sa\u00fade;<\/p><p>X \u2013 normatizar, complementarmente, as a\u00e7\u00f5es e servi\u00e7os p\u00fablicos de sa\u00fade no seu \u00e2mbito de atua\u00e7\u00e3o;<\/p><p>XI \u2013 executar, no \u00e2mbito municipal, \u00e0 pol\u00edtica de insumos e equipamentos para a sa\u00fade;<\/p><p>XII \u2013 integrar e\/ou participar de cons\u00f3rcios administrativos intermunicipais;<\/p><p>XIII \u2013 gerir laborat\u00f3rios de sa\u00fade e hemocentros quando pr\u00f3prios do Munic\u00edpio;<\/p><p>XIV \u2013 colaborar com os demais \u00f3rg\u00e3os na execu\u00e7\u00e3o da vigil\u00e2ncia sanit\u00e1ria, implementando a\u00e7\u00f5es de licenciamento e fiscaliza\u00e7\u00e3o em estabelecimentos relacionados \u00e0 alimentos, divers\u00e3o p\u00fablica, est\u00e9tica, produtos veterin\u00e1rios, estabelecimentos de sa\u00fade, creches, asilos e ve\u00edculos de transporte de alimentos, entre outros;<\/p><p>XV \u2013 controlar a qualidade da \u00e1gua e alimentos para consumo humano, assim como o controle de zoonoses, entre outros;<\/p><p>XVI \u2013 conservar e manter em condi\u00e7\u00f5es de funcionamento os pr\u00e9dios onde s\u00e3o desenvolvidas as a\u00e7\u00f5es da Rede B\u00e1sica de atendimento;<\/p><p>XVII \u2013 proceder o planejamento, a organiza\u00e7\u00e3o, o controle e a avalia\u00e7\u00e3o das a\u00e7\u00f5es e dos servi\u00e7os de sa\u00fade de responsabilidade do Munic\u00edpio em articula\u00e7\u00e3o com o Conselho Municipal de Sa\u00fade;<\/p><p>XVIII \u2013 realizar a\u00e7\u00f5es educativas junto a comunidade para desenvolver uma consci\u00eancia comunit\u00e1ria quanto a import\u00e2ncia da preven\u00e7\u00e3o de doen\u00e7as;<\/p><p>XIX \u2013 executar outras atividades ligadas a \u00e1rea da sa\u00fade.<\/p><p>Ficam vinculados a Secretaria Municipal de Sa\u00fade os seguintes Conselhos, Fundos e\/ou Coordenadorias Municipais:<\/p><p>I \u2013 Conselho Municipal de Sa\u00fade \u2013 CMS;<\/p><p>II \u2013 Fundo Municipal de Sa\u00fade \u2013 FMS;<\/p><p>III \u2013 Coordenadoria Municipal da Mulher.<\/p><p>A Secretaria Municipal de Sa\u00fade ser\u00e1 dirigida por um Secret\u00e1rio e contar\u00e1 com o pessoal t\u00e9cnico e administrativo necess\u00e1rio ao desempenho de suas fun\u00e7\u00f5es, compreendendo em sua estrutura as seguintes unidades:<\/p><p>I \u2013 Departamento de Sa\u00fade e Enfermagem;<\/p><p>II \u2013 Setor de Apoio Administrativo e Acompanhamento dos Programas de Sa\u00fade;<\/p><p>III \u2013 Setor de Sa\u00fade Preventiva;<\/p><p>IV \u2013 Setor de Vigil\u00e2ncia Sanit\u00e1ria;<\/p><p>V \u2013 Se\u00e7\u00e3o de Limpeza e Manuten\u00e7\u00e3o das Unidades de Sa\u00fade.<\/p><\/div>\n\t\t\t\t<\/div>\n\t\t\t\t\t\t\t<div class=\"elementor-toggle-item\">\n\t\t\t\t\t<div id=\"elementor-tab-title-8013\" class=\"elementor-tab-title\" data-tab=\"3\" role=\"button\" aria-controls=\"elementor-tab-content-8013\" aria-expanded=\"false\">\n\t\t\t\t\t\t\t\t\t\t\t\t<span class=\"elementor-toggle-icon elementor-toggle-icon-left\" aria-hidden=\"true\">\n\t\t\t\t\t\t\t\t\t\t\t\t\t\t\t<span class=\"elementor-toggle-icon-closed\"><svg class=\"e-font-icon-svg e-fas-caret-right\" viewBox=\"0 0 192 512\" xmlns=\"http:\/\/www.w3.org\/2000\/svg\"><path d=\"M0 384.662V127.338c0-17.818 21.543-26.741 34.142-14.142l128.662 128.662c7.81 7.81 7.81 20.474 0 28.284L34.142 398.804C21.543 411.404 0 402.48 0 384.662z\"><\/path><\/svg><\/span>\n\t\t\t\t\t\t\t\t<span class=\"elementor-toggle-icon-opened\"><svg class=\"elementor-toggle-icon-opened e-font-icon-svg e-fas-caret-up\" viewBox=\"0 0 320 512\" xmlns=\"http:\/\/www.w3.org\/2000\/svg\"><path d=\"M288.662 352H31.338c-17.818 0-26.741-21.543-14.142-34.142l128.662-128.662c7.81-7.81 20.474-7.81 28.284 0l128.662 128.662c12.6 12.599 3.676 34.142-14.142 34.142z\"><\/path><\/svg><\/span>\n\t\t\t\t\t\t\t\t\t\t\t\t\t<\/span>\n\t\t\t\t\t\t\t\t\t\t\t\t<a class=\"elementor-toggle-title\" tabindex=\"0\">COMO SOLICITAR MEDICAMENTOS DE ALTO CUSTO<\/a>\n\t\t\t\t\t<\/div>\n\n\t\t\t\t\t<div id=\"elementor-tab-content-8013\" class=\"elementor-tab-content elementor-clearfix\" data-tab=\"3\" role=\"region\" aria-labelledby=\"elementor-tab-title-8013\"><p><img fetchpriority=\"high\" decoding=\"async\" class=\"alignnone wp-image-5671 size-full\" src=\"http:\/\/passasete.rs.gov.br\/portal\/wp-content\/uploads\/2023\/07\/Solicitar-Medicamentos-de-Alto-Custo.jpeg\" alt=\"\" width=\"1130\" height=\"1600\" srcset=\"http:\/\/passasete.rs.gov.br\/portal\/wp-content\/uploads\/2023\/07\/Solicitar-Medicamentos-de-Alto-Custo.jpeg 1130w, http:\/\/passasete.rs.gov.br\/portal\/wp-content\/uploads\/2023\/07\/Solicitar-Medicamentos-de-Alto-Custo-212x300.jpeg 212w, http:\/\/passasete.rs.gov.br\/portal\/wp-content\/uploads\/2023\/07\/Solicitar-Medicamentos-de-Alto-Custo-723x1024.jpeg 723w, http:\/\/passasete.rs.gov.br\/portal\/wp-content\/uploads\/2023\/07\/Solicitar-Medicamentos-de-Alto-Custo-768x1087.jpeg 768w, http:\/\/passasete.rs.gov.br\/portal\/wp-content\/uploads\/2023\/07\/Solicitar-Medicamentos-de-Alto-Custo-1085x1536.jpeg 1085w, http:\/\/passasete.rs.gov.br\/portal\/wp-content\/uploads\/2023\/07\/Solicitar-Medicamentos-de-Alto-Custo-103x146.jpeg 103w, http:\/\/passasete.rs.gov.br\/portal\/wp-content\/uploads\/2023\/07\/Solicitar-Medicamentos-de-Alto-Custo-35x50.jpeg 35w, http:\/\/passasete.rs.gov.br\/portal\/wp-content\/uploads\/2023\/07\/Solicitar-Medicamentos-de-Alto-Custo-53x75.jpeg 53w\" sizes=\"(max-width: 1130px) 100vw, 1130px\" \/><\/p><\/div>\n\t\t\t\t<\/div>\n\t\t\t\t\t\t\t<div class=\"elementor-toggle-item\">\n\t\t\t\t\t<div id=\"elementor-tab-title-8014\" class=\"elementor-tab-title\" data-tab=\"4\" role=\"button\" aria-controls=\"elementor-tab-content-8014\" aria-expanded=\"false\">\n\t\t\t\t\t\t\t\t\t\t\t\t<span class=\"elementor-toggle-icon elementor-toggle-icon-left\" aria-hidden=\"true\">\n\t\t\t\t\t\t\t\t\t\t\t\t\t\t\t<span class=\"elementor-toggle-icon-closed\"><svg class=\"e-font-icon-svg e-fas-caret-right\" viewBox=\"0 0 192 512\" xmlns=\"http:\/\/www.w3.org\/2000\/svg\"><path d=\"M0 384.662V127.338c0-17.818 21.543-26.741 34.142-14.142l128.662 128.662c7.81 7.81 7.81 20.474 0 28.284L34.142 398.804C21.543 411.404 0 402.48 0 384.662z\"><\/path><\/svg><\/span>\n\t\t\t\t\t\t\t\t<span class=\"elementor-toggle-icon-opened\"><svg class=\"elementor-toggle-icon-opened e-font-icon-svg e-fas-caret-up\" viewBox=\"0 0 320 512\" xmlns=\"http:\/\/www.w3.org\/2000\/svg\"><path d=\"M288.662 352H31.338c-17.818 0-26.741-21.543-14.142-34.142l128.662-128.662c7.81-7.81 20.474-7.81 28.284 0l128.662 128.662c12.6 12.599 3.676 34.142-14.142 34.142z\"><\/path><\/svg><\/span>\n\t\t\t\t\t\t\t\t\t\t\t\t\t<\/span>\n\t\t\t\t\t\t\t\t\t\t\t\t<a class=\"elementor-toggle-title\" tabindex=\"0\">MEDICAMENTOS SUS<\/a>\n\t\t\t\t\t<\/div>\n\n\t\t\t\t\t<div id=\"elementor-tab-content-8014\" class=\"elementor-tab-content elementor-clearfix\" data-tab=\"4\" role=\"region\" aria-labelledby=\"elementor-tab-title-8014\"><div><span style=\"font-family: Arial, Verdana;\">Os medicamentos fornecidos pelos SUS seguem a listagem b\u00e1sica da RENAME \u2013 Rela\u00e7\u00e3o Nacional de Medicamentos \u2013 de onde forma-se a listagem b\u00e1sica REMUME \u2013 Rela\u00e7\u00e3o Municipal de Medicamentos. Podem ser identificados a seguir quanto aqueles em estoque e em falta na Farm\u00e1cia Municipal.<\/span><\/div><div><span style=\"font-family: Arial, Verdana;\">\u00a0<\/span><\/div><div><span style=\"font-family: Arial, Verdana;\">No que se refere aos medicamentos de alto custo, n\u00e3o s\u00e3o de compet\u00eancia Municipal. Os usu\u00e1rios SUS s\u00e3o orientados na Farm\u00e1cia Municipal a buscar estes medicamentos junto ao Estado entregando os documentos que precisam ser preenchidos e como fazer o encaminhamento.<\/span><\/div><div>\u00a0<\/div><div><a href=\"https:\/\/passasete.atende.net\/transparencia\/item\/relacao-nacional-de-medicamentos-rename\">Rela\u00e7\u00e3o de Medicamentos da Farm\u00e1cia Central.<\/a><\/div><\/div>\n\t\t\t\t<\/div>\n\t\t\t\t\t\t\t<div class=\"elementor-toggle-item\">\n\t\t\t\t\t<div id=\"elementor-tab-title-8015\" class=\"elementor-tab-title\" data-tab=\"5\" role=\"button\" aria-controls=\"elementor-tab-content-8015\" aria-expanded=\"false\">\n\t\t\t\t\t\t\t\t\t\t\t\t<span class=\"elementor-toggle-icon elementor-toggle-icon-left\" aria-hidden=\"true\">\n\t\t\t\t\t\t\t\t\t\t\t\t\t\t\t<span class=\"elementor-toggle-icon-closed\"><svg class=\"e-font-icon-svg e-fas-caret-right\" viewBox=\"0 0 192 512\" xmlns=\"http:\/\/www.w3.org\/2000\/svg\"><path d=\"M0 384.662V127.338c0-17.818 21.543-26.741 34.142-14.142l128.662 128.662c7.81 7.81 7.81 20.474 0 28.284L34.142 398.804C21.543 411.404 0 402.48 0 384.662z\"><\/path><\/svg><\/span>\n\t\t\t\t\t\t\t\t<span class=\"elementor-toggle-icon-opened\"><svg class=\"elementor-toggle-icon-opened e-font-icon-svg e-fas-caret-up\" viewBox=\"0 0 320 512\" xmlns=\"http:\/\/www.w3.org\/2000\/svg\"><path d=\"M288.662 352H31.338c-17.818 0-26.741-21.543-14.142-34.142l128.662-128.662c7.81-7.81 20.474-7.81 28.284 0l128.662 128.662c12.6 12.599 3.676 34.142-14.142 34.142z\"><\/path><\/svg><\/span>\n\t\t\t\t\t\t\t\t\t\t\t\t\t<\/span>\n\t\t\t\t\t\t\t\t\t\t\t\t<a class=\"elementor-toggle-title\" tabindex=\"0\">DOCUMENTOS NECESS\u00c1RIOA PARA FAZER A SOLICITA\u00c7\u00c3O DOS MEDICAMENTOS DE ALTO CUSTO<\/a>\n\t\t\t\t\t<\/div>\n\n\t\t\t\t\t<div id=\"elementor-tab-content-8015\" class=\"elementor-tab-content elementor-clearfix\" data-tab=\"5\" role=\"region\" aria-labelledby=\"elementor-tab-title-8015\"><p><img decoding=\"async\" class=\"alignnone wp-image-5672 size-full\" src=\"http:\/\/passasete.rs.gov.br\/portal\/wp-content\/uploads\/2023\/07\/Documentos-para-solicitar-medicamentos-de-alto-custo.jpeg\" alt=\"\" width=\"1130\" height=\"1600\" srcset=\"http:\/\/passasete.rs.gov.br\/portal\/wp-content\/uploads\/2023\/07\/Documentos-para-solicitar-medicamentos-de-alto-custo.jpeg 1130w, http:\/\/passasete.rs.gov.br\/portal\/wp-content\/uploads\/2023\/07\/Documentos-para-solicitar-medicamentos-de-alto-custo-212x300.jpeg 212w, http:\/\/passasete.rs.gov.br\/portal\/wp-content\/uploads\/2023\/07\/Documentos-para-solicitar-medicamentos-de-alto-custo-723x1024.jpeg 723w, http:\/\/passasete.rs.gov.br\/portal\/wp-content\/uploads\/2023\/07\/Documentos-para-solicitar-medicamentos-de-alto-custo-768x1087.jpeg 768w, http:\/\/passasete.rs.gov.br\/portal\/wp-content\/uploads\/2023\/07\/Documentos-para-solicitar-medicamentos-de-alto-custo-1085x1536.jpeg 1085w, http:\/\/passasete.rs.gov.br\/portal\/wp-content\/uploads\/2023\/07\/Documentos-para-solicitar-medicamentos-de-alto-custo-103x146.jpeg 103w, http:\/\/passasete.rs.gov.br\/portal\/wp-content\/uploads\/2023\/07\/Documentos-para-solicitar-medicamentos-de-alto-custo-35x50.jpeg 35w, http:\/\/passasete.rs.gov.br\/portal\/wp-content\/uploads\/2023\/07\/Documentos-para-solicitar-medicamentos-de-alto-custo-53x75.jpeg 53w\" sizes=\"(max-width: 1130px) 100vw, 1130px\" \/><\/p><\/div>\n\t\t\t\t<\/div>\n\t\t\t\t\t\t\t<div class=\"elementor-toggle-item\">\n\t\t\t\t\t<div id=\"elementor-tab-title-8016\" class=\"elementor-tab-title\" data-tab=\"6\" role=\"button\" aria-controls=\"elementor-tab-content-8016\" aria-expanded=\"false\">\n\t\t\t\t\t\t\t\t\t\t\t\t<span class=\"elementor-toggle-icon elementor-toggle-icon-left\" aria-hidden=\"true\">\n\t\t\t\t\t\t\t\t\t\t\t\t\t\t\t<span class=\"elementor-toggle-icon-closed\"><svg class=\"e-font-icon-svg e-fas-caret-right\" viewBox=\"0 0 192 512\" xmlns=\"http:\/\/www.w3.org\/2000\/svg\"><path d=\"M0 384.662V127.338c0-17.818 21.543-26.741 34.142-14.142l128.662 128.662c7.81 7.81 7.81 20.474 0 28.284L34.142 398.804C21.543 411.404 0 402.48 0 384.662z\"><\/path><\/svg><\/span>\n\t\t\t\t\t\t\t\t<span class=\"elementor-toggle-icon-opened\"><svg class=\"elementor-toggle-icon-opened e-font-icon-svg e-fas-caret-up\" viewBox=\"0 0 320 512\" xmlns=\"http:\/\/www.w3.org\/2000\/svg\"><path d=\"M288.662 352H31.338c-17.818 0-26.741-21.543-14.142-34.142l128.662-128.662c7.81-7.81 20.474-7.81 28.284 0l128.662 128.662c12.6 12.599 3.676 34.142-14.142 34.142z\"><\/path><\/svg><\/span>\n\t\t\t\t\t\t\t\t\t\t\t\t\t<\/span>\n\t\t\t\t\t\t\t\t\t\t\t\t<a class=\"elementor-toggle-title\" tabindex=\"0\">COMO ACOMPANHAR  A SUA  SOLICITA\u00c7\u00c3O<\/a>\n\t\t\t\t\t<\/div>\n\n\t\t\t\t\t<div id=\"elementor-tab-content-8016\" class=\"elementor-tab-content elementor-clearfix\" data-tab=\"6\" role=\"region\" aria-labelledby=\"elementor-tab-title-8016\"><p><img decoding=\"async\" class=\"alignnone wp-image-5673 size-full\" src=\"http:\/\/passasete.rs.gov.br\/portal\/wp-content\/uploads\/2023\/07\/Acompanhar-pedidos-de-medicamentos-de-Alto-Custo.jpeg\" alt=\"\" width=\"1130\" height=\"1600\" srcset=\"http:\/\/passasete.rs.gov.br\/portal\/wp-content\/uploads\/2023\/07\/Acompanhar-pedidos-de-medicamentos-de-Alto-Custo.jpeg 1130w, http:\/\/passasete.rs.gov.br\/portal\/wp-content\/uploads\/2023\/07\/Acompanhar-pedidos-de-medicamentos-de-Alto-Custo-212x300.jpeg 212w, http:\/\/passasete.rs.gov.br\/portal\/wp-content\/uploads\/2023\/07\/Acompanhar-pedidos-de-medicamentos-de-Alto-Custo-723x1024.jpeg 723w, http:\/\/passasete.rs.gov.br\/portal\/wp-content\/uploads\/2023\/07\/Acompanhar-pedidos-de-medicamentos-de-Alto-Custo-768x1087.jpeg 768w, http:\/\/passasete.rs.gov.br\/portal\/wp-content\/uploads\/2023\/07\/Acompanhar-pedidos-de-medicamentos-de-Alto-Custo-1085x1536.jpeg 1085w, http:\/\/passasete.rs.gov.br\/portal\/wp-content\/uploads\/2023\/07\/Acompanhar-pedidos-de-medicamentos-de-Alto-Custo-103x146.jpeg 103w, http:\/\/passasete.rs.gov.br\/portal\/wp-content\/uploads\/2023\/07\/Acompanhar-pedidos-de-medicamentos-de-Alto-Custo-35x50.jpeg 35w, http:\/\/passasete.rs.gov.br\/portal\/wp-content\/uploads\/2023\/07\/Acompanhar-pedidos-de-medicamentos-de-Alto-Custo-53x75.jpeg 53w\" sizes=\"(max-width: 1130px) 100vw, 1130px\" \/><\/p><\/div>\n\t\t\t\t<\/div>\n\t\t\t\t\t\t\t<div class=\"elementor-toggle-item\">\n\t\t\t\t\t<div id=\"elementor-tab-title-8017\" class=\"elementor-tab-title\" data-tab=\"7\" role=\"button\" aria-controls=\"elementor-tab-content-8017\" aria-expanded=\"false\">\n\t\t\t\t\t\t\t\t\t\t\t\t<span class=\"elementor-toggle-icon elementor-toggle-icon-left\" aria-hidden=\"true\">\n\t\t\t\t\t\t\t\t\t\t\t\t\t\t\t<span class=\"elementor-toggle-icon-closed\"><svg class=\"e-font-icon-svg e-fas-caret-right\" viewBox=\"0 0 192 512\" xmlns=\"http:\/\/www.w3.org\/2000\/svg\"><path d=\"M0 384.662V127.338c0-17.818 21.543-26.741 34.142-14.142l128.662 128.662c7.81 7.81 7.81 20.474 0 28.284L34.142 398.804C21.543 411.404 0 402.48 0 384.662z\"><\/path><\/svg><\/span>\n\t\t\t\t\t\t\t\t<span class=\"elementor-toggle-icon-opened\"><svg class=\"elementor-toggle-icon-opened e-font-icon-svg e-fas-caret-up\" viewBox=\"0 0 320 512\" xmlns=\"http:\/\/www.w3.org\/2000\/svg\"><path d=\"M288.662 352H31.338c-17.818 0-26.741-21.543-14.142-34.142l128.662-128.662c7.81-7.81 20.474-7.81 28.284 0l128.662 128.662c12.6 12.599 3.676 34.142-14.142 34.142z\"><\/path><\/svg><\/span>\n\t\t\t\t\t\t\t\t\t\t\t\t\t<\/span>\n\t\t\t\t\t\t\t\t\t\t\t\t<a class=\"elementor-toggle-title\" tabindex=\"0\">ESCALA DE M\u00c9DICOS E DENTISTAS<\/a>\n\t\t\t\t\t<\/div>\n\n\t\t\t\t\t<div id=\"elementor-tab-content-8017\" class=\"elementor-tab-content elementor-clearfix\" data-tab=\"7\" role=\"region\" aria-labelledby=\"elementor-tab-title-8017\"><p><img loading=\"lazy\" decoding=\"async\" class=\"alignnone wp-image-6562 size-full\" src=\"http:\/\/passasete.rs.gov.br\/portal\/wp-content\/uploads\/2024\/02\/01.jpg\" alt=\"\" width=\"1003\" height=\"727\" srcset=\"http:\/\/passasete.rs.gov.br\/portal\/wp-content\/uploads\/2024\/02\/01.jpg 1003w, http:\/\/passasete.rs.gov.br\/portal\/wp-content\/uploads\/2024\/02\/01-300x217.jpg 300w, http:\/\/passasete.rs.gov.br\/portal\/wp-content\/uploads\/2024\/02\/01-768x557.jpg 768w, http:\/\/passasete.rs.gov.br\/portal\/wp-content\/uploads\/2024\/02\/01-201x146.jpg 201w, http:\/\/passasete.rs.gov.br\/portal\/wp-content\/uploads\/2024\/02\/01-50x36.jpg 50w, http:\/\/passasete.rs.gov.br\/portal\/wp-content\/uploads\/2024\/02\/01-103x75.jpg 103w\" sizes=\"(max-width: 1003px) 100vw, 1003px\" \/><\/p><p><img loading=\"lazy\" decoding=\"async\" class=\"alignnone wp-image-6564 size-full\" src=\"http:\/\/passasete.rs.gov.br\/portal\/wp-content\/uploads\/2024\/02\/02-1.jpg\" alt=\"\" width=\"850\" height=\"750\" srcset=\"http:\/\/passasete.rs.gov.br\/portal\/wp-content\/uploads\/2024\/02\/02-1.jpg 850w, http:\/\/passasete.rs.gov.br\/portal\/wp-content\/uploads\/2024\/02\/02-1-300x265.jpg 300w, http:\/\/passasete.rs.gov.br\/portal\/wp-content\/uploads\/2024\/02\/02-1-768x678.jpg 768w, http:\/\/passasete.rs.gov.br\/portal\/wp-content\/uploads\/2024\/02\/02-1-165x146.jpg 165w, http:\/\/passasete.rs.gov.br\/portal\/wp-content\/uploads\/2024\/02\/02-1-50x44.jpg 50w, http:\/\/passasete.rs.gov.br\/portal\/wp-content\/uploads\/2024\/02\/02-1-85x75.jpg 85w\" sizes=\"(max-width: 850px) 100vw, 850px\" \/><\/p><p>\u00a0<\/p><div>\u00a0<\/div><div>\u00a0<\/div><\/div>\n\t\t\t\t<\/div>\n\t\t\t\t\t\t\t\t<\/div>\n\t\t\t\t\t\t<\/div>\n\t\t\t\t\t<\/div>\n\t\t\t\t<\/div>\n\t\t\t\t<\/div>\n\t\t","protected":false},"excerpt":{"rendered":"<p>PLANEJAMENTO E RELAT\u00d3RIO DE GEST\u00c3O EM SA\u00daDE Plano Municipal de Sa\u00fade. Relat\u00f3rio Anual de Gest\u00e3o &#8211; RAG Programa\u00e7\u00e3o Anual de Sa\u00fade 2022 &#8211; 2025\u00a0 ATRIBUI\u00c7\u00d5ES DA<span class=\"excerpt-hellip\"> [\u2026]<\/span><\/p>\n","protected":false},"author":3,"featured_media":0,"parent":0,"menu_order":0,"comment_status":"closed","ping_status":"closed","template":"","meta":{"footnotes":""},"class_list":["post-5203","page","type-page","status-publish","hentry"],"_links":{"self":[{"href":"http:\/\/passasete.rs.gov.br\/portal\/wp-json\/wp\/v2\/pages\/5203","targetHints":{"allow":["GET"]}}],"collection":[{"href":"http:\/\/passasete.rs.gov.br\/portal\/wp-json\/wp\/v2\/pages"}],"about":[{"href":"http:\/\/passasete.rs.gov.br\/portal\/wp-json\/wp\/v2\/types\/page"}],"author":[{"embeddable":true,"href":"http:\/\/passasete.rs.gov.br\/portal\/wp-json\/wp\/v2\/users\/3"}],"replies":[{"embeddable":true,"href":"http:\/\/passasete.rs.gov.br\/portal\/wp-json\/wp\/v2\/comments?post=5203"}],"version-history":[{"count":31,"href":"http:\/\/passasete.rs.gov.br\/portal\/wp-json\/wp\/v2\/pages\/5203\/revisions"}],"predecessor-version":[{"id":6567,"href":"http:\/\/passasete.rs.gov.br\/portal\/wp-json\/wp\/v2\/pages\/5203\/revisions\/6567"}],"wp:attachment":[{"href":"http:\/\/passasete.rs.gov.br\/portal\/wp-json\/wp\/v2\/media?parent=5203"}],"curies":[{"name":"wp","href":"https:\/\/api.w.org\/{rel}","templated":true}]}}