{"id":5256,"date":"2023-07-07T15:16:06","date_gmt":"2023-07-07T18:16:06","guid":{"rendered":"http:\/\/passasete.rs.gov.br\/portal\/?page_id=5256"},"modified":"2023-07-12T16:30:18","modified_gmt":"2023-07-12T19:30:18","slug":"estrutura-organizacional-prefeitura-municipal-de-passa-sete","status":"publish","type":"page","link":"http:\/\/passasete.rs.gov.br\/portal\/estrutura-organizacional-prefeitura-municipal-de-passa-sete\/","title":{"rendered":"Estrutura Organizacional &#8211; Prefeitura Municipal de Passa Sete"},"content":{"rendered":"\t\t<div data-elementor-type=\"wp-page\" data-elementor-id=\"5256\" class=\"elementor elementor-5256\" data-elementor-post-type=\"page\">\n\t\t\t\t<div class=\"elementor-element elementor-element-f0a04c3 e-flex e-con-boxed e-con e-parent\" data-id=\"f0a04c3\" data-element_type=\"container\">\n\t\t\t\t\t<div class=\"e-con-inner\">\n\t\t\t\t<div class=\"elementor-element elementor-element-8766a76 elementor-widget elementor-widget-text-editor\" data-id=\"8766a76\" data-element_type=\"widget\" data-widget_type=\"text-editor.default\">\n\t\t\t\t\t\t\t\t\t<p>Segue abaixo a Estrutura Organizacional regulamentada pela <a href=\"http:\/\/passasete.rs.gov.br\/portal\/wp-content\/uploads\/2023\/07\/Lei-Municipal-que-Dispoe-Sobre-a-Estrutura-Organizacional-1.pdf\">Lei Municipal N\u00ba 1.290, de 01 de julho de 2014<\/a> que Disp\u00f5e Sobre a Estrutura Organizacional e define a Estrutura Administrativa do Poder Executivo do Munic\u00edpio de Passa Sete. Clique sobre o local desejado para exibir mais informa\u00e7\u00f5es atendimento e not\u00edcias<\/p>\t\t\t\t\t\t\t\t<\/div>\n\t\t\t\t\t<\/div>\n\t\t\t\t<\/div>\n\t\t<div class=\"elementor-element elementor-element-639cfc4 e-flex e-con-boxed e-con e-parent\" data-id=\"639cfc4\" data-element_type=\"container\">\n\t\t\t\t\t<div class=\"e-con-inner\">\n\t\t\t\t<div class=\"elementor-element elementor-element-f2a2715 elementor-widget elementor-widget-image\" data-id=\"f2a2715\" data-element_type=\"widget\" data-widget_type=\"image.default\">\n\t\t\t\t\t\t\t\t\t\t\t\t\t\t\t<img fetchpriority=\"high\" decoding=\"async\" width=\"1024\" height=\"576\" src=\"https:\/\/passasete.rs.gov.br\/portal\/wp-content\/uploads\/2023\/07\/Estrutura-Organizacional-Passa-Sete-correta-1024x576.jpg\" class=\"attachment-large size-large wp-image-5380\" alt=\"\" srcset=\"https:\/\/passasete.rs.gov.br\/portal\/wp-content\/uploads\/2023\/07\/Estrutura-Organizacional-Passa-Sete-correta-1024x576.jpg 1024w, https:\/\/passasete.rs.gov.br\/portal\/wp-content\/uploads\/2023\/07\/Estrutura-Organizacional-Passa-Sete-correta-300x169.jpg 300w, https:\/\/passasete.rs.gov.br\/portal\/wp-content\/uploads\/2023\/07\/Estrutura-Organizacional-Passa-Sete-correta-768x432.jpg 768w, https:\/\/passasete.rs.gov.br\/portal\/wp-content\/uploads\/2023\/07\/Estrutura-Organizacional-Passa-Sete-correta-260x146.jpg 260w, https:\/\/passasete.rs.gov.br\/portal\/wp-content\/uploads\/2023\/07\/Estrutura-Organizacional-Passa-Sete-correta-50x28.jpg 50w, https:\/\/passasete.rs.gov.br\/portal\/wp-content\/uploads\/2023\/07\/Estrutura-Organizacional-Passa-Sete-correta-133x75.jpg 133w, https:\/\/passasete.rs.gov.br\/portal\/wp-content\/uploads\/2023\/07\/Estrutura-Organizacional-Passa-Sete-correta.jpg 1280w\" sizes=\"(max-width: 1024px) 100vw, 1024px\" \/>\t\t\t\t\t\t\t\t\t\t\t\t\t\t\t<\/div>\n\t\t\t\t\t<\/div>\n\t\t\t\t<\/div>\n\t\t\t\t<\/div>\n\t\t","protected":false},"excerpt":{"rendered":"<p>Segue abaixo a Estrutura Organizacional regulamentada pela Lei Municipal N\u00ba 1.290, de 01 de julho de 2014 que Disp\u00f5e Sobre a Estrutura Organizacional e define a<span class=\"excerpt-hellip\"> [\u2026]<\/span><\/p>\n","protected":false},"author":3,"featured_media":0,"parent":0,"menu_order":0,"comment_status":"closed","ping_status":"closed","template":"","meta":{"footnotes":""},"class_list":["post-5256","page","type-page","status-publish","hentry"],"_links":{"self":[{"href":"http:\/\/passasete.rs.gov.br\/portal\/wp-json\/wp\/v2\/pages\/5256","targetHints":{"allow":["GET"]}}],"collection":[{"href":"http:\/\/passasete.rs.gov.br\/portal\/wp-json\/wp\/v2\/pages"}],"about":[{"href":"http:\/\/passasete.rs.gov.br\/portal\/wp-json\/wp\/v2\/types\/page"}],"author":[{"embeddable":true,"href":"http:\/\/passasete.rs.gov.br\/portal\/wp-json\/wp\/v2\/users\/3"}],"replies":[{"embeddable":true,"href":"http:\/\/passasete.rs.gov.br\/portal\/wp-json\/wp\/v2\/comments?post=5256"}],"version-history":[{"count":23,"href":"http:\/\/passasete.rs.gov.br\/portal\/wp-json\/wp\/v2\/pages\/5256\/revisions"}],"predecessor-version":[{"id":5550,"href":"http:\/\/passasete.rs.gov.br\/portal\/wp-json\/wp\/v2\/pages\/5256\/revisions\/5550"}],"wp:attachment":[{"href":"http:\/\/passasete.rs.gov.br\/portal\/wp-json\/wp\/v2\/media?parent=5256"}],"curies":[{"name":"wp","href":"https:\/\/api.w.org\/{rel}","templated":true}]}}