{"id":5613,"date":"2023-07-13T14:50:51","date_gmt":"2023-07-13T17:50:51","guid":{"rendered":"http:\/\/passasete.rs.gov.br\/portal\/?page_id=5613"},"modified":"2023-07-13T15:18:37","modified_gmt":"2023-07-13T18:18:37","slug":"decretos","status":"publish","type":"page","link":"http:\/\/passasete.rs.gov.br\/portal\/decretos\/","title":{"rendered":"Decretos"},"content":{"rendered":"<div class=\"sdm_download_item \"><div class=\"sdm_download_item_top\"><div class=\"sdm_download_thumbnail\"><\/div><div class=\"sdm_download_title\">Decreto Municipal n\u00ba 2668.2026 &#8211; Ponto Facultativo Tiradentes<\/div><\/div><div style=\"clear:both;\"><\/div><div class=\"sdm_download_description\"><p>Declara PONTO FACULTATIVO em todas as reparti\u00e7\u00f5es p\u00fablicas municipais no dia 20 de abril de 2026, extensivo ao feriado de Dia de Tiradentes, e d\u00e1 outras provid\u00eancias.<\/p>\n<\/div><div class=\"sdm_download_link\"><span class=\"sdm_download_button\"><a href=\"http:\/\/passasete.rs.gov.br\/portal\/?sdm_process_download=1&download_id=9614\" class=\"sdm_download grey\" title=\"Decreto Municipal n\u00ba 2668.2026 &#8211; Ponto Facultativo Tiradentes\" target=\"_self\">Baixar agora!<\/a><\/span><span class=\"sdm_download_item_count\"><span class=\"sdm_item_count_number\">0<\/span><span class=\"sdm_item_count_string\"> Downloads<\/span><\/span><\/div><\/div><div class=\"sdm_download_item \"><div class=\"sdm_download_item_top\"><div class=\"sdm_download_thumbnail\"><\/div><div class=\"sdm_download_title\">Decreto Municipal n\u00ba 2667.2026 &#8211; Cr\u00e9dito Suplementar &#8211; Educa\u00e7\u00e3o<\/div><\/div><div style=\"clear:both;\"><\/div><div class=\"sdm_download_description\"><p>Abre Cr\u00e9dito Suplementar no valor de R$ 17.120,40 (dezessete mil, cento e vinte reais e quarenta centavos) para refor\u00e7o de dota\u00e7\u00f5es or\u00e7ament\u00e1rias na Lei Or\u00e7ament\u00e1ria Anual de 2026.<\/p>\n<\/div><div class=\"sdm_download_link\"><span class=\"sdm_download_button\"><a href=\"http:\/\/passasete.rs.gov.br\/portal\/?sdm_process_download=1&download_id=9611\" class=\"sdm_download grey\" title=\"Decreto Municipal n\u00ba 2667.2026 &#8211; Cr\u00e9dito Suplementar &#8211; Educa\u00e7\u00e3o\" target=\"_self\">Baixar agora!<\/a><\/span><span class=\"sdm_download_item_count\"><span class=\"sdm_item_count_number\">2<\/span><span class=\"sdm_item_count_string\"> Downloads<\/span><\/span><\/div><\/div><div class=\"sdm_download_item \"><div class=\"sdm_download_item_top\"><div class=\"sdm_download_thumbnail\"><\/div><div class=\"sdm_download_title\">Decreto Municipal n\u00ba 2666.2026 &#8211; Cr\u00e9dito Suplementar &#8211; Diversos<\/div><\/div><div style=\"clear:both;\"><\/div><div class=\"sdm_download_description\"><p>Abre Cr\u00e9dito Suplementar no valor de R$ 189.246,20 (cento e oitenta e nove mil, duzentos e quarenta e seis reais e vinte centavos) para refor\u00e7o de dota\u00e7\u00f5es or\u00e7ament\u00e1rias na Lei Or\u00e7ament\u00e1ria Anual de 2026.<\/p>\n<\/div><div class=\"sdm_download_link\"><span class=\"sdm_download_button\"><a href=\"http:\/\/passasete.rs.gov.br\/portal\/?sdm_process_download=1&download_id=9579\" class=\"sdm_download grey\" title=\"Decreto Municipal n\u00ba 2666.2026 &#8211; Cr\u00e9dito Suplementar &#8211; Diversos\" target=\"_self\">Baixar agora!<\/a><\/span><span class=\"sdm_download_item_count\"><span class=\"sdm_item_count_number\">19<\/span><span class=\"sdm_item_count_string\"> Downloads<\/span><\/span><\/div><\/div><div class=\"sdm_download_item \"><div class=\"sdm_download_item_top\"><div class=\"sdm_download_thumbnail\"><\/div><div class=\"sdm_download_title\">Decreto Municipal n\u00ba 2665.2026 &#8211; Cr\u00e9dito Especial &#8211; Meta PPA, LDO e LOA &#8211; Defesa Civil<\/div><\/div><div style=\"clear:both;\"><\/div><div class=\"sdm_download_description\"><p>Inclui Meta\/A\u00e7\u00e3o no Plano Plurianual 2026-2029, na Lei de Diretrizes Or\u00e7ament\u00e1rias de 2026 e na Lei Or\u00e7ament\u00e1ria Anual de 2026 e abre Cr\u00e9dito Especial na Lei Or\u00e7ament\u00e1ria Anual de 2026 no montante de R$ 1.705.530,69 (um milh\u00e3o, setecentos e cinco mil, quinhentos e trinta reais e sessenta e nove centavos).<\/p>\n<\/div><div class=\"sdm_download_link\"><span class=\"sdm_download_button\"><a href=\"http:\/\/passasete.rs.gov.br\/portal\/?sdm_process_download=1&download_id=9563\" class=\"sdm_download grey\" title=\"Decreto Municipal n\u00ba 2665.2026 &#8211; Cr\u00e9dito Especial &#8211; Meta PPA, LDO e LOA &#8211; Defesa Civil\" target=\"_self\">Baixar agora!<\/a><\/span><span class=\"sdm_download_item_count\"><span class=\"sdm_item_count_number\">23<\/span><span class=\"sdm_item_count_string\"> Downloads<\/span><\/span><\/div><\/div><div class=\"sdm_download_item \"><div class=\"sdm_download_item_top\"><div class=\"sdm_download_thumbnail\"><\/div><div class=\"sdm_download_title\">Decreto Municipal n\u00ba 2664.2026 &#8211; Cr\u00e9dito Especial &#8211; Elementos Despesa LDO e LOA<\/div><\/div><div style=\"clear:both;\"><\/div><div class=\"sdm_download_description\"><p>Inclui Elementos de Despesa na Lei de Diretrizes Or\u00e7ament\u00e1rias de 2026 e na Lei Or\u00e7ament\u00e1ria Anual de 2026 e abre Cr\u00e9dito Especial na Lei Or\u00e7ament\u00e1ria Anual de 2026 no montante de R$ 165.762,22 (cento e sessenta e cinco mil, setecentos e sessenta e dois reais e vinte e dois centavos).<\/p>\n<\/div><div class=\"sdm_download_link\"><span class=\"sdm_download_button\"><a href=\"http:\/\/passasete.rs.gov.br\/portal\/?sdm_process_download=1&download_id=9560\" class=\"sdm_download grey\" title=\"Decreto Municipal n\u00ba 2664.2026 &#8211; Cr\u00e9dito Especial &#8211; Elementos Despesa LDO e LOA\" target=\"_self\">Baixar agora!<\/a><\/span><span class=\"sdm_download_item_count\"><span class=\"sdm_item_count_number\">26<\/span><span class=\"sdm_item_count_string\"> Downloads<\/span><\/span><\/div><\/div><div class=\"sdm_download_item \"><div class=\"sdm_download_item_top\"><div class=\"sdm_download_thumbnail\"><\/div><div class=\"sdm_download_title\">Decreto Municipal n\u00ba 2663.2026 &#8211; Cr\u00e9dito Suplementar &#8211; Diversos<\/div><\/div><div style=\"clear:both;\"><\/div><div class=\"sdm_download_description\"><p>Abre Cr\u00e9dito Suplementar no valor de R$ 117.000,00 (cento e dezessete mil reais) para refor\u00e7o de dota\u00e7\u00f5es or\u00e7ament\u00e1rias na Lei Or\u00e7ament\u00e1ria Anual de 2026.<\/p>\n<\/div><div class=\"sdm_download_link\"><span class=\"sdm_download_button\"><a href=\"http:\/\/passasete.rs.gov.br\/portal\/?sdm_process_download=1&download_id=9557\" class=\"sdm_download grey\" title=\"Decreto Municipal n\u00ba 2663.2026 &#8211; Cr\u00e9dito Suplementar &#8211; Diversos\" target=\"_self\">Baixar agora!<\/a><\/span><span class=\"sdm_download_item_count\"><span class=\"sdm_item_count_number\">23<\/span><span class=\"sdm_item_count_string\"> Downloads<\/span><\/span><\/div><\/div><div class=\"sdm_download_item \"><div class=\"sdm_download_item_top\"><div class=\"sdm_download_thumbnail\"><\/div><div class=\"sdm_download_title\">Decreto Municipal n\u00ba 2662.2026 &#8211; NFG 2026 &#8211; Altera\u00e7\u00e3o Premia\u00e7\u00e3o<\/div><\/div><div style=\"clear:both;\"><\/div><div class=\"sdm_download_description\"><p><strong>Define e regulamenta a premia\u00e7\u00e3o do Munic\u00edpio de Passa Sete para o restante do exerc\u00edcio de 2026 por meio da renova\u00e7\u00e3o do Termo de Ades\u00e3o \u00e0 plataforma de sorteios do Programa Nota Fiscal Ga\u00facha do Estado do Rio Grande do Sul e d\u00e1 outras provid\u00eancias<\/strong><\/p>\n<\/div><div class=\"sdm_download_link\"><span class=\"sdm_download_button\"><a href=\"http:\/\/passasete.rs.gov.br\/portal\/?sdm_process_download=1&download_id=9554\" class=\"sdm_download grey\" title=\"Decreto Municipal n\u00ba 2662.2026 &#8211; NFG 2026 &#8211; Altera\u00e7\u00e3o Premia\u00e7\u00e3o\" target=\"_self\">Baixar agora!<\/a><\/span><span class=\"sdm_download_item_count\"><span class=\"sdm_item_count_number\">24<\/span><span class=\"sdm_item_count_string\"> Downloads<\/span><\/span><\/div><\/div><div class=\"sdm_download_item \"><div class=\"sdm_download_item_top\"><div class=\"sdm_download_thumbnail\"><\/div><div class=\"sdm_download_title\">Decreto Municipal n\u00ba 2661.2026 &#8211; Altera\u00e7\u00e3o Subfun\u00e7\u00e3o LOA 2026<\/div><\/div><div style=\"clear:both;\"><\/div><div class=\"sdm_download_description\"><p>Altera SUBFUN\u00c7\u00c3O da despesa da Lei Or\u00e7amentaria Anual de 2026.<\/p>\n<\/div><div class=\"sdm_download_link\"><span class=\"sdm_download_button\"><a href=\"http:\/\/passasete.rs.gov.br\/portal\/?sdm_process_download=1&download_id=9551\" class=\"sdm_download grey\" title=\"Decreto Municipal n\u00ba 2661.2026 &#8211; Altera\u00e7\u00e3o Subfun\u00e7\u00e3o LOA 2026\" target=\"_self\">Baixar agora!<\/a><\/span><span class=\"sdm_download_item_count\"><span class=\"sdm_item_count_number\">25<\/span><span class=\"sdm_item_count_string\"> Downloads<\/span><\/span><\/div><\/div><div class=\"sdm_download_item \"><div class=\"sdm_download_item_top\"><div class=\"sdm_download_thumbnail\"><\/div><div class=\"sdm_download_title\">Decreto Municipal n\u00ba 2660.2026 &#8211; Cr\u00e9dito Especial &#8211; Elemento Despesa PPA, LDO e LOA<\/div><\/div><div style=\"clear:both;\"><\/div><div class=\"sdm_download_description\"><p>Inclui ELEMENTO DE DESPESA no Plano Plurianual 2026-2029, na Lei de Diretrizes Or\u00e7ament\u00e1rias de 2026 e na Lei Or\u00e7ament\u00e1ria Anual de 2026 e abre Cr\u00e9dito Especial na Lei Or\u00e7ament\u00e1ria Anual de 2026 no valor de R$ 80.000,00 (oitenta mil reais).<\/p>\n<\/div><div class=\"sdm_download_link\"><span class=\"sdm_download_button\"><a href=\"http:\/\/passasete.rs.gov.br\/portal\/?sdm_process_download=1&download_id=9544\" class=\"sdm_download grey\" title=\"Decreto Municipal n\u00ba 2660.2026 &#8211; Cr\u00e9dito Especial &#8211; Elemento Despesa PPA, LDO e LOA\" target=\"_self\">Baixar agora!<\/a><\/span><span class=\"sdm_download_item_count\"><span class=\"sdm_item_count_number\">23<\/span><span class=\"sdm_item_count_string\"> Downloads<\/span><\/span><\/div><\/div><div class=\"sdm_download_item \"><div class=\"sdm_download_item_top\"><div class=\"sdm_download_thumbnail\"><\/div><div class=\"sdm_download_title\">Decreto Municipal n\u00ba 2659.2026 &#8211; Cr\u00e9dito Suplementar &#8211; Educa\u00e7\u00e3o<\/div><\/div><div style=\"clear:both;\"><\/div><div class=\"sdm_download_description\"><p>Abre Cr\u00e9dito Suplementar no valor de R$ 20.000,00 (vinte mil reais) para refor\u00e7o de dota\u00e7\u00e3o or\u00e7ament\u00e1ria na Lei Or\u00e7ament\u00e1ria Anual de 2026.<\/p>\n<\/div><div class=\"sdm_download_link\"><span class=\"sdm_download_button\"><a href=\"http:\/\/passasete.rs.gov.br\/portal\/?sdm_process_download=1&download_id=9511\" class=\"sdm_download grey\" title=\"Decreto Municipal n\u00ba 2659.2026 &#8211; Cr\u00e9dito Suplementar &#8211; Educa\u00e7\u00e3o\" target=\"_self\">Baixar agora!<\/a><\/span><span class=\"sdm_download_item_count\"><span class=\"sdm_item_count_number\">23<\/span><span class=\"sdm_item_count_string\"> Downloads<\/span><\/span><\/div><\/div><div class=\"sdm_download_item \"><div class=\"sdm_download_item_top\"><div class=\"sdm_download_thumbnail\"><\/div><div class=\"sdm_download_title\">Decreto Municipal n\u00ba 2658.2026 &#8211; Cr\u00e9dito Suplementar &#8211; Obras e Agricultura<\/div><\/div><div style=\"clear:both;\"><\/div><div class=\"sdm_download_description\"><p>Abre Cr\u00e9dito Suplementar no valor de R$ 270.000,00 (duzentos e setenta mil reais) para refor\u00e7o de dota\u00e7\u00f5es or\u00e7ament\u00e1rias na Lei Or\u00e7ament\u00e1ria Anual de 2026.<\/p>\n<\/div><div class=\"sdm_download_link\"><span class=\"sdm_download_button\"><a href=\"http:\/\/passasete.rs.gov.br\/portal\/?sdm_process_download=1&download_id=9501\" class=\"sdm_download grey\" title=\"Decreto Municipal n\u00ba 2658.2026 &#8211; Cr\u00e9dito Suplementar &#8211; Obras e Agricultura\" target=\"_self\">Baixar agora!<\/a><\/span><span class=\"sdm_download_item_count\"><span class=\"sdm_item_count_number\">24<\/span><span class=\"sdm_item_count_string\"> Downloads<\/span><\/span><\/div><\/div><div class=\"sdm_download_item \"><div class=\"sdm_download_item_top\"><div class=\"sdm_download_thumbnail\"><\/div><div class=\"sdm_download_title\">Decreto Municipal n\u00ba 2657.2026 &#8211; Cr\u00e9dito Suplementar &#8211; Diversos<\/div><\/div><div style=\"clear:both;\"><\/div><div class=\"sdm_download_description\"><p>Abre Cr\u00e9dito Suplementar no valor de R$ 135.456,36 (cento e trinta e cinco mil, quatrocentos e cinquenta e seis reais e trinta e seis centavos) para refor\u00e7o de dota\u00e7\u00f5es or\u00e7ament\u00e1rias na Lei Or\u00e7ament\u00e1ria Anual de 2026.<\/p>\n<\/div><div class=\"sdm_download_link\"><span class=\"sdm_download_button\"><a href=\"http:\/\/passasete.rs.gov.br\/portal\/?sdm_process_download=1&download_id=9496\" class=\"sdm_download grey\" title=\"Decreto Municipal n\u00ba 2657.2026 &#8211; Cr\u00e9dito Suplementar &#8211; Diversos\" target=\"_self\">Baixar agora!<\/a><\/span><span class=\"sdm_download_item_count\"><span class=\"sdm_item_count_number\">28<\/span><span class=\"sdm_item_count_string\"> Downloads<\/span><\/span><\/div><\/div><div class=\"sdm_download_item \"><div class=\"sdm_download_item_top\"><div class=\"sdm_download_thumbnail\"><\/div><div class=\"sdm_download_title\">Decreto Municipal n\u00ba 2656.2026 &#8211; Cr\u00e9dito Suplementar &#8211; Sa\u00fade e Agricultura<\/div><\/div><div style=\"clear:both;\"><\/div><div class=\"sdm_download_description\"><p>Abre Cr\u00e9dito Suplementar no valor de R$ 80.000,00 (oitenta mil reais) para refor\u00e7o de dota\u00e7\u00f5es or\u00e7ament\u00e1rias na Lei Or\u00e7ament\u00e1ria Anual de 2026.<\/p>\n<\/div><div class=\"sdm_download_link\"><span class=\"sdm_download_button\"><a href=\"http:\/\/passasete.rs.gov.br\/portal\/?sdm_process_download=1&download_id=9481\" class=\"sdm_download grey\" title=\"Decreto Municipal n\u00ba 2656.2026 &#8211; Cr\u00e9dito Suplementar &#8211; Sa\u00fade e Agricultura\" target=\"_self\">Baixar agora!<\/a><\/span><span class=\"sdm_download_item_count\"><span class=\"sdm_item_count_number\">30<\/span><span class=\"sdm_item_count_string\"> Downloads<\/span><\/span><\/div><\/div><div class=\"sdm_download_item \"><div class=\"sdm_download_item_top\"><div class=\"sdm_download_thumbnail\"><\/div><div class=\"sdm_download_title\">Decreto Municipal n\u00ba 2655.2026 &#8211; Cr\u00e9dito Suplementar &#8211; Educa\u00e7\u00e3o e Agricultura<\/div><\/div><div style=\"clear:both;\"><\/div><div class=\"sdm_download_description\"><p>Abre Cr\u00e9dito Suplementar no valor de R$ 287.530,49 (duzentos e oitenta e sete mil, quinhentos e trinta reais e quarenta e nove centavos) para refor\u00e7o de dota\u00e7\u00f5es or\u00e7ament\u00e1rias na Lei Or\u00e7ament\u00e1ria Anual de 2026.<\/p>\n<\/div><div class=\"sdm_download_link\"><span class=\"sdm_download_button\"><a href=\"http:\/\/passasete.rs.gov.br\/portal\/?sdm_process_download=1&download_id=9475\" class=\"sdm_download grey\" title=\"Decreto Municipal n\u00ba 2655.2026 &#8211; Cr\u00e9dito Suplementar &#8211; Educa\u00e7\u00e3o e Agricultura\" target=\"_self\">Baixar agora!<\/a><\/span><span class=\"sdm_download_item_count\"><span class=\"sdm_item_count_number\">33<\/span><span class=\"sdm_item_count_string\"> Downloads<\/span><\/span><\/div><\/div><div class=\"sdm_download_item \"><div class=\"sdm_download_item_top\"><div class=\"sdm_download_thumbnail\"><\/div><div class=\"sdm_download_title\">Decreto Municipal n\u00ba 2654.2026 &#8211; Cr\u00e9dito Especial &#8211; Meta PPA, LDO e LOA &#8211; Sa\u00fade<\/div><\/div><div style=\"clear:both;\"><\/div><div class=\"sdm_download_description\"><p>Inclui META\/A\u00c7\u00c3O no Plano Plurianual 2026-2029, na Lei de Diretrizes Or\u00e7ament\u00e1rias de 2026 e na Lei Or\u00e7ament\u00e1ria Anual de 2026 e abre Cr\u00e9dito Especial na Lei Or\u00e7ament\u00e1ria Anual de 2026 no montante de R$ 314.200,00 (trezentos e quatorze mil e duzentos reais).<\/p>\n<\/div><div class=\"sdm_download_link\"><span class=\"sdm_download_button\"><a href=\"http:\/\/passasete.rs.gov.br\/portal\/?sdm_process_download=1&download_id=9463\" class=\"sdm_download grey\" title=\"Decreto Municipal n\u00ba 2654.2026 &#8211; Cr\u00e9dito Especial &#8211; Meta PPA, LDO e LOA &#8211; Sa\u00fade\" target=\"_self\">Baixar agora!<\/a><\/span><span class=\"sdm_download_item_count\"><span class=\"sdm_item_count_number\">31<\/span><span class=\"sdm_item_count_string\"> Downloads<\/span><\/span><\/div><\/div><div class=\"sdm_download_item \"><div class=\"sdm_download_item_top\"><div class=\"sdm_download_thumbnail\"><\/div><div class=\"sdm_download_title\">Decreto Municipal n\u00ba 2653.2026 &#8211; Cr\u00e9dito Suplementar &#8211; Folha<\/div><\/div><div style=\"clear:both;\"><\/div><div class=\"sdm_download_description\"><p>Abre Cr\u00e9dito Suplementar no valor de R$ 58.000,00 (cinquenta e oito mil reais) para refor\u00e7o de dota\u00e7\u00f5es or\u00e7ament\u00e1rias na Lei Or\u00e7ament\u00e1ria Anual de 2026.<\/p>\n<\/div><div class=\"sdm_download_link\"><span class=\"sdm_download_button\"><a href=\"http:\/\/passasete.rs.gov.br\/portal\/?sdm_process_download=1&download_id=9447\" class=\"sdm_download grey\" title=\"Decreto Municipal n\u00ba 2653.2026 &#8211; Cr\u00e9dito Suplementar &#8211; Folha\" target=\"_self\">Baixar agora!<\/a><\/span><span class=\"sdm_download_item_count\"><span class=\"sdm_item_count_number\">37<\/span><span class=\"sdm_item_count_string\"> Downloads<\/span><\/span><\/div><\/div><div class=\"sdm_download_item \"><div class=\"sdm_download_item_top\"><div class=\"sdm_download_thumbnail\"><\/div><div class=\"sdm_download_title\">Decreto Municipal n\u00ba 2652.2026 &#8211; Cr\u00e9dito Suplementar &#8211; Agricultura<\/div><\/div><div style=\"clear:both;\"><\/div><div class=\"sdm_download_description\"><p>Abre Cr\u00e9dito Suplementar no valor de R$ 110.000,00 (cento e dez mil reais) para refor\u00e7o de dota\u00e7\u00e3o or\u00e7ament\u00e1ria na Lei Or\u00e7ament\u00e1ria Anual de 2026.<\/p>\n<\/div><div class=\"sdm_download_link\"><span class=\"sdm_download_button\"><a href=\"http:\/\/passasete.rs.gov.br\/portal\/?sdm_process_download=1&download_id=9426\" class=\"sdm_download grey\" title=\"Decreto Municipal n\u00ba 2652.2026 &#8211; Cr\u00e9dito Suplementar &#8211; Agricultura\" target=\"_self\">Baixar agora!<\/a><\/span><span class=\"sdm_download_item_count\"><span class=\"sdm_item_count_number\">53<\/span><span class=\"sdm_item_count_string\"> Downloads<\/span><\/span><\/div><\/div><div class=\"sdm_download_item \"><div class=\"sdm_download_item_top\"><div class=\"sdm_download_thumbnail\"><\/div><div class=\"sdm_download_title\">Decreto Municipal n\u00ba 2651.2026 &#8211; Ponto Facultativo Carnaval<\/div><\/div><div style=\"clear:both;\"><\/div><div class=\"sdm_download_description\"><p>Declara PONTO FACULTATIVO em todas as reparti\u00e7\u00f5es p\u00fablicas municipais nos dias 16, 17 e 18 de fevereiro de 2026, alusivo as festividades de Carnaval, e d\u00e1 outras provid\u00eancias.<\/p>\n<\/div><div class=\"sdm_download_link\"><span class=\"sdm_download_button\"><a href=\"http:\/\/passasete.rs.gov.br\/portal\/?sdm_process_download=1&download_id=9421\" class=\"sdm_download grey\" title=\"Decreto Municipal n\u00ba 2651.2026 &#8211; Ponto Facultativo Carnaval\" target=\"_self\">Baixar agora!<\/a><\/span><span class=\"sdm_download_item_count\"><span class=\"sdm_item_count_number\">48<\/span><span class=\"sdm_item_count_string\"> Downloads<\/span><\/span><\/div><\/div><div class=\"sdm_download_item \"><div class=\"sdm_download_item_top\"><div class=\"sdm_download_thumbnail\"><\/div><div class=\"sdm_download_title\">Decreto Municipal n\u00ba 2650.2026 &#8211; Cr\u00e9dito Suplementar &#8211; Agricultura<\/div><\/div><div style=\"clear:both;\"><\/div><div class=\"sdm_download_description\"><p>Abre Cr\u00e9dito Suplementar no valor de R$ 57.977,33 (cinquenta e sete mil, novecentos e setenta e sete reais e trinta e tr\u00eas centavos) para refor\u00e7o de dota\u00e7\u00f5es or\u00e7ament\u00e1rias na Lei Or\u00e7ament\u00e1ria Anual de 2026.<\/p>\n<\/div><div class=\"sdm_download_link\"><span class=\"sdm_download_button\"><a href=\"http:\/\/passasete.rs.gov.br\/portal\/?sdm_process_download=1&download_id=9414\" class=\"sdm_download grey\" title=\"Decreto Municipal n\u00ba 2650.2026 &#8211; Cr\u00e9dito Suplementar &#8211; Agricultura\" target=\"_self\">Baixar agora!<\/a><\/span><span class=\"sdm_download_item_count\"><span class=\"sdm_item_count_number\">55<\/span><span class=\"sdm_item_count_string\"> Downloads<\/span><\/span><\/div><\/div><div class=\"sdm_download_item \"><div class=\"sdm_download_item_top\"><div class=\"sdm_download_thumbnail\"><\/div><div class=\"sdm_download_title\">Decreto Municipal n\u00ba 2649.2026 &#8211; Reabre Cr\u00e9dito Especial &#8211; Agricultura<\/div><\/div><div style=\"clear:both;\"><\/div><div class=\"sdm_download_description\"><p>Reabre Cr\u00e9dito Especial na Lei Or\u00e7ament\u00e1ria Anual de 2026, no valor de R$ 45.470,40 (quarenta e cinco mil, quatrocentos e setenta reais e quarenta centavos), proveniente da inclus\u00e3o de META\/A\u00c7\u00c3O no Plano Plurianual 2026-2029, na Lei de Diretrizes Or\u00e7ament\u00e1rias de 2026 e na Lei Or\u00e7ament\u00e1ria Anual de 2026.<\/p>\n<\/div><div class=\"sdm_download_link\"><span class=\"sdm_download_button\"><a href=\"http:\/\/passasete.rs.gov.br\/portal\/?sdm_process_download=1&download_id=9395\" class=\"sdm_download grey\" title=\"Decreto Municipal n\u00ba 2649.2026 &#8211; Reabre Cr\u00e9dito Especial &#8211; Agricultura\" target=\"_self\">Baixar agora!<\/a><\/span><span class=\"sdm_download_item_count\"><span class=\"sdm_item_count_number\">52<\/span><span class=\"sdm_item_count_string\"> Downloads<\/span><\/span><\/div><\/div><div class=\"sdm_clear_float\"><\/div><div class=\"sdm_pagination\"><span aria-current=\"page\" class=\"page-numbers current\">1<\/span>\n<a class=\"page-numbers\" href=\"http:\/\/passasete.rs.gov.br\/portal\/wp-json\/wp\/v2\/pages\/5613\/page\/2\/\">2<\/a>\n<a class=\"page-numbers\" href=\"http:\/\/passasete.rs.gov.br\/portal\/wp-json\/wp\/v2\/pages\/5613\/page\/3\/\">3<\/a>\n<span class=\"page-numbers dots\">&hellip;<\/span>\n<a class=\"page-numbers\" href=\"http:\/\/passasete.rs.gov.br\/portal\/wp-json\/wp\/v2\/pages\/5613\/page\/16\/\">16<\/a>\n<a class=\"next page-numbers\" href=\"http:\/\/passasete.rs.gov.br\/portal\/wp-json\/wp\/v2\/pages\/5613\/page\/2\/\">&raquo;<\/a><\/div>\n<h2>Decretos Anteriores a 10\/07\/2023 <a href=\"http:\/\/passasete.rs.gov.br\/files.php?cat=15\" target=\"_blank\" rel=\"noopener noreferrer\">clique aqui<\/a><\/h2>\n","protected":false},"excerpt":{"rendered":"<p>Decretos Anteriores a 10\/07\/2023 clique aqui<\/p>\n","protected":false},"author":1,"featured_media":0,"parent":0,"menu_order":0,"comment_status":"closed","ping_status":"closed","template":"","meta":{"footnotes":""},"class_list":["post-5613","page","type-page","status-publish","hentry"],"_links":{"self":[{"href":"http:\/\/passasete.rs.gov.br\/portal\/wp-json\/wp\/v2\/pages\/5613","targetHints":{"allow":["GET"]}}],"collection":[{"href":"http:\/\/passasete.rs.gov.br\/portal\/wp-json\/wp\/v2\/pages"}],"about":[{"href":"http:\/\/passasete.rs.gov.br\/portal\/wp-json\/wp\/v2\/types\/page"}],"author":[{"embeddable":true,"href":"http:\/\/passasete.rs.gov.br\/portal\/wp-json\/wp\/v2\/users\/1"}],"replies":[{"embeddable":true,"href":"http:\/\/passasete.rs.gov.br\/portal\/wp-json\/wp\/v2\/comments?post=5613"}],"version-history":[{"count":5,"href":"http:\/\/passasete.rs.gov.br\/portal\/wp-json\/wp\/v2\/pages\/5613\/revisions"}],"predecessor-version":[{"id":5623,"href":"http:\/\/passasete.rs.gov.br\/portal\/wp-json\/wp\/v2\/pages\/5613\/revisions\/5623"}],"wp:attachment":[{"href":"http:\/\/passasete.rs.gov.br\/portal\/wp-json\/wp\/v2\/media?parent=5613"}],"curies":[{"name":"wp","href":"https:\/\/api.w.org\/{rel}","templated":true}]}}