{"id":5624,"date":"2023-07-13T15:21:40","date_gmt":"2023-07-13T18:21:40","guid":{"rendered":"http:\/\/passasete.rs.gov.br\/portal\/?page_id=5624"},"modified":"2023-07-13T15:24:21","modified_gmt":"2023-07-13T18:24:21","slug":"leis","status":"publish","type":"page","link":"http:\/\/passasete.rs.gov.br\/portal\/leis\/","title":{"rendered":"Leis"},"content":{"rendered":"<div class=\"sdm_download_item \"><div class=\"sdm_download_item_top\"><div class=\"sdm_download_thumbnail\"><\/div><div class=\"sdm_download_title\">Lei Municipal n\u00ba 2008.2026 &#8211; Contrata\u00e7\u00e3o Monitor Educa\u00e7\u00e3o Infantil<\/div><\/div><div style=\"clear:both;\"><\/div><div class=\"sdm_download_description\"><p><strong>Autoriza o Poder Executivo Municipal a contratar, por prazo certo e determinado, em raz\u00e3o de excepcional interesse p\u00fablico e sem concurso p\u00fablico, 1 (um) servidor na fun\u00e7\u00e3o de MONITOR DE EDUCA\u00c7\u00c3O INFANTIL para atuar em escola da rede municipal de ensino.<\/strong><\/p>\n<\/div><div class=\"sdm_download_link\"><span class=\"sdm_download_button\"><a href=\"http:\/\/passasete.rs.gov.br\/portal\/?sdm_process_download=1&download_id=9589\" class=\"sdm_download grey\" title=\"Lei Municipal n\u00ba 2008.2026 &#8211; Contrata\u00e7\u00e3o Monitor Educa\u00e7\u00e3o Infantil\" target=\"_self\">Baixar agora!<\/a><\/span><span class=\"sdm_download_item_count\"><span class=\"sdm_item_count_number\">11<\/span><span class=\"sdm_item_count_string\"> Downloads<\/span><\/span><\/div><\/div><div class=\"sdm_download_item \"><div class=\"sdm_download_item_top\"><div class=\"sdm_download_thumbnail\"><\/div><div class=\"sdm_download_title\">Lei Municipal n\u00ba 2007.2026 &#8211; Contrata\u00e7\u00e3o M\u00e9dicos<\/div><\/div><div style=\"clear:both;\"><\/div><div class=\"sdm_download_description\"><p><strong>Autoriza o Poder Executivo Municipal a contratar, por prazo certo e determinado, em raz\u00e3o de excepcional interesse p\u00fablico e sem concurso p\u00fablico, 2 (dois) servidores na fun\u00e7\u00e3o de M\u00c9DICO para atuarem nas Unidade B\u00e1sica de Sa\u00fade.<\/strong><\/p>\n<\/div><div class=\"sdm_download_link\"><span class=\"sdm_download_button\"><a href=\"http:\/\/passasete.rs.gov.br\/portal\/?sdm_process_download=1&download_id=9586\" class=\"sdm_download grey\" title=\"Lei Municipal n\u00ba 2007.2026 &#8211; Contrata\u00e7\u00e3o M\u00e9dicos\" target=\"_self\">Baixar agora!<\/a><\/span><span class=\"sdm_download_item_count\"><span class=\"sdm_item_count_number\">11<\/span><span class=\"sdm_item_count_string\"> Downloads<\/span><\/span><\/div><\/div><div class=\"sdm_download_item \"><div class=\"sdm_download_item_top\"><div class=\"sdm_download_thumbnail\"><\/div><div class=\"sdm_download_title\">Lei Municipal n\u00ba 2006.2026 &#8211; Cr\u00e9dito Especial &#8211; Meta PPA, LDO e LOA &#8211; Defesa Civil<\/div><\/div><div style=\"clear:both;\"><\/div><div class=\"sdm_download_description\"><p>Autoriza o Poder Executivo incluir Meta\/A\u00e7\u00e3o no Plano Plurianual 2026-2029, na Lei de Diretrizes Or\u00e7ament\u00e1rias de 2026 e na Lei Or\u00e7ament\u00e1ria Anual de 2026, a abrir Cr\u00e9dito Especial na Lei Or\u00e7ament\u00e1ria Anual de 2026 no montante de R$ 1.705.530,69 (um milh\u00e3o, setecentos e cinco mil, quinhentos e trinta reais e sessenta e nove centavos) e d\u00e1 outras provid\u00eancias.<\/p>\n<\/div><div class=\"sdm_download_link\"><span class=\"sdm_download_button\"><a href=\"http:\/\/passasete.rs.gov.br\/portal\/?sdm_process_download=1&download_id=9572\" class=\"sdm_download grey\" title=\"Lei Municipal n\u00ba 2006.2026 &#8211; Cr\u00e9dito Especial &#8211; Meta PPA, LDO e LOA &#8211; Defesa Civil\" target=\"_self\">Baixar agora!<\/a><\/span><span class=\"sdm_download_item_count\"><span class=\"sdm_item_count_number\">20<\/span><span class=\"sdm_item_count_string\"> Downloads<\/span><\/span><\/div><\/div><div class=\"sdm_download_item \"><div class=\"sdm_download_item_top\"><div class=\"sdm_download_thumbnail\"><\/div><div class=\"sdm_download_title\">Lei Municipal n\u00ba 2005.2026 &#8211; Reposi\u00e7\u00e3o Perdas Salariais Pandemia<\/div><\/div><div style=\"clear:both;\"><\/div><div class=\"sdm_download_description\"><p>Autoriza o pagamento aos servidores ativos do Poder Executivo do Munic\u00edpio e aos aposentados e pensionistas do Regime Pr\u00f3prio de Previd\u00eancia Social (RPPS), relativamente a per\u00edodos anteriores a 13\/01\/2026, das diferen\u00e7as remunerat\u00f3rias e de benef\u00edcios resultantes da revis\u00e3o de vantagens funcionais, em decorr\u00eancia e nos termos da Lei Complementar n\u00ba 226, de 12 de janeiro de 2026, e d\u00e1 outras provid\u00eancias.<\/p>\n<\/div><div class=\"sdm_download_link\"><span class=\"sdm_download_button\"><a href=\"http:\/\/passasete.rs.gov.br\/portal\/?sdm_process_download=1&download_id=9569\" class=\"sdm_download grey\" title=\"Lei Municipal n\u00ba 2005.2026 &#8211; Reposi\u00e7\u00e3o Perdas Salariais Pandemia\" target=\"_self\">Baixar agora!<\/a><\/span><span class=\"sdm_download_item_count\"><span class=\"sdm_item_count_number\">20<\/span><span class=\"sdm_item_count_string\"> Downloads<\/span><\/span><\/div><\/div><div class=\"sdm_download_item \"><div class=\"sdm_download_item_top\"><div class=\"sdm_download_thumbnail\"><\/div><div class=\"sdm_download_title\">Lei Municipal n\u00ba 2004.2026 &#8211; Cr\u00e9dito Especial &#8211; Elementos Despesa LDO e LOA<\/div><\/div><div style=\"clear:both;\"><\/div><div class=\"sdm_download_description\"><p>Autoriza o Poder Executivo incluir Elementos de Despesa na Lei de Diretrizes Or\u00e7ament\u00e1rias de 2026 e na Lei Or\u00e7ament\u00e1ria Anual de 2026, a abrir Cr\u00e9dito Especial na Lei Or\u00e7ament\u00e1ria Anual de 2026 no montante de R$ 165.762,22 (cento e sessenta e cinco mil, setecentos e sessenta e dois reais e vinte e dois centavos) e d\u00e1 outras provid\u00eancias.<\/p>\n<\/div><div class=\"sdm_download_link\"><span class=\"sdm_download_button\"><a href=\"http:\/\/passasete.rs.gov.br\/portal\/?sdm_process_download=1&download_id=9566\" class=\"sdm_download grey\" title=\"Lei Municipal n\u00ba 2004.2026 &#8211; Cr\u00e9dito Especial &#8211; Elementos Despesa LDO e LOA\" target=\"_self\">Baixar agora!<\/a><\/span><span class=\"sdm_download_item_count\"><span class=\"sdm_item_count_number\">20<\/span><span class=\"sdm_item_count_string\"> Downloads<\/span><\/span><\/div><\/div><div class=\"sdm_download_item \"><div class=\"sdm_download_item_top\"><div class=\"sdm_download_thumbnail\"><\/div><div class=\"sdm_download_title\">Lei Municipal n\u00ba 2003.2026 &#8211; Contrata\u00e7\u00e3o Motoristas e Agente de Sa\u00fade<\/div><\/div><div style=\"clear:both;\"><\/div><div class=\"sdm_download_description\"><p><strong>Autoriza o Poder Executivo Municipal a contratar, por prazo certo e determinado, em raz\u00e3o de excepcional interesse p\u00fablico e sem concurso p\u00fablico, 3 (tr\u00eas) servidores na fun\u00e7\u00e3o de MOTORISTA e 1 (um) servidor na fun\u00e7\u00e3o de AGENTE COMUNIT\u00c1RIO DE SA\u00daDE para atuarem nas unidades\/locais que relaciona.<\/strong><\/p>\n<\/div><div class=\"sdm_download_link\"><span class=\"sdm_download_button\"><a href=\"http:\/\/passasete.rs.gov.br\/portal\/?sdm_process_download=1&download_id=9541\" class=\"sdm_download grey\" title=\"Lei Municipal n\u00ba 2003.2026 &#8211; Contrata\u00e7\u00e3o Motoristas e Agente de Sa\u00fade\" target=\"_self\">Baixar agora!<\/a><\/span><span class=\"sdm_download_item_count\"><span class=\"sdm_item_count_number\">21<\/span><span class=\"sdm_item_count_string\"> Downloads<\/span><\/span><\/div><\/div><div class=\"sdm_download_item \"><div class=\"sdm_download_item_top\"><div class=\"sdm_download_thumbnail\"><\/div><div class=\"sdm_download_title\">Lei Municipal n\u00ba 2002.2026 &#8211; Cria Cargos Comiss\u00e3o<\/div><\/div><div style=\"clear:both;\"><\/div><div class=\"sdm_download_description\"><p><strong>Cria, no \u00e2mbito dos cargos de provimento em Comiss\u00e3o ou Fun\u00e7\u00e3o Gratificada, previstos no quadro de cargos da administra\u00e7\u00e3o centralizada do Poder Executivo Municipal de que trata a Lei Municipal n\u00ba 1.292, de 01\/07\/2014, os Cargos de CHEFE DO DEPARTAMENTO DE M\u00c1QUINAS E EQUIPAMENTOS RODOVI\u00c1RIOS e de CHEFE DO SETOR DE PROJETOS E ATIVIDADES EDUCACIONAIS; acrescenta <\/strong><strong>dispositivos na Lei Municipal n\u00ba 1.290, de 01\/07\/2014, que disp\u00f5e sobre a Estrutura Organizacional B\u00e1sica da Administra\u00e7\u00e3o Direta do Munic\u00edpio de Passa Sete, e d\u00e1 outras provid\u00eancias.<\/strong><\/p>\n<\/div><div class=\"sdm_download_link\"><span class=\"sdm_download_button\"><a href=\"http:\/\/passasete.rs.gov.br\/portal\/?sdm_process_download=1&download_id=9538\" class=\"sdm_download grey\" title=\"Lei Municipal n\u00ba 2002.2026 &#8211; Cria Cargos Comiss\u00e3o\" target=\"_self\">Baixar agora!<\/a><\/span><span class=\"sdm_download_item_count\"><span class=\"sdm_item_count_number\">20<\/span><span class=\"sdm_item_count_string\"> Downloads<\/span><\/span><\/div><\/div><div class=\"sdm_download_item \"><div class=\"sdm_download_item_top\"><div class=\"sdm_download_thumbnail\"><\/div><div class=\"sdm_download_title\">Lei Municipal n\u00ba 2001.2026 &#8211; Conv\u00eanio Herveiras &#8211; Ponte P\u00eansil<\/div><\/div><div style=\"clear:both;\"><\/div><div class=\"sdm_download_description\"><p><strong>Autoriza o Poder Executivo Municipal a firmar conv\u00eanio com o Munic\u00edpio de Herveiras\/RS objetivando o repasse de recursos para constru\u00e7\u00e3o de uma ponte p\u00eansil sobre o Rio Pardo, na divisa entre os dois munic\u00edpios, e d\u00e1 outras provid\u00eancias.<\/strong><\/p>\n<\/div><div class=\"sdm_download_link\"><span class=\"sdm_download_button\"><a href=\"http:\/\/passasete.rs.gov.br\/portal\/?sdm_process_download=1&download_id=9535\" class=\"sdm_download grey\" title=\"Lei Municipal n\u00ba 2001.2026 &#8211; Conv\u00eanio Herveiras &#8211; Ponte P\u00eansil\" target=\"_self\">Baixar agora!<\/a><\/span><span class=\"sdm_download_item_count\"><span class=\"sdm_item_count_number\">22<\/span><span class=\"sdm_item_count_string\"> Downloads<\/span><\/span><\/div><\/div><div class=\"sdm_download_item \"><div class=\"sdm_download_item_top\"><div class=\"sdm_download_thumbnail\"><\/div><div class=\"sdm_download_title\">Lei Municipal n\u00ba 2000.2026 &#8211; Contrata\u00e7\u00e3o Servidores Educa\u00e7\u00e3o<\/div><\/div><div style=\"clear:both;\"><\/div><div class=\"sdm_download_description\"><p><strong>Autoriza o Poder Executivo Municipal a contratar, por prazo certo e determinado, em raz\u00e3o de excepcional interesse p\u00fablico e sem concurso p\u00fablico, 2 (dois) servidores na fun\u00e7\u00e3o de MONITOR DE EDUCA\u00c7\u00c3O INFANTIL e 1 (um) servidor na fun\u00e7\u00e3o de SERVENTE para atuarem em escolas da rede municipal de ensino.<\/strong><\/p>\n<\/div><div class=\"sdm_download_link\"><span class=\"sdm_download_button\"><a href=\"http:\/\/passasete.rs.gov.br\/portal\/?sdm_process_download=1&download_id=9492\" class=\"sdm_download grey\" title=\"Lei Municipal n\u00ba 2000.2026 &#8211; Contrata\u00e7\u00e3o Servidores Educa\u00e7\u00e3o\" target=\"_self\">Baixar agora!<\/a><\/span><span class=\"sdm_download_item_count\"><span class=\"sdm_item_count_number\">24<\/span><span class=\"sdm_item_count_string\"> Downloads<\/span><\/span><\/div><\/div><div class=\"sdm_download_item \"><div class=\"sdm_download_item_top\"><div class=\"sdm_download_thumbnail\"><\/div><div class=\"sdm_download_title\">Lei Municipal n\u00ba 1999.2026 &#8211; Conv\u00eanio ATURCSERRA<\/div><\/div><div style=\"clear:both;\"><\/div><div class=\"sdm_download_description\"><p>Autoriza o Poder Executivo Municipal a firmar conv\u00eanio com a Associa\u00e7\u00e3o de Turismo da Regi\u00e3o Centro Serra \u2013 ATURCSERRA, para o fomento do turismo local e regional, e d\u00e1 outras provid\u00eancias.<\/p>\n<\/div><div class=\"sdm_download_link\"><span class=\"sdm_download_button\"><a href=\"http:\/\/passasete.rs.gov.br\/portal\/?sdm_process_download=1&download_id=9472\" class=\"sdm_download grey\" title=\"Lei Municipal n\u00ba 1999.2026 &#8211; Conv\u00eanio ATURCSERRA\" target=\"_self\">Baixar agora!<\/a><\/span><span class=\"sdm_download_item_count\"><span class=\"sdm_item_count_number\">27<\/span><span class=\"sdm_item_count_string\"> Downloads<\/span><\/span><\/div><\/div><div class=\"sdm_download_item \"><div class=\"sdm_download_item_top\"><div class=\"sdm_download_thumbnail\"><\/div><div class=\"sdm_download_title\">Lei Municipal n\u00ba 1998.2026 &#8211; Contrata\u00e7\u00e3o Enfermeiro e Agentes de Sa\u00fade<\/div><\/div><div style=\"clear:both;\"><\/div><div class=\"sdm_download_description\"><p><strong>Autoriza o Poder Executivo Municipal a contratar, por prazo certo e determinado, em raz\u00e3o de excepcional interesse p\u00fablico e sem concurso p\u00fablico, 1 (um) servidor na fun\u00e7\u00e3o de ENFERMEIRO e 3 (tr\u00eas) servidores na fun\u00e7\u00e3o de AGENTE COMUNIT\u00c1RIO DE SA\u00daDE para atuarem, respectivamente, nas Unidade B\u00e1sica de Sa\u00fade e Micro \u00c1reas de Sa\u00fade n\u00ba 05, 06 e 09.<\/strong><\/p>\n<\/div><div class=\"sdm_download_link\"><span class=\"sdm_download_button\"><a href=\"http:\/\/passasete.rs.gov.br\/portal\/?sdm_process_download=1&download_id=9469\" class=\"sdm_download grey\" title=\"Lei Municipal n\u00ba 1998.2026 &#8211; Contrata\u00e7\u00e3o Enfermeiro e Agentes de Sa\u00fade\" target=\"_self\">Baixar agora!<\/a><\/span><span class=\"sdm_download_item_count\"><span class=\"sdm_item_count_number\">27<\/span><span class=\"sdm_item_count_string\"> Downloads<\/span><\/span><\/div><\/div><div class=\"sdm_download_item \"><div class=\"sdm_download_item_top\"><div class=\"sdm_download_thumbnail\"><\/div><div class=\"sdm_download_title\">Lei Municipal n\u00ba 1997.2026 &#8211; Cr\u00e9dito Especial &#8211; Meta PPA, LDO e LOA &#8211; Agricultura<\/div><\/div><div style=\"clear:both;\"><\/div><div class=\"sdm_download_description\"><p>Autoriza o Poder Executivo incluir Meta\/A\u00e7\u00e3o no Plano Plurianual 2026-2029, na Lei de Diretrizes Or\u00e7ament\u00e1rias de 2026 e na Lei Or\u00e7ament\u00e1ria Anual de 2026, a abrir Cr\u00e9dito Especial na Lei Or\u00e7ament\u00e1ria Anual de 2026 no montante de R$ 314.200,00 (trezentos e quatorze mil e duzentos reais) e d\u00e1 outras provid\u00eancias.<\/p>\n<\/div><div class=\"sdm_download_link\"><span class=\"sdm_download_button\"><a href=\"http:\/\/passasete.rs.gov.br\/portal\/?sdm_process_download=1&download_id=9466\" class=\"sdm_download grey\" title=\"Lei Municipal n\u00ba 1997.2026 &#8211; Cr\u00e9dito Especial &#8211; Meta PPA, LDO e LOA &#8211; Agricultura\" target=\"_self\">Baixar agora!<\/a><\/span><span class=\"sdm_download_item_count\"><span class=\"sdm_item_count_number\">28<\/span><span class=\"sdm_item_count_string\"> Downloads<\/span><\/span><\/div><\/div><div class=\"sdm_download_item \"><div class=\"sdm_download_item_top\"><div class=\"sdm_download_thumbnail\"><\/div><div class=\"sdm_download_title\">Lei Municipal n\u00ba 1996.2026 &#8211; Contrata\u00e7\u00e3o Professores<\/div><\/div><div style=\"clear:both;\"><\/div><div class=\"sdm_download_description\"><p><strong>Autoriza o Poder Executivo Municipal a contratar, por prazo certo e determinado, em raz\u00e3o de excepcional interesse p\u00fablico e sem concurso p\u00fablico, 1 (um) PROFESSOR de ANOS INICIAIS, 1 (um) PROFESSOR de L\u00cdNGUA PORTUGUESA e 1 (um) PROFESSOR de EDUCA\u00c7\u00c3O INFANTIL para atuarem em escolas da rede municipal de ensino.<\/strong><\/p>\n<\/div><div class=\"sdm_download_link\"><span class=\"sdm_download_button\"><a href=\"http:\/\/passasete.rs.gov.br\/portal\/?sdm_process_download=1&download_id=9437\" class=\"sdm_download grey\" title=\"Lei Municipal n\u00ba 1996.2026 &#8211; Contrata\u00e7\u00e3o Professores\" target=\"_self\">Baixar agora!<\/a><\/span><span class=\"sdm_download_item_count\"><span class=\"sdm_item_count_number\">54<\/span><span class=\"sdm_item_count_string\"> Downloads<\/span><\/span><\/div><\/div><div class=\"sdm_download_item \"><div class=\"sdm_download_item_top\"><div class=\"sdm_download_thumbnail\"><\/div><div class=\"sdm_download_title\">Lei Municipal n\u00ba 1995.2026 &#8211; Contrata\u00e7\u00e3o Engenheiro Civil<\/div><\/div><div style=\"clear:both;\"><\/div><div class=\"sdm_download_description\"><p><strong>Autoriza o Poder Executivo Municipal a contratar, por prazo certo e determinado, em raz\u00e3o de excepcional interesse p\u00fablico e sem concurso p\u00fablico, 1 (um) servidor na fun\u00e7\u00e3o de ENGENHEIRO CIVIL para atuar junto ao setor de engenharia e \u00e1reas afins do Munic\u00edpio.<\/strong><\/p>\n<\/div><div class=\"sdm_download_link\"><span class=\"sdm_download_button\"><a href=\"http:\/\/passasete.rs.gov.br\/portal\/?sdm_process_download=1&download_id=9434\" class=\"sdm_download grey\" title=\"Lei Municipal n\u00ba 1995.2026 &#8211; Contrata\u00e7\u00e3o Engenheiro Civil\" target=\"_self\">Baixar agora!<\/a><\/span><span class=\"sdm_download_item_count\"><span class=\"sdm_item_count_number\">52<\/span><span class=\"sdm_item_count_string\"> Downloads<\/span><\/span><\/div><\/div><div class=\"sdm_download_item \"><div class=\"sdm_download_item_top\"><div class=\"sdm_download_thumbnail\"><\/div><div class=\"sdm_download_title\">Lei Municipal n\u00ba 1994.2026 &#8211; Reajuste Salarial Professores e Servidores<\/div><\/div><div style=\"clear:both;\"><\/div><div class=\"sdm_download_description\"><p>Concede reajuste salarial aos vencimentos e proventos de professores e servidores p\u00fablicos municipais vinculados ao Poder Executivo e d\u00e1 outras provid\u00eancias.<\/p>\n<\/div><div class=\"sdm_download_link\"><span class=\"sdm_download_button\"><a href=\"http:\/\/passasete.rs.gov.br\/portal\/?sdm_process_download=1&download_id=9417\" class=\"sdm_download grey\" title=\"Lei Municipal n\u00ba 1994.2026 &#8211; Reajuste Salarial Professores e Servidores\" target=\"_self\">Baixar agora!<\/a><\/span><span class=\"sdm_download_item_count\"><span class=\"sdm_item_count_number\">41<\/span><span class=\"sdm_item_count_string\"> Downloads<\/span><\/span><\/div><\/div><div class=\"sdm_download_item \"><div class=\"sdm_download_item_top\"><div class=\"sdm_download_thumbnail\"><\/div><div class=\"sdm_download_title\">Lei Municipal n\u00ba 1993.2026 &#8211; Contrata\u00e7\u00e3o Artes\u00e3o Sa\u00fade<\/div><\/div><div style=\"clear:both;\"><\/div><div class=\"sdm_download_description\"><p><strong>Autoriza o Poder Executivo Municipal a contratar, por prazo certo e determinado, em raz\u00e3o de excepcional interesse p\u00fablico e sem concurso p\u00fablico, 1 (um) servidor na fun\u00e7\u00e3o de ARTES\u00c3O para atuar em atividades relacionadas aos Projetos de Oficinas Terap\u00eauticas e NAAB &#8211; N\u00facleo de Apoio \u00e0 Aten\u00e7\u00e3o B\u00e1sica desenvolvidos pela Secretaria Municipal de Sa\u00fade.<\/strong><\/p>\n<\/div><div class=\"sdm_download_link\"><span class=\"sdm_download_button\"><a href=\"http:\/\/passasete.rs.gov.br\/portal\/?sdm_process_download=1&download_id=9379\" class=\"sdm_download grey\" title=\"Lei Municipal n\u00ba 1993.2026 &#8211; Contrata\u00e7\u00e3o Artes\u00e3o Sa\u00fade\" target=\"_self\">Baixar agora!<\/a><\/span><span class=\"sdm_download_item_count\"><span class=\"sdm_item_count_number\">41<\/span><span class=\"sdm_item_count_string\"> Downloads<\/span><\/span><\/div><\/div><div class=\"sdm_download_item \"><div class=\"sdm_download_item_top\"><div class=\"sdm_download_thumbnail\"><\/div><div class=\"sdm_download_title\">Lei Municipal n\u00ba 1992.2026 &#8211; Contrata\u00e7\u00e3o Assistente Social Sa\u00fade<\/div><\/div><div style=\"clear:both;\"><\/div><div class=\"sdm_download_description\"><p><strong>Autoriza o Poder Executivo Municipal a contratar, por prazo certo e determinado, em raz\u00e3o de excepcional interesse p\u00fablico e sem concurso p\u00fablico, 1 (um) servidor na fun\u00e7\u00e3o de ASSISTENTE SOCIAL para atuar junto aos Projetos NAAB &#8211; N\u00facleo de Apoio \u00e0 Aten\u00e7\u00e3o B\u00e1sica e Oficinas Terap\u00eauticas, vinculados a Secretaria Municipal de Sa\u00fade.<\/strong><\/p>\n<\/div><div class=\"sdm_download_link\"><span class=\"sdm_download_button\"><a href=\"http:\/\/passasete.rs.gov.br\/portal\/?sdm_process_download=1&download_id=9376\" class=\"sdm_download grey\" title=\"Lei Municipal n\u00ba 1992.2026 &#8211; Contrata\u00e7\u00e3o Assistente Social Sa\u00fade\" target=\"_self\">Baixar agora!<\/a><\/span><span class=\"sdm_download_item_count\"><span class=\"sdm_item_count_number\">43<\/span><span class=\"sdm_item_count_string\"> Downloads<\/span><\/span><\/div><\/div><div class=\"sdm_download_item \"><div class=\"sdm_download_item_top\"><div class=\"sdm_download_thumbnail\"><\/div><div class=\"sdm_download_title\">Lei Municipal n\u00ba 1991.2026 &#8211; Contrata\u00e7\u00e3o T\u00e9cnicos Enfermagem<\/div><\/div><div style=\"clear:both;\"><\/div><div class=\"sdm_download_description\"><p><strong>Autoriza o Poder Executivo Municipal a contratar, por prazo certo e determinado, em raz\u00e3o de excepcional interesse p\u00fablico e sem concurso p\u00fablico, 4 (quatro) servidores na fun\u00e7\u00e3o de T\u00c9CNICO DE ENFERMAGEM para atuarem nas Unidades B\u00e1sicas de Sa\u00fade.<\/strong><\/p>\n<\/div><div class=\"sdm_download_link\"><span class=\"sdm_download_button\"><a href=\"http:\/\/passasete.rs.gov.br\/portal\/?sdm_process_download=1&download_id=9373\" class=\"sdm_download grey\" title=\"Lei Municipal n\u00ba 1991.2026 &#8211; Contrata\u00e7\u00e3o T\u00e9cnicos Enfermagem\" target=\"_self\">Baixar agora!<\/a><\/span><span class=\"sdm_download_item_count\"><span class=\"sdm_item_count_number\">43<\/span><span class=\"sdm_item_count_string\"> Downloads<\/span><\/span><\/div><\/div><div class=\"sdm_download_item \"><div class=\"sdm_download_item_top\"><div class=\"sdm_download_thumbnail\"><\/div><div class=\"sdm_download_title\">Lei Municipal n\u00ba 1990.2026 &#8211; Contrata\u00e7\u00e3o Operadores M\u00e1quinas<\/div><\/div><div style=\"clear:both;\"><\/div><div class=\"sdm_download_description\"><p><strong>Autoriza o Poder Executivo Municipal a contratar, por prazo certo e determinado, em raz\u00e3o de excepcional interesse p\u00fablico e sem concurso p\u00fablico, 2 (dois) servidores na fun\u00e7\u00e3o de OPERADOR DE M\u00c1QUINAS para atuarem junto a junto a Secretaria Municipal de Obras, Tr\u00e2nsito e Servi\u00e7os P\u00fablicos.<\/strong><\/p>\n<\/div><div class=\"sdm_download_link\"><span class=\"sdm_download_button\"><a href=\"http:\/\/passasete.rs.gov.br\/portal\/?sdm_process_download=1&download_id=9370\" class=\"sdm_download grey\" title=\"Lei Municipal n\u00ba 1990.2026 &#8211; Contrata\u00e7\u00e3o Operadores M\u00e1quinas\" target=\"_self\">Baixar agora!<\/a><\/span><span class=\"sdm_download_item_count\"><span class=\"sdm_item_count_number\">45<\/span><span class=\"sdm_item_count_string\"> Downloads<\/span><\/span><\/div><\/div><div class=\"sdm_download_item \"><div class=\"sdm_download_item_top\"><div class=\"sdm_download_thumbnail\"><\/div><div class=\"sdm_download_title\">Lei Municipal n\u00ba 1989.2026 &#8211; Contrata\u00e7\u00e3o Serventes Educa\u00e7\u00e3o<\/div><\/div><div style=\"clear:both;\"><\/div><div class=\"sdm_download_description\"><p><strong>Autoriza o Poder Executivo Municipal a contratar, por prazo certo e determinado, em raz\u00e3o de excepcional interesse p\u00fablico e sem concurso p\u00fablico, 13 (treze) servidores na fun\u00e7\u00e3o de SERVENTE para atuarem em escolas da rede municipal de ensino.<\/strong><\/p>\n<\/div><div class=\"sdm_download_link\"><span class=\"sdm_download_button\"><a href=\"http:\/\/passasete.rs.gov.br\/portal\/?sdm_process_download=1&download_id=9367\" class=\"sdm_download grey\" title=\"Lei Municipal n\u00ba 1989.2026 &#8211; Contrata\u00e7\u00e3o Serventes Educa\u00e7\u00e3o\" target=\"_self\">Baixar agora!<\/a><\/span><span class=\"sdm_download_item_count\"><span class=\"sdm_item_count_number\">42<\/span><span class=\"sdm_item_count_string\"> Downloads<\/span><\/span><\/div><\/div><div class=\"sdm_clear_float\"><\/div><div class=\"sdm_pagination\"><span aria-current=\"page\" class=\"page-numbers current\">1<\/span>\n<a class=\"page-numbers\" href=\"http:\/\/passasete.rs.gov.br\/portal\/wp-json\/wp\/v2\/pages\/5624\/page\/2\/\">2<\/a>\n<a class=\"page-numbers\" href=\"http:\/\/passasete.rs.gov.br\/portal\/wp-json\/wp\/v2\/pages\/5624\/page\/3\/\">3<\/a>\n<span class=\"page-numbers dots\">&hellip;<\/span>\n<a class=\"page-numbers\" href=\"http:\/\/passasete.rs.gov.br\/portal\/wp-json\/wp\/v2\/pages\/5624\/page\/10\/\">10<\/a>\n<a class=\"next page-numbers\" href=\"http:\/\/passasete.rs.gov.br\/portal\/wp-json\/wp\/v2\/pages\/5624\/page\/2\/\">&raquo;<\/a><\/div>\n<h2>Leis Anteriores a 10\/07\/2023 <a href=\"http:\/\/passasete.rs.gov.br\/files.php?cat=14\" target=\"_blank\" rel=\"noopener noreferrer\">clique aqui<\/a><\/h2>\n","protected":false},"excerpt":{"rendered":"<p>Leis Anteriores a 10\/07\/2023 clique aqui<\/p>\n","protected":false},"author":1,"featured_media":0,"parent":0,"menu_order":0,"comment_status":"closed","ping_status":"closed","template":"","meta":{"footnotes":""},"class_list":["post-5624","page","type-page","status-publish","hentry"],"_links":{"self":[{"href":"http:\/\/passasete.rs.gov.br\/portal\/wp-json\/wp\/v2\/pages\/5624","targetHints":{"allow":["GET"]}}],"collection":[{"href":"http:\/\/passasete.rs.gov.br\/portal\/wp-json\/wp\/v2\/pages"}],"about":[{"href":"http:\/\/passasete.rs.gov.br\/portal\/wp-json\/wp\/v2\/types\/page"}],"author":[{"embeddable":true,"href":"http:\/\/passasete.rs.gov.br\/portal\/wp-json\/wp\/v2\/users\/1"}],"replies":[{"embeddable":true,"href":"http:\/\/passasete.rs.gov.br\/portal\/wp-json\/wp\/v2\/comments?post=5624"}],"version-history":[{"count":2,"href":"http:\/\/passasete.rs.gov.br\/portal\/wp-json\/wp\/v2\/pages\/5624\/revisions"}],"predecessor-version":[{"id":5627,"href":"http:\/\/passasete.rs.gov.br\/portal\/wp-json\/wp\/v2\/pages\/5624\/revisions\/5627"}],"wp:attachment":[{"href":"http:\/\/passasete.rs.gov.br\/portal\/wp-json\/wp\/v2\/media?parent=5624"}],"curies":[{"name":"wp","href":"https:\/\/api.w.org\/{rel}","templated":true}]}}