{"id":6843,"date":"2024-05-21T07:50:16","date_gmt":"2024-05-21T10:50:16","guid":{"rendered":"http:\/\/passasete.rs.gov.br\/portal\/?page_id=6843"},"modified":"2025-01-02T15:21:26","modified_gmt":"2025-01-02T18:21:26","slug":"ouvidoria","status":"publish","type":"page","link":"http:\/\/passasete.rs.gov.br\/portal\/ouvidoria\/","title":{"rendered":"Informa\u00e7\u00f5es sobre Atendimento Presencial da Ouvidoria"},"content":{"rendered":"\t\t<div data-elementor-type=\"wp-page\" data-elementor-id=\"6843\" class=\"elementor elementor-6843\" data-elementor-post-type=\"page\">\n\t\t\t\t<div class=\"elementor-element elementor-element-45b4af1 e-grid e-con-boxed e-con e-parent\" data-id=\"45b4af1\" data-element_type=\"container\">\n\t\t\t\t\t<div class=\"e-con-inner\">\n\t\t\t\t<div class=\"elementor-element elementor-element-53c1432 elementor-widget elementor-widget-text-editor\" data-id=\"53c1432\" data-element_type=\"widget\" data-widget_type=\"text-editor.default\">\n\t\t\t\t\t\t\t\t\t<p>No pr\u00e9dio principal da Prefeitura, no endere\u00e7o Av. Pinheiro, 1500 &#8211; Centro &#8211; Passa Sete &#8211; RS, qualquer informa\u00e7\u00e3o<br>pode ser solicitada diretamente ao departamento de Servi\u00e7o de Atendimento ao Cidad\u00e3o \u2013 SAC, ou pelo telefone &nbsp;(51) 999880754, no hor\u00e1rio de atendimento das 08:00 as 12:00 e das 13:00 as 17:00 segunda a sexta.<\/p>\n<p><\/p>\t\t\t\t\t\t\t\t<\/div>\n\t\t\t\t\t<\/div>\n\t\t\t\t<\/div>\n\t\t\t\t<\/div>\n\t\t","protected":false},"excerpt":{"rendered":"<p>No pr\u00e9dio principal da Prefeitura, no endere\u00e7o Av. Pinheiro, 1500 &#8211; Centro &#8211; Passa Sete &#8211; RS, qualquer informa\u00e7\u00e3opode ser solicitada diretamente ao departamento de Servi\u00e7o<span class=\"excerpt-hellip\"> [\u2026]<\/span><\/p>\n","protected":false},"author":3,"featured_media":0,"parent":0,"menu_order":0,"comment_status":"closed","ping_status":"closed","template":"","meta":{"footnotes":""},"class_list":["post-6843","page","type-page","status-publish","hentry"],"_links":{"self":[{"href":"http:\/\/passasete.rs.gov.br\/portal\/wp-json\/wp\/v2\/pages\/6843","targetHints":{"allow":["GET"]}}],"collection":[{"href":"http:\/\/passasete.rs.gov.br\/portal\/wp-json\/wp\/v2\/pages"}],"about":[{"href":"http:\/\/passasete.rs.gov.br\/portal\/wp-json\/wp\/v2\/types\/page"}],"author":[{"embeddable":true,"href":"http:\/\/passasete.rs.gov.br\/portal\/wp-json\/wp\/v2\/users\/3"}],"replies":[{"embeddable":true,"href":"http:\/\/passasete.rs.gov.br\/portal\/wp-json\/wp\/v2\/comments?post=6843"}],"version-history":[{"count":11,"href":"http:\/\/passasete.rs.gov.br\/portal\/wp-json\/wp\/v2\/pages\/6843\/revisions"}],"predecessor-version":[{"id":7550,"href":"http:\/\/passasete.rs.gov.br\/portal\/wp-json\/wp\/v2\/pages\/6843\/revisions\/7550"}],"wp:attachment":[{"href":"http:\/\/passasete.rs.gov.br\/portal\/wp-json\/wp\/v2\/media?parent=6843"}],"curies":[{"name":"wp","href":"https:\/\/api.w.org\/{rel}","templated":true}]}}