{"id":8938,"date":"2025-12-05T16:10:47","date_gmt":"2025-12-05T19:10:47","guid":{"rendered":"http:\/\/passasete.rs.gov.br\/portal\/?page_id=8938"},"modified":"2025-12-05T16:14:19","modified_gmt":"2025-12-05T19:14:19","slug":"editais-concursos-e-processos-seletivos","status":"publish","type":"page","link":"http:\/\/passasete.rs.gov.br\/portal\/editais-concursos-e-processos-seletivos\/","title":{"rendered":"Editais, Concursos e Processos Seletivos 2025"},"content":{"rendered":"\t\t<div data-elementor-type=\"wp-page\" data-elementor-id=\"8938\" class=\"elementor elementor-8938\" data-elementor-post-type=\"page\">\n\t\t\t\t<div class=\"elementor-element elementor-element-5a0c4bb e-flex e-con-boxed e-con e-parent\" data-id=\"5a0c4bb\" data-element_type=\"container\">\n\t\t\t\t\t<div class=\"e-con-inner\">\n\t\t\t\t<div class=\"elementor-element elementor-element-f73d8b6 elementor-widget elementor-widget-shortcode\" data-id=\"f73d8b6\" data-element_type=\"widget\" data-widget_type=\"shortcode.default\">\n\t\t\t\t\t\t\t<div class=\"elementor-shortcode\"><div class=\"sdm_download_item \"><div class=\"sdm_download_item_top\"><div class=\"sdm_download_thumbnail\"><\/div><div class=\"sdm_download_title\">EDITAL N\u00ba 03\/2025- EDITAL DE CHAMAMENTO P\u00daBLICO PARA VAGAS DE EST\u00c1GIO NO MUNIC\u00cdPIO DE PASSA SETE<\/div><\/div><div style=\"clear:both;\"><\/div><div class=\"sdm_download_description\"><p><a href=\"https:\/\/passasete.rs.gov.br\/portal\/wp-content\/uploads\/2026\/02\/EDITAL-CIEE-MUNICIPIO-DE-PASSA-SETE.pdf\">EDITAL N\u00ba 03\/2025 &#8211; EDITAL DE CHAMAMENTO P\u00daBLICO PARA VAGAS DE EST\u00c1GIO NO MUNIC\u00cdPIO DE PASSA SETE<\/a><\/p>\n<p><a href=\"https:\/\/passasete.rs.gov.br\/portal\/wp-content\/uploads\/2026\/02\/1o-Lista-Parcial-setembro.pdf\">1\u00ba Lista Parcial de Inscritos 10\/09\/2025 a 29\/09\/2025<\/a><\/p>\n<p><a href=\"https:\/\/passasete.rs.gov.br\/portal\/wp-content\/uploads\/2026\/02\/2o-Lista-Parcial-outubro.pdf\">2\u00ba Lista Parcial de Inscritos 30\/09\/2025 a 14\/10\/2025<\/a><\/p>\n<p><a href=\"https:\/\/passasete.rs.gov.br\/portal\/wp-content\/uploads\/2026\/02\/Lista-Parcial-novembro.pdf\">Lista Parcial de Inscritos 31\/10\/2025 a 14\/11\/2025<\/a><\/p>\n<p><a href=\"https:\/\/passasete.rs.gov.br\/portal\/wp-content\/uploads\/2026\/02\/Lista-Parcial-3.pdf\">Lista Parcial de Inscritos 28\/11\/2025 a 09\/12\/2025<\/a><\/p>\n<p><a href=\"https:\/\/passasete.rs.gov.br\/portal\/wp-content\/uploads\/2026\/02\/Classificacao-Final.pdf\">Classifica\u00e7\u00e3o Final<\/a><\/p>\n<p>&nbsp;<\/p>\n<\/div><div class=\"sdm_download_link\"><span class=\"sdm_download_button\"><a href=\"http:\/\/passasete.rs.gov.br\/portal\/?sdm_process_download=1&download_id=9006\" class=\"sdm_download grey\" title=\"EDITAL N\u00ba 03\/2025- EDITAL DE CHAMAMENTO P\u00daBLICO PARA VAGAS DE EST\u00c1GIO NO MUNIC\u00cdPIO DE PASSA SETE\" target=\"_self\">Baixar agora!<\/a><\/span><span class=\"sdm_download_item_count\"><span class=\"sdm_item_count_number\">387<\/span><span class=\"sdm_item_count_string\"> Downloads<\/span><\/span><\/div><\/div><div class=\"sdm_download_item \"><div class=\"sdm_download_item_top\"><div class=\"sdm_download_thumbnail\"><\/div><div class=\"sdm_download_title\">EDITAL n\u00ba 01 &#8211; ABERTURA DO PROCESSO SELETIVO N\u00ba 012\/2025 &#8211; PARA OS CARGOS DE MONITOR DE EDUCA\u00c7\u00c3O INFANTIL, PROFESSOR, SERVENTE, T\u00c9CNICO DE INFORM\u00c1TICA, PSIC\u00d3LOGO E ASSISTENTE SOCIAL \u2013 CADASTRO RESERVA<\/div><\/div><div style=\"clear:both;\"><\/div><div class=\"sdm_download_description\"><p><strong><a href=\"https:\/\/passasete.rs.gov.br\/portal\/sdm_downloads\/retificacao-do-edital-n-01-2025-processo-seletivo-no-012-2025-para-os-cargos-de-monitor-de-educacao-infantil-professor-servente-tecnico-de-informatica-psicologo-e-assistente-social\/\">RETIFICA\u00c7\u00c3O DO EDITAL N\u00b0 01\/2025 \u2013 PROCESSO SELETIVO N\u00ba 012\/2025 \u2013 PARA OS CARGOS DE MONITOR DE EDUCA\u00c7\u00c3O INFANTIL, PROFESSOR, SERVENTE, T\u00c9CNICO DE INFORM\u00c1TICA, PSIC\u00d3LOGO E ASSISTENTE SOCIAL \u2013 CADASTRO<\/a><a href=\"https:\/\/passasete.rs.gov.br\/portal\/sdm_downloads\/retificacao-do-edital-n-01-2025-processo-seletivo-no-012-2025-para-os-cargos-de-monitor-de-educacao-infantil-professor-servente-tecnico-de-informatica-psicologo-e-assistente-social\/\">\u00a0RESERVA<\/a><\/strong><\/p>\n<p><strong><a href=\"https:\/\/passasete.rs.gov.br\/portal\/sdm_downloads\/edital-no-002-2025-homologacao-das-incricoes-secretaria-de-educacao\/\">EDITAL N\u00ba 002\/2025 \u2013 HOMOLOGA\u00c7\u00c3O DAS INCRI\u00c7\u00d5ES \u2013 SECRETARIA DE EDUCA\u00c7\u00c3O<\/a><\/strong><\/p>\n<p><strong><a href=\"https:\/\/passasete.rs.gov.br\/portal\/sdm_downloads\/retificacao-do-edital-no002-2025-homologacao-das-inscricoes\/\">RETIFICA\u00c7\u00c3O DO EDITAL N\u00ba002.2025 \u2013 HOMOLOGA\u00c7\u00c3O DAS INSCRI\u00c7\u00d5ES<\/a><\/strong><\/p>\n<p><strong><a href=\"https:\/\/passasete.rs.gov.br\/portal\/sdm_downloads\/edital-no-003-2025-processo-seletivo-simplificado-no-012-2025-relacao-final-dos-inscritos\/\">EDITAL n\u00ba 003\/2025 \u2013 PROCESSO SELETIVO SIMPLIFICADO N\u00ba 012\/2025 \u2013 RELA\u00c7\u00c3O FINAL DOS INSCRITOS<\/a><\/strong><\/p>\n<p><strong><a href=\"https:\/\/passasete.rs.gov.br\/portal\/sdm_downloads\/edital-no-004-2025-resultado-preliminar-do-processo-seletivo-no-012-2025\/\">EDITAL N\u00ba 004\/2025 \u2013 RESULTADO PRELIMINAR DO PROCESSO SELETIVO N\u00ba 012.2025<\/a><\/strong><\/p>\n<p><strong><a href=\"http:\/\/passasete.rs.gov.br\/portal\/sdm_downloads\/retificacao-do-edital-no-004-2025-resultado-preliminar-do-processo-seletivo-no-012-2025\/\">RETIFICA\u00c7\u00c3O DO EDITAL N\u00ba 004\/2025 \u2013 RESULTADO PRELIMINAR DO PROCESSO SELETIVO N\u00ba 012\/2025.<\/a><\/strong><\/p>\n<p><strong><a href=\"https:\/\/passasete.rs.gov.br\/portal\/wp-content\/uploads\/2026\/01\/EDITAL-No-005-RESULTADO-FINAL-PROCESSO-SELETIVO-No-012.2025-3.pdf\">EDITAL N\u00ba 005\/2026 &#8211; RESULTADO FINAL<\/a><\/strong><\/p>\n<p><strong><a href=\"https:\/\/passasete.rs.gov.br\/portal\/wp-content\/uploads\/2026\/01\/EDITAL-No-005-RETIFICACAO-RESULTADO-FINAL-PROCESSO-SELETIVO-No-012.2025-2.pdf\">RETIFICA\u00c7\u00c3O DO EDITAL N\u00ba 005\/2026 &#8211; RESULTADO FINAL<\/a><\/strong><\/p>\n<\/div><div class=\"sdm_download_link\"><span class=\"sdm_download_button\"><a href=\"http:\/\/passasete.rs.gov.br\/portal\/?sdm_process_download=1&download_id=8958\" class=\"sdm_download grey\" title=\"EDITAL n\u00ba 01 &#8211; ABERTURA DO PROCESSO SELETIVO N\u00ba 012\/2025 &#8211; PARA OS CARGOS DE MONITOR DE EDUCA\u00c7\u00c3O INFANTIL, PROFESSOR, SERVENTE, T\u00c9CNICO DE INFORM\u00c1TICA, PSIC\u00d3LOGO E ASSISTENTE SOCIAL \u2013 CADASTRO RESERVA\" target=\"_self\">Baixar agora!<\/a><\/span><span class=\"sdm_download_item_count\"><span class=\"sdm_item_count_number\">1014<\/span><span class=\"sdm_item_count_string\"> Downloads<\/span><\/span><\/div><\/div><div class=\"sdm_download_item \"><div class=\"sdm_download_item_top\"><div class=\"sdm_download_thumbnail\"><\/div><div class=\"sdm_download_title\">EDITAL N\u00ba 001.2025 &#8211; PROCESSO SELETIVO N\u00b0013.2025 &#8211; CARGOS PARA A SECRETARIA DE SA\u00daDE E MOTORISTA<\/div><\/div><div style=\"clear:both;\"><\/div><div class=\"sdm_download_description\"><p><strong><a href=\"https:\/\/passasete.rs.gov.br\/portal\/sdm_downloads\/retificacao-do-edital-no-01-2025-processo-seletivo-no-013-2025-as-funcoes-de-agente-de-combate-as-endemias-agente-comunitario-de-saude-areas-4-5-6-7-8-9-e-10-artesao-assistente-social-en\/\">RETIFICA\u00c7\u00c3O DO EDITAL N\u00ba 01\/2025 -PROCESSO SELETIVO N\u00ba 013\/2025 \u2013 AS FUN\u00c7\u00d5ES DE AGENTE DE COMBATE \u00c0S ENDEMIAS, AGENTE COMUNIT\u00c1RIO DE SA\u00daDE \u00c1REAS 4, 5, 6, 7, 8, 9 e 10, ARTES\u00c3O, ASSISTENTE SOCIAL, ENFERMEIRO, CIRURGI\u00c3O DENTISTA, FARMAC\u00caUTICO, T\u00c9CNICO DE ENFERMAGEM, M\u00c9DICO E MOTORISTA \u2013 CADASTRO RESERVA<\/a><\/strong><\/p>\n<p><strong><a href=\"https:\/\/passasete.rs.gov.br\/portal\/sdm_downloads\/edital-no-002-2025-homologacao-das-inscricoes\/\">EDITAL N\u00ba 002\/2025 \u2013 HOMOLOGA\u00c7\u00c3O DAS INSCRI\u00c7\u00d5ES<\/a><\/strong><\/p>\n<p><strong><a href=\"https:\/\/passasete.rs.gov.br\/portal\/sdm_downloads\/edital-no-003-2025-processo-seletivo-simplificado-no-013-2025-relacao-final-dos-inscritos\/\">EDITAL n\u00ba 003\/2025 \u2013 PROCESSO SELETIVO SIMPLIFICADO N\u00ba 013\/2025 \u2013 RELA\u00c7\u00c3O FINAL DOS INSCRITOS<\/a><\/strong><\/p>\n<p><strong><a href=\"https:\/\/passasete.rs.gov.br\/portal\/sdm_downloads\/edital-no-004-2025-resultado-preliminar-do-processso-seletivo-no-013-2025\/\">EDITAL N\u00ba 004\/2025 \u2013 RESULTADO PRELIMINAR DO PROCESSSO SELETIVO N\u00ba 013\/2025<\/a><\/strong><\/p>\n<p><strong><a href=\"http:\/\/passasete.rs.gov.br\/portal\/sdm_downloads\/retifica-edital-no-004-2025-resultado-preliminar-do-processo-seletivo-no-013-2025\/\">RETIFICA EDITAL N\u00ba 004\/2025 \u2013 RESULTADO PRELIMINAR DO PROCESSO SELETIVO N\u00ba 013\/2025.<\/a><\/strong><\/p>\n<p><strong><a href=\"http:\/\/passasete.rs.gov.br\/portal\/wp-content\/uploads\/2026\/01\/EDITAL-No-005.2025-P.S-013.2025-JULGAMENTO-DO-RECURSO-DO-RESULTADO-PRELIMINAR.pdf\">EDITAL N\u00ba 005\/2026 &#8211; DECIS\u00c3O DO RECURSO SOBRE O RESULTADO PRELIMINAR<\/a><\/strong><\/p>\n<p><strong><a href=\"http:\/\/passasete.rs.gov.br\/portal\/wp-content\/uploads\/2026\/01\/EDITAL-No-006.2026-RESULTADO-FINAL-PROCESSO-SELETIVO-No-013.2025.pdf\">EDITAL N\u00ba 006\/2026 &#8211; RESULTADO FINAL<\/a><\/strong><\/p>\n<p><a href=\"https:\/\/passasete.rs.gov.br\/portal\/wp-content\/uploads\/2026\/01\/RETIFICA-EDITAL-No-006.2025-RESULTADO-FINAL-PROCESSO-SELETIVO-No-013.2025.pdf\"><strong>RETIFICA EDITAL N\u00ba 006.2026\u00a0 -RESULTADO FINAL PARA OS CARGOS DE AGENTE COMUNIT\u00c1RIO DE SA\u00daDE E MOTORISTA<\/strong><\/a><\/p>\n<\/div><div class=\"sdm_download_link\"><span class=\"sdm_download_button\"><a href=\"http:\/\/passasete.rs.gov.br\/portal\/?sdm_process_download=1&download_id=8954\" class=\"sdm_download grey\" title=\"EDITAL N\u00ba 001.2025 &#8211; PROCESSO SELETIVO N\u00b0013.2025 &#8211; CARGOS PARA A SECRETARIA DE SA\u00daDE E MOTORISTA\" target=\"_self\">Baixar agora!<\/a><\/span><span class=\"sdm_download_item_count\"><span class=\"sdm_item_count_number\">907<\/span><span class=\"sdm_item_count_string\"> Downloads<\/span><\/span><\/div><\/div><div class=\"sdm_download_item \"><div class=\"sdm_download_item_top\"><div class=\"sdm_download_thumbnail\"><\/div><div class=\"sdm_download_title\">EDITAL n\u00ba 01 &#8211; ABERTURA DO PROCESSO SELETIVO N\u00ba 014\/2025 &#8211; PARA O CARGO DE ENGENHEIRO CIVIL \u2013 CADASTRO RESERVA<\/div><\/div><div style=\"clear:both;\"><\/div><div class=\"sdm_download_description\"><p><a href=\"https:\/\/passasete.rs.gov.br\/portal\/sdm_downloads\/retificacao-do-edital-no-01-2025-processo-seletivo-no-014-2025-engenheiro-civil-cadastro-reserva\/\"><strong>RETIFICA\u00c7\u00c3O DO\u00a0EDITAL N\u00ba 01\/2025 -PROCESSO SELETIVO N\u00ba 014\/2025 \u2013 ENGENHEIRO CIVIL CADASTRO RESERVA<\/strong><\/a><\/p>\n<p><strong><a href=\"https:\/\/passasete.rs.gov.br\/portal\/sdm_downloads\/edital-no-002-2025-homologacao-das-inscricoes-para-engenheiro-civil-cadastro-reserva\/\">EDITAL N\u00ba 002.2025 \u2013 HOMOLOGA\u00c7\u00c3O DAS INSCRI\u00c7\u00d5ES PARA ENGENHEIRO CIVIL \u2013 CADASTRO RESERVA<\/a><\/strong><\/p>\n<p><strong><a href=\"https:\/\/passasete.rs.gov.br\/portal\/sdm_downloads\/edital-no-003-2025-processo-seletivo-simplificado-no-014-2025-relacao-final-dos-inscritos\/\">EDITAL n\u00ba 003\/2025 \u2013 PROCESSO SELETIVO SIMPLIFICADO N\u00ba 014\/2025 \u2013 RELA\u00c7\u00c3O FINAL DOS INSCRITOS<\/a><\/strong><\/p>\n<p><strong><a href=\"https:\/\/passasete.rs.gov.br\/portal\/sdm_downloads\/edital-no-004-2025-resultado-preliminar-do-processo-seletivo-no-014-2025\/\">EDITAL N\u00ba 004\/2025 \u2013 RESULTADO PRELIMINAR DO PROCESSO SELETIVO N\u00ba 014.2025<\/a><\/strong><\/p>\n<p><strong><a href=\"http:\/\/passasete.rs.gov.br\/portal\/wp-content\/uploads\/2026\/01\/EDITAL-No-005.2025-RESULTADO-FINAL-PROCESSO-SELETIVO-No-014.2025-2.pdf\">EDITAL N\u00ba 005\/2026- RESULTADO FINAL DO PROCESSO SELETIVO N\u00b0 014.2025<\/a><\/strong><\/p>\n<p><strong><a href=\"http:\/\/passasete.rs.gov.br\/portal\/wp-content\/uploads\/2026\/01\/RETIFICA-EDITAL-No-005-RESULTADO-FINAL-PROCESSO-SELETIVO-No-014.2025-1.pdf\">RETIFICA EDITAL N\u00ba 005\/2026 &#8211; RESULTADO FINAL\u00a0<\/a><\/strong><\/p>\n<\/div><div class=\"sdm_download_link\"><span class=\"sdm_download_button\"><a href=\"http:\/\/passasete.rs.gov.br\/portal\/?sdm_process_download=1&download_id=8949\" class=\"sdm_download grey\" title=\"EDITAL n\u00ba 01 &#8211; ABERTURA DO PROCESSO SELETIVO N\u00ba 014\/2025 &#8211; PARA O CARGO DE ENGENHEIRO CIVIL \u2013 CADASTRO RESERVA\" target=\"_self\">Baixar agora!<\/a><\/span><span class=\"sdm_download_item_count\"><span class=\"sdm_item_count_number\">180<\/span><span class=\"sdm_item_count_string\"> Downloads<\/span><\/span><\/div><\/div><div class=\"sdm_clear_float\"><\/div><\/div>\n\t\t\t\t\t\t<\/div>\n\t\t\t\t\t<\/div>\n\t\t\t\t<\/div>\n\t\t\t\t<\/div>\n\t\t","protected":false},"excerpt":{"rendered":"","protected":false},"author":3,"featured_media":0,"parent":0,"menu_order":0,"comment_status":"closed","ping_status":"closed","template":"","meta":{"footnotes":""},"class_list":["post-8938","page","type-page","status-publish","hentry"],"_links":{"self":[{"href":"http:\/\/passasete.rs.gov.br\/portal\/wp-json\/wp\/v2\/pages\/8938","targetHints":{"allow":["GET"]}}],"collection":[{"href":"http:\/\/passasete.rs.gov.br\/portal\/wp-json\/wp\/v2\/pages"}],"about":[{"href":"http:\/\/passasete.rs.gov.br\/portal\/wp-json\/wp\/v2\/types\/page"}],"author":[{"embeddable":true,"href":"http:\/\/passasete.rs.gov.br\/portal\/wp-json\/wp\/v2\/users\/3"}],"replies":[{"embeddable":true,"href":"http:\/\/passasete.rs.gov.br\/portal\/wp-json\/wp\/v2\/comments?post=8938"}],"version-history":[{"count":5,"href":"http:\/\/passasete.rs.gov.br\/portal\/wp-json\/wp\/v2\/pages\/8938\/revisions"}],"predecessor-version":[{"id":8946,"href":"http:\/\/passasete.rs.gov.br\/portal\/wp-json\/wp\/v2\/pages\/8938\/revisions\/8946"}],"wp:attachment":[{"href":"http:\/\/passasete.rs.gov.br\/portal\/wp-json\/wp\/v2\/media?parent=8938"}],"curies":[{"name":"wp","href":"https:\/\/api.w.org\/{rel}","templated":true}]}}