{"id":9308,"date":"2026-01-20T15:49:15","date_gmt":"2026-01-20T18:49:15","guid":{"rendered":"http:\/\/passasete.rs.gov.br\/portal\/?page_id=9308"},"modified":"2026-01-20T15:49:44","modified_gmt":"2026-01-20T18:49:44","slug":"editais-concursos-e-processos-seletivos-2026","status":"publish","type":"page","link":"http:\/\/passasete.rs.gov.br\/portal\/editais-concursos-e-processos-seletivos-2026\/","title":{"rendered":"Editais, Concursos e Processos Seletivos 2026"},"content":{"rendered":"\t\t<div data-elementor-type=\"wp-page\" data-elementor-id=\"9308\" class=\"elementor elementor-9308\" data-elementor-post-type=\"page\">\n\t\t\t\t<div class=\"elementor-element elementor-element-5a0c4bb e-flex e-con-boxed e-con e-parent\" data-id=\"5a0c4bb\" data-element_type=\"container\">\n\t\t\t\t\t<div class=\"e-con-inner\">\n\t\t\t\t<div class=\"elementor-element elementor-element-f73d8b6 elementor-widget elementor-widget-shortcode\" data-id=\"f73d8b6\" data-element_type=\"widget\" data-widget_type=\"shortcode.default\">\n\t\t\t\t\t\t\t<div class=\"elementor-shortcode\"><div class=\"sdm_download_item \"><div class=\"sdm_download_item_top\"><div class=\"sdm_download_thumbnail\"><\/div><div class=\"sdm_download_title\">PROCESSO SELETIVO N\u00ba 04\/2026 &#8211; INGRESSO NOS CURSOS DE QUALIFICA\u00c7\u00c3O E CAPACITA\u00c7\u00c3O DO PROGRAMA RS QUALIFICA\u00c7\u00c3O RECOME\u00c7AR<\/div><\/div><div style=\"clear:both;\"><\/div><div class=\"sdm_download_description\"><p><a href=\"https:\/\/passasete.rs.gov.br\/portal\/wp-content\/uploads\/2026\/03\/edital-no-04.2026-RS-Qualificar-Recomecar.pdf\">EDITAL N\u00ba 01\/2026 &#8211; SELE\u00c7\u00c3O DE ALUNOS\u00a0 PARA QUALIFICA\u00c7\u00c3O E CAPACITA\u00c7\u00c3O PROFISSIONAL<\/a><\/p>\n<p>&nbsp;<\/p>\n<\/div><div class=\"sdm_download_link\"><span class=\"sdm_download_button\"><a href=\"http:\/\/passasete.rs.gov.br\/portal\/?sdm_process_download=1&download_id=9505\" class=\"sdm_download grey\" title=\"PROCESSO SELETIVO N\u00ba 04\/2026 &#8211; INGRESSO NOS CURSOS DE QUALIFICA\u00c7\u00c3O E CAPACITA\u00c7\u00c3O DO PROGRAMA RS QUALIFICA\u00c7\u00c3O RECOME\u00c7AR\" target=\"_self\">Baixar agora!<\/a><\/span><span class=\"sdm_download_item_count\"><span class=\"sdm_item_count_number\">0<\/span><span class=\"sdm_item_count_string\"> Downloads<\/span><\/span><\/div><\/div><div class=\"sdm_download_item \"><div class=\"sdm_download_item_top\"><div class=\"sdm_download_thumbnail\"><\/div><div class=\"sdm_download_title\">PROCESSO SELETIVO SIMPLIFICADO N\u00ba 03\/2026 &#8211; FORMA\u00c7\u00c3O DE CADASTRO RESERVA PARA A FUN\u00c7\u00c3O DE ARTES\u00c3O<\/div><\/div><div style=\"clear:both;\"><\/div><div class=\"sdm_download_description\"><p><a href=\"https:\/\/passasete.rs.gov.br\/portal\/wp-content\/uploads\/2026\/02\/EDITAL-03-26-SAUDE-ARTESAO.pdf\"><span class=\"fontstyle0\">EDITAL N\u00ba 01 &#8211; ABERTURA DO PROCESSO SELETIVO PARA A FUN\u00c7\u00c3O DE <\/span><span class=\"fontstyle0\">ARTES\u00c3O \u2013 CADASTRO RESERVA<\/span><\/a><\/p>\n<p><a href=\"https:\/\/passasete.rs.gov.br\/portal\/wp-content\/uploads\/2026\/03\/EDITAL-02.2026-PROCESSO-SELETIVO-03.2026-HOMOLOGACAO-DAS-INSCRICOES.pdf\">EDITAL N\u00ba 02 &#8211; HOMOLOGA\u00c7\u00c3O DAS INSCRI\u00c7\u00d5ES<\/a><\/p>\n<p><a href=\"https:\/\/passasete.rs.gov.br\/portal\/wp-content\/uploads\/2026\/03\/EDITAL-03.2026-RELACAO-FINAL-DOS-INSCRITOS.pdf\">EDITAL N\u00ba 03 &#8211; RELA\u00c7\u00c3O FINAL DOS INSCRITOS<\/a><\/p>\n<p><a href=\"https:\/\/passasete.rs.gov.br\/portal\/wp-content\/uploads\/2026\/03\/EDITAL-no-04-RESULTADO-PRELIMINAR-1.pdf\">EDITAL N\u00ba 04 &#8211; RESULTADO PRELIMINAR<\/a><\/p>\n<p><a href=\"https:\/\/passasete.rs.gov.br\/portal\/wp-content\/uploads\/2026\/03\/EDITAL-no-05-RESULTADO-FINAL-1.pdf\">EDITAL N\u00ba 05 &#8211; RESULTADO FINAL<\/a><\/p>\n<\/div><div class=\"sdm_download_link\"><span class=\"sdm_download_button\"><a href=\"http:\/\/passasete.rs.gov.br\/portal\/?sdm_process_download=1&download_id=9455\" class=\"sdm_download grey\" title=\"PROCESSO SELETIVO SIMPLIFICADO N\u00ba 03\/2026 &#8211; FORMA\u00c7\u00c3O DE CADASTRO RESERVA PARA A FUN\u00c7\u00c3O DE ARTES\u00c3O\" target=\"_self\">Baixar agora!<\/a><\/span><span class=\"sdm_download_item_count\"><span class=\"sdm_item_count_number\">0<\/span><span class=\"sdm_item_count_string\"> Downloads<\/span><\/span><\/div><\/div><div class=\"sdm_download_item \"><div class=\"sdm_download_item_top\"><div class=\"sdm_download_thumbnail\"><\/div><div class=\"sdm_download_title\">PROCESSO SELETIVO SIMPLIFICADO N\u00ba 02\/2026 &#8211; FORMA\u00c7\u00c3O DE CADASTRO RESERVA PARA AS FUN\u00c7\u00d5ES DE PROFESSOR DE COMPUTA\u00c7\u00c3O, PROFESSOR DE L\u00cdNGUA PORTUGUESA, PROFESSOR DE L\u00cdNGUA INGLESA E T\u00c9CNICO EM INFORM\u00c1TICA<\/div><\/div><div style=\"clear:both;\"><\/div><div class=\"sdm_download_description\"><p><a href=\"https:\/\/passasete.rs.gov.br\/portal\/wp-content\/uploads\/2026\/02\/EDITAL-02-26-EDUCACAO-PROF-1.pdf\"> <span class=\"fontstyle0\">EDITAL n\u00ba 01 &#8211; ABERTURA DO PROCESSO SELETIVO PARA AS FUN\u00c7\u00d5ES DE PROFESSOR DE COMPUTA\u00c7\u00c3O, PROFESSOR DE L\u00cdNGUA PORTUGUESA, PROFESSOR DE L\u00cdNGUA INGLESA E T\u00c9CNICO EM INFORM\u00c1TICA\u2013 CADASTRO RESERVA<\/span><\/a><\/p>\n<p><a href=\"https:\/\/passasete.rs.gov.br\/portal\/wp-content\/uploads\/2026\/03\/EDITAL-02.-2026-PROCESSO-SELETIVO-02.2026-HOMOLOGACAO-DAS-INSCRICOES.pdf\">EDITAL N\u00ba 02 &#8211; HOMOLOGA\u00c7\u00c3O DAS INSCRI\u00c7\u00d5ES<\/a><\/p>\n<p><a href=\"https:\/\/passasete.rs.gov.br\/portal\/wp-content\/uploads\/2026\/03\/EDITAL-03.-2026-RELACAO-FINAL-DOS-INSCRITOS.pdf\">EDITAL N\u00ba 03 &#8211; RELA\u00c7\u00c3O FINAL DOS INSCRITOS<\/a><\/p>\n<p><a href=\"https:\/\/passasete.rs.gov.br\/portal\/wp-content\/uploads\/2026\/03\/EDITAL-no-04-RESULTADO-PRELIMINAR.pdf\">EDITAL N\u00ba 04 &#8211; RESULTADO PRELIMINAR<\/a><\/p>\n<p><a href=\"https:\/\/passasete.rs.gov.br\/portal\/wp-content\/uploads\/2026\/03\/EDITAL-no-05-RESULTADO-FINAL.pdf\">EDITAL N\u00ba 05 &#8211; RESULTADO FINAL<\/a><\/p>\n<\/div><div class=\"sdm_download_link\"><span class=\"sdm_download_button\"><a href=\"http:\/\/passasete.rs.gov.br\/portal\/?sdm_process_download=1&download_id=9451\" class=\"sdm_download grey\" title=\"PROCESSO SELETIVO SIMPLIFICADO N\u00ba 02\/2026 &#8211; FORMA\u00c7\u00c3O DE CADASTRO RESERVA PARA AS FUN\u00c7\u00d5ES DE PROFESSOR DE COMPUTA\u00c7\u00c3O, PROFESSOR DE L\u00cdNGUA PORTUGUESA, PROFESSOR DE L\u00cdNGUA INGLESA E T\u00c9CNICO EM INFORM\u00c1TICA\" target=\"_self\">Baixar agora!<\/a><\/span><span class=\"sdm_download_item_count\"><span class=\"sdm_item_count_number\">0<\/span><span class=\"sdm_item_count_string\"> Downloads<\/span><\/span><\/div><\/div><div class=\"sdm_download_item \"><div class=\"sdm_download_item_top\"><div class=\"sdm_download_thumbnail\"><\/div><div class=\"sdm_download_title\">EDITAL n\u00ba 01\/2026 &#8211; DE PROCESSO DE CERTIFICA\u00c7\u00c3O DE DIRETORES DE ESCOLAS DA REDE P\u00daBLICA MUNICIPAL DE PASSA SETE\/RS<\/div><\/div><div style=\"clear:both;\"><\/div><div class=\"sdm_download_description\"><p><a href=\"https:\/\/passasete.rs.gov.br\/portal\/wp-content\/uploads\/2026\/01\/EDITAL-001-GESTAO-DEMOCRATICA-DIRECAO-DE-ESCOLA-1.pdf\">EDITAL n\u00ba 01\/2026 &#8211; DE PROCESSO DE CERTIFICA\u00c7\u00c3O DE DIRETORES DE ESCOLAS DA REDE P\u00daBLICA MUNICIPAL DE PASSA SETE\/RS<\/a><\/p>\n<p><a href=\"https:\/\/passasete.rs.gov.br\/portal\/wp-content\/uploads\/2026\/01\/EDITAL-002-Homologacao-Inscricoes-Processo-de-Certificacao-dos-Diretores.pdf\">EDITAL n\u00ba 002\/2026 -HOMOLOGA\u00c7\u00c3O DAS INSCRI\u00c7\u00d5ES<\/a><\/p>\n<p><a href=\"https:\/\/passasete.rs.gov.br\/portal\/wp-content\/uploads\/2026\/01\/EDITAL-003-RELACAO-FINAL-DOS-INSCRITOS.pdf\">EDITAL n\u00ba 003\/2026 &#8211; RELA\u00c7\u00c3O FINAL DOS INSCRITOS<\/a><\/p>\n<p><a href=\"https:\/\/passasete.rs.gov.br\/portal\/wp-content\/uploads\/2026\/01\/EDITAL-004-Homologacao-da-certificacao-2026.pdf\">EDITAL n\u00ba 004\/2026 &#8211; RESULTADO PRELIMINAR\u00a0<\/a><\/p>\n<p><a href=\"https:\/\/passasete.rs.gov.br\/portal\/wp-content\/uploads\/2026\/02\/EDITAL-005-RESULTADO-FINAL-CERTIFICACAO-DOS-DIRETORES-2026.pdf\">EDITAL N\u00ba 005\/2026 &#8211; RESULTADO FINAL<\/a><\/p>\n<\/div><div class=\"sdm_download_link\"><span class=\"sdm_download_button\"><a href=\"http:\/\/passasete.rs.gov.br\/portal\/?sdm_process_download=1&download_id=9302\" class=\"sdm_download grey\" title=\"EDITAL n\u00ba 01\/2026 &#8211; DE PROCESSO DE CERTIFICA\u00c7\u00c3O DE DIRETORES DE ESCOLAS DA REDE P\u00daBLICA MUNICIPAL DE PASSA SETE\/RS\" target=\"_self\">Baixar agora!<\/a><\/span><span class=\"sdm_download_item_count\"><span class=\"sdm_item_count_number\">0<\/span><span class=\"sdm_item_count_string\"> Downloads<\/span><\/span><\/div><\/div><div class=\"sdm_clear_float\"><\/div><\/div>\n\t\t\t\t\t\t<\/div>\n\t\t\t\t\t<\/div>\n\t\t\t\t<\/div>\n\t\t\t\t<\/div>\n\t\t","protected":false},"excerpt":{"rendered":"","protected":false},"author":3,"featured_media":0,"parent":0,"menu_order":0,"comment_status":"closed","ping_status":"closed","template":"","meta":{"footnotes":""},"class_list":["post-9308","page","type-page","status-publish","hentry"],"_links":{"self":[{"href":"http:\/\/passasete.rs.gov.br\/portal\/wp-json\/wp\/v2\/pages\/9308","targetHints":{"allow":["GET"]}}],"collection":[{"href":"http:\/\/passasete.rs.gov.br\/portal\/wp-json\/wp\/v2\/pages"}],"about":[{"href":"http:\/\/passasete.rs.gov.br\/portal\/wp-json\/wp\/v2\/types\/page"}],"author":[{"embeddable":true,"href":"http:\/\/passasete.rs.gov.br\/portal\/wp-json\/wp\/v2\/users\/3"}],"replies":[{"embeddable":true,"href":"http:\/\/passasete.rs.gov.br\/portal\/wp-json\/wp\/v2\/comments?post=9308"}],"version-history":[{"count":4,"href":"http:\/\/passasete.rs.gov.br\/portal\/wp-json\/wp\/v2\/pages\/9308\/revisions"}],"predecessor-version":[{"id":9313,"href":"http:\/\/passasete.rs.gov.br\/portal\/wp-json\/wp\/v2\/pages\/9308\/revisions\/9313"}],"wp:attachment":[{"href":"http:\/\/passasete.rs.gov.br\/portal\/wp-json\/wp\/v2\/media?parent=9308"}],"curies":[{"name":"wp","href":"https:\/\/api.w.org\/{rel}","templated":true}]}}