{"id":2435,"date":"2018-10-22T16:18:16","date_gmt":"2018-10-22T19:18:16","guid":{"rendered":"http:\/\/passasete.rs.gov.br\/portal\/?page_id=2435"},"modified":"2020-06-17T12:14:17","modified_gmt":"2020-06-17T15:14:17","slug":"editais","status":"publish","type":"page","link":"https:\/\/passasete.rs.gov.br\/portal\/editais\/","title":{"rendered":"Editais"},"content":{"rendered":"<div class=\"sdm_download_item \"><div class=\"sdm_download_item_top\"><div class=\"sdm_download_thumbnail\"><\/div><div class=\"sdm_download_title\">4\u00ba Lista parcial de Inscritos Processo Seletivo P\u00fablico de Estagi\u00e1rios<\/div><\/div><div style=\"clear:both;\"><\/div><div class=\"sdm_download_description\"><p>4\u00ba Lista parcial de Inscritos Processo Seletivo P\u00fablico de Estagi\u00e1rios<\/p>\n<\/div><div class=\"sdm_download_link\"><span class=\"sdm_download_button\"><a href=\"https:\/\/passasete.rs.gov.br\/portal\/?sdm_process_download=1&download_id=9631\" class=\"sdm_download grey\" title=\"4\u00ba Lista parcial de Inscritos Processo Seletivo P\u00fablico de Estagi\u00e1rios\" target=\"_self\">Baixar agora!<\/a><\/span><span class=\"sdm_download_item_count\"><span class=\"sdm_item_count_number\">7<\/span><span class=\"sdm_item_count_string\"> Downloads<\/span><\/span><\/div><\/div><div class=\"sdm_download_item \"><div class=\"sdm_download_item_top\"><div class=\"sdm_download_thumbnail\"><\/div><div class=\"sdm_download_title\">Edital n\u00ba 05.2026 &#8211; RS Qualificar Recome\u00e7ar resultado da sele\u00e7\u00e3o.doc<\/div><\/div><div style=\"clear:both;\"><\/div><div class=\"sdm_download_description\"><p>edital n\u00ba 05.2026 &#8211; RS Qualificar Recome\u00e7ar resultado da sele\u00e7\u00e3o.doc<\/p>\n<\/div><div class=\"sdm_download_link\"><span class=\"sdm_download_button\"><a href=\"https:\/\/passasete.rs.gov.br\/portal\/?sdm_process_download=1&download_id=9628\" class=\"sdm_download grey\" title=\"Edital n\u00ba 05.2026 &#8211; RS Qualificar Recome\u00e7ar resultado da sele\u00e7\u00e3o.doc\" target=\"_self\">Baixar agora!<\/a><\/span><span class=\"sdm_download_item_count\"><span class=\"sdm_item_count_number\">12<\/span><span class=\"sdm_item_count_string\"> Downloads<\/span><\/span><\/div><\/div><div class=\"sdm_download_item \"><div class=\"sdm_download_item_top\"><div class=\"sdm_download_thumbnail\"><\/div><div class=\"sdm_download_title\">3\u00ba Lista parcial Processo Seletivo P\u00fablico de Estagi\u00e1rios<\/div><\/div><div style=\"clear:both;\"><\/div><div class=\"sdm_download_description\"><p>3\u00ba Lista parcial Processo Seletivo P\u00fablico de Estagi\u00e1rios<\/p>\n<\/div><div class=\"sdm_download_link\"><span class=\"sdm_download_button\"><a href=\"https:\/\/passasete.rs.gov.br\/portal\/?sdm_process_download=1&download_id=9607\" class=\"sdm_download grey\" title=\"3\u00ba Lista parcial Processo Seletivo P\u00fablico de Estagi\u00e1rios\" target=\"_self\">Baixar agora!<\/a><\/span><span class=\"sdm_download_item_count\"><span class=\"sdm_item_count_number\">24<\/span><span class=\"sdm_item_count_string\"> Downloads<\/span><\/span><\/div><\/div><div class=\"sdm_download_item \"><div class=\"sdm_download_item_top\"><div class=\"sdm_download_thumbnail\"><\/div><div class=\"sdm_download_title\">Segunda Lista Parcial de Inscritos &#8211; CIEE<\/div><\/div><div style=\"clear:both;\"><\/div><div class=\"sdm_download_description\"><p>Segunda Lista Parcial de Inscritos &#8211; CIEE<\/p>\n<\/div><div class=\"sdm_download_link\"><span class=\"sdm_download_button\"><a href=\"https:\/\/passasete.rs.gov.br\/portal\/?sdm_process_download=1&download_id=9583\" class=\"sdm_download grey\" title=\"Segunda Lista Parcial de Inscritos &#8211; CIEE\" target=\"_self\">Baixar agora!<\/a><\/span><span class=\"sdm_download_item_count\"><span class=\"sdm_item_count_number\">44<\/span><span class=\"sdm_item_count_string\"> Downloads<\/span><\/span><\/div><\/div><div class=\"sdm_download_item \"><div class=\"sdm_download_item_top\"><div class=\"sdm_download_thumbnail\"><\/div><div class=\"sdm_download_title\">Edital n\u00ba 02\/2026 \u2013 Processo Seletivo P\u00fablico de Estagi\u00e1rios \u2013 Lista Parcial de Inscritos<\/div><\/div><div style=\"clear:both;\"><\/div><div class=\"sdm_download_description\"><\/div><div class=\"sdm_download_link\"><span class=\"sdm_download_button\"><a href=\"https:\/\/passasete.rs.gov.br\/portal\/?sdm_process_download=1&download_id=9508\" class=\"sdm_download grey\" title=\"Edital n\u00ba 02\/2026 \u2013 Processo Seletivo P\u00fablico de Estagi\u00e1rios \u2013 Lista Parcial de Inscritos\" target=\"_self\">Baixar agora!<\/a><\/span><span class=\"sdm_download_item_count\"><span class=\"sdm_item_count_number\">63<\/span><span class=\"sdm_item_count_string\"> Downloads<\/span><\/span><\/div><\/div><div class=\"sdm_download_item \"><div class=\"sdm_download_item_top\"><div class=\"sdm_download_thumbnail\"><\/div><div class=\"sdm_download_title\">EDITAL CHAMAMENTO P\u00daBLICO N\u00ba 01-2026<\/div><\/div><div style=\"clear:both;\"><\/div><div class=\"sdm_download_description\"><p>EDITAL CHAMAMENTO P\u00daBLICO N\u00ba 01-2026<\/p>\n<\/div><div class=\"sdm_download_link\"><span class=\"sdm_download_button\"><a href=\"https:\/\/passasete.rs.gov.br\/portal\/?sdm_process_download=1&download_id=9458\" class=\"sdm_download grey\" title=\"EDITAL CHAMAMENTO P\u00daBLICO N\u00ba 01-2026\" target=\"_self\">Baixar agora!<\/a><\/span><span class=\"sdm_download_item_count\"><span class=\"sdm_item_count_number\">112<\/span><span class=\"sdm_item_count_string\"> Downloads<\/span><\/span><\/div><\/div><div class=\"sdm_download_item \"><div class=\"sdm_download_item_top\"><div class=\"sdm_download_thumbnail\"><\/div><div class=\"sdm_download_title\">REGULAMENTO DO CONCURSO BRILHA, PASSA SETE 2025<\/div><\/div><div style=\"clear:both;\"><\/div><div class=\"sdm_download_description\"><p>REGULAMENTO DO CONCURSO BRILHA, PASSA SETE 2025<\/p>\n<\/div><div class=\"sdm_download_link\"><span class=\"sdm_download_button\"><a href=\"https:\/\/passasete.rs.gov.br\/portal\/?sdm_process_download=1&download_id=8904\" class=\"sdm_download grey\" title=\"REGULAMENTO DO CONCURSO BRILHA, PASSA SETE 2025\" target=\"_self\">Baixar agora!<\/a><\/span><span class=\"sdm_download_item_count\"><span class=\"sdm_item_count_number\">239<\/span><span class=\"sdm_item_count_string\"> Downloads<\/span><\/span><\/div><\/div><div class=\"sdm_download_item \"><div class=\"sdm_download_item_top\"><div class=\"sdm_download_thumbnail\"><\/div><div class=\"sdm_download_title\">Edital n\u00ba 02\/2025 &#8211; Processo Seletivo P\u00fablico de Estagi\u00e1rios &#8211; Lista Parcial de Inscritos 31\/10\/2025 a 14\/11\/2025<\/div><\/div><div style=\"clear:both;\"><\/div><div class=\"sdm_download_description\"><p>Edital n\u00ba 02\/2025 &#8211; Processo Seletivo P\u00fablico de Estagi\u00e1rios &#8211; Lista Parcial de Inscritos 31\/10\/2025 a 14\/11\/2025<\/p>\n<\/div><div class=\"sdm_download_link\"><span class=\"sdm_download_button\"><a href=\"https:\/\/passasete.rs.gov.br\/portal\/?sdm_process_download=1&download_id=8854\" class=\"sdm_download grey\" title=\"Edital n\u00ba 02\/2025 &#8211; Processo Seletivo P\u00fablico de Estagi\u00e1rios &#8211; Lista Parcial de Inscritos 31\/10\/2025 a 14\/11\/2025\" target=\"_self\">Baixar agora!<\/a><\/span><span class=\"sdm_download_item_count\"><span class=\"sdm_item_count_number\">337<\/span><span class=\"sdm_item_count_string\"> Downloads<\/span><\/span><\/div><\/div><div class=\"sdm_download_item \"><div class=\"sdm_download_item_top\"><div class=\"sdm_download_thumbnail\"><\/div><div class=\"sdm_download_title\">EDITAL n\u00b0001\/2025- SMECTDL &#8211; matr\u00edcula e rematr\u00edcula na Educa\u00e7\u00e3o Infantil no Ensino Fundamental Educa\u00e7\u00e3o Integral &#8211; Tempo Integral e Ensino Fundamental (regular) da Rede Municipal de Ensino de Passa Sete.<\/div><\/div><div style=\"clear:both;\"><\/div><div class=\"sdm_download_description\"><p>EDITAL n\u00b0001\/2025- SMECTDL &#8211; matr\u00edcula e rematr\u00edcula na Educa\u00e7\u00e3o Infantil no Ensino Fundamental Educa\u00e7\u00e3o Integral &#8211; Tempo Integral e Ensino Fundamental (regular) da Rede Municipal de Ensino de Passa Sete.<\/p>\n<\/div><div class=\"sdm_download_link\"><span class=\"sdm_download_button\"><a href=\"https:\/\/passasete.rs.gov.br\/portal\/?sdm_process_download=1&download_id=8800\" class=\"sdm_download grey\" title=\"EDITAL n\u00b0001\/2025- SMECTDL &#8211; matr\u00edcula e rematr\u00edcula na Educa\u00e7\u00e3o Infantil no Ensino Fundamental Educa\u00e7\u00e3o Integral &#8211; Tempo Integral e Ensino Fundamental (regular) da Rede Municipal de Ensino de Passa Sete.\" target=\"_self\">Baixar agora!<\/a><\/span><span class=\"sdm_download_item_count\"><span class=\"sdm_item_count_number\">196<\/span><span class=\"sdm_item_count_string\"> Downloads<\/span><\/span><\/div><\/div><div class=\"sdm_download_item \"><div class=\"sdm_download_item_top\"><div class=\"sdm_download_thumbnail\"><\/div><div class=\"sdm_download_title\">EDITAL n\u00b0 005\/2025 RESULTADO FINAL &#8211; SELE\u00c7\u00c3O PARA O PROGRAMA DE FORMA\u00c7\u00c3O CONTINUADA LEITURA E ESCRITA NA EDUCA\u00c7\u00c3O INFANTIL (Pro-LEEI\/COMPROMISSO NACIONAL CRIAN\u00c7A ALFABETIZADA)<\/div><\/div><div style=\"clear:both;\"><\/div><div class=\"sdm_download_description\"><p>EDITAL n\u00b0 005\/2025 RESULTADO FINAL &#8211; SELE\u00c7\u00c3O PARA O PROGRAMA DE FORMA\u00c7\u00c3O CONTINUADA LEITURA E ESCRITA NA EDUCA\u00c7\u00c3O INFANTIL (Pro-LEEI\/COMPROMISSO NACIONAL CRIAN\u00c7A ALFABETIZADA)<\/p>\n<\/div><div class=\"sdm_download_link\"><span class=\"sdm_download_button\"><a href=\"https:\/\/passasete.rs.gov.br\/portal\/?sdm_process_download=1&download_id=8763\" class=\"sdm_download grey\" title=\"EDITAL n\u00b0 005\/2025 RESULTADO FINAL &#8211; SELE\u00c7\u00c3O PARA O PROGRAMA DE FORMA\u00c7\u00c3O CONTINUADA LEITURA E ESCRITA NA EDUCA\u00c7\u00c3O INFANTIL (Pro-LEEI\/COMPROMISSO NACIONAL CRIAN\u00c7A ALFABETIZADA)\" target=\"_self\">Baixar agora!<\/a><\/span><span class=\"sdm_download_item_count\"><span class=\"sdm_item_count_number\">191<\/span><span class=\"sdm_item_count_string\"> Downloads<\/span><\/span><\/div><\/div><div class=\"sdm_download_item \"><div class=\"sdm_download_item_top\"><div class=\"sdm_download_thumbnail\"><\/div><div class=\"sdm_download_title\">EDITAL n\u00b0 004\/2025 &#8211; RESULTADO PRELIMINAR &#8211; SELE\u00c7\u00c3O PARA O PROGRAMA DE FORMA\u00c7\u00c3O CONTINUADA LEITURA E ESCRITA NA EDUCA\u00c7\u00c3O INFANTIL (Pro-LEEI\/COMPROMISSO NACIONAL CRIAN\u00c7A ALFABETIZADA)<\/div><\/div><div style=\"clear:both;\"><\/div><div class=\"sdm_download_description\"><p>EDITAL n\u00b0 004\/2025 &#8211; RESULTADO PRELIMINAR &#8211; SELE\u00c7\u00c3O PARA O PROGRAMA DE FORMA\u00c7\u00c3O CONTINUADA LEITURA E ESCRITA NA EDUCA\u00c7\u00c3O INFANTIL (Pro-LEEI\/COMPROMISSO NACIONAL CRIAN\u00c7A ALFABETIZADA)<\/p>\n<\/div><div class=\"sdm_download_link\"><span class=\"sdm_download_button\"><a href=\"https:\/\/passasete.rs.gov.br\/portal\/?sdm_process_download=1&download_id=8760\" class=\"sdm_download grey\" title=\"EDITAL n\u00b0 004\/2025 &#8211; RESULTADO PRELIMINAR &#8211; SELE\u00c7\u00c3O PARA O PROGRAMA DE FORMA\u00c7\u00c3O CONTINUADA LEITURA E ESCRITA NA EDUCA\u00c7\u00c3O INFANTIL (Pro-LEEI\/COMPROMISSO NACIONAL CRIAN\u00c7A ALFABETIZADA)\" target=\"_self\">Baixar agora!<\/a><\/span><span class=\"sdm_download_item_count\"><span class=\"sdm_item_count_number\">142<\/span><span class=\"sdm_item_count_string\"> Downloads<\/span><\/span><\/div><\/div><div class=\"sdm_download_item \"><div class=\"sdm_download_item_top\"><div class=\"sdm_download_thumbnail\"><\/div><div class=\"sdm_download_title\">EDITAL N\u00ba 005\/2025 &#8211; RESULTADO FINAL DO PROCESSO SELETIVO N\u00ba 010\/2025 &#8211; OPER\u00c1RIO E OPERADOR DE M\u00c1QUINAS CADASTRO RESERVA<\/div><\/div><div style=\"clear:both;\"><\/div><div class=\"sdm_download_description\"><p>EDITAL N\u00ba 005\/2025 &#8211; RESULTADO FINAL DO PROCESSO SELETIVO N\u00ba 010\/2025 &#8211; OPER\u00c1RIO E OPERADOR DE M\u00c1QUINAS CADASTRO RESERVA<\/p>\n<\/div><div class=\"sdm_download_link\"><span class=\"sdm_download_button\"><a href=\"https:\/\/passasete.rs.gov.br\/portal\/?sdm_process_download=1&download_id=8753\" class=\"sdm_download grey\" title=\"EDITAL N\u00ba 005\/2025 &#8211; RESULTADO FINAL DO PROCESSO SELETIVO N\u00ba 010\/2025 &#8211; OPER\u00c1RIO E OPERADOR DE M\u00c1QUINAS CADASTRO RESERVA\" target=\"_self\">Baixar agora!<\/a><\/span><span class=\"sdm_download_item_count\"><span class=\"sdm_item_count_number\">201<\/span><span class=\"sdm_item_count_string\"> Downloads<\/span><\/span><\/div><\/div><div class=\"sdm_download_item \"><div class=\"sdm_download_item_top\"><div class=\"sdm_download_thumbnail\"><\/div><div class=\"sdm_download_title\">EDITAL N\u00ba 005\/2025 &#8211; RESULTADO FINAL DO PROCESSO SELETIVO N\u00ba 011\/2025 &#8211; FISCAL MUNICIPAL CADASTRO RESERVA<\/div><\/div><div style=\"clear:both;\"><\/div><div class=\"sdm_download_description\"><p>EDITAL N\u00ba 005\/2025 &#8211; RESULTADO FINAL DO PROCESSO SELETIVO N\u00ba 011\/2025 &#8211; FISCAL MUNICIPAL CADASTRO RESERVA<\/p>\n<\/div><div class=\"sdm_download_link\"><span class=\"sdm_download_button\"><a href=\"https:\/\/passasete.rs.gov.br\/portal\/?sdm_process_download=1&download_id=8740\" class=\"sdm_download grey\" title=\"EDITAL N\u00ba 005\/2025 &#8211; RESULTADO FINAL DO PROCESSO SELETIVO N\u00ba 011\/2025 &#8211; FISCAL MUNICIPAL CADASTRO RESERVA\" target=\"_self\">Baixar agora!<\/a><\/span><span class=\"sdm_download_item_count\"><span class=\"sdm_item_count_number\">251<\/span><span class=\"sdm_item_count_string\"> Downloads<\/span><\/span><\/div><\/div><div class=\"sdm_download_item \"><div class=\"sdm_download_item_top\"><div class=\"sdm_download_thumbnail\"><\/div><div class=\"sdm_download_title\">EDITAL n\u00ba 003\/2025 &#8211; RESULTADO FINAL DOS INSCRITOS -SELE\u00c7\u00c3O PARA O PROGRAMA DE FORMA\u00c7\u00c3O CONTINUADA LEITURA E ESCRITA NA EDUCA\u00c7\u00c3O INFANTIL (Pro-LEEI\/COMPROMISSO NACIONAL CRIAN\u00c7A ALFABETIZADA)<\/div><\/div><div style=\"clear:both;\"><\/div><div class=\"sdm_download_description\"><p>EDITAL n\u00ba 003\/2025 &#8211; RESULTADO FINAL DOS INSCRITOS -SELE\u00c7\u00c3O PARA O PROGRAMA DE FORMA\u00c7\u00c3O CONTINUADA LEITURA E ESCRITA NA EDUCA\u00c7\u00c3O INFANTIL (Pro-LEEI\/COMPROMISSO NACIONAL CRIAN\u00c7A ALFABETIZADA)<\/p>\n<\/div><div class=\"sdm_download_link\"><span class=\"sdm_download_button\"><a href=\"https:\/\/passasete.rs.gov.br\/portal\/?sdm_process_download=1&download_id=8736\" class=\"sdm_download grey\" title=\"EDITAL n\u00ba 003\/2025 &#8211; RESULTADO FINAL DOS INSCRITOS -SELE\u00c7\u00c3O PARA O PROGRAMA DE FORMA\u00c7\u00c3O CONTINUADA LEITURA E ESCRITA NA EDUCA\u00c7\u00c3O INFANTIL (Pro-LEEI\/COMPROMISSO NACIONAL CRIAN\u00c7A ALFABETIZADA)\" target=\"_self\">Baixar agora!<\/a><\/span><span class=\"sdm_download_item_count\"><span class=\"sdm_item_count_number\">148<\/span><span class=\"sdm_item_count_string\"> Downloads<\/span><\/span><\/div><\/div><div class=\"sdm_download_item \"><div class=\"sdm_download_item_top\"><div class=\"sdm_download_thumbnail\"><\/div><div class=\"sdm_download_title\">EDITAL N\u00ba 04\/2025 -RESULTADO PRELIMINAR DO PROCESSO SELETIVO N\u00ba 010\/2025 &#8211; OPER\u00c1RIO E OPERADOR DE M\u00c1QUINAS CADASTRO RESERVA<\/div><\/div><div style=\"clear:both;\"><\/div><div class=\"sdm_download_description\"><p>EDITAL N\u00ba 04\/2025 -RESULTADO PRELIMINAR DO PROCESSO SELETIVO N\u00ba 010\/2025 &#8211; OPER\u00c1RIO E OPERADOR DE M\u00c1QUINAS CADASTRO RESERVA<\/p>\n<\/div><div class=\"sdm_download_link\"><span class=\"sdm_download_button\"><a href=\"https:\/\/passasete.rs.gov.br\/portal\/?sdm_process_download=1&download_id=8732\" class=\"sdm_download grey\" title=\"EDITAL N\u00ba 04\/2025 -RESULTADO PRELIMINAR DO PROCESSO SELETIVO N\u00ba 010\/2025 &#8211; OPER\u00c1RIO E OPERADOR DE M\u00c1QUINAS CADASTRO RESERVA\" target=\"_self\">Baixar agora!<\/a><\/span><span class=\"sdm_download_item_count\"><span class=\"sdm_item_count_number\">162<\/span><span class=\"sdm_item_count_string\"> Downloads<\/span><\/span><\/div><\/div><div class=\"sdm_download_item \"><div class=\"sdm_download_item_top\"><div class=\"sdm_download_thumbnail\"><\/div><div class=\"sdm_download_title\">EDITAL N\u00ba 004\/2025 &#8211; RESULTADO PRELIMINAR DO PROCESSO SELETIVO N\u00ba 011\/2025 &#8211; FISCAL MUNICIPAL CADASTRO RESERVA<\/div><\/div><div style=\"clear:both;\"><\/div><div class=\"sdm_download_description\"><p>EDITAL N\u00ba 004\/2025 &#8211; RESULTADO PRELIMINAR DO PROCESSO SELETIVO N\u00ba 011\/2025 &#8211; FISCAL MUNICIPAL CADASTRO RESERVA<\/p>\n<\/div><div class=\"sdm_download_link\"><span class=\"sdm_download_button\"><a href=\"https:\/\/passasete.rs.gov.br\/portal\/?sdm_process_download=1&download_id=8722\" class=\"sdm_download grey\" title=\"EDITAL N\u00ba 004\/2025 &#8211; RESULTADO PRELIMINAR DO PROCESSO SELETIVO N\u00ba 011\/2025 &#8211; FISCAL MUNICIPAL CADASTRO RESERVA\" target=\"_self\">Baixar agora!<\/a><\/span><span class=\"sdm_download_item_count\"><span class=\"sdm_item_count_number\">171<\/span><span class=\"sdm_item_count_string\"> Downloads<\/span><\/span><\/div><\/div><div class=\"sdm_download_item \"><div class=\"sdm_download_item_top\"><div class=\"sdm_download_thumbnail\"><\/div><div class=\"sdm_download_title\">Edital n\u00ba 02\/2025 &#8211; Processo Seletivo P\u00fablico de Estagi\u00e1rios &#8211; 2\u00ba Lista Parcial de Inscritos 30\/09\/2025 a 14\/10\/2025<\/div><\/div><div style=\"clear:both;\"><\/div><div class=\"sdm_download_description\"><p>Edital n\u00ba 02\/2025 &#8211; Processo Seletivo P\u00fablico de Estagi\u00e1rios &#8211; 2\u00ba Lista Parcial de Inscritos 30\/09\/2025 a 14\/10\/2025<\/p>\n<\/div><div class=\"sdm_download_link\"><span class=\"sdm_download_button\"><a href=\"https:\/\/passasete.rs.gov.br\/portal\/?sdm_process_download=1&download_id=8719\" class=\"sdm_download grey\" title=\"Edital n\u00ba 02\/2025 &#8211; Processo Seletivo P\u00fablico de Estagi\u00e1rios &#8211; 2\u00ba Lista Parcial de Inscritos 30\/09\/2025 a 14\/10\/2025\" target=\"_self\">Baixar agora!<\/a><\/span><span class=\"sdm_download_item_count\"><span class=\"sdm_item_count_number\">189<\/span><span class=\"sdm_item_count_string\"> Downloads<\/span><\/span><\/div><\/div><div class=\"sdm_download_item \"><div class=\"sdm_download_item_top\"><div class=\"sdm_download_thumbnail\"><\/div><div class=\"sdm_download_title\">EDITAL N\u00ba 002\/2025 &#8211; HOMOLOGA\u00c7\u00c3O DAS INSCRI\u00c7\u00d5ES &#8211; SELE\u00c7\u00c3O PARA O PROGRAMA DE FORMA\u00c7\u00c3O CONTINUADA LEITURA E ESCRITA NA EDUCA\u00c7\u00c3O INFANTIL (Pro-LEEI\/COMPROMISSO NACIONAL CRIAN\u00c7A ALFABETIZADA)<\/div><\/div><div style=\"clear:both;\"><\/div><div class=\"sdm_download_description\"><p>EDITAL N\u00ba 002\/2025 &#8211; HOMOLOGA\u00c7\u00c3O DAS INSCRI\u00c7\u00d5ES &#8211; SELE\u00c7\u00c3O PARA O PROGRAMA DE FORMA\u00c7\u00c3O CONTINUADA LEITURA E ESCRITA NA EDUCA\u00c7\u00c3O INFANTIL (Pro-LEEI\/COMPROMISSO NACIONAL CRIAN\u00c7A ALFABETIZADA)<\/p>\n<\/div><div class=\"sdm_download_link\"><span class=\"sdm_download_button\"><a href=\"https:\/\/passasete.rs.gov.br\/portal\/?sdm_process_download=1&download_id=8712\" class=\"sdm_download grey\" title=\"EDITAL N\u00ba 002\/2025 &#8211; HOMOLOGA\u00c7\u00c3O DAS INSCRI\u00c7\u00d5ES &#8211; SELE\u00c7\u00c3O PARA O PROGRAMA DE FORMA\u00c7\u00c3O CONTINUADA LEITURA E ESCRITA NA EDUCA\u00c7\u00c3O INFANTIL (Pro-LEEI\/COMPROMISSO NACIONAL CRIAN\u00c7A ALFABETIZADA)\" target=\"_self\">Baixar agora!<\/a><\/span><span class=\"sdm_download_item_count\"><span class=\"sdm_item_count_number\">133<\/span><span class=\"sdm_item_count_string\"> Downloads<\/span><\/span><\/div><\/div><div class=\"sdm_download_item \"><div class=\"sdm_download_item_top\"><div class=\"sdm_download_thumbnail\"><\/div><div class=\"sdm_download_title\">EDITAL N\u00ba 003\/2025 &#8211; RELA\u00c7\u00c3O FINAL DAS INSCRI\u00c7\u00d5ES DO PROCESSO SELETIVO N\u00ba 010\/2025 &#8211; OPER\u00c1RIO E OPERADOR DE M\u00c1QUINAS \u2013 CADASTRO RESERVA<\/div><\/div><div style=\"clear:both;\"><\/div><div class=\"sdm_download_description\"><p>EDITAL N\u00ba 003\/2025 &#8211; RELA\u00c7\u00c3O FINAL DAS INSCRI\u00c7\u00d5ES DO PROCESSO SELETIVO N\u00ba 010\/2025 &#8211; OPER\u00c1RIO E OPERADOR DE M\u00c1QUINAS \u2013 CADASTRO RESERVA<\/p>\n<\/div><div class=\"sdm_download_link\"><span class=\"sdm_download_button\"><a href=\"https:\/\/passasete.rs.gov.br\/portal\/?sdm_process_download=1&download_id=8687\" class=\"sdm_download grey\" title=\"EDITAL N\u00ba 003\/2025 &#8211; RELA\u00c7\u00c3O FINAL DAS INSCRI\u00c7\u00d5ES DO PROCESSO SELETIVO N\u00ba 010\/2025 &#8211; OPER\u00c1RIO E OPERADOR DE M\u00c1QUINAS \u2013 CADASTRO RESERVA\" target=\"_self\">Baixar agora!<\/a><\/span><span class=\"sdm_download_item_count\"><span class=\"sdm_item_count_number\">161<\/span><span class=\"sdm_item_count_string\"> Downloads<\/span><\/span><\/div><\/div><div class=\"sdm_download_item \"><div class=\"sdm_download_item_top\"><div class=\"sdm_download_thumbnail\"><\/div><div class=\"sdm_download_title\">EDITAL N\u00ba 003\/2025 &#8211; RELA\u00c7\u00c3O FINAL DAS INSCRI\u00c7\u00d5ES DO PROCESSO SELETIVO N\u00ba 011\/2025 &#8211; FISCAL MUNICIPAL \u2013 CADASTRO RESERVA<\/div><\/div><div style=\"clear:both;\"><\/div><div class=\"sdm_download_description\"><p>EDITAL N\u00ba 003\/2025 &#8211; RELA\u00c7\u00c3O FINAL DAS INSCRI\u00c7\u00d5ES DO PROCESSO SELETIVO N\u00ba 011\/2025 &#8211; FISCAL MUNICIPAL \u2013 CADASTRO RESERVA<\/p>\n<\/div><div class=\"sdm_download_link\"><span class=\"sdm_download_button\"><a href=\"https:\/\/passasete.rs.gov.br\/portal\/?sdm_process_download=1&download_id=8684\" class=\"sdm_download grey\" title=\"EDITAL N\u00ba 003\/2025 &#8211; RELA\u00c7\u00c3O FINAL DAS INSCRI\u00c7\u00d5ES DO PROCESSO SELETIVO N\u00ba 011\/2025 &#8211; FISCAL MUNICIPAL \u2013 CADASTRO RESERVA\" target=\"_self\">Baixar agora!<\/a><\/span><span class=\"sdm_download_item_count\"><span class=\"sdm_item_count_number\">163<\/span><span class=\"sdm_item_count_string\"> Downloads<\/span><\/span><\/div><\/div><div class=\"sdm_clear_float\"><\/div><div class=\"sdm_pagination\"><span aria-current=\"page\" class=\"page-numbers current\">1<\/span>\n<a class=\"page-numbers\" href=\"https:\/\/passasete.rs.gov.br\/portal\/wp-json\/wp\/v2\/pages\/2435\/page\/2\/\">2<\/a>\n<a class=\"page-numbers\" href=\"https:\/\/passasete.rs.gov.br\/portal\/wp-json\/wp\/v2\/pages\/2435\/page\/3\/\">3<\/a>\n<span class=\"page-numbers dots\">&hellip;<\/span>\n<a class=\"page-numbers\" href=\"https:\/\/passasete.rs.gov.br\/portal\/wp-json\/wp\/v2\/pages\/2435\/page\/24\/\">24<\/a>\n<a class=\"next page-numbers\" href=\"https:\/\/passasete.rs.gov.br\/portal\/wp-json\/wp\/v2\/pages\/2435\/page\/2\/\">&raquo;<\/a><\/div>\n<p>&nbsp;<\/p>\n<h2>Editais Anteriores a 10\/10\/2018 <a href=\"http:\/\/passasete.rs.gov.br\/files.php?cat=5\" target=\"_blank\" rel=\"noopener noreferrer\">clique aqui<\/a><\/h2>\n","protected":false},"excerpt":{"rendered":"<p>&nbsp; Editais Anteriores a 10\/10\/2018 clique aqui<\/p>\n","protected":false},"author":1,"featured_media":0,"parent":0,"menu_order":0,"comment_status":"closed","ping_status":"closed","template":"","meta":{"footnotes":""},"class_list":["post-2435","page","type-page","status-publish","hentry"],"_links":{"self":[{"href":"https:\/\/passasete.rs.gov.br\/portal\/wp-json\/wp\/v2\/pages\/2435","targetHints":{"allow":["GET"]}}],"collection":[{"href":"https:\/\/passasete.rs.gov.br\/portal\/wp-json\/wp\/v2\/pages"}],"about":[{"href":"https:\/\/passasete.rs.gov.br\/portal\/wp-json\/wp\/v2\/types\/page"}],"author":[{"embeddable":true,"href":"https:\/\/passasete.rs.gov.br\/portal\/wp-json\/wp\/v2\/users\/1"}],"replies":[{"embeddable":true,"href":"https:\/\/passasete.rs.gov.br\/portal\/wp-json\/wp\/v2\/comments?post=2435"}],"version-history":[{"count":9,"href":"https:\/\/passasete.rs.gov.br\/portal\/wp-json\/wp\/v2\/pages\/2435\/revisions"}],"predecessor-version":[{"id":3061,"href":"https:\/\/passasete.rs.gov.br\/portal\/wp-json\/wp\/v2\/pages\/2435\/revisions\/3061"}],"wp:attachment":[{"href":"https:\/\/passasete.rs.gov.br\/portal\/wp-json\/wp\/v2\/media?parent=2435"}],"curies":[{"name":"wp","href":"https:\/\/api.w.org\/{rel}","templated":true}]}}