{"id":2463,"date":"2018-10-30T09:03:46","date_gmt":"2018-10-30T12:03:46","guid":{"rendered":"http:\/\/passasete.rs.gov.br\/portal\/?page_id=2463"},"modified":"2019-01-21T13:45:37","modified_gmt":"2019-01-21T15:45:37","slug":"licitacoes","status":"publish","type":"page","link":"https:\/\/passasete.rs.gov.br\/portal\/licitacoes\/","title":{"rendered":"Licita\u00e7\u00f5es"},"content":{"rendered":"<div class=\"sdm_download_item \"><div class=\"sdm_download_item_top\"><div class=\"sdm_download_thumbnail\"><\/div><div class=\"sdm_download_title\">EDITAL DE PREG\u00c3O ELETR\u00d4NICO N\u00ba 013\/2026<\/div><\/div><div style=\"clear:both;\"><\/div><div class=\"sdm_download_description\"><p>Servi\u00e7os de Recapagem e Vulcaniza\u00e7\u00e3o de Pneus<\/p>\n<\/div><div class=\"sdm_download_link\"><span class=\"sdm_download_button\"><a href=\"https:\/\/passasete.rs.gov.br\/portal\/?sdm_process_download=1&download_id=9603\" class=\"sdm_download grey\" title=\"EDITAL DE PREG\u00c3O ELETR\u00d4NICO N\u00ba 013\/2026\" target=\"_self\">Baixar agora!<\/a><\/span><span class=\"sdm_download_item_count\"><span class=\"sdm_item_count_number\">25<\/span><span class=\"sdm_item_count_string\"> Downloads<\/span><\/span><\/div><\/div><div class=\"sdm_download_item \"><div class=\"sdm_download_item_top\"><div class=\"sdm_download_thumbnail\"><\/div><div class=\"sdm_download_title\">EDITAL DE PREG\u00c3O ELETR\u00d4NICO N\u00ba 012\/2026<\/div><\/div><div style=\"clear:both;\"><\/div><div class=\"sdm_download_description\"><p>Aquisi\u00e7\u00e3o de Paradas de \u00d4nibus em Estrutura Met\u00e1lica<\/p>\n<\/div><div class=\"sdm_download_link\"><span class=\"sdm_download_button\"><a href=\"https:\/\/passasete.rs.gov.br\/portal\/?sdm_process_download=1&download_id=9600\" class=\"sdm_download grey\" title=\"EDITAL DE PREG\u00c3O ELETR\u00d4NICO N\u00ba 012\/2026\" target=\"_self\">Baixar agora!<\/a><\/span><span class=\"sdm_download_item_count\"><span class=\"sdm_item_count_number\">23<\/span><span class=\"sdm_item_count_string\"> Downloads<\/span><\/span><\/div><\/div><div class=\"sdm_download_item \"><div class=\"sdm_download_item_top\"><div class=\"sdm_download_thumbnail\"><\/div><div class=\"sdm_download_title\">EDITAL DE PREG\u00c3O ELETR\u00d4NICO N\u00ba 011\/2026<\/div><\/div><div style=\"clear:both;\"><\/div><div class=\"sdm_download_description\"><p>Presta\u00e7\u00e3o de Servi\u00e7os de Transporte Escolar &#8211; Planilha Anal\u00edtica de Custos<\/p>\n<\/div><div class=\"sdm_download_link\"><span class=\"sdm_download_button\"><a href=\"https:\/\/passasete.rs.gov.br\/portal\/?sdm_process_download=1&download_id=9596\" class=\"sdm_download grey\" title=\"EDITAL DE PREG\u00c3O ELETR\u00d4NICO N\u00ba 011\/2026\" target=\"_self\">Baixar agora!<\/a><\/span><span class=\"sdm_download_item_count\"><span class=\"sdm_item_count_number\">39<\/span><span class=\"sdm_item_count_string\"> Downloads<\/span><\/span><\/div><\/div><div class=\"sdm_download_item \"><div class=\"sdm_download_item_top\"><div class=\"sdm_download_thumbnail\"><\/div><div class=\"sdm_download_title\">EDITAL DE PREG\u00c3O ELETR\u00d4NICO N\u00ba 011\/2026<\/div><\/div><div style=\"clear:both;\"><\/div><div class=\"sdm_download_description\"><p>Presta\u00e7\u00e3o de Servi\u00e7os de Transporte Escolar<\/p>\n<\/div><div class=\"sdm_download_link\"><span class=\"sdm_download_button\"><a href=\"https:\/\/passasete.rs.gov.br\/portal\/?sdm_process_download=1&download_id=9593\" class=\"sdm_download grey\" title=\"EDITAL DE PREG\u00c3O ELETR\u00d4NICO N\u00ba 011\/2026\" target=\"_self\">Baixar agora!<\/a><\/span><span class=\"sdm_download_item_count\"><span class=\"sdm_item_count_number\">44<\/span><span class=\"sdm_item_count_string\"> Downloads<\/span><\/span><\/div><\/div><div class=\"sdm_download_item \"><div class=\"sdm_download_item_top\"><div class=\"sdm_download_thumbnail\"><\/div><div class=\"sdm_download_title\">EDITAL DE PREG\u00c3O ELETR\u00d4NICO N\u00ba 010\/2026<\/div><\/div><div style=\"clear:both;\"><\/div><div class=\"sdm_download_description\"><p>Elabora\u00e7\u00e3o de Estudo de Loca\u00e7\u00e3o e Projeto de Perfura\u00e7\u00e3o de 05 (cinco) Po\u00e7os Tubulares<\/p>\n<\/div><div class=\"sdm_download_link\"><span class=\"sdm_download_button\"><a href=\"https:\/\/passasete.rs.gov.br\/portal\/?sdm_process_download=1&download_id=9531\" class=\"sdm_download grey\" title=\"EDITAL DE PREG\u00c3O ELETR\u00d4NICO N\u00ba 010\/2026\" target=\"_self\">Baixar agora!<\/a><\/span><span class=\"sdm_download_item_count\"><span class=\"sdm_item_count_number\">48<\/span><span class=\"sdm_item_count_string\"> Downloads<\/span><\/span><\/div><\/div><div class=\"sdm_download_item \"><div class=\"sdm_download_item_top\"><div class=\"sdm_download_thumbnail\"><\/div><div class=\"sdm_download_title\">EDITAL DE PREG\u00c3O ELETR\u00d4NICO N\u00ba 009\/2026<\/div><\/div><div style=\"clear:both;\"><\/div><div class=\"sdm_download_description\"><p>Constru\u00e7\u00e3o de 06 (seis) Microa\u00e7udes<\/p>\n<\/div><div class=\"sdm_download_link\"><span class=\"sdm_download_button\"><a href=\"https:\/\/passasete.rs.gov.br\/portal\/?sdm_process_download=1&download_id=9527\" class=\"sdm_download grey\" title=\"EDITAL DE PREG\u00c3O ELETR\u00d4NICO N\u00ba 009\/2026\" target=\"_self\">Baixar agora!<\/a><\/span><span class=\"sdm_download_item_count\"><span class=\"sdm_item_count_number\">46<\/span><span class=\"sdm_item_count_string\"> Downloads<\/span><\/span><\/div><\/div><div class=\"sdm_download_item \"><div class=\"sdm_download_item_top\"><div class=\"sdm_download_thumbnail\"><\/div><div class=\"sdm_download_title\">EDITAL DE RE &#8211; RATIFICA\u00c7\u00c3O PREG\u00c3O ELETR\u00d4NICO N\u00b0 005\/2026<\/div><\/div><div style=\"clear:both;\"><\/div><div class=\"sdm_download_description\"><p>Aquisi\u00e7\u00e3o de 20 (vinte) Cisternas de Polietileno<\/p>\n<\/div><div class=\"sdm_download_link\"><span class=\"sdm_download_button\"><a href=\"https:\/\/passasete.rs.gov.br\/portal\/?sdm_process_download=1&download_id=9520\" class=\"sdm_download grey\" title=\"EDITAL DE RE &#8211; RATIFICA\u00c7\u00c3O PREG\u00c3O ELETR\u00d4NICO N\u00b0 005\/2026\" target=\"_self\">Baixar agora!<\/a><\/span><span class=\"sdm_download_item_count\"><span class=\"sdm_item_count_number\">48<\/span><span class=\"sdm_item_count_string\"> Downloads<\/span><\/span><\/div><\/div><div class=\"sdm_download_item \"><div class=\"sdm_download_item_top\"><div class=\"sdm_download_thumbnail\"><\/div><div class=\"sdm_download_title\">EDITAL DE PREG\u00c3O ELETR\u00d4NICO N\u00ba 008\/2026<\/div><\/div><div style=\"clear:both;\"><\/div><div class=\"sdm_download_description\"><p>Aquisi\u00e7\u00e3o de DISTRIBUIDOR DE CALC\u00c1RIO e P\u00c1 CARREGADEIRA<\/p>\n<\/div><div class=\"sdm_download_link\"><span class=\"sdm_download_button\"><a href=\"https:\/\/passasete.rs.gov.br\/portal\/?sdm_process_download=1&download_id=9517\" class=\"sdm_download grey\" title=\"EDITAL DE PREG\u00c3O ELETR\u00d4NICO N\u00ba 008\/2026\" target=\"_self\">Baixar agora!<\/a><\/span><span class=\"sdm_download_item_count\"><span class=\"sdm_item_count_number\">38<\/span><span class=\"sdm_item_count_string\"> Downloads<\/span><\/span><\/div><\/div><div class=\"sdm_download_item \"><div class=\"sdm_download_item_top\"><div class=\"sdm_download_thumbnail\"><\/div><div class=\"sdm_download_title\">EDITAL DE PREG\u00c3O ELETR\u00d4NICO N\u00ba 007\/2026<\/div><\/div><div style=\"clear:both;\"><\/div><div class=\"sdm_download_description\"><p>Servi\u00e7os de Limpeza e Manuten\u00e7\u00e3o de \u00c1reas Verdes, Corte de Grama e Ro\u00e7ada<\/p>\n<\/div><div class=\"sdm_download_link\"><span class=\"sdm_download_button\"><a href=\"https:\/\/passasete.rs.gov.br\/portal\/?sdm_process_download=1&download_id=9514\" class=\"sdm_download grey\" title=\"EDITAL DE PREG\u00c3O ELETR\u00d4NICO N\u00ba 007\/2026\" target=\"_self\">Baixar agora!<\/a><\/span><span class=\"sdm_download_item_count\"><span class=\"sdm_item_count_number\">43<\/span><span class=\"sdm_item_count_string\"> Downloads<\/span><\/span><\/div><\/div><div class=\"sdm_download_item \"><div class=\"sdm_download_item_top\"><div class=\"sdm_download_thumbnail\"><\/div><div class=\"sdm_download_title\">EDITAL DE PREG\u00c3O ELETR\u00d4NICO N\u00ba 006\/2026<\/div><\/div><div style=\"clear:both;\"><\/div><div class=\"sdm_download_description\"><p>Aquisi\u00e7\u00e3o de GRADE ARADORA<\/p>\n<\/div><div class=\"sdm_download_link\"><span class=\"sdm_download_button\"><a href=\"https:\/\/passasete.rs.gov.br\/portal\/?sdm_process_download=1&download_id=9489\" class=\"sdm_download grey\" title=\"EDITAL DE PREG\u00c3O ELETR\u00d4NICO N\u00ba 006\/2026\" target=\"_self\">Baixar agora!<\/a><\/span><span class=\"sdm_download_item_count\"><span class=\"sdm_item_count_number\">43<\/span><span class=\"sdm_item_count_string\"> Downloads<\/span><\/span><\/div><\/div><div class=\"sdm_download_item \"><div class=\"sdm_download_item_top\"><div class=\"sdm_download_thumbnail\"><\/div><div class=\"sdm_download_title\">EDITAL DE PREG\u00c3O ELETR\u00d4NICO N\u00ba 005\/2026<\/div><\/div><div style=\"clear:both;\"><\/div><div class=\"sdm_download_description\"><p>Aquisi\u00e7\u00e3o de 20 (vinte) Cisternas de Polietilen<strong>o<\/strong><\/p>\n<\/div><div class=\"sdm_download_link\"><span class=\"sdm_download_button\"><a href=\"https:\/\/passasete.rs.gov.br\/portal\/?sdm_process_download=1&download_id=9486\" class=\"sdm_download grey\" title=\"EDITAL DE PREG\u00c3O ELETR\u00d4NICO N\u00ba 005\/2026\" target=\"_self\">Baixar agora!<\/a><\/span><span class=\"sdm_download_item_count\"><span class=\"sdm_item_count_number\">53<\/span><span class=\"sdm_item_count_string\"> Downloads<\/span><\/span><\/div><\/div><div class=\"sdm_download_item \"><div class=\"sdm_download_item_top\"><div class=\"sdm_download_thumbnail\"><\/div><div class=\"sdm_download_title\">AVISO DE DISPENSA DE LICITA\u00c7\u00c3O N\u00ba 021\/2026<\/div><\/div><div style=\"clear:both;\"><\/div><div class=\"sdm_download_description\"><p>Aquisi\u00e7\u00e3o de Recarga de G\u00e1s de Cozinha 13kg e P45<\/p>\n<\/div><div class=\"sdm_download_link\"><span class=\"sdm_download_button\"><a href=\"https:\/\/passasete.rs.gov.br\/portal\/?sdm_process_download=1&download_id=9430\" class=\"sdm_download grey\" title=\"AVISO DE DISPENSA DE LICITA\u00c7\u00c3O N\u00ba 021\/2026\" target=\"_self\">Baixar agora!<\/a><\/span><span class=\"sdm_download_item_count\"><span class=\"sdm_item_count_number\">57<\/span><span class=\"sdm_item_count_string\"> Downloads<\/span><\/span><\/div><\/div><div class=\"sdm_download_item \"><div class=\"sdm_download_item_top\"><div class=\"sdm_download_thumbnail\"><\/div><div class=\"sdm_download_title\">EDITAL DE PREG\u00c3O ELETR\u00d4NICO N\u00ba 004\/2026<\/div><\/div><div style=\"clear:both;\"><\/div><div class=\"sdm_download_description\"><p>Aquisi\u00e7\u00e3o de Trof\u00e9us e Medalhas<\/p>\n<\/div><div class=\"sdm_download_link\"><span class=\"sdm_download_button\"><a href=\"https:\/\/passasete.rs.gov.br\/portal\/?sdm_process_download=1&download_id=9412\" class=\"sdm_download grey\" title=\"EDITAL DE PREG\u00c3O ELETR\u00d4NICO N\u00ba 004\/2026\" target=\"_self\">Baixar agora!<\/a><\/span><span class=\"sdm_download_item_count\"><span class=\"sdm_item_count_number\">66<\/span><span class=\"sdm_item_count_string\"> Downloads<\/span><\/span><\/div><\/div><div class=\"sdm_download_item \"><div class=\"sdm_download_item_top\"><div class=\"sdm_download_thumbnail\"><\/div><div class=\"sdm_download_title\">EDITAL DE PREG\u00c3O ELETR\u00d4NICO N\u00ba 003\/2026<\/div><\/div><div style=\"clear:both;\"><\/div><div class=\"sdm_download_description\"><p>Presta\u00e7\u00e3o de Servi\u00e7os de Arbitragem<\/p>\n<\/div><div class=\"sdm_download_link\"><span class=\"sdm_download_button\"><a href=\"https:\/\/passasete.rs.gov.br\/portal\/?sdm_process_download=1&download_id=9407\" class=\"sdm_download grey\" title=\"EDITAL DE PREG\u00c3O ELETR\u00d4NICO N\u00ba 003\/2026\" target=\"_self\">Baixar agora!<\/a><\/span><span class=\"sdm_download_item_count\"><span class=\"sdm_item_count_number\">69<\/span><span class=\"sdm_item_count_string\"> Downloads<\/span><\/span><\/div><\/div><div class=\"sdm_download_item \"><div class=\"sdm_download_item_top\"><div class=\"sdm_download_thumbnail\"><\/div><div class=\"sdm_download_title\">EDITAL DE PREG\u00c3O ELETR\u00d4NICO N\u00ba 002\/2026<\/div><\/div><div style=\"clear:both;\"><\/div><div class=\"sdm_download_description\"><p>Servi\u00e7os de Limpeza e Manuten\u00e7\u00e3o de \u00c1reas Verdes, Corte de Grama e Ro\u00e7ada<\/p>\n<\/div><div class=\"sdm_download_link\"><span class=\"sdm_download_button\"><a href=\"https:\/\/passasete.rs.gov.br\/portal\/?sdm_process_download=1&download_id=9404\" class=\"sdm_download grey\" title=\"EDITAL DE PREG\u00c3O ELETR\u00d4NICO N\u00ba 002\/2026\" target=\"_self\">Baixar agora!<\/a><\/span><span class=\"sdm_download_item_count\"><span class=\"sdm_item_count_number\">63<\/span><span class=\"sdm_item_count_string\"> Downloads<\/span><\/span><\/div><\/div><div class=\"sdm_download_item \"><div class=\"sdm_download_item_top\"><div class=\"sdm_download_thumbnail\"><\/div><div class=\"sdm_download_title\">EDITAL DE CHAMADA P\u00daBLICA N\u00ba 001\/2026<\/div><\/div><div style=\"clear:both;\"><\/div><div class=\"sdm_download_description\"><p>Aquisi\u00e7\u00e3o de G\u00eaneros Aliment\u00edcios da Agricultura Familiar para Alimenta\u00e7\u00e3o Escolar<\/p>\n<\/div><div class=\"sdm_download_link\"><span class=\"sdm_download_button\"><a href=\"https:\/\/passasete.rs.gov.br\/portal\/?sdm_process_download=1&download_id=9399\" class=\"sdm_download grey\" title=\"EDITAL DE CHAMADA P\u00daBLICA N\u00ba 001\/2026\" target=\"_self\">Baixar agora!<\/a><\/span><span class=\"sdm_download_item_count\"><span class=\"sdm_item_count_number\">65<\/span><span class=\"sdm_item_count_string\"> Downloads<\/span><\/span><\/div><\/div><div class=\"sdm_download_item \"><div class=\"sdm_download_item_top\"><div class=\"sdm_download_thumbnail\"><\/div><div class=\"sdm_download_title\">EDITAL DE PREG\u00c3O ELETR\u00d4NICO N\u00ba 001\/2026<\/div><\/div><div style=\"clear:both;\"><\/div><div class=\"sdm_download_description\"><p>Aquisi\u00e7\u00e3o de G\u00eaneros Aliment\u00edcios para Merenda Escolar<\/p>\n<\/div><div class=\"sdm_download_link\"><span class=\"sdm_download_button\"><a href=\"https:\/\/passasete.rs.gov.br\/portal\/?sdm_process_download=1&download_id=9347\" class=\"sdm_download grey\" title=\"EDITAL DE PREG\u00c3O ELETR\u00d4NICO N\u00ba 001\/2026\" target=\"_self\">Baixar agora!<\/a><\/span><span class=\"sdm_download_item_count\"><span class=\"sdm_item_count_number\">67<\/span><span class=\"sdm_item_count_string\"> Downloads<\/span><\/span><\/div><\/div><div class=\"sdm_download_item \"><div class=\"sdm_download_item_top\"><div class=\"sdm_download_thumbnail\"><\/div><div class=\"sdm_download_title\">EDITAL DE PREG\u00c3O PRESENCIAL N\u00b0 001\/2026 &#8211; RP<\/div><\/div><div style=\"clear:both;\"><\/div><div class=\"sdm_download_description\"><p>Presta\u00e7\u00e3o de Servi\u00e7os e Fornecimento de Pe\u00e7as para Manuten\u00e7\u00e3o de Ve\u00edculos, M\u00e1quinas e Equipamentos<\/p>\n<\/div><div class=\"sdm_download_link\"><span class=\"sdm_download_button\"><a href=\"https:\/\/passasete.rs.gov.br\/portal\/?sdm_process_download=1&download_id=9240\" class=\"sdm_download grey\" title=\"EDITAL DE PREG\u00c3O PRESENCIAL N\u00b0 001\/2026 &#8211; RP\" target=\"_self\">Baixar agora!<\/a><\/span><span class=\"sdm_download_item_count\"><span class=\"sdm_item_count_number\">191<\/span><span class=\"sdm_item_count_string\"> Downloads<\/span><\/span><\/div><\/div><div class=\"sdm_download_item \"><div class=\"sdm_download_item_top\"><div class=\"sdm_download_thumbnail\"><\/div><div class=\"sdm_download_title\">EDITAL DE PREG\u00c3O ELETR\u00d4NICO N\u00ba 027\/2025<\/div><\/div><div style=\"clear:both;\"><\/div><div class=\"sdm_download_description\"><p>Aquisi\u00e7\u00e3o de combust\u00edveis, para serem utilizados pela frota de ve\u00edculos e m\u00e1quinas da Prefeitura<\/p>\n<\/div><div class=\"sdm_download_link\"><span class=\"sdm_download_button\"><a href=\"https:\/\/passasete.rs.gov.br\/portal\/?sdm_process_download=1&download_id=9151\" class=\"sdm_download grey\" title=\"EDITAL DE PREG\u00c3O ELETR\u00d4NICO N\u00ba 027\/2025\" target=\"_self\">Baixar agora!<\/a><\/span><span class=\"sdm_download_item_count\"><span class=\"sdm_item_count_number\">92<\/span><span class=\"sdm_item_count_string\"> Downloads<\/span><\/span><\/div><\/div><div class=\"sdm_download_item \"><div class=\"sdm_download_item_top\"><div class=\"sdm_download_thumbnail\"><\/div><div class=\"sdm_download_title\">EDITAL DE PREG\u00c3O ELETR\u00d4NICO N\u00ba 026\/2025<\/div><\/div><div style=\"clear:both;\"><\/div><div class=\"sdm_download_description\"><p>Aquisi\u00e7\u00e3o de um TRATOR AGR\u00cdCOLA 4X4, novo<\/p>\n<\/div><div class=\"sdm_download_link\"><span class=\"sdm_download_button\"><a href=\"https:\/\/passasete.rs.gov.br\/portal\/?sdm_process_download=1&download_id=9080\" class=\"sdm_download grey\" title=\"EDITAL DE PREG\u00c3O ELETR\u00d4NICO N\u00ba 026\/2025\" target=\"_self\">Baixar agora!<\/a><\/span><span class=\"sdm_download_item_count\"><span class=\"sdm_item_count_number\">87<\/span><span class=\"sdm_item_count_string\"> Downloads<\/span><\/span><\/div><\/div><div class=\"sdm_clear_float\"><\/div><div class=\"sdm_pagination\"><span aria-current=\"page\" class=\"page-numbers current\">1<\/span>\n<a class=\"page-numbers\" href=\"https:\/\/passasete.rs.gov.br\/portal\/wp-json\/wp\/v2\/pages\/2463\/page\/2\/\">2<\/a>\n<a class=\"page-numbers\" href=\"https:\/\/passasete.rs.gov.br\/portal\/wp-json\/wp\/v2\/pages\/2463\/page\/3\/\">3<\/a>\n<span class=\"page-numbers dots\">&hellip;<\/span>\n<a class=\"page-numbers\" href=\"https:\/\/passasete.rs.gov.br\/portal\/wp-json\/wp\/v2\/pages\/2463\/page\/19\/\">19<\/a>\n<a class=\"next page-numbers\" href=\"https:\/\/passasete.rs.gov.br\/portal\/wp-json\/wp\/v2\/pages\/2463\/page\/2\/\">&raquo;<\/a><\/div>\n<p>&nbsp;<\/p>\n<h2>Licita\u00e7\u00f5es Anteriores a 10\/10\/2018 <a href=\"http:\/\/passasete.rs.gov.br\/files.php?cat=4\" target=\"_blank\" rel=\"noopener\">clique aqui<\/a><\/h2>\n","protected":false},"excerpt":{"rendered":"<p>&nbsp; Licita\u00e7\u00f5es Anteriores a 10\/10\/2018 clique aqui<\/p>\n","protected":false},"author":1,"featured_media":0,"parent":0,"menu_order":0,"comment_status":"closed","ping_status":"closed","template":"","meta":{"footnotes":""},"class_list":["post-2463","page","type-page","status-publish","hentry"],"_links":{"self":[{"href":"https:\/\/passasete.rs.gov.br\/portal\/wp-json\/wp\/v2\/pages\/2463","targetHints":{"allow":["GET"]}}],"collection":[{"href":"https:\/\/passasete.rs.gov.br\/portal\/wp-json\/wp\/v2\/pages"}],"about":[{"href":"https:\/\/passasete.rs.gov.br\/portal\/wp-json\/wp\/v2\/types\/page"}],"author":[{"embeddable":true,"href":"https:\/\/passasete.rs.gov.br\/portal\/wp-json\/wp\/v2\/users\/1"}],"replies":[{"embeddable":true,"href":"https:\/\/passasete.rs.gov.br\/portal\/wp-json\/wp\/v2\/comments?post=2463"}],"version-history":[{"count":3,"href":"https:\/\/passasete.rs.gov.br\/portal\/wp-json\/wp\/v2\/pages\/2463\/revisions"}],"predecessor-version":[{"id":2477,"href":"https:\/\/passasete.rs.gov.br\/portal\/wp-json\/wp\/v2\/pages\/2463\/revisions\/2477"}],"wp:attachment":[{"href":"https:\/\/passasete.rs.gov.br\/portal\/wp-json\/wp\/v2\/media?parent=2463"}],"curies":[{"name":"wp","href":"https:\/\/api.w.org\/{rel}","templated":true}]}}