{"id":3750,"date":"2021-06-07T09:36:32","date_gmt":"2021-06-07T12:36:32","guid":{"rendered":"http:\/\/passasete.rs.gov.br\/portal\/?page_id=3750"},"modified":"2024-04-19T09:38:09","modified_gmt":"2024-04-19T12:38:09","slug":"secretaria-municipal-da-administracao","status":"publish","type":"page","link":"https:\/\/passasete.rs.gov.br\/portal\/secretaria-municipal-da-administracao\/","title":{"rendered":"Secretaria Municipal da Administra\u00e7\u00e3o"},"content":{"rendered":"<div class=\"wp-block-image\">\n<figure class=\"alignleft size-large\"><img fetchpriority=\"high\" decoding=\"async\" width=\"293\" height=\"440\" src=\"http:\/\/passasete.rs.gov.br\/portal\/wp-content\/uploads\/2021\/06\/Secretaria-Municipal-da-Administra\u00e7\u00e3o.jpg\" alt=\"\" class=\"wp-image-3751\" srcset=\"https:\/\/passasete.rs.gov.br\/portal\/wp-content\/uploads\/2021\/06\/Secretaria-Municipal-da-Administra\u00e7\u00e3o.jpg 293w, https:\/\/passasete.rs.gov.br\/portal\/wp-content\/uploads\/2021\/06\/Secretaria-Municipal-da-Administra\u00e7\u00e3o-200x300.jpg 200w, https:\/\/passasete.rs.gov.br\/portal\/wp-content\/uploads\/2021\/06\/Secretaria-Municipal-da-Administra\u00e7\u00e3o-97x146.jpg 97w, https:\/\/passasete.rs.gov.br\/portal\/wp-content\/uploads\/2021\/06\/Secretaria-Municipal-da-Administra\u00e7\u00e3o-33x50.jpg 33w, https:\/\/passasete.rs.gov.br\/portal\/wp-content\/uploads\/2021\/06\/Secretaria-Municipal-da-Administra\u00e7\u00e3o-50x75.jpg 50w\" sizes=\"(max-width: 293px) 100vw, 293px\" \/><\/figure>\n<\/div>\n\n\n<p>Secret\u00e1ria&nbsp; Municipal: Fabiana Lopes<\/p>\n\n\n\n<p><br>Endere\u00e7o: Centro Administrativo Municipal Avenida Pinheiro, n\u00ba 1500, Centro-Passa Sete-RS<\/p>\n\n\n\n<p>Hor\u00e1rio de Atendimento: Segunda a Sexta-feira \u2013 08h00min \u00e0s 12h00min \u2013 13h00min \u00e0s 17h00min.<\/p>\n\n\n\n<p><br>Telefone: (51) 3616 6141 (51)999880754<br>E-mail: administracao@passasete.rs.gov.br<br><strong>Email: <\/strong><a href=\"mailto:prefeitura@passasete.rs.gov.br\">prefeitura@passasete.rs.gov.br<\/a><\/p>\n\n\n\n<p><\/p>\n\n\n\n<p>A Secretaria Municipal de Administra\u00e7\u00e3o \u00e9 o \u00f3rg\u00e3o da Prefeitura que tem por compet\u00eancia:<\/p>\n\n\n\n<p>&nbsp;&nbsp;&nbsp;<strong>I &#8211;<\/strong> a programa\u00e7\u00e3o, a supervis\u00e3o e o controle das atividades de administra\u00e7\u00e3o geral da Prefeitura;<br>&nbsp;&nbsp;&nbsp;<strong>II &#8211;<\/strong> a execu\u00e7\u00e3o das atividades relativas ao recrutamento, \u00e0 sele\u00e7\u00e3o, \u00e0 avalia\u00e7\u00e3o, aos direitos e deveres, aos registros e controles funcionais, ao controle de frequ\u00eancia, \u00e0 elabora\u00e7\u00e3o da folha de pagamento e aos demais assuntos relativos \u00e0 administra\u00e7\u00e3o de pessoal;<br>&nbsp;&nbsp;&nbsp;<strong>III &#8211;<\/strong> a organiza\u00e7\u00e3o e a coordena\u00e7\u00e3o de programas de capacita\u00e7\u00e3o de pessoal;<br>&nbsp;&nbsp;&nbsp;<strong>IV &#8211;<\/strong> a promo\u00e7\u00e3o dos servi\u00e7os de inspe\u00e7\u00e3o de sa\u00fade dos servidores para efeitos de nomea\u00e7\u00e3o, licen\u00e7a, aposentadoria e outros fins legais, bem como a divulga\u00e7\u00e3o de t\u00e9cnicas e m\u00e9todos de seguran\u00e7a e medicina do trabalho no ambiente dos servi\u00e7os;<br>&nbsp;&nbsp;&nbsp;<strong>V &#8211;<\/strong> a proposi\u00e7\u00e3o de normas e atividades referentes a padroniza\u00e7\u00e3o, aquisi\u00e7\u00e3o, recebimento, confer\u00eancia, armazenamento, distribui\u00e7\u00e3o e controle de material;<br>&nbsp;&nbsp;&nbsp;<strong>VI &#8211;<\/strong> o processamento de licita\u00e7\u00f5es para efetivar a compra de materiais e a contrata\u00e7\u00e3o de obras e servi\u00e7os, leil\u00f5es, licenciamento e seguro de ve\u00edculos, nos termos da legisla\u00e7\u00e3o federal;<br>&nbsp;&nbsp;&nbsp;<strong>VII &#8211;<\/strong> a padroniza\u00e7\u00e3o, aquisi\u00e7\u00e3o, guarda, distribui\u00e7\u00e3o e controle dos materiais permanentes e de consumo;<br>&nbsp;&nbsp;&nbsp;<strong>VIII &#8211;<\/strong> o tombamento, o registro, o invent\u00e1rio, a prote\u00e7\u00e3o e a conserva\u00e7\u00e3o dos bens m\u00f3veis e im\u00f3veis do Munic\u00edpio;<br>&nbsp;&nbsp;&nbsp;<strong>IX &#8211;<\/strong> a coordena\u00e7\u00e3o e o controle dos servi\u00e7os inerentes \u00e0 portaria, reprodu\u00e7\u00e3o de pap\u00e9is e documentos, seguran\u00e7a, limpeza, zeladoria, copa, telefonia, recep\u00e7\u00e3o e demais servi\u00e7os auxiliares;<br>&nbsp;&nbsp;&nbsp;<strong>X &#8211;<\/strong> a elabora\u00e7\u00e3o de normas, portarias, ordens de servi\u00e7o e a promo\u00e7\u00e3o de atividades relativas a recebimento, distribui\u00e7\u00e3o, controle do andamento, triagem e arquivamento dos processos e documentos em geral que tramitam na Prefeitura;<br>&nbsp;&nbsp;&nbsp;<strong>XI &#8211;<\/strong> a recupera\u00e7\u00e3o de documentos, arquivamento e divulga\u00e7\u00e3o de informa\u00e7\u00f5es de interesse p\u00fablico e da administra\u00e7\u00e3o municipal;<br>&nbsp;&nbsp;&nbsp;<strong>XII &#8211;<\/strong> a publica\u00e7\u00e3o de normas, decretos, portarias, pareceres, editais, ordens de servi\u00e7o e demais atos de interesse da administra\u00e7\u00e3o municipal;<br>&nbsp;&nbsp;&nbsp;<strong>XIII &#8211;<\/strong> a execu\u00e7\u00e3o, orienta\u00e7\u00e3o e estabelecimento de normas com vistas \u00e0 pol\u00edtica de transportes administrativos do Munic\u00edpio;<br>&nbsp;&nbsp;&nbsp;<strong>XIV &#8211;<\/strong> a elabora\u00e7\u00e3o de relat\u00f3rios das atividades de sua compet\u00eancia;<br>&nbsp;&nbsp;&nbsp;<strong>XV &#8211;<\/strong> o desempenho de outras atividades correlatas.<br><br><strong>Ficam vinculados a Secretaria Municipal de Administra\u00e7\u00e3o os seguintes Conselhos e\/ou Fundos Municipais:<\/strong><br>&nbsp;&nbsp;&nbsp;<strong>I &#8211;<\/strong> Conselho Municipal de Previd\u00eancia &#8211; CMP;<br>&nbsp;&nbsp;&nbsp;<strong>II &#8211;<\/strong> Fundo de Previd\u00eancia Social do Munic\u00edpio &#8211; FPSM.<br><br><strong>A Secretaria Municipal de Administra\u00e7\u00e3o ser\u00e1 dirigida por um Secret\u00e1rio e contar\u00e1 com pessoal t\u00e9cnico e administrativo necess\u00e1rio ao desempenho de suas fun\u00e7\u00f5es, compreendendo em sua estrutura as seguintes unidades:<br><\/strong>&nbsp;&nbsp;&nbsp;<strong>I &#8211;<\/strong> Departamento de Administra\u00e7\u00e3o;<br>&nbsp;&nbsp;&nbsp;<strong>II &#8211;<\/strong> Departamento de Compras e Licita\u00e7\u00f5es;<br>&nbsp;&nbsp;&nbsp;<strong>III &#8211;<\/strong> Setor de Pessoal e Recursos Humanos;<br>&nbsp;&nbsp;&nbsp;<strong>IV &#8211;<\/strong> Setor de Patrim\u00f4nio e Almoxarifado;<br>&nbsp;&nbsp;&nbsp;<strong>V &#8211;<\/strong> Se\u00e7\u00e3o de Limpeza e Manuten\u00e7\u00e3o do Centro Administrativo.<\/p>\n\n\n\n<p><\/p>\n\n\n\n<p><\/p>\n","protected":false},"excerpt":{"rendered":"<p>Secret\u00e1ria&nbsp; Municipal: Fabiana Lopes Endere\u00e7o: Centro Administrativo Municipal Avenida Pinheiro, n\u00ba 1500, Centro-Passa Sete-RS Hor\u00e1rio de Atendimento: Segunda a Sexta-feira \u2013 08h00min \u00e0s 12h00min \u2013 13h00min<span class=\"excerpt-hellip\"> [\u2026]<\/span><\/p>\n","protected":false},"author":3,"featured_media":0,"parent":0,"menu_order":0,"comment_status":"closed","ping_status":"closed","template":"","meta":{"footnotes":""},"class_list":["post-3750","page","type-page","status-publish","hentry"],"_links":{"self":[{"href":"https:\/\/passasete.rs.gov.br\/portal\/wp-json\/wp\/v2\/pages\/3750","targetHints":{"allow":["GET"]}}],"collection":[{"href":"https:\/\/passasete.rs.gov.br\/portal\/wp-json\/wp\/v2\/pages"}],"about":[{"href":"https:\/\/passasete.rs.gov.br\/portal\/wp-json\/wp\/v2\/types\/page"}],"author":[{"embeddable":true,"href":"https:\/\/passasete.rs.gov.br\/portal\/wp-json\/wp\/v2\/users\/3"}],"replies":[{"embeddable":true,"href":"https:\/\/passasete.rs.gov.br\/portal\/wp-json\/wp\/v2\/comments?post=3750"}],"version-history":[{"count":4,"href":"https:\/\/passasete.rs.gov.br\/portal\/wp-json\/wp\/v2\/pages\/3750\/revisions"}],"predecessor-version":[{"id":6744,"href":"https:\/\/passasete.rs.gov.br\/portal\/wp-json\/wp\/v2\/pages\/3750\/revisions\/6744"}],"wp:attachment":[{"href":"https:\/\/passasete.rs.gov.br\/portal\/wp-json\/wp\/v2\/media?parent=3750"}],"curies":[{"name":"wp","href":"https:\/\/api.w.org\/{rel}","templated":true}]}}