{"id":4922,"date":"2023-02-08T10:04:05","date_gmt":"2023-02-08T13:04:05","guid":{"rendered":"http:\/\/passasete.rs.gov.br\/portal\/?page_id=4922"},"modified":"2023-02-08T10:05:24","modified_gmt":"2023-02-08T13:05:24","slug":"cacs","status":"publish","type":"page","link":"https:\/\/passasete.rs.gov.br\/portal\/cacs\/","title":{"rendered":"CACS"},"content":{"rendered":"\n<div class=\"sdm_download_item \"><div class=\"sdm_download_item_top\"><div class=\"sdm_download_thumbnail\"><\/div><div class=\"sdm_download_title\">LEI MUNICIPAL N\u00ba 1.697, DE 17\/03\/2021<\/div><\/div><div style=\"clear:both;\"><\/div><div class=\"sdm_download_description\"><p>Cria o conselho municipal de acompanhamento e de controle social do fundo de manuten\u00e7\u00e3o e desenvolvimento da educa\u00e7\u00e3o b\u00e1sica e de valoriza\u00e7\u00e3o dos profissionais da educa\u00e7\u00e3o conselho do FUNDEB de que trata a lei federal n\u00ba 14.113, de 25 de dezembro de 2020, e d\u00e1 outras provid\u00eancias.<\/p>\n<\/div><div class=\"sdm_download_link\"><span class=\"sdm_download_button\"><a href=\"https:\/\/passasete.rs.gov.br\/portal\/?sdm_process_download=1&download_id=4927\" class=\"sdm_download grey\" title=\"LEI MUNICIPAL N\u00ba 1.697, DE 17\/03\/2021\" target=\"_self\">Baixar agora!<\/a><\/span><span class=\"sdm_download_item_count\"><span class=\"sdm_item_count_number\">808<\/span><span class=\"sdm_item_count_string\"> Downloads<\/span><\/span><\/div><\/div><div class=\"sdm_clear_float\"><\/div><div class=\"sdm_pagination\"><\/div>\n","protected":false},"excerpt":{"rendered":"","protected":false},"author":1,"featured_media":0,"parent":0,"menu_order":0,"comment_status":"closed","ping_status":"closed","template":"","meta":{"footnotes":""},"class_list":["post-4922","page","type-page","status-publish","hentry"],"_links":{"self":[{"href":"https:\/\/passasete.rs.gov.br\/portal\/wp-json\/wp\/v2\/pages\/4922","targetHints":{"allow":["GET"]}}],"collection":[{"href":"https:\/\/passasete.rs.gov.br\/portal\/wp-json\/wp\/v2\/pages"}],"about":[{"href":"https:\/\/passasete.rs.gov.br\/portal\/wp-json\/wp\/v2\/types\/page"}],"author":[{"embeddable":true,"href":"https:\/\/passasete.rs.gov.br\/portal\/wp-json\/wp\/v2\/users\/1"}],"replies":[{"embeddable":true,"href":"https:\/\/passasete.rs.gov.br\/portal\/wp-json\/wp\/v2\/comments?post=4922"}],"version-history":[{"count":2,"href":"https:\/\/passasete.rs.gov.br\/portal\/wp-json\/wp\/v2\/pages\/4922\/revisions"}],"predecessor-version":[{"id":4925,"href":"https:\/\/passasete.rs.gov.br\/portal\/wp-json\/wp\/v2\/pages\/4922\/revisions\/4925"}],"wp:attachment":[{"href":"https:\/\/passasete.rs.gov.br\/portal\/wp-json\/wp\/v2\/media?parent=4922"}],"curies":[{"name":"wp","href":"https:\/\/api.w.org\/{rel}","templated":true}]}}