{"id":5613,"date":"2023-07-13T14:50:51","date_gmt":"2023-07-13T17:50:51","guid":{"rendered":"http:\/\/passasete.rs.gov.br\/portal\/?page_id=5613"},"modified":"2023-07-13T15:18:37","modified_gmt":"2023-07-13T18:18:37","slug":"decretos","status":"publish","type":"page","link":"https:\/\/passasete.rs.gov.br\/portal\/decretos\/","title":{"rendered":"Decretos"},"content":{"rendered":"<div class=\"sdm_download_item \"><div class=\"sdm_download_item_top\"><div class=\"sdm_download_thumbnail\"><\/div><div class=\"sdm_download_title\">Decreto Municipal n\u00ba 2679.2026 &#8211; Cr\u00e9dito Suplementar &#8211; Diversos<\/div><\/div><div style=\"clear:both;\"><\/div><div class=\"sdm_download_description\"><p>Abre Cr\u00e9dito Suplementar no valor de R$ 66.000,00 (sessenta e seis mil reais) para refor\u00e7o de dota\u00e7\u00f5es or\u00e7ament\u00e1rias na Lei Or\u00e7ament\u00e1ria Anual de 2026.<\/p>\n<\/div><div class=\"sdm_download_link\"><span class=\"sdm_download_button\"><a href=\"https:\/\/passasete.rs.gov.br\/portal\/?sdm_process_download=1&download_id=9672\" class=\"sdm_download grey\" title=\"Decreto Municipal n\u00ba 2679.2026 &#8211; Cr\u00e9dito Suplementar &#8211; Diversos\" target=\"_self\">Baixar agora!<\/a><\/span><span class=\"sdm_download_item_count\"><span class=\"sdm_item_count_number\">7<\/span><span class=\"sdm_item_count_string\"> Downloads<\/span><\/span><\/div><\/div><div class=\"sdm_download_item \"><div class=\"sdm_download_item_top\"><div class=\"sdm_download_thumbnail\"><\/div><div class=\"sdm_download_title\">Decreto Municipal n\u00ba 2678.2026 &#8211; Cr\u00e9dito Suplementar &#8211; Agricultura<\/div><\/div><div style=\"clear:both;\"><\/div><div class=\"sdm_download_description\"><p>Abre Cr\u00e9dito Suplementar no valor de R$ 4.521,57 (quatro mil, quinhentos e vinte e um reais e cinquenta e sete centavos) para refor\u00e7o de dota\u00e7\u00f5es or\u00e7ament\u00e1rias na Lei Or\u00e7ament\u00e1ria Anual de 2026.<\/p>\n<\/div><div class=\"sdm_download_link\"><span class=\"sdm_download_button\"><a href=\"https:\/\/passasete.rs.gov.br\/portal\/?sdm_process_download=1&download_id=9667\" class=\"sdm_download grey\" title=\"Decreto Municipal n\u00ba 2678.2026 &#8211; Cr\u00e9dito Suplementar &#8211; Agricultura\" target=\"_self\">Baixar agora!<\/a><\/span><span class=\"sdm_download_item_count\"><span class=\"sdm_item_count_number\">11<\/span><span class=\"sdm_item_count_string\"> Downloads<\/span><\/span><\/div><\/div><div class=\"sdm_download_item \"><div class=\"sdm_download_item_top\"><div class=\"sdm_download_thumbnail\"><\/div><div class=\"sdm_download_title\">Decreto Municipal n\u00ba 2677.2026 &#8211; Cr\u00e9dito Suplementar &#8211; Diversos<\/div><\/div><div style=\"clear:both;\"><\/div><div class=\"sdm_download_description\"><p>Abre Cr\u00e9dito Suplementar no valor de R$ 15.000,65 (quinze mil reais e sessenta e cinco centavos) para refor\u00e7o de dota\u00e7\u00f5es or\u00e7ament\u00e1rias na Lei Or\u00e7ament\u00e1ria Anual de 2026.<\/p>\n<\/div><div class=\"sdm_download_link\"><span class=\"sdm_download_button\"><a href=\"https:\/\/passasete.rs.gov.br\/portal\/?sdm_process_download=1&download_id=9660\" class=\"sdm_download grey\" title=\"Decreto Municipal n\u00ba 2677.2026 &#8211; Cr\u00e9dito Suplementar &#8211; Diversos\" target=\"_self\">Baixar agora!<\/a><\/span><span class=\"sdm_download_item_count\"><span class=\"sdm_item_count_number\">16<\/span><span class=\"sdm_item_count_string\"> Downloads<\/span><\/span><\/div><\/div><div class=\"sdm_download_item \"><div class=\"sdm_download_item_top\"><div class=\"sdm_download_thumbnail\"><\/div><div class=\"sdm_download_title\">Decreto Municipal n\u00ba 2676.2026 &#8211; Cr\u00e9dito Suplementar &#8211; Administra\u00e7\u00e3o<\/div><\/div><div style=\"clear:both;\"><\/div><div class=\"sdm_download_description\"><p>Abre Cr\u00e9dito Suplementar no valor de R$ 25.000,00 (vinte e cinco mil reais) para refor\u00e7o de dota\u00e7\u00e3o or\u00e7ament\u00e1ria na Lei Or\u00e7ament\u00e1ria Anual de 2026.<\/p>\n<\/div><div class=\"sdm_download_link\"><span class=\"sdm_download_button\"><a href=\"https:\/\/passasete.rs.gov.br\/portal\/?sdm_process_download=1&download_id=9652\" class=\"sdm_download grey\" title=\"Decreto Municipal n\u00ba 2676.2026 &#8211; Cr\u00e9dito Suplementar &#8211; Administra\u00e7\u00e3o\" target=\"_self\">Baixar agora!<\/a><\/span><span class=\"sdm_download_item_count\"><span class=\"sdm_item_count_number\">17<\/span><span class=\"sdm_item_count_string\"> Downloads<\/span><\/span><\/div><\/div><div class=\"sdm_download_item \"><div class=\"sdm_download_item_top\"><div class=\"sdm_download_thumbnail\"><\/div><div class=\"sdm_download_title\">Decreto Municipal n\u00ba 2675.2026 &#8211; Cr\u00e9dito Suplementar &#8211; Folha<\/div><\/div><div style=\"clear:both;\"><\/div><div class=\"sdm_download_description\"><p>Abre Cr\u00e9dito Suplementar no valor de R$ 23.000,00 (vinte e tr\u00eas mil reais) para refor\u00e7o de dota\u00e7\u00f5es or\u00e7ament\u00e1rias na Lei Or\u00e7ament\u00e1ria Anual de 2026.<\/p>\n<\/div><div class=\"sdm_download_link\"><span class=\"sdm_download_button\"><a href=\"https:\/\/passasete.rs.gov.br\/portal\/?sdm_process_download=1&download_id=9649\" class=\"sdm_download grey\" title=\"Decreto Municipal n\u00ba 2675.2026 &#8211; Cr\u00e9dito Suplementar &#8211; Folha\" target=\"_self\">Baixar agora!<\/a><\/span><span class=\"sdm_download_item_count\"><span class=\"sdm_item_count_number\">19<\/span><span class=\"sdm_item_count_string\"> Downloads<\/span><\/span><\/div><\/div><div class=\"sdm_download_item \"><div class=\"sdm_download_item_top\"><div class=\"sdm_download_thumbnail\"><\/div><div class=\"sdm_download_title\">Decreto Municipal n\u00ba 2674.2026 &#8211; Altera\u00e7\u00e3o Decreto n\u00ba 1667.2016<\/div><\/div><div style=\"clear:both;\"><\/div><div class=\"sdm_download_description\"><p>D\u00e1 nova reda\u00e7\u00e3o ao art. 3\u00ba do Decreto Municipal n\u00ba 1.667, de 06 de outubro de 2016, que \u201cInstitui o F\u00f3rum Municipal de Educa\u00e7\u00e3o \u2013 FME do Munic\u00edpio de Passa Sete\/RS\u201d.<\/p>\n<\/div><div class=\"sdm_download_link\"><span class=\"sdm_download_button\"><a href=\"https:\/\/passasete.rs.gov.br\/portal\/?sdm_process_download=1&download_id=9640\" class=\"sdm_download grey\" title=\"Decreto Municipal n\u00ba 2674.2026 &#8211; Altera\u00e7\u00e3o Decreto n\u00ba 1667.2016\" target=\"_self\">Baixar agora!<\/a><\/span><span class=\"sdm_download_item_count\"><span class=\"sdm_item_count_number\">15<\/span><span class=\"sdm_item_count_string\"> Downloads<\/span><\/span><\/div><\/div><div class=\"sdm_download_item \"><div class=\"sdm_download_item_top\"><div class=\"sdm_download_thumbnail\"><\/div><div class=\"sdm_download_title\">Decreto Municipal n\u00ba 2673.2026 &#8211; Cr\u00e9dito Suplementar &#8211; Sa\u00fade<\/div><\/div><div style=\"clear:both;\"><\/div><div class=\"sdm_download_description\"><p>Abre Cr\u00e9dito Suplementar, no valor de R$ 624.831,00 (seiscentos e vinte e quatro mil e oitocentos e trinta e um reais), para refor\u00e7o de dota\u00e7\u00f5es or\u00e7ament\u00e1rias na Lei Or\u00e7ament\u00e1ria Anual de 2026.<\/p>\n<\/div><div class=\"sdm_download_link\"><span class=\"sdm_download_button\"><a href=\"https:\/\/passasete.rs.gov.br\/portal\/?sdm_process_download=1&download_id=9637\" class=\"sdm_download grey\" title=\"Decreto Municipal n\u00ba 2673.2026 &#8211; Cr\u00e9dito Suplementar &#8211; Sa\u00fade\" target=\"_self\">Baixar agora!<\/a><\/span><span class=\"sdm_download_item_count\"><span class=\"sdm_item_count_number\">16<\/span><span class=\"sdm_item_count_string\"> Downloads<\/span><\/span><\/div><\/div><div class=\"sdm_download_item \"><div class=\"sdm_download_item_top\"><div class=\"sdm_download_thumbnail\"><\/div><div class=\"sdm_download_title\">Decreto Municipal n\u00ba 2672.2026 &#8211; Cr\u00e9dito Especial &#8211; Meta PPA, LDO e LOA &#8211; Pavimenta<\/div><\/div><div style=\"clear:both;\"><\/div><div class=\"sdm_download_description\"><p>Inclui Meta\/A\u00e7\u00e3o no Plano Plurianual 2026-2029, na Lei de Diretrizes Or\u00e7ament\u00e1rias de 2026 e na Lei Or\u00e7ament\u00e1ria Anual de 2026 e abre Cr\u00e9dito Especial na Lei Or\u00e7ament\u00e1ria Anual de 2026 no montante de R$ 1.323.610,29 (um milh\u00e3o, trezentos e vinte e tr\u00eas mil, seiscentos e dez reais e vinte e nove centavos).<\/p>\n<\/div><div class=\"sdm_download_link\"><span class=\"sdm_download_button\"><a href=\"https:\/\/passasete.rs.gov.br\/portal\/?sdm_process_download=1&download_id=9634\" class=\"sdm_download grey\" title=\"Decreto Municipal n\u00ba 2672.2026 &#8211; Cr\u00e9dito Especial &#8211; Meta PPA, LDO e LOA &#8211; Pavimenta\" target=\"_self\">Baixar agora!<\/a><\/span><span class=\"sdm_download_item_count\"><span class=\"sdm_item_count_number\">15<\/span><span class=\"sdm_item_count_string\"> Downloads<\/span><\/span><\/div><\/div><div class=\"sdm_download_item \"><div class=\"sdm_download_item_top\"><div class=\"sdm_download_thumbnail\"><\/div><div class=\"sdm_download_title\">Decreto Municipal n\u00ba 2671.2026 &#8211; Cr\u00e9dito Suplementar &#8211; Educa\u00e7\u00e3o<\/div><\/div><div style=\"clear:both;\"><\/div><div class=\"sdm_download_description\"><p>Abre Cr\u00e9dito Suplementar, no valor de R$ 7.000,00 (sete mil reais), para refor\u00e7o de dota\u00e7\u00e3o or\u00e7ament\u00e1ria na Lei Or\u00e7ament\u00e1ria Anual de 2026.<\/p>\n<\/div><div class=\"sdm_download_link\"><span class=\"sdm_download_button\"><a href=\"https:\/\/passasete.rs.gov.br\/portal\/?sdm_process_download=1&download_id=9624\" class=\"sdm_download grey\" title=\"Decreto Municipal n\u00ba 2671.2026 &#8211; Cr\u00e9dito Suplementar &#8211; Educa\u00e7\u00e3o\" target=\"_self\">Baixar agora!<\/a><\/span><span class=\"sdm_download_item_count\"><span class=\"sdm_item_count_number\">18<\/span><span class=\"sdm_item_count_string\"> Downloads<\/span><\/span><\/div><\/div><div class=\"sdm_download_item \"><div class=\"sdm_download_item_top\"><div class=\"sdm_download_thumbnail\"><\/div><div class=\"sdm_download_title\">Decreto Municipal n\u00ba 2670.2026 &#8211; Cr\u00e9dito Suplementar &#8211; Diversos<\/div><\/div><div style=\"clear:both;\"><\/div><div class=\"sdm_download_description\"><p>Abre Cr\u00e9dito Suplementar no valor de R$ 61.000,00 (sessenta e um mil reais) para refor\u00e7o de dota\u00e7\u00f5es or\u00e7ament\u00e1rias na Lei Or\u00e7ament\u00e1ria Anual de 2026.<\/p>\n<\/div><div class=\"sdm_download_link\"><span class=\"sdm_download_button\"><a href=\"https:\/\/passasete.rs.gov.br\/portal\/?sdm_process_download=1&download_id=9621\" class=\"sdm_download grey\" title=\"Decreto Municipal n\u00ba 2670.2026 &#8211; Cr\u00e9dito Suplementar &#8211; Diversos\" target=\"_self\">Baixar agora!<\/a><\/span><span class=\"sdm_download_item_count\"><span class=\"sdm_item_count_number\">17<\/span><span class=\"sdm_item_count_string\"> Downloads<\/span><\/span><\/div><\/div><div class=\"sdm_download_item \"><div class=\"sdm_download_item_top\"><div class=\"sdm_download_thumbnail\"><\/div><div class=\"sdm_download_title\">Decreto Municipal n\u00ba 2669.2026 &#8211; Regulamento Audi\u00eancias Virtuais<\/div><\/div><div style=\"clear:both;\"><\/div><div class=\"sdm_download_description\"><p>Disp\u00f5e sobre a ado\u00e7\u00e3o da videoconfer\u00eancia ou videochamada para a realiza\u00e7\u00e3o de reuni\u00f5es ou audi\u00eancias virtuais em sindic\u00e2ncias, processos administrativos disciplinares e especiais.<\/p>\n<\/div><div class=\"sdm_download_link\"><span class=\"sdm_download_button\"><a href=\"https:\/\/passasete.rs.gov.br\/portal\/?sdm_process_download=1&download_id=9617\" class=\"sdm_download grey\" title=\"Decreto Municipal n\u00ba 2669.2026 &#8211; Regulamento Audi\u00eancias Virtuais\" target=\"_self\">Baixar agora!<\/a><\/span><span class=\"sdm_download_item_count\"><span class=\"sdm_item_count_number\">21<\/span><span class=\"sdm_item_count_string\"> Downloads<\/span><\/span><\/div><\/div><div class=\"sdm_download_item \"><div class=\"sdm_download_item_top\"><div class=\"sdm_download_thumbnail\"><\/div><div class=\"sdm_download_title\">Decreto Municipal n\u00ba 2668.2026 &#8211; Ponto Facultativo Tiradentes<\/div><\/div><div style=\"clear:both;\"><\/div><div class=\"sdm_download_description\"><p>Declara PONTO FACULTATIVO em todas as reparti\u00e7\u00f5es p\u00fablicas municipais no dia 20 de abril de 2026, extensivo ao feriado de Dia de Tiradentes, e d\u00e1 outras provid\u00eancias.<\/p>\n<\/div><div class=\"sdm_download_link\"><span class=\"sdm_download_button\"><a href=\"https:\/\/passasete.rs.gov.br\/portal\/?sdm_process_download=1&download_id=9614\" class=\"sdm_download grey\" title=\"Decreto Municipal n\u00ba 2668.2026 &#8211; Ponto Facultativo Tiradentes\" target=\"_self\">Baixar agora!<\/a><\/span><span class=\"sdm_download_item_count\"><span class=\"sdm_item_count_number\">20<\/span><span class=\"sdm_item_count_string\"> Downloads<\/span><\/span><\/div><\/div><div class=\"sdm_download_item \"><div class=\"sdm_download_item_top\"><div class=\"sdm_download_thumbnail\"><\/div><div class=\"sdm_download_title\">Decreto Municipal n\u00ba 2667.2026 &#8211; Cr\u00e9dito Suplementar &#8211; Educa\u00e7\u00e3o<\/div><\/div><div style=\"clear:both;\"><\/div><div class=\"sdm_download_description\"><p>Abre Cr\u00e9dito Suplementar no valor de R$ 17.120,40 (dezessete mil, cento e vinte reais e quarenta centavos) para refor\u00e7o de dota\u00e7\u00f5es or\u00e7ament\u00e1rias na Lei Or\u00e7ament\u00e1ria Anual de 2026.<\/p>\n<\/div><div class=\"sdm_download_link\"><span class=\"sdm_download_button\"><a href=\"https:\/\/passasete.rs.gov.br\/portal\/?sdm_process_download=1&download_id=9611\" class=\"sdm_download grey\" title=\"Decreto Municipal n\u00ba 2667.2026 &#8211; Cr\u00e9dito Suplementar &#8211; Educa\u00e7\u00e3o\" target=\"_self\">Baixar agora!<\/a><\/span><span class=\"sdm_download_item_count\"><span class=\"sdm_item_count_number\">33<\/span><span class=\"sdm_item_count_string\"> Downloads<\/span><\/span><\/div><\/div><div class=\"sdm_download_item \"><div class=\"sdm_download_item_top\"><div class=\"sdm_download_thumbnail\"><\/div><div class=\"sdm_download_title\">Decreto Municipal n\u00ba 2666.2026 &#8211; Cr\u00e9dito Suplementar &#8211; Diversos<\/div><\/div><div style=\"clear:both;\"><\/div><div class=\"sdm_download_description\"><p>Abre Cr\u00e9dito Suplementar no valor de R$ 189.246,20 (cento e oitenta e nove mil, duzentos e quarenta e seis reais e vinte centavos) para refor\u00e7o de dota\u00e7\u00f5es or\u00e7ament\u00e1rias na Lei Or\u00e7ament\u00e1ria Anual de 2026.<\/p>\n<\/div><div class=\"sdm_download_link\"><span class=\"sdm_download_button\"><a href=\"https:\/\/passasete.rs.gov.br\/portal\/?sdm_process_download=1&download_id=9579\" class=\"sdm_download grey\" title=\"Decreto Municipal n\u00ba 2666.2026 &#8211; Cr\u00e9dito Suplementar &#8211; Diversos\" target=\"_self\">Baixar agora!<\/a><\/span><span class=\"sdm_download_item_count\"><span class=\"sdm_item_count_number\">37<\/span><span class=\"sdm_item_count_string\"> Downloads<\/span><\/span><\/div><\/div><div class=\"sdm_download_item \"><div class=\"sdm_download_item_top\"><div class=\"sdm_download_thumbnail\"><\/div><div class=\"sdm_download_title\">Decreto Municipal n\u00ba 2665.2026 &#8211; Cr\u00e9dito Especial &#8211; Meta PPA, LDO e LOA &#8211; Defesa Civil<\/div><\/div><div style=\"clear:both;\"><\/div><div class=\"sdm_download_description\"><p>Inclui Meta\/A\u00e7\u00e3o no Plano Plurianual 2026-2029, na Lei de Diretrizes Or\u00e7ament\u00e1rias de 2026 e na Lei Or\u00e7ament\u00e1ria Anual de 2026 e abre Cr\u00e9dito Especial na Lei Or\u00e7ament\u00e1ria Anual de 2026 no montante de R$ 1.705.530,69 (um milh\u00e3o, setecentos e cinco mil, quinhentos e trinta reais e sessenta e nove centavos).<\/p>\n<\/div><div class=\"sdm_download_link\"><span class=\"sdm_download_button\"><a href=\"https:\/\/passasete.rs.gov.br\/portal\/?sdm_process_download=1&download_id=9563\" class=\"sdm_download grey\" title=\"Decreto Municipal n\u00ba 2665.2026 &#8211; Cr\u00e9dito Especial &#8211; Meta PPA, LDO e LOA &#8211; Defesa Civil\" target=\"_self\">Baixar agora!<\/a><\/span><span class=\"sdm_download_item_count\"><span class=\"sdm_item_count_number\">35<\/span><span class=\"sdm_item_count_string\"> Downloads<\/span><\/span><\/div><\/div><div class=\"sdm_download_item \"><div class=\"sdm_download_item_top\"><div class=\"sdm_download_thumbnail\"><\/div><div class=\"sdm_download_title\">Decreto Municipal n\u00ba 2664.2026 &#8211; Cr\u00e9dito Especial &#8211; Elementos Despesa LDO e LOA<\/div><\/div><div style=\"clear:both;\"><\/div><div class=\"sdm_download_description\"><p>Inclui Elementos de Despesa na Lei de Diretrizes Or\u00e7ament\u00e1rias de 2026 e na Lei Or\u00e7ament\u00e1ria Anual de 2026 e abre Cr\u00e9dito Especial na Lei Or\u00e7ament\u00e1ria Anual de 2026 no montante de R$ 165.762,22 (cento e sessenta e cinco mil, setecentos e sessenta e dois reais e vinte e dois centavos).<\/p>\n<\/div><div class=\"sdm_download_link\"><span class=\"sdm_download_button\"><a href=\"https:\/\/passasete.rs.gov.br\/portal\/?sdm_process_download=1&download_id=9560\" class=\"sdm_download grey\" title=\"Decreto Municipal n\u00ba 2664.2026 &#8211; Cr\u00e9dito Especial &#8211; Elementos Despesa LDO e LOA\" target=\"_self\">Baixar agora!<\/a><\/span><span class=\"sdm_download_item_count\"><span class=\"sdm_item_count_number\">41<\/span><span class=\"sdm_item_count_string\"> Downloads<\/span><\/span><\/div><\/div><div class=\"sdm_download_item \"><div class=\"sdm_download_item_top\"><div class=\"sdm_download_thumbnail\"><\/div><div class=\"sdm_download_title\">Decreto Municipal n\u00ba 2663.2026 &#8211; Cr\u00e9dito Suplementar &#8211; Diversos<\/div><\/div><div style=\"clear:both;\"><\/div><div class=\"sdm_download_description\"><p>Abre Cr\u00e9dito Suplementar no valor de R$ 117.000,00 (cento e dezessete mil reais) para refor\u00e7o de dota\u00e7\u00f5es or\u00e7ament\u00e1rias na Lei Or\u00e7ament\u00e1ria Anual de 2026.<\/p>\n<\/div><div class=\"sdm_download_link\"><span class=\"sdm_download_button\"><a href=\"https:\/\/passasete.rs.gov.br\/portal\/?sdm_process_download=1&download_id=9557\" class=\"sdm_download grey\" title=\"Decreto Municipal n\u00ba 2663.2026 &#8211; Cr\u00e9dito Suplementar &#8211; Diversos\" target=\"_self\">Baixar agora!<\/a><\/span><span class=\"sdm_download_item_count\"><span class=\"sdm_item_count_number\">39<\/span><span class=\"sdm_item_count_string\"> Downloads<\/span><\/span><\/div><\/div><div class=\"sdm_download_item \"><div class=\"sdm_download_item_top\"><div class=\"sdm_download_thumbnail\"><\/div><div class=\"sdm_download_title\">Decreto Municipal n\u00ba 2662.2026 &#8211; NFG 2026 &#8211; Altera\u00e7\u00e3o Premia\u00e7\u00e3o<\/div><\/div><div style=\"clear:both;\"><\/div><div class=\"sdm_download_description\"><p><strong>Define e regulamenta a premia\u00e7\u00e3o do Munic\u00edpio de Passa Sete para o restante do exerc\u00edcio de 2026 por meio da renova\u00e7\u00e3o do Termo de Ades\u00e3o \u00e0 plataforma de sorteios do Programa Nota Fiscal Ga\u00facha do Estado do Rio Grande do Sul e d\u00e1 outras provid\u00eancias<\/strong><\/p>\n<\/div><div class=\"sdm_download_link\"><span class=\"sdm_download_button\"><a href=\"https:\/\/passasete.rs.gov.br\/portal\/?sdm_process_download=1&download_id=9554\" class=\"sdm_download grey\" title=\"Decreto Municipal n\u00ba 2662.2026 &#8211; NFG 2026 &#8211; Altera\u00e7\u00e3o Premia\u00e7\u00e3o\" target=\"_self\">Baixar agora!<\/a><\/span><span class=\"sdm_download_item_count\"><span class=\"sdm_item_count_number\">36<\/span><span class=\"sdm_item_count_string\"> Downloads<\/span><\/span><\/div><\/div><div class=\"sdm_download_item \"><div class=\"sdm_download_item_top\"><div class=\"sdm_download_thumbnail\"><\/div><div class=\"sdm_download_title\">Decreto Municipal n\u00ba 2661.2026 &#8211; Altera\u00e7\u00e3o Subfun\u00e7\u00e3o LOA 2026<\/div><\/div><div style=\"clear:both;\"><\/div><div class=\"sdm_download_description\"><p>Altera SUBFUN\u00c7\u00c3O da despesa da Lei Or\u00e7amentaria Anual de 2026.<\/p>\n<\/div><div class=\"sdm_download_link\"><span class=\"sdm_download_button\"><a href=\"https:\/\/passasete.rs.gov.br\/portal\/?sdm_process_download=1&download_id=9551\" class=\"sdm_download grey\" title=\"Decreto Municipal n\u00ba 2661.2026 &#8211; Altera\u00e7\u00e3o Subfun\u00e7\u00e3o LOA 2026\" target=\"_self\">Baixar agora!<\/a><\/span><span class=\"sdm_download_item_count\"><span class=\"sdm_item_count_number\">41<\/span><span class=\"sdm_item_count_string\"> Downloads<\/span><\/span><\/div><\/div><div class=\"sdm_download_item \"><div class=\"sdm_download_item_top\"><div class=\"sdm_download_thumbnail\"><\/div><div class=\"sdm_download_title\">Decreto Municipal n\u00ba 2660.2026 &#8211; Cr\u00e9dito Especial &#8211; Elemento Despesa PPA, LDO e LOA<\/div><\/div><div style=\"clear:both;\"><\/div><div class=\"sdm_download_description\"><p>Inclui ELEMENTO DE DESPESA no Plano Plurianual 2026-2029, na Lei de Diretrizes Or\u00e7ament\u00e1rias de 2026 e na Lei Or\u00e7ament\u00e1ria Anual de 2026 e abre Cr\u00e9dito Especial na Lei Or\u00e7ament\u00e1ria Anual de 2026 no valor de R$ 80.000,00 (oitenta mil reais).<\/p>\n<\/div><div class=\"sdm_download_link\"><span class=\"sdm_download_button\"><a href=\"https:\/\/passasete.rs.gov.br\/portal\/?sdm_process_download=1&download_id=9544\" class=\"sdm_download grey\" title=\"Decreto Municipal n\u00ba 2660.2026 &#8211; Cr\u00e9dito Especial &#8211; Elemento Despesa PPA, LDO e LOA\" target=\"_self\">Baixar agora!<\/a><\/span><span class=\"sdm_download_item_count\"><span class=\"sdm_item_count_number\">35<\/span><span class=\"sdm_item_count_string\"> Downloads<\/span><\/span><\/div><\/div><div class=\"sdm_clear_float\"><\/div><div class=\"sdm_pagination\"><span aria-current=\"page\" class=\"page-numbers current\">1<\/span>\n<a class=\"page-numbers\" href=\"https:\/\/passasete.rs.gov.br\/portal\/wp-json\/wp\/v2\/pages\/5613\/page\/2\/\">2<\/a>\n<a class=\"page-numbers\" href=\"https:\/\/passasete.rs.gov.br\/portal\/wp-json\/wp\/v2\/pages\/5613\/page\/3\/\">3<\/a>\n<span class=\"page-numbers dots\">&hellip;<\/span>\n<a class=\"page-numbers\" href=\"https:\/\/passasete.rs.gov.br\/portal\/wp-json\/wp\/v2\/pages\/5613\/page\/17\/\">17<\/a>\n<a class=\"next page-numbers\" href=\"https:\/\/passasete.rs.gov.br\/portal\/wp-json\/wp\/v2\/pages\/5613\/page\/2\/\">&raquo;<\/a><\/div>\n<h2>Decretos Anteriores a 10\/07\/2023 <a href=\"http:\/\/passasete.rs.gov.br\/files.php?cat=15\" target=\"_blank\" rel=\"noopener noreferrer\">clique aqui<\/a><\/h2>\n","protected":false},"excerpt":{"rendered":"<p>Decretos Anteriores a 10\/07\/2023 clique aqui<\/p>\n","protected":false},"author":1,"featured_media":0,"parent":0,"menu_order":0,"comment_status":"closed","ping_status":"closed","template":"","meta":{"footnotes":""},"class_list":["post-5613","page","type-page","status-publish","hentry"],"_links":{"self":[{"href":"https:\/\/passasete.rs.gov.br\/portal\/wp-json\/wp\/v2\/pages\/5613","targetHints":{"allow":["GET"]}}],"collection":[{"href":"https:\/\/passasete.rs.gov.br\/portal\/wp-json\/wp\/v2\/pages"}],"about":[{"href":"https:\/\/passasete.rs.gov.br\/portal\/wp-json\/wp\/v2\/types\/page"}],"author":[{"embeddable":true,"href":"https:\/\/passasete.rs.gov.br\/portal\/wp-json\/wp\/v2\/users\/1"}],"replies":[{"embeddable":true,"href":"https:\/\/passasete.rs.gov.br\/portal\/wp-json\/wp\/v2\/comments?post=5613"}],"version-history":[{"count":5,"href":"https:\/\/passasete.rs.gov.br\/portal\/wp-json\/wp\/v2\/pages\/5613\/revisions"}],"predecessor-version":[{"id":5623,"href":"https:\/\/passasete.rs.gov.br\/portal\/wp-json\/wp\/v2\/pages\/5613\/revisions\/5623"}],"wp:attachment":[{"href":"https:\/\/passasete.rs.gov.br\/portal\/wp-json\/wp\/v2\/media?parent=5613"}],"curies":[{"name":"wp","href":"https:\/\/api.w.org\/{rel}","templated":true}]}}